{"id":831,"date":"2018-08-10T09:00:10","date_gmt":"2018-08-10T09:00:10","guid":{"rendered":"http:\/\/editionslightmotiv.apps-1and1.net\/?page_id=831"},"modified":"2026-02-11T14:05:37","modified_gmt":"2026-02-11T13:05:37","slug":"xavier_voirol","status":"publish","type":"page","link":"https:\/\/editionslightmotiv.com\/en\/auteurs-photographes\/xavier_voirol\/","title":{"rendered":"Xavier Voirol"},"content":{"rendered":"<a href=\"https:\/\/editionslightmotiv.com\/en\/auteurs-photographes\/\" class=\"button primary is-link\" >\n\t\t<span>Back<\/span>\n\t<\/a>\n\n\n<p style=\"text-align: center;\"><br \/><span style=\"font-size: 75%;\">\u00a9 Xavier Voirol<\/span><\/p>\n<p style=\"text-align: center;\"><span style=\"font-size: 170%; color: #282828;\"><strong>Xavier Voirol<\/strong><\/span><\/p>\n<p style=\"text-align: center;\">Xavier Voirol vit \u00e0 la Chaux-de-Fonds, en Suisse.<br \/>Il s\u2019attache aux groupes humains, aime partager, conna\u00eetre les coulisses. Pour \u00ab\u00a0Marin, les \u00e9l\u00e8ves de la mer\u00a0\u00bb il accompagne les \u00e9l\u00e8ves du Lyc\u00e9e Maritime de Boulogne-Le Portel pendant plus d\u2019un an durant leur formation. Il nous transporte dans un monde \u00e0 la fois m\u00e9connu et familier. Revoir le tableau noir, apprendre les gestes\u2026 Xavier Voirol va imperceptiblement plus loin, il capte ce moment de surface en adolescence, ce moment qui agite les profondeurs, le passage \u00e0 l\u2019\u00e2ge adulte, comme le passage d\u2019une vague \u00e0 l\u2019autre.<\/p>\n<p style=\"text-align: center;\">Son site internet : <a href=\"https:\/\/www.xaviervoirol.ch\/\" target=\"_blank\" rel=\"noopener\">https:\/\/www.xaviervoirol.ch\/<\/a><\/p>\n<p style=\"text-align: center;\">Son Instagram : <a href=\"https:\/\/www.instagram.com\/xaviervoirol\/\" target=\"_blank\" rel=\"noopener\">https:\/\/www.instagram.com\/xaviervoirol\/<\/a><\/p>\n<h2 style=\"text-align: center;\">Ses livres aux Editions Light Motiv<\/h2>\n\t\n  \n    <div class=\"row large-columns-6 medium-columns-3 small-columns-2 row-small slider row-slider slider-nav-simple slider-nav-push\"  data-flickity-options='{&quot;imagesLoaded&quot;: true, &quot;groupCells&quot;: &quot;100%&quot;, &quot;dragThreshold&quot; : 5, &quot;cellAlign&quot;: &quot;left&quot;,&quot;wrapAround&quot;: true,&quot;prevNextButtons&quot;: true,&quot;percentPosition&quot;: true,&quot;pageDots&quot;: false, &quot;rightToLeft&quot;: false, &quot;autoPlay&quot; : false}' >\n\n  \n\t     <div class=\"product-small col has-hover product type-product post-74 status-publish first instock product_cat-livre product_tag-documentary-photography product_tag-elizabeth-gueuret product_tag-hauts-de-france product_tag-highschool product_tag-livre-photo product_tag-livre-photographique product_tag-lycee-maritime-le-portel product_tag-marin product_tag-marine product_tag-mer product_tag-photobook product_tag-photographie-documentaire product_tag-pupils product_tag-school product_tag-sea product_tag-xavier-voirol has-post-thumbnail shipping-taxable purchasable product-type-simple\">\n\t<div class=\"col-inner\">\n\t\n<div class=\"badge-container absolute left top z-1\">\n\n<\/div>\n\t<div class=\"product-small box\">\n\t\t<div class=\"box-image\">\n\t\t\t<div class=\"image-zoom-fade\">\n\t\t\t\t<a href=\"https:\/\/editionslightmotiv.com\/en\/product\/marin-les-eleves-de-la-mer\/\">\n\t\t\t\t\t<img loading=\"lazy\" decoding=\"async\" width=\"600\" height=\"720\" src=\"https:\/\/editionslightmotiv.com\/wp-content\/uploads\/2018\/02\/couv_Marin-600x720.jpg\" class=\"attachment-woocommerce_thumbnail size-woocommerce_thumbnail\" alt=\"MARIN, les \u00e9l\u00e8ves de la mer\" \/>\t\t\t\t<\/a>\n\t\t\t<\/div>\n\t\t\t<div class=\"image-tools is-small top right show-on-hover\">\n\t\t\t\t\t\t\t<\/div>\n\t\t\t<div class=\"image-tools is-small hide-for-small bottom left show-on-hover\">\n\t\t\t\t\t\t\t<\/div>\n\t\t\t<div class=\"image-tools grid-tools text-center hide-for-small bottom hover-slide-in show-on-hover\">\n\t\t\t\t<a href=\"\/en\/wp-json\/wp\/v2\/pages\/831?add-to-cart=74\" aria-describedby=\"woocommerce_loop_add_to_cart_link_describedby_74\" data-quantity=\"1\" class=\"add-to-cart-grid no-padding is-transparent product_type_simple add_to_cart_button ajax_add_to_cart\" data-product_id=\"74\" data-product_sku=\"\" aria-label=\"Add to basket: \u201cMARIN, les \u00e9l\u00e8ves de la mer\u201d\" rel=\"nofollow\" data-success_message=\"\u201cMARIN, les \u00e9l\u00e8ves de la mer\u201d has been added to your cart\" role=\"button\" data-no-translation-aria-label=\"\" data-no-translation-data-success_message=\"\"><div class=\"cart-icon tooltip is-small\" title=\"Add to cart\" data-no-translation-title=\"\"><strong>+<\/strong><\/div><\/a>\t<span id=\"woocommerce_loop_add_to_cart_link_describedby_74\" class=\"screen-reader-text\">\n\t\t\t<\/span>\n<a href=\"#quick-view\" class=\"quick-view\" role=\"button\" data-prod=\"74\" aria-haspopup=\"dialog\" aria-expanded=\"false\" data-flatsome-role-button>Quick View<\/a>\t\t\t<\/div>\n\t\t\t\t\t<\/div>\n\n\t\t<div class=\"box-text box-text-products text-center grid-style-2\">\n\t\t\t<div class=\"title-wrapper\"><p class=\"name product-title woocommerce-loop-product__title\"><a href=\"https:\/\/editionslightmotiv.com\/en\/product\/marin-les-eleves-de-la-mer\/\" class=\"woocommerce-LoopProduct-link woocommerce-loop-product__link\">MARIN, les \u00e9l\u00e8ves de la mer<\/a><\/p><\/div><div class=\"price-wrapper\">\n\t<span class=\"price\"><span class=\"woocommerce-Price-amount amount\"><bdi>23,00<span class=\"woocommerce-Price-currencySymbol\">&euro;<\/span><\/bdi><\/span><\/span>\n<\/div>\t\t<\/div>\n\t<\/div>\n\t\t<\/div>\n<\/div><div class=\"product-small col has-hover product type-product post-70 status-publish instock product_cat-coffret product_tag-case product_tag-coffret product_tag-dunkerque product_tag-elizabeth-gueuret product_tag-eric-le-brun product_tag-hauts-de-france product_tag-livre-photo product_tag-livre-photographique product_tag-long-cours product_tag-nadege-fagoo product_tag-photobook product_tag-richard-baron product_tag-xavier-voirol product_tag-yves-morfouace has-post-thumbnail shipping-taxable purchasable product-type-simple\">\n\t<div class=\"col-inner\">\n\t\n<div class=\"badge-container absolute left top z-1\">\n\n<\/div>\n\t<div class=\"product-small box\">\n\t\t<div class=\"box-image\">\n\t\t\t<div class=\"image-zoom-fade\">\n\t\t\t\t<a href=\"https:\/\/editionslightmotiv.com\/en\/product\/coffret-long-cours-5-livres\/\">\n\t\t\t\t\t<img loading=\"lazy\" decoding=\"async\" width=\"600\" height=\"720\" src=\"https:\/\/editionslightmotiv.com\/wp-content\/uploads\/2018\/02\/visuel_coffret-600x720.jpg\" class=\"attachment-woocommerce_thumbnail size-woocommerce_thumbnail\" alt=\"Coffret de la collection LONG COURS sur les m\u00e9tiers de la mer par les Editions Light Motiv (\u00e9dition photographique)\" \/>\t\t\t\t<\/a>\n\t\t\t<\/div>\n\t\t\t<div class=\"image-tools is-small top right show-on-hover\">\n\t\t\t\t\t\t\t<\/div>\n\t\t\t<div class=\"image-tools is-small hide-for-small bottom left show-on-hover\">\n\t\t\t\t\t\t\t<\/div>\n\t\t\t<div class=\"image-tools grid-tools text-center hide-for-small bottom hover-slide-in show-on-hover\">\n\t\t\t\t<a href=\"\/en\/wp-json\/wp\/v2\/pages\/831?add-to-cart=70\" aria-describedby=\"woocommerce_loop_add_to_cart_link_describedby_70\" data-quantity=\"1\" class=\"add-to-cart-grid no-padding is-transparent product_type_simple add_to_cart_button ajax_add_to_cart\" data-product_id=\"70\" data-product_sku=\"\" aria-label=\"Add to basket: \u201cCoffret Long Cours (5 livres)\u201d\" rel=\"nofollow\" data-success_message=\"\u201cCoffret Long Cours (5 livres)\u201d has been added to your cart\" role=\"button\" data-no-translation-aria-label=\"\" data-no-translation-data-success_message=\"\"><div class=\"cart-icon tooltip is-small\" title=\"Add to cart\" data-no-translation-title=\"\"><strong>+<\/strong><\/div><\/a>\t<span id=\"woocommerce_loop_add_to_cart_link_describedby_70\" class=\"screen-reader-text\">\n\t\t\t<\/span>\n<a href=\"#quick-view\" class=\"quick-view\" role=\"button\" data-prod=\"70\" aria-haspopup=\"dialog\" aria-expanded=\"false\" data-flatsome-role-button>Quick View<\/a>\t\t\t<\/div>\n\t\t\t\t\t<\/div>\n\n\t\t<div class=\"box-text box-text-products text-center grid-style-2\">\n\t\t\t<div class=\"title-wrapper\"><p class=\"name product-title woocommerce-loop-product__title\"><a href=\"https:\/\/editionslightmotiv.com\/en\/product\/coffret-long-cours-5-livres\/\" class=\"woocommerce-LoopProduct-link woocommerce-loop-product__link\">Coffret Long Cours (5 livres)<\/a><\/p><\/div><div class=\"price-wrapper\">\n\t<span class=\"price\"><span class=\"woocommerce-Price-amount amount\"><bdi>99,00<span class=\"woocommerce-Price-currencySymbol\">&euro;<\/span><\/bdi><\/span><\/span>\n<\/div>\t\t<\/div>\n\t<\/div>\n\t\t<\/div>\n<\/div><\/div>","protected":false},"excerpt":{"rendered":"","protected":false},"author":1,"featured_media":0,"parent":43,"menu_order":0,"comment_status":"closed","ping_status":"closed","template":"","meta":{"footnotes":""},"class_list":["post-831","page","type-page","status-publish","hentry"],"_links":{"self":[{"href":"https:\/\/editionslightmotiv.com\/en\/wp-json\/wp\/v2\/pages\/831","targetHints":{"allow":["GET"]}}],"collection":[{"href":"https:\/\/editionslightmotiv.com\/en\/wp-json\/wp\/v2\/pages"}],"about":[{"href":"https:\/\/editionslightmotiv.com\/en\/wp-json\/wp\/v2\/types\/page"}],"author":[{"embeddable":true,"href":"https:\/\/editionslightmotiv.com\/en\/wp-json\/wp\/v2\/users\/1"}],"replies":[{"embeddable":true,"href":"https:\/\/editionslightmotiv.com\/en\/wp-json\/wp\/v2\/comments?post=831"}],"version-history":[{"count":8,"href":"https:\/\/editionslightmotiv.com\/en\/wp-json\/wp\/v2\/pages\/831\/revisions"}],"predecessor-version":[{"id":5301,"href":"https:\/\/editionslightmotiv.com\/en\/wp-json\/wp\/v2\/pages\/831\/revisions\/5301"}],"up":[{"embeddable":true,"href":"https:\/\/editionslightmotiv.com\/en\/wp-json\/wp\/v2\/pages\/43"}],"wp:attachment":[{"href":"https:\/\/editionslightmotiv.com\/en\/wp-json\/wp\/v2\/media?parent=831"}],"curies":[{"name":"wp","href":"https:\/\/api.w.org\/{rel}","templated":true}]}}