{"id":820,"date":"2018-08-10T08:01:02","date_gmt":"2018-08-10T08:01:02","guid":{"rendered":"http:\/\/editionslightmotiv.apps-1and1.net\/?page_id=820"},"modified":"2026-02-16T09:36:13","modified_gmt":"2026-02-16T08:36:13","slug":"yves_morfouace","status":"publish","type":"page","link":"https:\/\/editionslightmotiv.com\/en\/auteurs-photographes\/yves_morfouace\/","title":{"rendered":"Yves Morfouace"},"content":{"rendered":"<a href=\"https:\/\/editionslightmotiv.com\/en\/auteurs-photographes\/\" class=\"button primary is-link\" >\n\t\t<span>Back<\/span>\n\t<\/a>\n\n\n<p><img loading=\"lazy\" decoding=\"async\" class=\"wp-image-5347 aligncenter\" src=\"https:\/\/editionslightmotiv.com\/wp-content\/uploads\/2026\/02\/yves_morfouace-539x800.jpg\" alt=\"\" width=\"374\" height=\"555\" srcset=\"https:\/\/editionslightmotiv.com\/wp-content\/uploads\/2026\/02\/yves_morfouace-539x800.jpg 539w, https:\/\/editionslightmotiv.com\/wp-content\/uploads\/2026\/02\/yves_morfouace-189x280.jpg 189w, https:\/\/editionslightmotiv.com\/wp-content\/uploads\/2026\/02\/yves_morfouace-768x1141.jpg 768w, https:\/\/editionslightmotiv.com\/wp-content\/uploads\/2026\/02\/yves_morfouace-1034x1536.jpg 1034w, https:\/\/editionslightmotiv.com\/wp-content\/uploads\/2026\/02\/yves_morfouace-1379x2048.jpg 1379w, https:\/\/editionslightmotiv.com\/wp-content\/uploads\/2026\/02\/yves_morfouace-8x12.jpg 8w, https:\/\/editionslightmotiv.com\/wp-content\/uploads\/2026\/02\/yves_morfouace-900x1337.jpg 900w, https:\/\/editionslightmotiv.com\/wp-content\/uploads\/2026\/02\/yves_morfouace.jpg 1550w\" sizes=\"auto, (max-width: 374px) 100vw, 374px\" \/><\/p>\n<p style=\"text-align: center;\"><span style=\"font-size: 80%;\">\u00a9 Eric Le Brun<\/span><\/p>\n<p style=\"text-align: center;\"><span style=\"color: #282828; font-size: 170%;\"><strong>Yves Morfouace<br \/><\/strong><\/span>Photographe des lieux en attente. Yves Morfouace d\u00e9ploie une esth\u00e9tique toute personnelle \u00e0 travers la photographie d\u2019architecture. Il agit comme un explorateur, presque un biologiste au plus pr\u00e8s des mutations en ville. Par ses prises de vues frontales, souvent sym\u00e9triques, il offre aux lieux d\u00e9laiss\u00e9s, une \u00e9l\u00e9vation in\u00e9dite, un trajet vers l\u2019\u00e9pure des formes.<\/p>\n<h2 style=\"text-align: center;\">Ses livres aux Editions Light Motiv<\/h2>\n\t\n  \n    <div class=\"row large-columns-6 medium-columns-3 small-columns-2 row-small slider row-slider slider-nav-simple slider-nav-push\"  data-flickity-options='{&quot;imagesLoaded&quot;: true, &quot;groupCells&quot;: &quot;100%&quot;, &quot;dragThreshold&quot; : 5, &quot;cellAlign&quot;: &quot;left&quot;,&quot;wrapAround&quot;: true,&quot;prevNextButtons&quot;: true,&quot;percentPosition&quot;: true,&quot;pageDots&quot;: false, &quot;rightToLeft&quot;: false, &quot;autoPlay&quot; : false}' >\n\n  \n\t     <div class=\"product-small col has-hover product type-product post-80 status-publish first instock product_cat-livre product_tag-docker product_tag-dunkerque product_tag-elizabeth-gueuret product_tag-hauts-de-france product_tag-livre-photo product_tag-livre-photographique product_tag-long-cours product_tag-mer product_tag-photobook product_tag-sea product_tag-yves-morfouace has-post-thumbnail shipping-taxable purchasable product-type-simple\">\n\t<div class=\"col-inner\">\n\t\n<div class=\"badge-container absolute left top z-1\">\n\n<\/div>\n\t<div class=\"product-small box\">\n\t\t<div class=\"box-image\">\n\t\t\t<div class=\"image-zoom-fade\">\n\t\t\t\t<a href=\"https:\/\/editionslightmotiv.com\/en\/product\/docker-yves-morfouace\/\">\n\t\t\t\t\t<img loading=\"lazy\" decoding=\"async\" width=\"600\" height=\"720\" src=\"https:\/\/editionslightmotiv.com\/wp-content\/uploads\/2018\/02\/couv2_DOCKER-600x720.jpg\" class=\"attachment-woocommerce_thumbnail size-woocommerce_thumbnail\" alt=\"DOCKER\" \/>\t\t\t\t<\/a>\n\t\t\t<\/div>\n\t\t\t<div class=\"image-tools is-small top right show-on-hover\">\n\t\t\t\t\t\t\t<\/div>\n\t\t\t<div class=\"image-tools is-small hide-for-small bottom left show-on-hover\">\n\t\t\t\t\t\t\t<\/div>\n\t\t\t<div class=\"image-tools grid-tools text-center hide-for-small bottom hover-slide-in show-on-hover\">\n\t\t\t\t<a href=\"\/en\/wp-json\/wp\/v2\/pages\/820?add-to-cart=80\" aria-describedby=\"woocommerce_loop_add_to_cart_link_describedby_80\" data-quantity=\"1\" class=\"add-to-cart-grid no-padding is-transparent product_type_simple add_to_cart_button ajax_add_to_cart\" data-product_id=\"80\" data-product_sku=\"\" aria-label=\"Add to basket: \u201cDOCKER\u201d\" rel=\"nofollow\" data-success_message=\"\u201cDOCKER\u201d has been added to your cart\" role=\"button\" data-no-translation-aria-label=\"\" data-no-translation-data-success_message=\"\"><div class=\"cart-icon tooltip is-small\" title=\"Add to cart\" data-no-translation-title=\"\"><strong>+<\/strong><\/div><\/a>\t<span id=\"woocommerce_loop_add_to_cart_link_describedby_80\" class=\"screen-reader-text\">\n\t\t\t<\/span>\n<a href=\"#quick-view\" class=\"quick-view\" role=\"button\" data-prod=\"80\" aria-haspopup=\"dialog\" aria-expanded=\"false\" data-flatsome-role-button>Quick View<\/a>\t\t\t<\/div>\n\t\t\t\t\t<\/div>\n\n\t\t<div class=\"box-text box-text-products text-center grid-style-2\">\n\t\t\t<div class=\"title-wrapper\"><p class=\"name product-title woocommerce-loop-product__title\"><a href=\"https:\/\/editionslightmotiv.com\/en\/product\/docker-yves-morfouace\/\" class=\"woocommerce-LoopProduct-link woocommerce-loop-product__link\">DOCKER<\/a><\/p><\/div><div class=\"price-wrapper\">\n\t<span class=\"price\"><span class=\"woocommerce-Price-amount amount\"><bdi>23,00<span class=\"woocommerce-Price-currencySymbol\">&euro;<\/span><\/bdi><\/span><\/span>\n<\/div>\t\t<\/div>\n\t<\/div>\n\t\t<\/div>\n<\/div><div class=\"product-small col has-hover product type-product post-70 status-publish instock product_cat-coffret product_tag-case product_tag-coffret product_tag-dunkerque product_tag-elizabeth-gueuret product_tag-eric-le-brun product_tag-hauts-de-france product_tag-livre-photo product_tag-livre-photographique product_tag-long-cours product_tag-nadege-fagoo product_tag-photobook product_tag-richard-baron product_tag-xavier-voirol product_tag-yves-morfouace has-post-thumbnail shipping-taxable purchasable product-type-simple\">\n\t<div class=\"col-inner\">\n\t\n<div class=\"badge-container absolute left top z-1\">\n\n<\/div>\n\t<div class=\"product-small box\">\n\t\t<div class=\"box-image\">\n\t\t\t<div class=\"image-zoom-fade\">\n\t\t\t\t<a href=\"https:\/\/editionslightmotiv.com\/en\/product\/coffret-long-cours-5-livres\/\">\n\t\t\t\t\t<img loading=\"lazy\" decoding=\"async\" width=\"600\" height=\"720\" src=\"https:\/\/editionslightmotiv.com\/wp-content\/uploads\/2018\/02\/visuel_coffret-600x720.jpg\" class=\"attachment-woocommerce_thumbnail size-woocommerce_thumbnail\" alt=\"Coffret de la collection LONG COURS sur les m\u00e9tiers de la mer par les Editions Light Motiv (\u00e9dition photographique)\" \/>\t\t\t\t<\/a>\n\t\t\t<\/div>\n\t\t\t<div class=\"image-tools is-small top right show-on-hover\">\n\t\t\t\t\t\t\t<\/div>\n\t\t\t<div class=\"image-tools is-small hide-for-small bottom left show-on-hover\">\n\t\t\t\t\t\t\t<\/div>\n\t\t\t<div class=\"image-tools grid-tools text-center hide-for-small bottom hover-slide-in show-on-hover\">\n\t\t\t\t<a href=\"\/en\/wp-json\/wp\/v2\/pages\/820?add-to-cart=70\" aria-describedby=\"woocommerce_loop_add_to_cart_link_describedby_70\" data-quantity=\"1\" class=\"add-to-cart-grid no-padding is-transparent product_type_simple add_to_cart_button ajax_add_to_cart\" data-product_id=\"70\" data-product_sku=\"\" aria-label=\"Add to basket: \u201cCoffret Long Cours (5 livres)\u201d\" rel=\"nofollow\" data-success_message=\"\u201cCoffret Long Cours (5 livres)\u201d has been added to your cart\" role=\"button\" data-no-translation-aria-label=\"\" data-no-translation-data-success_message=\"\"><div class=\"cart-icon tooltip is-small\" title=\"Add to cart\" data-no-translation-title=\"\"><strong>+<\/strong><\/div><\/a>\t<span id=\"woocommerce_loop_add_to_cart_link_describedby_70\" class=\"screen-reader-text\">\n\t\t\t<\/span>\n<a href=\"#quick-view\" class=\"quick-view\" role=\"button\" data-prod=\"70\" aria-haspopup=\"dialog\" aria-expanded=\"false\" data-flatsome-role-button>Quick View<\/a>\t\t\t<\/div>\n\t\t\t\t\t<\/div>\n\n\t\t<div class=\"box-text box-text-products text-center grid-style-2\">\n\t\t\t<div class=\"title-wrapper\"><p class=\"name product-title woocommerce-loop-product__title\"><a href=\"https:\/\/editionslightmotiv.com\/en\/product\/coffret-long-cours-5-livres\/\" class=\"woocommerce-LoopProduct-link woocommerce-loop-product__link\">Coffret Long Cours (5 livres)<\/a><\/p><\/div><div class=\"price-wrapper\">\n\t<span class=\"price\"><span class=\"woocommerce-Price-amount amount\"><bdi>99,00<span class=\"woocommerce-Price-currencySymbol\">&euro;<\/span><\/bdi><\/span><\/span>\n<\/div>\t\t<\/div>\n\t<\/div>\n\t\t<\/div>\n<\/div><div class=\"product-small col has-hover product type-product post-64 status-publish instock product_cat-livre product_tag-brownfield-site product_tag-eric-le-brun product_tag-friche-industrielle product_tag-livre-photographique product_tag-lys-lez-lannoy product_tag-olivier-de-solminihac product_tag-photobook product_tag-stein product_tag-wasteland-site has-post-thumbnail shipping-taxable purchasable product-type-simple\">\n\t<div class=\"col-inner\">\n\t\n<div class=\"badge-container absolute left top z-1\">\n\n<\/div>\n\t<div class=\"product-small box\">\n\t\t<div class=\"box-image\">\n\t\t\t<div class=\"image-zoom-fade\">\n\t\t\t\t<a href=\"https:\/\/editionslightmotiv.com\/en\/product\/traversee-des-murs-eric-le-brun\/\">\n\t\t\t\t\t<img loading=\"lazy\" decoding=\"async\" width=\"600\" height=\"720\" src=\"https:\/\/editionslightmotiv.com\/wp-content\/uploads\/2018\/02\/couverturedef_1-600x720.jpg\" class=\"attachment-woocommerce_thumbnail size-woocommerce_thumbnail\" alt=\"Couverture du livre photographique La Travers\u00e9e des murs d&#039;Eric Le Brun. Un homme pose debout dans un entrep\u00f4t sombre, \u00e9clair\u00e9 par la lumi\u00e8re du jour\" \/>\t\t\t\t<\/a>\n\t\t\t<\/div>\n\t\t\t<div class=\"image-tools is-small top right show-on-hover\">\n\t\t\t\t\t\t\t<\/div>\n\t\t\t<div class=\"image-tools is-small hide-for-small bottom left show-on-hover\">\n\t\t\t\t\t\t\t<\/div>\n\t\t\t<div class=\"image-tools grid-tools text-center hide-for-small bottom hover-slide-in show-on-hover\">\n\t\t\t\t<a href=\"\/en\/wp-json\/wp\/v2\/pages\/820?add-to-cart=64\" aria-describedby=\"woocommerce_loop_add_to_cart_link_describedby_64\" data-quantity=\"1\" class=\"add-to-cart-grid no-padding is-transparent product_type_simple add_to_cart_button ajax_add_to_cart\" data-product_id=\"64\" data-product_sku=\"\" aria-label=\"Add to basket: \u201cLA TRAVERS\u00c9E DES MURS\u201d\" rel=\"nofollow\" data-success_message=\"\u201cLA TRAVERS\u00c9E DES MURS\u201d has been added to your cart\" role=\"button\" data-no-translation-aria-label=\"\" data-no-translation-data-success_message=\"\"><div class=\"cart-icon tooltip is-small\" title=\"Add to cart\" data-no-translation-title=\"\"><strong>+<\/strong><\/div><\/a>\t<span id=\"woocommerce_loop_add_to_cart_link_describedby_64\" class=\"screen-reader-text\">\n\t\t\t<\/span>\n<a href=\"#quick-view\" class=\"quick-view\" role=\"button\" data-prod=\"64\" aria-haspopup=\"dialog\" aria-expanded=\"false\" data-flatsome-role-button>Quick View<\/a>\t\t\t<\/div>\n\t\t\t\t\t<\/div>\n\n\t\t<div class=\"box-text box-text-products text-center grid-style-2\">\n\t\t\t<div class=\"title-wrapper\"><p class=\"name product-title woocommerce-loop-product__title\"><a href=\"https:\/\/editionslightmotiv.com\/en\/product\/traversee-des-murs-eric-le-brun\/\" class=\"woocommerce-LoopProduct-link woocommerce-loop-product__link\">LA TRAVERS\u00c9E DES MURS<\/a><\/p><\/div><div class=\"price-wrapper\">\n\t<span class=\"price\"><span class=\"woocommerce-Price-amount amount\"><bdi>32,00<span class=\"woocommerce-Price-currencySymbol\">&euro;<\/span><\/bdi><\/span><\/span>\n<\/div>\t\t<\/div>\n\t<\/div>\n\t\t<\/div>\n<\/div><\/div>","protected":false},"excerpt":{"rendered":"","protected":false},"author":1,"featured_media":0,"parent":43,"menu_order":0,"comment_status":"closed","ping_status":"closed","template":"","meta":{"footnotes":""},"class_list":["post-820","page","type-page","status-publish","hentry"],"_links":{"self":[{"href":"https:\/\/editionslightmotiv.com\/en\/wp-json\/wp\/v2\/pages\/820","targetHints":{"allow":["GET"]}}],"collection":[{"href":"https:\/\/editionslightmotiv.com\/en\/wp-json\/wp\/v2\/pages"}],"about":[{"href":"https:\/\/editionslightmotiv.com\/en\/wp-json\/wp\/v2\/types\/page"}],"author":[{"embeddable":true,"href":"https:\/\/editionslightmotiv.com\/en\/wp-json\/wp\/v2\/users\/1"}],"replies":[{"embeddable":true,"href":"https:\/\/editionslightmotiv.com\/en\/wp-json\/wp\/v2\/comments?post=820"}],"version-history":[{"count":12,"href":"https:\/\/editionslightmotiv.com\/en\/wp-json\/wp\/v2\/pages\/820\/revisions"}],"predecessor-version":[{"id":5352,"href":"https:\/\/editionslightmotiv.com\/en\/wp-json\/wp\/v2\/pages\/820\/revisions\/5352"}],"up":[{"embeddable":true,"href":"https:\/\/editionslightmotiv.com\/en\/wp-json\/wp\/v2\/pages\/43"}],"wp:attachment":[{"href":"https:\/\/editionslightmotiv.com\/en\/wp-json\/wp\/v2\/media?parent=820"}],"curies":[{"name":"wp","href":"https:\/\/api.w.org\/{rel}","templated":true}]}}