{"id":796,"date":"2018-08-08T11:56:38","date_gmt":"2018-08-08T11:56:38","guid":{"rendered":"http:\/\/editionslightmotiv.apps-1and1.net\/?page_id=796"},"modified":"2026-02-10T16:59:52","modified_gmt":"2026-02-10T15:59:52","slug":"philippe_claudel","status":"publish","type":"page","link":"https:\/\/editionslightmotiv.com\/en\/auteurs-photographes\/philippe_claudel\/","title":{"rendered":"Philippe Claudel"},"content":{"rendered":"<a href=\"https:\/\/editionslightmotiv.com\/en\/auteurs-photographes\/\" class=\"button primary is-link\" >\n\t\t<span>Back<\/span>\n\t<\/a>\n\n\n<p style=\"text-align: center;\"><img loading=\"lazy\" decoding=\"async\" class=\"alignnone size-large wp-image-4532\" src=\"https:\/\/editionslightmotiv.com\/wp-content\/uploads\/2025\/02\/Portrait_PhilippeClaudel-1094x800.jpg\" alt=\"Portrait de Philippe Claudel, auteur du texte du livre photographique INVENTAIRE publi\u00e9 aux Editions Light Motiv\" width=\"1020\" height=\"746\" srcset=\"https:\/\/editionslightmotiv.com\/wp-content\/uploads\/2025\/02\/Portrait_PhilippeClaudel-1094x800.jpg 1094w, https:\/\/editionslightmotiv.com\/wp-content\/uploads\/2025\/02\/Portrait_PhilippeClaudel-547x400.jpg 547w, https:\/\/editionslightmotiv.com\/wp-content\/uploads\/2025\/02\/Portrait_PhilippeClaudel-768x562.jpg 768w, https:\/\/editionslightmotiv.com\/wp-content\/uploads\/2025\/02\/Portrait_PhilippeClaudel-1536x1123.jpg 1536w, https:\/\/editionslightmotiv.com\/wp-content\/uploads\/2025\/02\/Portrait_PhilippeClaudel-2048x1498.jpg 2048w, https:\/\/editionslightmotiv.com\/wp-content\/uploads\/2025\/02\/Portrait_PhilippeClaudel-16x12.jpg 16w, https:\/\/editionslightmotiv.com\/wp-content\/uploads\/2025\/02\/Portrait_PhilippeClaudel-900x658.jpg 900w\" sizes=\"auto, (max-width: 1020px) 100vw, 1020px\" \/><br \/><em><span style=\"font-size: 75%;\">\u00a9 Eric Le Brun<\/span><\/em><\/p>\n<p style=\"text-align: center;\"><span style=\"color: #282828; font-size: 170%;\"><strong>Philippe Claudel<br \/><\/strong><\/span>N\u00e9 \u00e0 Dombasle-sur-Meurthe pr\u00e8s de Nancy, Philippe Claudel est romancier et cin\u00e9aste.\u00a0 En 2012, il int\u00e8gre l\u2019Acad\u00e9mie Goncourt au couvert de Jorge Sempr\u00fan. Auteur de 35 livres, il re\u00e7oit le Prix Goncourt de la Nouvelle pour son recueil\u00a0<em>Les petites m\u00e9caniques<\/em>\u00a0(Mercure de France, 2003), Le Prix Renaudot pour\u00a0<em>Les \u00e2mes grises<\/em>\u00a0(Stock, 2003), le Prix Goncourt des Lyc\u00e9ens pour\u00a0<em>Le rapport de Brodeck<\/em>\u00a0(Stock, 2007). Ses principaux romans sont traduits dans une quarantaine de langues. Il a r\u00e9alis\u00e9 quatre films : \u00ab\u00a0<em>l y a longtemps que je t\u2019aime<\/em>\u00a0(2008), <em>Tous les soleils<\/em>\u00a0(2011), <em>Avant l\u2019hiver<\/em>\u00a0(2013), <em>Une enfance<\/em>\u00a0(2015).<\/p>\n\t\n  \n    <div class=\"row large-columns-6 medium-columns-3 small-columns-2 row-small slider row-slider slider-nav-simple slider-nav-push\"  data-flickity-options='{&quot;imagesLoaded&quot;: true, &quot;groupCells&quot;: &quot;100%&quot;, &quot;dragThreshold&quot; : 5, &quot;cellAlign&quot;: &quot;left&quot;,&quot;wrapAround&quot;: true,&quot;prevNextButtons&quot;: true,&quot;percentPosition&quot;: true,&quot;pageDots&quot;: false, &quot;rightToLeft&quot;: false, &quot;autoPlay&quot; : false}' >\n\n  \n\t     <div class=\"product-small col has-hover out-of-stock product type-product post-52 status-publish first outofstock product_cat-livre product_tag-animals product_tag-animaux product_tag-arno-paul product_tag-livre-photographique product_tag-musee-dhistoire-naturelle product_tag-philippe-claudel product_tag-photobook product_tag-taxidermie product_tag-taxidermy has-post-thumbnail shipping-taxable purchasable product-type-simple\">\n\t<div class=\"col-inner\">\n\t\n<div class=\"badge-container absolute left top z-1\">\n\n<\/div>\n\t<div class=\"product-small box\">\n\t\t<div class=\"box-image\">\n\t\t\t<div class=\"image-zoom-fade\">\n\t\t\t\t<a href=\"https:\/\/editionslightmotiv.com\/en\/product\/inventaire-arno-paul\/\">\n\t\t\t\t\t<img loading=\"lazy\" decoding=\"async\" width=\"600\" height=\"720\" src=\"https:\/\/editionslightmotiv.com\/wp-content\/uploads\/2018\/08\/inventaire_site-600x720.jpg\" class=\"attachment-woocommerce_thumbnail size-woocommerce_thumbnail\" alt=\"INVENTAIRE\" srcset=\"https:\/\/editionslightmotiv.com\/wp-content\/uploads\/2018\/08\/inventaire_site-600x720.jpg 600w, https:\/\/editionslightmotiv.com\/wp-content\/uploads\/2018\/08\/inventaire_site-247x296.jpg 247w\" sizes=\"auto, (max-width: 600px) 100vw, 600px\" \/>\t\t\t\t<\/a>\n\t\t\t<\/div>\n\t\t\t<div class=\"image-tools is-small top right show-on-hover\">\n\t\t\t\t\t\t\t<\/div>\n\t\t\t<div class=\"image-tools is-small hide-for-small bottom left show-on-hover\">\n\t\t\t\t\t\t\t<\/div>\n\t\t\t<div class=\"image-tools grid-tools text-center hide-for-small bottom hover-slide-in show-on-hover\">\n\t\t\t\t<a href=\"https:\/\/editionslightmotiv.com\/en\/product\/inventaire-arno-paul\/\" aria-describedby=\"woocommerce_loop_add_to_cart_link_describedby_52\" data-quantity=\"1\" class=\"add-to-cart-grid no-padding is-transparent product_type_simple\" data-product_id=\"52\" data-product_sku=\"\" aria-label=\"Read more about \u201cINVENTAIRE\u201d\" rel=\"nofollow\" data-success_message=\"\" data-no-translation-aria-label=\"\"><div class=\"cart-icon tooltip is-small\" title=\"Read more\" data-no-translation-title=\"\"><strong>+<\/strong><\/div><\/a>\t<span id=\"woocommerce_loop_add_to_cart_link_describedby_52\" class=\"screen-reader-text\">\n\t\t\t<\/span>\n<a href=\"#quick-view\" class=\"quick-view\" role=\"button\" data-prod=\"52\" aria-haspopup=\"dialog\" aria-expanded=\"false\" data-flatsome-role-button>Quick View<\/a>\t\t\t<\/div>\n\t\t\t<div class=\"out-of-stock-label\" data-no-translation=\"\" data-trp-gettext=\"\">OUT OF STOCK<\/div>\t\t<\/div>\n\n\t\t<div class=\"box-text box-text-products text-center grid-style-2\">\n\t\t\t<div class=\"title-wrapper\"><p class=\"name product-title woocommerce-loop-product__title\"><a href=\"https:\/\/editionslightmotiv.com\/en\/product\/inventaire-arno-paul\/\" class=\"woocommerce-LoopProduct-link woocommerce-loop-product__link\">INVENTAIRE<\/a><\/p><\/div><div class=\"price-wrapper\">\n\t<span class=\"price\"><span class=\"woocommerce-Price-amount amount\"><bdi>20,00<span class=\"woocommerce-Price-currencySymbol\">&euro;<\/span><\/bdi><\/span><\/span>\n<\/div>\t\t<\/div>\n\t<\/div>\n\t\t<\/div>\n<\/div><\/div>","protected":false},"excerpt":{"rendered":"","protected":false},"author":1,"featured_media":0,"parent":43,"menu_order":0,"comment_status":"closed","ping_status":"closed","template":"","meta":{"footnotes":""},"class_list":["post-796","page","type-page","status-publish","hentry"],"_links":{"self":[{"href":"https:\/\/editionslightmotiv.com\/en\/wp-json\/wp\/v2\/pages\/796","targetHints":{"allow":["GET"]}}],"collection":[{"href":"https:\/\/editionslightmotiv.com\/en\/wp-json\/wp\/v2\/pages"}],"about":[{"href":"https:\/\/editionslightmotiv.com\/en\/wp-json\/wp\/v2\/types\/page"}],"author":[{"embeddable":true,"href":"https:\/\/editionslightmotiv.com\/en\/wp-json\/wp\/v2\/users\/1"}],"replies":[{"embeddable":true,"href":"https:\/\/editionslightmotiv.com\/en\/wp-json\/wp\/v2\/comments?post=796"}],"version-history":[{"count":7,"href":"https:\/\/editionslightmotiv.com\/en\/wp-json\/wp\/v2\/pages\/796\/revisions"}],"predecessor-version":[{"id":5207,"href":"https:\/\/editionslightmotiv.com\/en\/wp-json\/wp\/v2\/pages\/796\/revisions\/5207"}],"up":[{"embeddable":true,"href":"https:\/\/editionslightmotiv.com\/en\/wp-json\/wp\/v2\/pages\/43"}],"wp:attachment":[{"href":"https:\/\/editionslightmotiv.com\/en\/wp-json\/wp\/v2\/media?parent=796"}],"curies":[{"name":"wp","href":"https:\/\/api.w.org\/{rel}","templated":true}]}}