{"id":772,"date":"2018-08-08T11:27:03","date_gmt":"2018-08-08T11:27:03","guid":{"rendered":"http:\/\/editionslightmotiv.apps-1and1.net\/?page_id=772"},"modified":"2026-02-11T10:39:38","modified_gmt":"2026-02-11T09:39:38","slug":"corentin_fohlen","status":"publish","type":"page","link":"https:\/\/editionslightmotiv.com\/en\/auteurs-photographes\/corentin_fohlen\/","title":{"rendered":"Corentin Fohlen"},"content":{"rendered":"<a href=\"https:\/\/editionslightmotiv.com\/en\/auteurs-photographes\/\" class=\"button primary is-link\" >\n\t\t<span>Back<\/span>\n\t<\/a>\n\n\n<p style=\"text-align: center;\"><img loading=\"lazy\" decoding=\"async\" class=\"size-large wp-image-4571 aligncenter\" src=\"https:\/\/editionslightmotiv.com\/wp-content\/uploads\/2025\/02\/renecorentinfb-e1739798587503-493x800.jpg\" alt=\"\" width=\"493\" height=\"800\" srcset=\"https:\/\/editionslightmotiv.com\/wp-content\/uploads\/2025\/02\/renecorentinfb-e1739798587503-493x800.jpg 493w, https:\/\/editionslightmotiv.com\/wp-content\/uploads\/2025\/02\/renecorentinfb-e1739798587503-247x400.jpg 247w, https:\/\/editionslightmotiv.com\/wp-content\/uploads\/2025\/02\/renecorentinfb-e1739798587503-7x12.jpg 7w, https:\/\/editionslightmotiv.com\/wp-content\/uploads\/2025\/02\/renecorentinfb-e1739798587503.jpg 524w\" sizes=\"auto, (max-width: 493px) 100vw, 493px\" \/><span style=\"font-size: 75%;\">\u00a9 Eric Le Brun<\/span><\/p>\n<p>\u00a0<\/p>\n<p style=\"text-align: center;\"><span style=\"color: #282828; font-size: 170%;\"><strong>Corentin Fohlen<\/strong><\/span><\/p>\n<p style=\"text-align: center;\">N\u00e9 en 1981, Photographe travaillant pour la presse fran\u00e7aise et internationale. Depuis 2010, il se rend r\u00e9guli\u00e8rement en Ha\u00efti. Il montre une autre image du pays, loin des poncifs souvent associ\u00e9s \u00e0 cette \u00eele, avec une r\u00e9flexion engag\u00e9e sur les cons\u00e9quences de la mainmise internationale.<\/p>\n<p style=\"text-align: center;\">Il est laur\u00e9at de plusieurs prix photographiques dont deux <strong>World Press Photo<\/strong> et un <strong>Visa d\u2019Or<\/strong> du Jeune Reporter.<\/p>\n<p style=\"text-align: center;\">Son travail au long cours en Ha\u00efti, publi\u00e9 par les \u00e9ditions Light Motiv sous le titre Ha\u00efti, est prim\u00e9 plusieurs fois :\u00a0<strong>Prix AFD\/LIB\u00c9RATION 2017<\/strong> du Meilleur Reportage Photo pour son travail au long cours, aux\u00a0<strong>SONY WORLD PHOTOGRAPHY AWARDS<\/strong> (3\u00e8me place dans la cat\u00e9gorie Architecture).<\/p>\n<p style=\"text-align: center;\">Son site : <a href=\"https:\/\/www.corentinfohlen.com\/\" target=\"_blank\" rel=\"noopener\">https:\/\/www.corentinfohlen.com\/<\/a><\/p>\n<p style=\"text-align: center;\">Son Instagram : <a href=\"https:\/\/www.instagram.com\/corentinfohlen\/\" target=\"_blank\" rel=\"noopener\">https:\/\/www.instagram.com\/corentinfohlen\/<\/a><\/p>\n<h2 style=\"text-align: center;\">Ses livres aux Editions Light Motiv<\/h2>\n\t\n  \n    <div class=\"row large-columns-6 medium-columns-3 small-columns-2 row-small slider row-slider slider-nav-simple slider-nav-push\"  data-flickity-options='{&quot;imagesLoaded&quot;: true, &quot;groupCells&quot;: &quot;100%&quot;, &quot;dragThreshold&quot; : 5, &quot;cellAlign&quot;: &quot;left&quot;,&quot;wrapAround&quot;: true,&quot;prevNextButtons&quot;: true,&quot;percentPosition&quot;: true,&quot;pageDots&quot;: false, &quot;rightToLeft&quot;: false, &quot;autoPlay&quot; : false}' >\n\n  \n\t     <div class=\"product-small col has-hover product type-product post-464 status-publish first instock product_cat-livre product_tag-corentin-fohlen product_tag-documentary-photography product_tag-earthquake product_tag-haiti product_tag-james-noel product_tag-livre-photographique product_tag-photobook product_tag-photographie-documentaire product_tag-seisme has-post-thumbnail shipping-taxable purchasable product-type-simple\">\n\t<div class=\"col-inner\">\n\t\n<div class=\"badge-container absolute left top z-1\">\n\n<\/div>\n\t<div class=\"product-small box\">\n\t\t<div class=\"box-image\">\n\t\t\t<div class=\"image-zoom-fade\">\n\t\t\t\t<a href=\"https:\/\/editionslightmotiv.com\/en\/product\/haiti-corentin-fohlen-livre-seul\/\">\n\t\t\t\t\t<img loading=\"lazy\" decoding=\"async\" width=\"600\" height=\"720\" src=\"https:\/\/editionslightmotiv.com\/wp-content\/uploads\/2018\/08\/haiti_site-scaled-600x720.jpg\" class=\"attachment-woocommerce_thumbnail size-woocommerce_thumbnail\" alt=\"Visuel de couverture du livre HA\u00cfTI avec les photographies de Corentin Fohlen et une pr\u00e9face de James No\u00ebl sur la soci\u00e9t\u00e9 ha\u00eftienne entre 2010 et 2017 \u00e0 travers diff\u00e9rentes th\u00e9matiques (agriculture, \u00e9conomie, nouvelle bourgeoisie, tourisme et probl\u00e9matiques du tourisme humanitaire, spiritualit\u00e9, pr\u00e9sence des forces \u00e9trang\u00e8res...).\" \/>\t\t\t\t<\/a>\n\t\t\t<\/div>\n\t\t\t<div class=\"image-tools is-small top right show-on-hover\">\n\t\t\t\t\t\t\t<\/div>\n\t\t\t<div class=\"image-tools is-small hide-for-small bottom left show-on-hover\">\n\t\t\t\t\t\t\t<\/div>\n\t\t\t<div class=\"image-tools grid-tools text-center hide-for-small bottom hover-slide-in show-on-hover\">\n\t\t\t\t<a href=\"\/en\/wp-json\/wp\/v2\/pages\/772?add-to-cart=464\" aria-describedby=\"woocommerce_loop_add_to_cart_link_describedby_464\" data-quantity=\"1\" class=\"add-to-cart-grid no-padding is-transparent product_type_simple add_to_cart_button ajax_add_to_cart\" data-product_id=\"464\" data-product_sku=\"\" aria-label=\"Add to basket: \u201cHA\u00cfTI\u201d\" rel=\"nofollow\" data-success_message=\"\u201cHA\u00cfTI\u201d has been added to your cart\" role=\"button\" data-no-translation-aria-label=\"\" data-no-translation-data-success_message=\"\"><div class=\"cart-icon tooltip is-small\" title=\"Add to cart\" data-no-translation-title=\"\"><strong>+<\/strong><\/div><\/a>\t<span id=\"woocommerce_loop_add_to_cart_link_describedby_464\" class=\"screen-reader-text\">\n\t\t\t<\/span>\n<a href=\"#quick-view\" class=\"quick-view\" role=\"button\" data-prod=\"464\" aria-haspopup=\"dialog\" aria-expanded=\"false\" data-flatsome-role-button>Quick View<\/a>\t\t\t<\/div>\n\t\t\t\t\t<\/div>\n\n\t\t<div class=\"box-text box-text-products text-center grid-style-2\">\n\t\t\t<div class=\"title-wrapper\"><p class=\"name product-title woocommerce-loop-product__title\"><a href=\"https:\/\/editionslightmotiv.com\/en\/product\/haiti-corentin-fohlen-livre-seul\/\" class=\"woocommerce-LoopProduct-link woocommerce-loop-product__link\">HA\u00cfTI<\/a><\/p><\/div><div class=\"price-wrapper\">\n\t<span class=\"price\"><span class=\"woocommerce-Price-amount amount\"><bdi>35,00<span class=\"woocommerce-Price-currencySymbol\">&euro;<\/span><\/bdi><\/span><\/span>\n<\/div>\t\t<\/div>\n\t<\/div>\n\t\t<\/div>\n<\/div><div class=\"product-small col has-hover product type-product post-465 status-publish instock product_cat-livre-avec-tirage product_tag-corentin-fohlen product_tag-documentary-photography product_tag-earthquake product_tag-haiti product_tag-james-noel product_tag-livre-photo product_tag-livre-photographique product_tag-photobook product_tag-photographie-documentaire product_tag-print product_tag-seisme product_tag-tirage has-post-thumbnail shipping-taxable purchasable product-type-variable\">\n\t<div class=\"col-inner\">\n\t\n<div class=\"badge-container absolute left top z-1\">\n\n<\/div>\n\t<div class=\"product-small box\">\n\t\t<div class=\"box-image\">\n\t\t\t<div class=\"image-zoom-fade\">\n\t\t\t\t<a href=\"https:\/\/editionslightmotiv.com\/en\/product\/haiti-livre-avec-tirage\/\">\n\t\t\t\t\t<img loading=\"lazy\" decoding=\"async\" width=\"600\" height=\"720\" src=\"https:\/\/editionslightmotiv.com\/wp-content\/uploads\/2018\/08\/haiti_site-scaled-600x720.jpg\" class=\"attachment-woocommerce_thumbnail size-woocommerce_thumbnail\" alt=\"Visuel de couverture du livre HA\u00cfTI avec les photographies de Corentin Fohlen et une pr\u00e9face de James No\u00ebl sur la soci\u00e9t\u00e9 ha\u00eftienne entre 2010 et 2017 \u00e0 travers diff\u00e9rentes th\u00e9matiques (agriculture, \u00e9conomie, nouvelle bourgeoisie, tourisme et probl\u00e9matiques du tourisme humanitaire, spiritualit\u00e9, pr\u00e9sence des forces \u00e9trang\u00e8res...).\" \/>\t\t\t\t<\/a>\n\t\t\t<\/div>\n\t\t\t<div class=\"image-tools is-small top right show-on-hover\">\n\t\t\t\t\t\t\t<\/div>\n\t\t\t<div class=\"image-tools is-small hide-for-small bottom left show-on-hover\">\n\t\t\t\t\t\t\t<\/div>\n\t\t\t<div class=\"image-tools grid-tools text-center hide-for-small bottom hover-slide-in show-on-hover\">\n\t\t\t\t<a href=\"https:\/\/editionslightmotiv.com\/en\/product\/haiti-livre-avec-tirage\/\" aria-describedby=\"woocommerce_loop_add_to_cart_link_describedby_465\" data-quantity=\"1\" class=\"add-to-cart-grid no-padding is-transparent product_type_variable add_to_cart_button\" data-product_id=\"465\" data-product_sku=\"\" aria-label=\"Select options for \u201cHa\u00efti - Livre avec tirage\u201d\" rel=\"nofollow\" data-no-translation-aria-label=\"\"><div class=\"cart-icon tooltip is-small\" title=\"Select options\" data-no-translation-title=\"\"><strong>+<\/strong><\/div><\/a>\t<span id=\"woocommerce_loop_add_to_cart_link_describedby_465\" class=\"screen-reader-text\">\n\t\tThis product has multiple variants. The options may be chosen on the product page\t<\/span>\n<a href=\"#quick-view\" class=\"quick-view\" role=\"button\" data-prod=\"465\" aria-haspopup=\"dialog\" aria-expanded=\"false\" data-flatsome-role-button>Quick View<\/a>\t\t\t<\/div>\n\t\t\t\t\t<\/div>\n\n\t\t<div class=\"box-text box-text-products text-center grid-style-2\">\n\t\t\t<div class=\"title-wrapper\"><p class=\"name product-title woocommerce-loop-product__title\"><a href=\"https:\/\/editionslightmotiv.com\/en\/product\/haiti-livre-avec-tirage\/\" class=\"woocommerce-LoopProduct-link woocommerce-loop-product__link\">Ha\u00efti &#8211; Livre avec tirage<\/a><\/p><\/div><div class=\"price-wrapper\">\n\t<span class=\"price\"><span class=\"woocommerce-Price-amount amount\"><bdi>120,00<span class=\"woocommerce-Price-currencySymbol\">&euro;<\/span><\/bdi><\/span><\/span>\n<\/div>\t\t<\/div>\n\t<\/div>\n\t\t<\/div>\n<\/div><div class=\"product-small col has-hover product type-product post-86 status-publish instock product_cat-livre product_tag-carnaval product_tag-carnival product_tag-corentin-fohlen product_tag-documentary-photography product_tag-haiti product_tag-jacmel product_tag-livre-photo product_tag-livre-photographique product_tag-photobook product_tag-photographie-documentaire product_tag-rene-depestre has-post-thumbnail shipping-taxable purchasable product-type-simple\">\n\t<div class=\"col-inner\">\n\t\n<div class=\"badge-container absolute left top z-1\">\n\n<\/div>\n\t<div class=\"product-small box\">\n\t\t<div class=\"box-image\">\n\t\t\t<div class=\"image-zoom-fade\">\n\t\t\t\t<a href=\"https:\/\/editionslightmotiv.com\/en\/product\/karnaval-jacmel-corentin-fohlen\/\">\n\t\t\t\t\t<img loading=\"lazy\" decoding=\"async\" width=\"600\" height=\"720\" src=\"https:\/\/editionslightmotiv.com\/wp-content\/uploads\/2018\/08\/karnaval_site-600x720.jpg\" class=\"attachment-woocommerce_thumbnail size-woocommerce_thumbnail\" alt=\"KARNAVAL JACMEL\" \/>\t\t\t\t<\/a>\n\t\t\t<\/div>\n\t\t\t<div class=\"image-tools is-small top right show-on-hover\">\n\t\t\t\t\t\t\t<\/div>\n\t\t\t<div class=\"image-tools is-small hide-for-small bottom left show-on-hover\">\n\t\t\t\t\t\t\t<\/div>\n\t\t\t<div class=\"image-tools grid-tools text-center hide-for-small bottom hover-slide-in show-on-hover\">\n\t\t\t\t<a href=\"\/en\/wp-json\/wp\/v2\/pages\/772?add-to-cart=86\" aria-describedby=\"woocommerce_loop_add_to_cart_link_describedby_86\" data-quantity=\"1\" class=\"add-to-cart-grid no-padding is-transparent product_type_simple add_to_cart_button ajax_add_to_cart\" data-product_id=\"86\" data-product_sku=\"\" aria-label=\"Add to basket: \u201cKARNAVAL JACMEL\u201d\" rel=\"nofollow\" data-success_message=\"\u201cKARNAVAL JACMEL\u201d has been added to your cart\" role=\"button\" data-no-translation-aria-label=\"\" data-no-translation-data-success_message=\"\"><div class=\"cart-icon tooltip is-small\" title=\"Add to cart\" data-no-translation-title=\"\"><strong>+<\/strong><\/div><\/a>\t<span id=\"woocommerce_loop_add_to_cart_link_describedby_86\" class=\"screen-reader-text\">\n\t\t\t<\/span>\n<a href=\"#quick-view\" class=\"quick-view\" role=\"button\" data-prod=\"86\" aria-haspopup=\"dialog\" aria-expanded=\"false\" data-flatsome-role-button>Quick View<\/a>\t\t\t<\/div>\n\t\t\t\t\t<\/div>\n\n\t\t<div class=\"box-text box-text-products text-center grid-style-2\">\n\t\t\t<div class=\"title-wrapper\"><p class=\"name product-title woocommerce-loop-product__title\"><a href=\"https:\/\/editionslightmotiv.com\/en\/product\/karnaval-jacmel-corentin-fohlen\/\" class=\"woocommerce-LoopProduct-link woocommerce-loop-product__link\">KARNAVAL JACMEL<\/a><\/p><\/div><div class=\"price-wrapper\">\n\t<span class=\"price\"><span class=\"woocommerce-Price-amount amount\"><bdi>35,00<span class=\"woocommerce-Price-currencySymbol\">&euro;<\/span><\/bdi><\/span><\/span>\n<\/div>\t\t<\/div>\n\t<\/div>\n\t\t<\/div>\n<\/div><div class=\"product-small col has-hover product type-product post-468 status-publish last instock product_cat-livre-avec-tirage product_tag-carnaval product_tag-carnival product_tag-corentin-fohlen product_tag-documentary-photography product_tag-haiti product_tag-jacmel product_tag-livre-photo product_tag-livre-photographique product_tag-photobook product_tag-photographie-documentaire product_tag-print product_tag-rene-depestre product_tag-tirage has-post-thumbnail shipping-taxable purchasable product-type-variable\">\n\t<div class=\"col-inner\">\n\t\n<div class=\"badge-container absolute left top z-1\">\n\n<\/div>\n\t<div class=\"product-small box\">\n\t\t<div class=\"box-image\">\n\t\t\t<div class=\"image-zoom-fade\">\n\t\t\t\t<a href=\"https:\/\/editionslightmotiv.com\/en\/product\/karnaval-jacmel-avec-tirage\/\">\n\t\t\t\t\t<img loading=\"lazy\" decoding=\"async\" width=\"600\" height=\"720\" src=\"https:\/\/editionslightmotiv.com\/wp-content\/uploads\/2018\/08\/karnaval_site-600x720.jpg\" class=\"attachment-woocommerce_thumbnail size-woocommerce_thumbnail\" alt=\"Karnaval Jacmel - Livre avec tirage\" \/>\t\t\t\t<\/a>\n\t\t\t<\/div>\n\t\t\t<div class=\"image-tools is-small top right show-on-hover\">\n\t\t\t\t\t\t\t<\/div>\n\t\t\t<div class=\"image-tools is-small hide-for-small bottom left show-on-hover\">\n\t\t\t\t\t\t\t<\/div>\n\t\t\t<div class=\"image-tools grid-tools text-center hide-for-small bottom hover-slide-in show-on-hover\">\n\t\t\t\t<a href=\"https:\/\/editionslightmotiv.com\/en\/product\/karnaval-jacmel-avec-tirage\/\" aria-describedby=\"woocommerce_loop_add_to_cart_link_describedby_468\" data-quantity=\"1\" class=\"add-to-cart-grid no-padding is-transparent product_type_variable add_to_cart_button\" data-product_id=\"468\" data-product_sku=\"\" aria-label=\"Select options for \u201cKarnaval Jacmel - Livre avec tirage\u201d\" rel=\"nofollow\" data-no-translation-aria-label=\"\"><div class=\"cart-icon tooltip is-small\" title=\"Select options\" data-no-translation-title=\"\"><strong>+<\/strong><\/div><\/a>\t<span id=\"woocommerce_loop_add_to_cart_link_describedby_468\" class=\"screen-reader-text\">\n\t\tThis product has multiple variants. The options may be chosen on the product page\t<\/span>\n<a href=\"#quick-view\" class=\"quick-view\" role=\"button\" data-prod=\"468\" aria-haspopup=\"dialog\" aria-expanded=\"false\" data-flatsome-role-button>Quick View<\/a>\t\t\t<\/div>\n\t\t\t\t\t<\/div>\n\n\t\t<div class=\"box-text box-text-products text-center grid-style-2\">\n\t\t\t<div class=\"title-wrapper\"><p class=\"name product-title woocommerce-loop-product__title\"><a href=\"https:\/\/editionslightmotiv.com\/en\/product\/karnaval-jacmel-avec-tirage\/\" class=\"woocommerce-LoopProduct-link woocommerce-loop-product__link\">Karnaval Jacmel &#8211; Livre avec tirage<\/a><\/p><\/div><div class=\"price-wrapper\">\n\t<span class=\"price\"><span class=\"woocommerce-Price-amount amount\"><bdi>130,00<span class=\"woocommerce-Price-currencySymbol\">&euro;<\/span><\/bdi><\/span><\/span>\n<\/div>\t\t<\/div>\n\t<\/div>\n\t\t<\/div>\n<\/div><div class=\"product-small col has-hover product type-product post-475 status-publish first instock product_cat-coffret product_tag-carnaval product_tag-carnival product_tag-case product_tag-coffret product_tag-corentin-fohlen product_tag-documentary-photography product_tag-haiti product_tag-jacmel product_tag-livre-photo product_tag-livre-photographique product_tag-photobook product_tag-photographie-documentaire product_tag-rene-depestre has-post-thumbnail shipping-taxable purchasable product-type-simple\">\n\t<div class=\"col-inner\">\n\t\n<div class=\"badge-container absolute left top z-1\">\n\n<\/div>\n\t<div class=\"product-small box\">\n\t\t<div class=\"box-image\">\n\t\t\t<div class=\"image-zoom-fade\">\n\t\t\t\t<a href=\"https:\/\/editionslightmotiv.com\/en\/product\/karnaval-jacmel-coffret\/\">\n\t\t\t\t\t<img loading=\"lazy\" decoding=\"async\" width=\"600\" height=\"720\" src=\"https:\/\/editionslightmotiv.com\/wp-content\/uploads\/2017\/12\/24852589_10155958409359721_7609800546561591610_n-600x720.jpg\" class=\"attachment-woocommerce_thumbnail size-woocommerce_thumbnail\" alt=\"Visuel du coffret noir r\u00e9alis\u00e9 pour l&#039;\u00e9dition limit\u00e9e du livre photographique KARNAVAL JACMEL de Corentin Fohlen publi\u00e9 aux Editions Light Motiv (avec un texte de Ren\u00e9 Depestre)\" \/>\t\t\t\t<\/a>\n\t\t\t<\/div>\n\t\t\t<div class=\"image-tools is-small top right show-on-hover\">\n\t\t\t\t\t\t\t<\/div>\n\t\t\t<div class=\"image-tools is-small hide-for-small bottom left show-on-hover\">\n\t\t\t\t\t\t\t<\/div>\n\t\t\t<div class=\"image-tools grid-tools text-center hide-for-small bottom hover-slide-in show-on-hover\">\n\t\t\t\t<a href=\"\/en\/wp-json\/wp\/v2\/pages\/772?add-to-cart=475\" aria-describedby=\"woocommerce_loop_add_to_cart_link_describedby_475\" data-quantity=\"1\" class=\"add-to-cart-grid no-padding is-transparent product_type_simple add_to_cart_button ajax_add_to_cart\" data-product_id=\"475\" data-product_sku=\"\" aria-label=\"Add to basket: \u201cKarnaval Jacmel - Coffret\u201d\" rel=\"nofollow\" data-success_message=\"\u201cKarnaval Jacmel - Coffret\u201d has been added to your cart\" role=\"button\" data-no-translation-aria-label=\"\" data-no-translation-data-success_message=\"\"><div class=\"cart-icon tooltip is-small\" title=\"Add to cart\" data-no-translation-title=\"\"><strong>+<\/strong><\/div><\/a>\t<span id=\"woocommerce_loop_add_to_cart_link_describedby_475\" class=\"screen-reader-text\">\n\t\t\t<\/span>\n<a href=\"#quick-view\" class=\"quick-view\" role=\"button\" data-prod=\"475\" aria-haspopup=\"dialog\" aria-expanded=\"false\" data-flatsome-role-button>Quick View<\/a>\t\t\t<\/div>\n\t\t\t\t\t<\/div>\n\n\t\t<div class=\"box-text box-text-products text-center grid-style-2\">\n\t\t\t<div class=\"title-wrapper\"><p class=\"name product-title woocommerce-loop-product__title\"><a href=\"https:\/\/editionslightmotiv.com\/en\/product\/karnaval-jacmel-coffret\/\" class=\"woocommerce-LoopProduct-link woocommerce-loop-product__link\">Karnaval Jacmel &#8211; Coffret<\/a><\/p><\/div><div class=\"price-wrapper\">\n\t<span class=\"price\"><span class=\"woocommerce-Price-amount amount\"><bdi>390,00<span class=\"woocommerce-Price-currencySymbol\">&euro;<\/span><\/bdi><\/span><\/span>\n<\/div>\t\t<\/div>\n\t<\/div>\n\t\t<\/div>\n<\/div><\/div>\n\n<p><\/span><\/p>","protected":false},"excerpt":{"rendered":"","protected":false},"author":1,"featured_media":0,"parent":43,"menu_order":0,"comment_status":"closed","ping_status":"closed","template":"","meta":{"footnotes":""},"class_list":["post-772","page","type-page","status-publish","hentry"],"_links":{"self":[{"href":"https:\/\/editionslightmotiv.com\/en\/wp-json\/wp\/v2\/pages\/772","targetHints":{"allow":["GET"]}}],"collection":[{"href":"https:\/\/editionslightmotiv.com\/en\/wp-json\/wp\/v2\/pages"}],"about":[{"href":"https:\/\/editionslightmotiv.com\/en\/wp-json\/wp\/v2\/types\/page"}],"author":[{"embeddable":true,"href":"https:\/\/editionslightmotiv.com\/en\/wp-json\/wp\/v2\/users\/1"}],"replies":[{"embeddable":true,"href":"https:\/\/editionslightmotiv.com\/en\/wp-json\/wp\/v2\/comments?post=772"}],"version-history":[{"count":10,"href":"https:\/\/editionslightmotiv.com\/en\/wp-json\/wp\/v2\/pages\/772\/revisions"}],"predecessor-version":[{"id":5231,"href":"https:\/\/editionslightmotiv.com\/en\/wp-json\/wp\/v2\/pages\/772\/revisions\/5231"}],"up":[{"embeddable":true,"href":"https:\/\/editionslightmotiv.com\/en\/wp-json\/wp\/v2\/pages\/43"}],"wp:attachment":[{"href":"https:\/\/editionslightmotiv.com\/en\/wp-json\/wp\/v2\/media?parent=772"}],"curies":[{"name":"wp","href":"https:\/\/api.w.org\/{rel}","templated":true}]}}