{"id":767,"date":"2018-08-08T11:21:16","date_gmt":"2018-08-08T11:21:16","guid":{"rendered":"http:\/\/editionslightmotiv.apps-1and1.net\/?page_id=767"},"modified":"2026-02-10T16:34:31","modified_gmt":"2026-02-10T15:34:31","slug":"richard_baron","status":"publish","type":"page","link":"https:\/\/editionslightmotiv.com\/en\/auteurs-photographes\/richard_baron\/","title":{"rendered":"Richard Baron"},"content":{"rendered":"<a href=\"https:\/\/editionslightmotiv.com\/en\/auteurs-photographes\/\" class=\"button primary is-link\" >\n\t\t<span>Back<\/span>\n\t<\/a>\n\n\n<p style=\"text-align: center;\"><img loading=\"lazy\" decoding=\"async\" class=\"alignnone size-large wp-image-4615\" src=\"https:\/\/editionslightmotiv.com\/wp-content\/uploads\/2025\/02\/RichardBaron_2025_parRB-1-sur-1-1128x800.jpg\" alt=\"\" width=\"1020\" height=\"723\" srcset=\"https:\/\/editionslightmotiv.com\/wp-content\/uploads\/2025\/02\/RichardBaron_2025_parRB-1-sur-1-1128x800.jpg 1128w, https:\/\/editionslightmotiv.com\/wp-content\/uploads\/2025\/02\/RichardBaron_2025_parRB-1-sur-1-564x400.jpg 564w, https:\/\/editionslightmotiv.com\/wp-content\/uploads\/2025\/02\/RichardBaron_2025_parRB-1-sur-1-768x545.jpg 768w, https:\/\/editionslightmotiv.com\/wp-content\/uploads\/2025\/02\/RichardBaron_2025_parRB-1-sur-1-1536x1089.jpg 1536w, https:\/\/editionslightmotiv.com\/wp-content\/uploads\/2025\/02\/RichardBaron_2025_parRB-1-sur-1-2048x1452.jpg 2048w, https:\/\/editionslightmotiv.com\/wp-content\/uploads\/2025\/02\/RichardBaron_2025_parRB-1-sur-1-18x12.jpg 18w, https:\/\/editionslightmotiv.com\/wp-content\/uploads\/2025\/02\/RichardBaron_2025_parRB-1-sur-1-900x638.jpg 900w\" sizes=\"auto, (max-width: 1020px) 100vw, 1020px\" \/><br \/><span style=\"font-size: 75%;\">\u00a9 Richard Baron<\/span><\/p>\n<p style=\"text-align: center;\"><span style=\"font-size: 170%; color: #282828;\"><strong>Richard Baron<\/strong><\/span><\/p>\n<p style=\"text-align: center;\">Auteur-Photographe, Richard Baron est n\u00e9 en 1979 dans les Flandres fran\u00e7aises o\u00f9 il a pass\u00e9 la majeure partie de sa vie. Il \u00e9tudie la photographie \u00e0 l\u2019Institut sup\u00e9rieur des Arts de Tournai en Belgique o\u00f9 il y obtient le Graduat d\u2019arts visuels. Depuis 2005, il travaille avec l\u2019agence Light Motiv et r\u00e9alise de nombreuses commandes pour la presse nationale (\u2009<em>Le Monde<\/em>, <em>Elle Magazine<\/em>, <em>T\u00e9l\u00e9rama<\/em>, <em>Lib\u00e9ration<\/em>\u2009) mais \u00e9galement pour les institutions (La M\u00e9tropole Europ\u00e9enne de Lille, mairies&#8230;).<\/p>\n<p style=\"text-align: center;\">Si la photographie est l\u2019art qui consiste \u00e0 sculpter la lumi\u00e8re, Richard Baron sait en tirer parti. Chez lui elle devient une mati\u00e8re pure, palpable et visible qu\u2019il s\u2019agit de modeler dans la photographie. L\u2019\u00e9clairage est tant\u00f4t cisel\u00e9, tant\u00f4t vaporeux. C\u2019est une marque esth\u00e9tique qui persiste \u00e0 travers chaque prise de vue et qui donne aux clich\u00e9s leur valeur po\u00e9tique. Sa d\u00e9marche consiste \u00e0 redonner un caract\u00e8re \u00e9vanescent, parfois myst\u00e9rieux, et insiste sur la mise en sc\u00e8ne. L\u2019arr\u00eat sur l\u2019image saisit ainsi comme une \u00e9vidence, un passage vers autre chose.<\/p>\n<p style=\"text-align: center;\">Son site : https:\/\/richardbaron.fr\/<\/p>\n<h2 style=\"text-align: center;\">Ses livres aux Editions Light Motiv<\/h2>\n\t\n  \n    <div class=\"row large-columns-6 medium-columns-3 small-columns-2 row-small slider row-slider slider-nav-simple slider-nav-push\"  data-flickity-options='{&quot;imagesLoaded&quot;: true, &quot;groupCells&quot;: &quot;100%&quot;, &quot;dragThreshold&quot; : 5, &quot;cellAlign&quot;: &quot;left&quot;,&quot;wrapAround&quot;: true,&quot;prevNextButtons&quot;: true,&quot;percentPosition&quot;: true,&quot;pageDots&quot;: false, &quot;rightToLeft&quot;: false, &quot;autoPlay&quot; : false}' >\n\n  \n\t     <div class=\"product-small col has-hover product type-product post-67 status-publish first instock product_cat-livre product_tag-bassin-minier product_tag-coal-mining product_tag-libercourt product_tag-livre-photographique product_tag-olivier-de-solminihac product_tag-photobook product_tag-richard-baron has-post-thumbnail shipping-taxable purchasable product-type-simple\">\n\t<div class=\"col-inner\">\n\t\n<div class=\"badge-container absolute left top z-1\">\n\n<\/div>\n\t<div class=\"product-small box\">\n\t\t<div class=\"box-image\">\n\t\t\t<div class=\"image-zoom-fade\">\n\t\t\t\t<a href=\"https:\/\/editionslightmotiv.com\/en\/product\/un-rideau-darbres-richard-baron\/\">\n\t\t\t\t\t<img loading=\"lazy\" decoding=\"async\" width=\"600\" height=\"720\" src=\"https:\/\/editionslightmotiv.com\/wp-content\/uploads\/2018\/02\/couv-gravure-der3-600x720.jpg\" class=\"attachment-woocommerce_thumbnail size-woocommerce_thumbnail\" alt=\"Couverture du livre photographique Un rideau d&#039;arbres de Richard Baron\" \/>\t\t\t\t<\/a>\n\t\t\t<\/div>\n\t\t\t<div class=\"image-tools is-small top right show-on-hover\">\n\t\t\t\t\t\t\t<\/div>\n\t\t\t<div class=\"image-tools is-small hide-for-small bottom left show-on-hover\">\n\t\t\t\t\t\t\t<\/div>\n\t\t\t<div class=\"image-tools grid-tools text-center hide-for-small bottom hover-slide-in show-on-hover\">\n\t\t\t\t<a href=\"\/en\/wp-json\/wp\/v2\/pages\/767?add-to-cart=67\" aria-describedby=\"woocommerce_loop_add_to_cart_link_describedby_67\" data-quantity=\"1\" class=\"add-to-cart-grid no-padding is-transparent product_type_simple add_to_cart_button ajax_add_to_cart\" data-product_id=\"67\" data-product_sku=\"\" aria-label=\"Add to basket: \u201cUN RIDEAU D&#039;ARBRES\u201d\" rel=\"nofollow\" data-success_message=\"\u201cUN RIDEAU D&#039;ARBRES\u201d has been added to your cart\" role=\"button\" data-no-translation-aria-label=\"\" data-no-translation-data-success_message=\"\"><div class=\"cart-icon tooltip is-small\" title=\"Add to cart\" data-no-translation-title=\"\"><strong>+<\/strong><\/div><\/a>\t<span id=\"woocommerce_loop_add_to_cart_link_describedby_67\" class=\"screen-reader-text\">\n\t\t\t<\/span>\n<a href=\"#quick-view\" class=\"quick-view\" role=\"button\" data-prod=\"67\" aria-haspopup=\"dialog\" aria-expanded=\"false\" data-flatsome-role-button>Quick View<\/a>\t\t\t<\/div>\n\t\t\t\t\t<\/div>\n\n\t\t<div class=\"box-text box-text-products text-center grid-style-2\">\n\t\t\t<div class=\"title-wrapper\"><p class=\"name product-title woocommerce-loop-product__title\"><a href=\"https:\/\/editionslightmotiv.com\/en\/product\/un-rideau-darbres-richard-baron\/\" class=\"woocommerce-LoopProduct-link woocommerce-loop-product__link\">UN RIDEAU D&rsquo;ARBRES<\/a><\/p><\/div><div class=\"price-wrapper\">\n\t<span class=\"price\"><span class=\"woocommerce-Price-amount amount\"><bdi>32,00<span class=\"woocommerce-Price-currencySymbol\">&euro;<\/span><\/bdi><\/span><\/span>\n<\/div>\t\t<\/div>\n\t<\/div>\n\t\t<\/div>\n<\/div><div class=\"product-small col has-hover product type-product post-72 status-publish instock product_cat-livre product_tag-dunkerque product_tag-elizabeth-gueuret product_tag-escale product_tag-harbour product_tag-hauts-de-france product_tag-livre-photo product_tag-livre-photographique product_tag-mer product_tag-photobook product_tag-port product_tag-richard-baron product_tag-sea has-post-thumbnail shipping-taxable purchasable product-type-simple\">\n\t<div class=\"col-inner\">\n\t\n<div class=\"badge-container absolute left top z-1\">\n\n<\/div>\n\t<div class=\"product-small box\">\n\t\t<div class=\"box-image\">\n\t\t\t<div class=\"image-zoom-fade\">\n\t\t\t\t<a href=\"https:\/\/editionslightmotiv.com\/en\/product\/escale-richard-baron\/\">\n\t\t\t\t\t<img loading=\"lazy\" decoding=\"async\" width=\"600\" height=\"720\" src=\"https:\/\/editionslightmotiv.com\/wp-content\/uploads\/2018\/02\/couvEscale1-600x720.jpg\" class=\"attachment-woocommerce_thumbnail size-woocommerce_thumbnail\" alt=\"ESCALE\" \/>\t\t\t\t<\/a>\n\t\t\t<\/div>\n\t\t\t<div class=\"image-tools is-small top right show-on-hover\">\n\t\t\t\t\t\t\t<\/div>\n\t\t\t<div class=\"image-tools is-small hide-for-small bottom left show-on-hover\">\n\t\t\t\t\t\t\t<\/div>\n\t\t\t<div class=\"image-tools grid-tools text-center hide-for-small bottom hover-slide-in show-on-hover\">\n\t\t\t\t<a href=\"\/en\/wp-json\/wp\/v2\/pages\/767?add-to-cart=72\" aria-describedby=\"woocommerce_loop_add_to_cart_link_describedby_72\" data-quantity=\"1\" class=\"add-to-cart-grid no-padding is-transparent product_type_simple add_to_cart_button ajax_add_to_cart\" data-product_id=\"72\" data-product_sku=\"\" aria-label=\"Add to basket: \u201cESCALE\u201d\" rel=\"nofollow\" data-success_message=\"\u201cESCALE\u201d has been added to your cart\" role=\"button\" data-no-translation-aria-label=\"\" data-no-translation-data-success_message=\"\"><div class=\"cart-icon tooltip is-small\" title=\"Add to cart\" data-no-translation-title=\"\"><strong>+<\/strong><\/div><\/a>\t<span id=\"woocommerce_loop_add_to_cart_link_describedby_72\" class=\"screen-reader-text\">\n\t\t\t<\/span>\n<a href=\"#quick-view\" class=\"quick-view\" role=\"button\" data-prod=\"72\" aria-haspopup=\"dialog\" aria-expanded=\"false\" data-flatsome-role-button>Quick View<\/a>\t\t\t<\/div>\n\t\t\t\t\t<\/div>\n\n\t\t<div class=\"box-text box-text-products text-center grid-style-2\">\n\t\t\t<div class=\"title-wrapper\"><p class=\"name product-title woocommerce-loop-product__title\"><a href=\"https:\/\/editionslightmotiv.com\/en\/product\/escale-richard-baron\/\" class=\"woocommerce-LoopProduct-link woocommerce-loop-product__link\">ESCALE<\/a><\/p><\/div><div class=\"price-wrapper\">\n\t<span class=\"price\"><span class=\"woocommerce-Price-amount amount\"><bdi>23,00<span class=\"woocommerce-Price-currencySymbol\">&euro;<\/span><\/bdi><\/span><\/span>\n<\/div>\t\t<\/div>\n\t<\/div>\n\t\t<\/div>\n<\/div><div class=\"product-small col has-hover product type-product post-68 status-publish instock product_cat-livre product_tag-city product_tag-hauts-de-france product_tag-lille product_tag-livre-photo product_tag-livre-photographique product_tag-nord product_tag-north product_tag-olivier-de-solminihac product_tag-photobook product_tag-renovation product_tag-richard-baron product_tag-temps product_tag-time product_tag-town product_tag-urbain product_tag-urban product_tag-ville has-post-thumbnail shipping-taxable purchasable product-type-simple\">\n\t<div class=\"col-inner\">\n\t\n<div class=\"badge-container absolute left top z-1\">\n\n<\/div>\n\t<div class=\"product-small box\">\n\t\t<div class=\"box-image\">\n\t\t\t<div class=\"image-zoom-fade\">\n\t\t\t\t<a href=\"https:\/\/editionslightmotiv.com\/en\/product\/un-temps-de-passage-richard-baron\/\">\n\t\t\t\t\t<img loading=\"lazy\" decoding=\"async\" width=\"600\" height=\"720\" src=\"https:\/\/editionslightmotiv.com\/wp-content\/uploads\/2018\/02\/0-couvHEMHD-600x720.jpg\" class=\"attachment-woocommerce_thumbnail size-woocommerce_thumbnail\" alt=\"UN TEMPS DE PASSAGE\" \/>\t\t\t\t<\/a>\n\t\t\t<\/div>\n\t\t\t<div class=\"image-tools is-small top right show-on-hover\">\n\t\t\t\t\t\t\t<\/div>\n\t\t\t<div class=\"image-tools is-small hide-for-small bottom left show-on-hover\">\n\t\t\t\t\t\t\t<\/div>\n\t\t\t<div class=\"image-tools grid-tools text-center hide-for-small bottom hover-slide-in show-on-hover\">\n\t\t\t\t<a href=\"\/en\/wp-json\/wp\/v2\/pages\/767?add-to-cart=68\" aria-describedby=\"woocommerce_loop_add_to_cart_link_describedby_68\" data-quantity=\"1\" class=\"add-to-cart-grid no-padding is-transparent product_type_simple add_to_cart_button ajax_add_to_cart\" data-product_id=\"68\" data-product_sku=\"\" aria-label=\"Add to basket: \u201cUN TEMPS DE PASSAGE\u201d\" rel=\"nofollow\" data-success_message=\"\u201cUN TEMPS DE PASSAGE\u201d has been added to your cart\" role=\"button\" data-no-translation-aria-label=\"\" data-no-translation-data-success_message=\"\"><div class=\"cart-icon tooltip is-small\" title=\"Add to cart\" data-no-translation-title=\"\"><strong>+<\/strong><\/div><\/a>\t<span id=\"woocommerce_loop_add_to_cart_link_describedby_68\" class=\"screen-reader-text\">\n\t\t\t<\/span>\n<a href=\"#quick-view\" class=\"quick-view\" role=\"button\" data-prod=\"68\" aria-haspopup=\"dialog\" aria-expanded=\"false\" data-flatsome-role-button>Quick View<\/a>\t\t\t<\/div>\n\t\t\t\t\t<\/div>\n\n\t\t<div class=\"box-text box-text-products text-center grid-style-2\">\n\t\t\t<div class=\"title-wrapper\"><p class=\"name product-title woocommerce-loop-product__title\"><a href=\"https:\/\/editionslightmotiv.com\/en\/product\/un-temps-de-passage-richard-baron\/\" class=\"woocommerce-LoopProduct-link woocommerce-loop-product__link\">UN TEMPS DE PASSAGE<\/a><\/p><\/div><div class=\"price-wrapper\">\n\t<span class=\"price\"><span class=\"woocommerce-Price-amount amount\"><bdi>30,00<span class=\"woocommerce-Price-currencySymbol\">&euro;<\/span><\/bdi><\/span><\/span>\n<\/div>\t\t<\/div>\n\t<\/div>\n\t\t<\/div>\n<\/div><\/div>","protected":false},"excerpt":{"rendered":"","protected":false},"author":1,"featured_media":0,"parent":43,"menu_order":0,"comment_status":"closed","ping_status":"closed","template":"","meta":{"footnotes":""},"class_list":["post-767","page","type-page","status-publish","hentry"],"_links":{"self":[{"href":"https:\/\/editionslightmotiv.com\/en\/wp-json\/wp\/v2\/pages\/767","targetHints":{"allow":["GET"]}}],"collection":[{"href":"https:\/\/editionslightmotiv.com\/en\/wp-json\/wp\/v2\/pages"}],"about":[{"href":"https:\/\/editionslightmotiv.com\/en\/wp-json\/wp\/v2\/types\/page"}],"author":[{"embeddable":true,"href":"https:\/\/editionslightmotiv.com\/en\/wp-json\/wp\/v2\/users\/1"}],"replies":[{"embeddable":true,"href":"https:\/\/editionslightmotiv.com\/en\/wp-json\/wp\/v2\/comments?post=767"}],"version-history":[{"count":8,"href":"https:\/\/editionslightmotiv.com\/en\/wp-json\/wp\/v2\/pages\/767\/revisions"}],"predecessor-version":[{"id":5199,"href":"https:\/\/editionslightmotiv.com\/en\/wp-json\/wp\/v2\/pages\/767\/revisions\/5199"}],"up":[{"embeddable":true,"href":"https:\/\/editionslightmotiv.com\/en\/wp-json\/wp\/v2\/pages\/43"}],"wp:attachment":[{"href":"https:\/\/editionslightmotiv.com\/en\/wp-json\/wp\/v2\/media?parent=767"}],"curies":[{"name":"wp","href":"https:\/\/api.w.org\/{rel}","templated":true}]}}