{"id":752,"date":"2018-08-08T10:18:59","date_gmt":"2018-08-08T10:18:59","guid":{"rendered":"http:\/\/editionslightmotiv.apps-1and1.net\/?page_id=752"},"modified":"2026-02-10T16:53:55","modified_gmt":"2026-02-10T15:53:55","slug":"patrick_besson","status":"publish","type":"page","link":"https:\/\/editionslightmotiv.com\/en\/auteurs-photographes\/patrick_besson\/","title":{"rendered":"Patrick Besson"},"content":{"rendered":"<a href=\"https:\/\/editionslightmotiv.com\/en\/auteurs-photographes\/\" class=\"button primary is-link\" >\n\t\t<span>Back<\/span>\n\t<\/a>\n\n\n<p style=\"text-align: center;\"><img loading=\"lazy\" decoding=\"async\" class=\"alignnone wp-image-793 size-medium\" src=\"https:\/\/editionslightmotiv.com\/wp-content\/uploads\/2018\/08\/besson04-400x400.jpg\" alt=\"\" width=\"400\" height=\"400\" srcset=\"https:\/\/editionslightmotiv.com\/wp-content\/uploads\/2018\/08\/besson04-400x400.jpg 400w, https:\/\/editionslightmotiv.com\/wp-content\/uploads\/2018\/08\/besson04-100x100.jpg 100w, https:\/\/editionslightmotiv.com\/wp-content\/uploads\/2018\/08\/besson04-900x900.jpg 900w, https:\/\/editionslightmotiv.com\/wp-content\/uploads\/2018\/08\/besson04-280x280.jpg 280w, https:\/\/editionslightmotiv.com\/wp-content\/uploads\/2018\/08\/besson04-768x768.jpg 768w, https:\/\/editionslightmotiv.com\/wp-content\/uploads\/2018\/08\/besson04-800x800.jpg 800w, https:\/\/editionslightmotiv.com\/wp-content\/uploads\/2018\/08\/besson04-247x247.jpg 247w, https:\/\/editionslightmotiv.com\/wp-content\/uploads\/2018\/08\/besson04-510x510.jpg 510w\" sizes=\"auto, (max-width: 400px) 100vw, 400px\" \/><br \/><span style=\"font-size: 75%;\">\u00a9 Eric Le Brun<\/span><\/p>\n<p style=\"text-align: center;\"><span style=\"color: #282828;\"><strong><span style=\"font-size: 170%;\">Patrick Besson<\/span><br \/><\/strong><\/span>Patrick Besson est un \u00e9crivain et journaliste fran\u00e7ais. N\u00e9 d&rsquo;un p\u00e8re russe \u00e0 moiti\u00e9 juif, gaulliste, et d&rsquo;une m\u00e8re croate monarchiste, il publie en 1974, \u00e0 l&rsquo;\u00e2ge de dix-sept ans, son premier roman, \u00ab\u00a0Les petits maux d&rsquo;amour\u00a0\u00bb.<\/p>\n<p style=\"text-align: center;\">En 1985, il se voit d\u00e9cerner le Grand Prix du Roman de l\u2019Acad\u00e9mie Fran\u00e7aise pour son livre \u00ab\u00a0Dara\u00a0\u00bb, o\u00f9 il raconte l\u2019histoire d\u2019une Serbe ayant trouv\u00e9 refuge en Italie apr\u00e8s avoir fui sa Yougoslavie natale \u00e0 l\u2019arriv\u00e9e de Tito au pouvoir.<br \/>Une dizaine d\u2019ann\u00e9e plus tard, il \u00e9crit \u00ab\u00a0Les Braban\u00a0\u00bb (1995) qui lui vaut le Prix Renaudot, dont il int\u00e9grera le jury en 2000.<\/p>\n<p style=\"text-align: center;\">En 2003, il publie un recueil d\u2019interviews qu\u2019il a men\u00e9s pour le magazine Voici et intitule son livre \u00ab\u00a0La cause du People\u00a0\u00bb (\u00e9ditions Fayard).<\/p>\n<p style=\"text-align: center;\">Parmi ses titres les plus connus, on trouve notamment \u00ab\u00a0La Vie quotidienne de Patrick Besson sous le r\u00e8gne de Fran\u00e7ois Mitterrand\u00a0\u00bb (1993), \u00e0 travers lequel il exprime sa d\u00e9ception vis-\u00e0-vis de la politique de Mitterrand, qu\u2019il ne juge pas suffisamment socialiste ou encore \u00ab\u00a0Un \u00e9tat d\u2019esprit\u00a0\u00bb (2002), r\u00e9cit de ses d\u00e9buts de romancier, avec ses joies, ses peines et ses exp\u00e9riences de jeunesse.<\/p>\n<p style=\"text-align: center;\">Ses romans de 2009 \u00e0 2013 \u00e9voquent tour \u00e0 tour l\u2019Afrique, l\u2019Asie et l\u2019Am\u00e9rique latine et il publie en 2012 un r\u00e9cit autobiographique, \u00ab\u00a0Les jours intimes\u00a0\u00bb, o\u00f9 il narre sa relation p\u00e8re-fils mais aussi la rencontre avec sa femme d\u2019origine su\u00e9doise.<\/p>\n<p style=\"text-align: center;\">En 2018, il publie \u00ab\u00a0Tout le pouvoir aux soviets\u00a0\u00bb, qui m\u00eale grande Histoire et grands sentiments et dessine superbement les contours de la maison Russie.<\/p>\n\t\n  \n    <div class=\"row large-columns-6 medium-columns-3 small-columns-2 row-small slider row-slider slider-nav-simple slider-nav-push\"  data-flickity-options='{&quot;imagesLoaded&quot;: true, &quot;groupCells&quot;: &quot;100%&quot;, &quot;dragThreshold&quot; : 5, &quot;cellAlign&quot;: &quot;left&quot;,&quot;wrapAround&quot;: true,&quot;prevNextButtons&quot;: true,&quot;percentPosition&quot;: true,&quot;pageDots&quot;: false, &quot;rightToLeft&quot;: false, &quot;autoPlay&quot; : false}' >\n\n  \n\t     <div class=\"product-small col has-hover out-of-stock product type-product post-82 status-publish first outofstock product_cat-livre product_tag-city product_tag-delphine-lermite product_tag-eric-le-brun product_tag-hauts-de-france product_tag-herve-leroy product_tag-jean-pierre-duplan product_tag-livre-photo product_tag-livre-photographique product_tag-nord product_tag-north product_tag-passages-en-ville product_tag-photobook product_tag-saint-amand-les-eaux product_tag-town product_tag-ville has-post-thumbnail shipping-taxable purchasable product-type-simple\">\n\t<div class=\"col-inner\">\n\t\n<div class=\"badge-container absolute left top z-1\">\n\n<\/div>\n\t<div class=\"product-small box\">\n\t\t<div class=\"box-image\">\n\t\t\t<div class=\"image-zoom-fade\">\n\t\t\t\t<a href=\"https:\/\/editionslightmotiv.com\/en\/product\/saint-amand-les-eaux-lelan-des-reves\/\">\n\t\t\t\t\t<img loading=\"lazy\" decoding=\"async\" width=\"600\" height=\"720\" src=\"https:\/\/editionslightmotiv.com\/wp-content\/uploads\/2018\/08\/stamand_site-600x720.jpg\" class=\"attachment-woocommerce_thumbnail size-woocommerce_thumbnail\" alt=\"SAINT-AMAND, l&#039;\u00e9lan des r\u00eaves\" \/>\t\t\t\t<\/a>\n\t\t\t<\/div>\n\t\t\t<div class=\"image-tools is-small top right show-on-hover\">\n\t\t\t\t\t\t\t<\/div>\n\t\t\t<div class=\"image-tools is-small hide-for-small bottom left show-on-hover\">\n\t\t\t\t\t\t\t<\/div>\n\t\t\t<div class=\"image-tools grid-tools text-center hide-for-small bottom hover-slide-in show-on-hover\">\n\t\t\t\t<a href=\"https:\/\/editionslightmotiv.com\/en\/product\/saint-amand-les-eaux-lelan-des-reves\/\" aria-describedby=\"woocommerce_loop_add_to_cart_link_describedby_82\" data-quantity=\"1\" class=\"add-to-cart-grid no-padding is-transparent product_type_simple\" data-product_id=\"82\" data-product_sku=\"\" aria-label=\"Read more about \u201cSAINT-AMAND, l&#039;\u00e9lan des r\u00eaves\u201d\" rel=\"nofollow\" data-success_message=\"\" data-no-translation-aria-label=\"\"><div class=\"cart-icon tooltip is-small\" title=\"Read more\" data-no-translation-title=\"\"><strong>+<\/strong><\/div><\/a>\t<span id=\"woocommerce_loop_add_to_cart_link_describedby_82\" class=\"screen-reader-text\">\n\t\t\t<\/span>\n<a href=\"#quick-view\" class=\"quick-view\" role=\"button\" data-prod=\"82\" aria-haspopup=\"dialog\" aria-expanded=\"false\" data-flatsome-role-button>Quick View<\/a>\t\t\t<\/div>\n\t\t\t<div class=\"out-of-stock-label\" data-no-translation=\"\" data-trp-gettext=\"\">OUT OF STOCK<\/div>\t\t<\/div>\n\n\t\t<div class=\"box-text box-text-products text-center grid-style-2\">\n\t\t\t<div class=\"title-wrapper\"><p class=\"name product-title woocommerce-loop-product__title\"><a href=\"https:\/\/editionslightmotiv.com\/en\/product\/saint-amand-les-eaux-lelan-des-reves\/\" class=\"woocommerce-LoopProduct-link woocommerce-loop-product__link\">SAINT-AMAND, l&rsquo;\u00e9lan des r\u00eaves<\/a><\/p><\/div><div class=\"price-wrapper\">\n\t<span class=\"price\"><span class=\"woocommerce-Price-amount amount\"><bdi>32,00<span class=\"woocommerce-Price-currencySymbol\">&euro;<\/span><\/bdi><\/span><\/span>\n<\/div>\t\t<\/div>\n\t<\/div>\n\t\t<\/div>\n<\/div><\/div>","protected":false},"excerpt":{"rendered":"","protected":false},"author":1,"featured_media":0,"parent":43,"menu_order":0,"comment_status":"closed","ping_status":"closed","template":"","meta":{"footnotes":""},"class_list":["post-752","page","type-page","status-publish","hentry"],"_links":{"self":[{"href":"https:\/\/editionslightmotiv.com\/en\/wp-json\/wp\/v2\/pages\/752","targetHints":{"allow":["GET"]}}],"collection":[{"href":"https:\/\/editionslightmotiv.com\/en\/wp-json\/wp\/v2\/pages"}],"about":[{"href":"https:\/\/editionslightmotiv.com\/en\/wp-json\/wp\/v2\/types\/page"}],"author":[{"embeddable":true,"href":"https:\/\/editionslightmotiv.com\/en\/wp-json\/wp\/v2\/users\/1"}],"replies":[{"embeddable":true,"href":"https:\/\/editionslightmotiv.com\/en\/wp-json\/wp\/v2\/comments?post=752"}],"version-history":[{"count":8,"href":"https:\/\/editionslightmotiv.com\/en\/wp-json\/wp\/v2\/pages\/752\/revisions"}],"predecessor-version":[{"id":5205,"href":"https:\/\/editionslightmotiv.com\/en\/wp-json\/wp\/v2\/pages\/752\/revisions\/5205"}],"up":[{"embeddable":true,"href":"https:\/\/editionslightmotiv.com\/en\/wp-json\/wp\/v2\/pages\/43"}],"wp:attachment":[{"href":"https:\/\/editionslightmotiv.com\/en\/wp-json\/wp\/v2\/media?parent=752"}],"curies":[{"name":"wp","href":"https:\/\/api.w.org\/{rel}","templated":true}]}}