{"id":741,"date":"2018-08-08T10:12:01","date_gmt":"2018-08-08T10:12:01","guid":{"rendered":"http:\/\/editionslightmotiv.apps-1and1.net\/?page_id=741"},"modified":"2026-02-11T11:11:19","modified_gmt":"2026-02-11T10:11:19","slug":"naoya_hatakeyama","status":"publish","type":"page","link":"https:\/\/editionslightmotiv.com\/en\/auteurs-photographes\/naoya_hatakeyama\/","title":{"rendered":"Naoya Hatakeyama"},"content":{"rendered":"<a href=\"https:\/\/editionslightmotiv.com\/en\/auteurs-photographes\/\" class=\"button primary is-link\" >\n\t\t<span>Back<\/span>\n\t<\/a>\n\n\n<p>\u00a0<\/p>\n<p><img loading=\"lazy\" decoding=\"async\" class=\"wp-image-5250 aligncenter\" src=\"https:\/\/editionslightmotiv.com\/wp-content\/uploads\/2026\/02\/naoyasignature01-533x800.jpg\" alt=\"\" width=\"334\" height=\"501\" srcset=\"https:\/\/editionslightmotiv.com\/wp-content\/uploads\/2026\/02\/naoyasignature01-533x800.jpg 533w, https:\/\/editionslightmotiv.com\/wp-content\/uploads\/2026\/02\/naoyasignature01-187x280.jpg 187w, https:\/\/editionslightmotiv.com\/wp-content\/uploads\/2026\/02\/naoyasignature01-768x1153.jpg 768w, https:\/\/editionslightmotiv.com\/wp-content\/uploads\/2026\/02\/naoyasignature01-8x12.jpg 8w, https:\/\/editionslightmotiv.com\/wp-content\/uploads\/2026\/02\/naoyasignature01.jpg 850w\" sizes=\"auto, (max-width: 334px) 100vw, 334px\" \/><\/p>\n<p style=\"text-align: center;\"><span style=\"font-size: 75%;\">\u00a9\u00a0 Eric Le Brun<\/span><\/p>\n<p style=\"text-align: center;\"><span style=\"color: #282828; font-size: 170%;\"><strong>Naoya Hatakeyama<\/strong><\/span><\/p>\n<p style=\"text-align: center;\">N\u00e9 en 1958 au Japon, \u00e0 Rikuzentakata dans le d\u00e9partement d\u2019Iwate. En 1997, il re\u00e7oit le Prix de la Photographie Kimura Ihei et le Prix d\u2019Art Mainichi en 2000. En 2001, il participe \u00e0 l\u2019exposition \u00ab\u00a0Fast and slow\u00a0\u00bb du Pavillon japonais pour la Biennale Internationale d\u2019Art de Venise. Il re\u00e7oit le Prix du Minist\u00e8re de l\u2019Education japonais pour son exposition \u00ab\u00a0Natural Stories\u00a0\u00bb au Mus\u00e9e de la Photographie de Tokyo en 2011, exposition pr\u00e9sent\u00e9e ensuite au Mus\u00e9e Huis Marseille \u00e0 Amsterdam puis en 2012 au Mus\u00e9e d\u2019Art moderne de San Francisco.<\/p>\n<p style=\"text-align: center;\">Il participe \u00e0 l\u2019exposition \u00ab\u00a0Architecture. Possible here\u00a0? Home-for-All\u00a0\u00bb en 2012 cr\u00e9\u00e9e dans le Pavillon japonais pour la Biennale Internationale d\u2019Architecture de Venise (laur\u00e9at du Lion d\u2019or pour la meilleure participation nationale).<\/p>\n<p style=\"text-align: center;\">Elu \u00ab\u00a0Ambassadeur de la Culture japonais \u00e0 l\u2019\u00e9tranger\u00a0\u00bb en 2015 par le Secr\u00e9tariat \u00e0 la Culture japonais.<\/p>\n<p style=\"text-align: center;\">En 2016 il re\u00e7oit le Prix du photographe de l\u2019ann\u00e9e d\u00e9cern\u00e9 par la Soci\u00e9t\u00e9 Photographique japonaise.<\/p>\n<p style=\"text-align: center;\">Ses principales publications sont <strong><em>Lime Works<\/em> <\/strong>(Seigensha 1996, 2007), <strong><em>Undergroung<\/em><\/strong> (Media Factory 2000), <strong><em>Atmos<\/em><\/strong> (Nazraeli Press 2003), <strong><em>La Houill\u00e8re de Westphalie<\/em><\/strong> (Textuel 2006), <strong><em>Terrils<\/em><\/strong> (Light Motiv 2011), <strong><em>Blast<\/em><\/strong> (Shogakukan 2013), <strong><em>Kesengawa<\/em><\/strong> (Light Motiv 2013) et <strong><em>Rikuzentakata<\/em><\/strong> (Light Motiv 2016).<\/p>\n<h2 style=\"text-align: center;\">Ses livres aux Editions Light Motiv<\/h2>\n\t\n  \n    <div class=\"row large-columns-6 medium-columns-3 small-columns-2 row-small slider row-slider slider-nav-simple slider-nav-push\"  data-flickity-options='{&quot;imagesLoaded&quot;: true, &quot;groupCells&quot;: &quot;100%&quot;, &quot;dragThreshold&quot; : 5, &quot;cellAlign&quot;: &quot;left&quot;,&quot;wrapAround&quot;: true,&quot;prevNextButtons&quot;: true,&quot;percentPosition&quot;: true,&quot;pageDots&quot;: false, &quot;rightToLeft&quot;: false, &quot;autoPlay&quot; : false}' >\n\n  \n\t     <div class=\"product-small col has-hover out-of-stock product type-product post-58 status-publish first outofstock product_cat-livre product_tag-bassin-minier product_tag-charbon product_tag-coal product_tag-editions-light-motiv product_tag-hauts-de-france product_tag-heaps product_tag-japan product_tag-japon product_tag-landscape product_tag-landscape-photography product_tag-light-motiv product_tag-livre-photographique product_tag-mine product_tag-mining-region product_tag-naoya-hatakeyama product_tag-nord product_tag-nord-pas-de-calais product_tag-north product_tag-northern-france product_tag-paysage product_tag-photobook product_tag-photographie product_tag-photographie-de-paysage product_tag-photography product_tag-slag-heap product_tag-terrils product_tag-unesco product_tag-waste-heap has-post-thumbnail sold-individually shipping-taxable purchasable product-type-simple\">\n\t<div class=\"col-inner\">\n\t\n<div class=\"badge-container absolute left top z-1\">\n\n<\/div>\n\t<div class=\"product-small box\">\n\t\t<div class=\"box-image\">\n\t\t\t<div class=\"image-zoom-fade\">\n\t\t\t\t<a href=\"https:\/\/editionslightmotiv.com\/en\/product\/terrils-naoya-hatakeyama\/\">\n\t\t\t\t\t<img loading=\"lazy\" decoding=\"async\" width=\"600\" height=\"720\" src=\"https:\/\/editionslightmotiv.com\/wp-content\/uploads\/2018\/02\/terrils_site-600x720.jpg\" class=\"attachment-woocommerce_thumbnail size-woocommerce_thumbnail\" alt=\"TERRILS\" \/>\t\t\t\t<\/a>\n\t\t\t<\/div>\n\t\t\t<div class=\"image-tools is-small top right show-on-hover\">\n\t\t\t\t\t\t\t<\/div>\n\t\t\t<div class=\"image-tools is-small hide-for-small bottom left show-on-hover\">\n\t\t\t\t\t\t\t<\/div>\n\t\t\t<div class=\"image-tools grid-tools text-center hide-for-small bottom hover-slide-in show-on-hover\">\n\t\t\t\t<a href=\"https:\/\/editionslightmotiv.com\/en\/product\/terrils-naoya-hatakeyama\/\" aria-describedby=\"woocommerce_loop_add_to_cart_link_describedby_58\" data-quantity=\"1\" class=\"add-to-cart-grid no-padding is-transparent product_type_simple\" data-product_id=\"58\" data-product_sku=\"\" aria-label=\"Read more about \u201cTERRILS\u201d\" rel=\"nofollow\" data-success_message=\"\" data-no-translation-aria-label=\"\"><div class=\"cart-icon tooltip is-small\" title=\"Read more\" data-no-translation-title=\"\"><strong>+<\/strong><\/div><\/a>\t<span id=\"woocommerce_loop_add_to_cart_link_describedby_58\" class=\"screen-reader-text\">\n\t\t\t<\/span>\n<a href=\"#quick-view\" class=\"quick-view\" role=\"button\" data-prod=\"58\" aria-haspopup=\"dialog\" aria-expanded=\"false\" data-flatsome-role-button>Quick View<\/a>\t\t\t<\/div>\n\t\t\t<div class=\"out-of-stock-label\" data-no-translation=\"\" data-trp-gettext=\"\">OUT OF STOCK<\/div>\t\t<\/div>\n\n\t\t<div class=\"box-text box-text-products text-center grid-style-2\">\n\t\t\t<div class=\"title-wrapper\"><p class=\"name product-title woocommerce-loop-product__title\"><a href=\"https:\/\/editionslightmotiv.com\/en\/product\/terrils-naoya-hatakeyama\/\" class=\"woocommerce-LoopProduct-link woocommerce-loop-product__link\">TERRILS<\/a><\/p><\/div><div class=\"price-wrapper\">\n\t<span class=\"price\"><span class=\"woocommerce-Price-amount amount\"><bdi>35,00<span class=\"woocommerce-Price-currencySymbol\">&euro;<\/span><\/bdi><\/span><\/span>\n<\/div>\t\t<\/div>\n\t<\/div>\n\t\t<\/div>\n<\/div><div class=\"product-small col has-hover product type-product post-55 status-publish instock product_cat-livre product_tag-11-mars-2011 product_tag-documentary-photography product_tag-japan product_tag-japon product_tag-livre-photographique product_tag-naoya-hatakeyama product_tag-photobook product_tag-photographie-documentaire product_tag-tsunami has-post-thumbnail shipping-taxable purchasable product-type-simple\">\n\t<div class=\"col-inner\">\n\t\n<div class=\"badge-container absolute left top z-1\">\n\n<\/div>\n\t<div class=\"product-small box\">\n\t\t<div class=\"box-image\">\n\t\t\t<div class=\"image-zoom-fade\">\n\t\t\t\t<a href=\"https:\/\/editionslightmotiv.com\/en\/product\/kesengawa-naoya-hatakeyama\/\">\n\t\t\t\t\t<img loading=\"lazy\" decoding=\"async\" width=\"600\" height=\"720\" src=\"https:\/\/editionslightmotiv.com\/wp-content\/uploads\/2018\/08\/kesen_site-600x720.jpg\" class=\"attachment-woocommerce_thumbnail size-woocommerce_thumbnail\" alt=\"KESENGAWA\" \/>\t\t\t\t<\/a>\n\t\t\t<\/div>\n\t\t\t<div class=\"image-tools is-small top right show-on-hover\">\n\t\t\t\t\t\t\t<\/div>\n\t\t\t<div class=\"image-tools is-small hide-for-small bottom left show-on-hover\">\n\t\t\t\t\t\t\t<\/div>\n\t\t\t<div class=\"image-tools grid-tools text-center hide-for-small bottom hover-slide-in show-on-hover\">\n\t\t\t\t<a href=\"\/en\/wp-json\/wp\/v2\/pages\/741?add-to-cart=55\" aria-describedby=\"woocommerce_loop_add_to_cart_link_describedby_55\" data-quantity=\"1\" class=\"add-to-cart-grid no-padding is-transparent product_type_simple add_to_cart_button ajax_add_to_cart\" data-product_id=\"55\" data-product_sku=\"\" aria-label=\"Add to basket: \u201cKESENGAWA\u201d\" rel=\"nofollow\" data-success_message=\"\u201cKESENGAWA\u201d has been added to your basket\" role=\"button\" data-no-translation-aria-label=\"\" data-no-translation-data-success_message=\"\"><div class=\"cart-icon tooltip is-small\" title=\"Add to cart\" data-no-translation-title=\"\"><strong>+<\/strong><\/div><\/a>\t<span id=\"woocommerce_loop_add_to_cart_link_describedby_55\" class=\"screen-reader-text\">\n\t\t\t<\/span>\n<a href=\"#quick-view\" class=\"quick-view\" role=\"button\" data-prod=\"55\" aria-haspopup=\"dialog\" aria-expanded=\"false\" data-flatsome-role-button>Quick View<\/a>\t\t\t<\/div>\n\t\t\t\t\t<\/div>\n\n\t\t<div class=\"box-text box-text-products text-center grid-style-2\">\n\t\t\t<div class=\"title-wrapper\"><p class=\"name product-title woocommerce-loop-product__title\"><a href=\"https:\/\/editionslightmotiv.com\/en\/product\/kesengawa-naoya-hatakeyama\/\" class=\"woocommerce-LoopProduct-link woocommerce-loop-product__link\">KESENGAWA<\/a><\/p><\/div><div class=\"price-wrapper\">\n\t<span class=\"price\"><span class=\"woocommerce-Price-amount amount\"><bdi>35,00<span class=\"woocommerce-Price-currencySymbol\">&euro;<\/span><\/bdi><\/span><\/span>\n<\/div>\t\t<\/div>\n\t<\/div>\n\t\t<\/div>\n<\/div><div class=\"product-small col has-hover product type-product post-54 status-publish instock product_cat-livre product_tag-11-mars-2011 product_tag-documentary-photography product_tag-japan product_tag-japon product_tag-livre-photo product_tag-livre-photographique product_tag-naoya-hatakeyama product_tag-photobook product_tag-photographie-documentaire product_tag-tsunami has-post-thumbnail shipping-taxable purchasable product-type-simple\">\n\t<div class=\"col-inner\">\n\t\n<div class=\"badge-container absolute left top z-1\">\n\n<\/div>\n\t<div class=\"product-small box\">\n\t\t<div class=\"box-image\">\n\t\t\t<div class=\"image-zoom-fade\">\n\t\t\t\t<a href=\"https:\/\/editionslightmotiv.com\/en\/product\/rikuzentakata-naoya-hatakeyama\/\">\n\t\t\t\t\t<img loading=\"lazy\" decoding=\"async\" width=\"600\" height=\"720\" src=\"https:\/\/editionslightmotiv.com\/wp-content\/uploads\/2018\/08\/rik_site-600x720.jpg\" class=\"attachment-woocommerce_thumbnail size-woocommerce_thumbnail\" alt=\"RIKUZENTAKATA\" \/>\t\t\t\t<\/a>\n\t\t\t<\/div>\n\t\t\t<div class=\"image-tools is-small top right show-on-hover\">\n\t\t\t\t\t\t\t<\/div>\n\t\t\t<div class=\"image-tools is-small hide-for-small bottom left show-on-hover\">\n\t\t\t\t\t\t\t<\/div>\n\t\t\t<div class=\"image-tools grid-tools text-center hide-for-small bottom hover-slide-in show-on-hover\">\n\t\t\t\t<a href=\"\/en\/wp-json\/wp\/v2\/pages\/741?add-to-cart=54\" aria-describedby=\"woocommerce_loop_add_to_cart_link_describedby_54\" data-quantity=\"1\" class=\"add-to-cart-grid no-padding is-transparent product_type_simple add_to_cart_button ajax_add_to_cart\" data-product_id=\"54\" data-product_sku=\"\" aria-label=\"Add to basket: \u201cRIKUZENTAKATA\u201d\" rel=\"nofollow\" data-success_message=\"\u201cRIKUZENTAKATA\u201d has been added to your basket\" role=\"button\" data-no-translation-aria-label=\"\" data-no-translation-data-success_message=\"\"><div class=\"cart-icon tooltip is-small\" title=\"Add to cart\" data-no-translation-title=\"\"><strong>+<\/strong><\/div><\/a>\t<span id=\"woocommerce_loop_add_to_cart_link_describedby_54\" class=\"screen-reader-text\">\n\t\t\t<\/span>\n<a href=\"#quick-view\" class=\"quick-view\" role=\"button\" data-prod=\"54\" aria-haspopup=\"dialog\" aria-expanded=\"false\" data-flatsome-role-button>Quick View<\/a>\t\t\t<\/div>\n\t\t\t\t\t<\/div>\n\n\t\t<div class=\"box-text box-text-products text-center grid-style-2\">\n\t\t\t<div class=\"title-wrapper\"><p class=\"name product-title woocommerce-loop-product__title\"><a href=\"https:\/\/editionslightmotiv.com\/en\/product\/rikuzentakata-naoya-hatakeyama\/\" class=\"woocommerce-LoopProduct-link woocommerce-loop-product__link\">RIKUZENTAKATA<\/a><\/p><\/div><div class=\"price-wrapper\">\n\t<span class=\"price\"><span class=\"woocommerce-Price-amount amount\"><bdi>35,00<span class=\"woocommerce-Price-currencySymbol\">&euro;<\/span><\/bdi><\/span><\/span>\n<\/div>\t\t<\/div>\n\t<\/div>\n\t\t<\/div>\n<\/div><div class=\"product-small col has-hover product type-product post-600 status-publish last instock product_cat-livre-avec-tirage product_tag-11-mars-2011 product_tag-documentary-photography product_tag-japan product_tag-japon product_tag-livre-photo product_tag-livre-photographique product_tag-naoya-hatakeyama product_tag-photobook product_tag-photographie-documentaire product_tag-print product_tag-tirage product_tag-tsunami has-post-thumbnail shipping-taxable purchasable product-type-simple\">\n\t<div class=\"col-inner\">\n\t\n<div class=\"badge-container absolute left top z-1\">\n\n<\/div>\n\t<div class=\"product-small box\">\n\t\t<div class=\"box-image\">\n\t\t\t<div class=\"image-zoom-fade\">\n\t\t\t\t<a href=\"https:\/\/editionslightmotiv.com\/en\/product\/rikuzentakata-avec-tirage\/\">\n\t\t\t\t\t<img loading=\"lazy\" decoding=\"async\" width=\"600\" height=\"720\" src=\"https:\/\/editionslightmotiv.com\/wp-content\/uploads\/2018\/08\/rik_site-600x720.jpg\" class=\"attachment-woocommerce_thumbnail size-woocommerce_thumbnail\" alt=\"Rikuzentakata - Livre avec tirage\" \/>\t\t\t\t<\/a>\n\t\t\t<\/div>\n\t\t\t<div class=\"image-tools is-small top right show-on-hover\">\n\t\t\t\t\t\t\t<\/div>\n\t\t\t<div class=\"image-tools is-small hide-for-small bottom left show-on-hover\">\n\t\t\t\t\t\t\t<\/div>\n\t\t\t<div class=\"image-tools grid-tools text-center hide-for-small bottom hover-slide-in show-on-hover\">\n\t\t\t\t<a href=\"\/en\/wp-json\/wp\/v2\/pages\/741?add-to-cart=600\" aria-describedby=\"woocommerce_loop_add_to_cart_link_describedby_600\" data-quantity=\"1\" class=\"add-to-cart-grid no-padding is-transparent product_type_simple add_to_cart_button ajax_add_to_cart\" data-product_id=\"600\" data-product_sku=\"\" aria-label=\"Add to basket: \u201cRikuzentakata - Livre avec tirage\u201d\" rel=\"nofollow\" data-success_message=\"\u201cRikuzentakata - Livre avec tirage\u201d has been added to your basket\" role=\"button\" data-no-translation-aria-label=\"\" data-no-translation-data-success_message=\"\"><div class=\"cart-icon tooltip is-small\" title=\"Add to cart\" data-no-translation-title=\"\"><strong>+<\/strong><\/div><\/a>\t<span id=\"woocommerce_loop_add_to_cart_link_describedby_600\" class=\"screen-reader-text\">\n\t\t\t<\/span>\n<a href=\"#quick-view\" class=\"quick-view\" role=\"button\" data-prod=\"600\" aria-haspopup=\"dialog\" aria-expanded=\"false\" data-flatsome-role-button>Quick View<\/a>\t\t\t<\/div>\n\t\t\t\t\t<\/div>\n\n\t\t<div class=\"box-text box-text-products text-center grid-style-2\">\n\t\t\t<div class=\"title-wrapper\"><p class=\"name product-title woocommerce-loop-product__title\"><a href=\"https:\/\/editionslightmotiv.com\/en\/product\/rikuzentakata-avec-tirage\/\" class=\"woocommerce-LoopProduct-link woocommerce-loop-product__link\">Rikuzentakata &#8211; Livre avec tirage<\/a><\/p><\/div><div class=\"price-wrapper\">\n\t<span class=\"price\"><span class=\"woocommerce-Price-amount amount\"><bdi>180,00<span class=\"woocommerce-Price-currencySymbol\">&euro;<\/span><\/bdi><\/span><\/span>\n<\/div>\t\t<\/div>\n\t<\/div>\n\t\t<\/div>\n<\/div><div class=\"product-small col has-hover product type-product post-603 status-publish first instock product_cat-coffret product_tag-11-mars-2011 product_tag-case product_tag-coffret product_tag-documentary-photography product_tag-japan product_tag-japon product_tag-livre-photo product_tag-livre-photographique product_tag-naoya-hatakeyama product_tag-photobook product_tag-photographie-documentaire product_tag-tsunami has-post-thumbnail shipping-taxable purchasable product-type-simple\">\n\t<div class=\"col-inner\">\n\t\n<div class=\"badge-container absolute left top z-1\">\n\n<\/div>\n\t<div class=\"product-small box\">\n\t\t<div class=\"box-image\">\n\t\t\t<div class=\"image-zoom-fade\">\n\t\t\t\t<a href=\"https:\/\/editionslightmotiv.com\/en\/product\/rikuzentakata-coffret\/\">\n\t\t\t\t\t<img loading=\"lazy\" decoding=\"async\" width=\"600\" height=\"720\" src=\"https:\/\/editionslightmotiv.com\/wp-content\/uploads\/2015\/08\/coffret_rikuzentakata_RECADRE-600x720.jpg\" class=\"attachment-woocommerce_thumbnail size-woocommerce_thumbnail\" alt=\"Rikuzentakata - Coffret\" \/>\t\t\t\t<\/a>\n\t\t\t<\/div>\n\t\t\t<div class=\"image-tools is-small top right show-on-hover\">\n\t\t\t\t\t\t\t<\/div>\n\t\t\t<div class=\"image-tools is-small hide-for-small bottom left show-on-hover\">\n\t\t\t\t\t\t\t<\/div>\n\t\t\t<div class=\"image-tools grid-tools text-center hide-for-small bottom hover-slide-in show-on-hover\">\n\t\t\t\t<a href=\"\/en\/wp-json\/wp\/v2\/pages\/741?add-to-cart=603\" aria-describedby=\"woocommerce_loop_add_to_cart_link_describedby_603\" data-quantity=\"1\" class=\"add-to-cart-grid no-padding is-transparent product_type_simple add_to_cart_button ajax_add_to_cart\" data-product_id=\"603\" data-product_sku=\"\" aria-label=\"Add to basket: \u201cRikuzentakata - Coffret\u201d\" rel=\"nofollow\" data-success_message=\"\u201cRikuzentakata - Coffret\u201d has been added to your basket\" role=\"button\" data-no-translation-aria-label=\"\" data-no-translation-data-success_message=\"\"><div class=\"cart-icon tooltip is-small\" title=\"Add to cart\" data-no-translation-title=\"\"><strong>+<\/strong><\/div><\/a>\t<span id=\"woocommerce_loop_add_to_cart_link_describedby_603\" class=\"screen-reader-text\">\n\t\t\t<\/span>\n<a href=\"#quick-view\" class=\"quick-view\" role=\"button\" data-prod=\"603\" aria-haspopup=\"dialog\" aria-expanded=\"false\" data-flatsome-role-button>Quick View<\/a>\t\t\t<\/div>\n\t\t\t\t\t<\/div>\n\n\t\t<div class=\"box-text box-text-products text-center grid-style-2\">\n\t\t\t<div class=\"title-wrapper\"><p class=\"name product-title woocommerce-loop-product__title\"><a href=\"https:\/\/editionslightmotiv.com\/en\/product\/rikuzentakata-coffret\/\" class=\"woocommerce-LoopProduct-link woocommerce-loop-product__link\">Rikuzentakata &#8211; Coffret<\/a><\/p><\/div><div class=\"price-wrapper\">\n\t<span class=\"price\"><span class=\"woocommerce-Price-amount amount\"><bdi>400,00<span class=\"woocommerce-Price-currencySymbol\">&euro;<\/span><\/bdi><\/span><\/span>\n<\/div>\t\t<\/div>\n\t<\/div>\n\t\t<\/div>\n<\/div><\/div>","protected":false},"excerpt":{"rendered":"","protected":false},"author":1,"featured_media":0,"parent":43,"menu_order":0,"comment_status":"closed","ping_status":"closed","template":"","meta":{"footnotes":""},"class_list":["post-741","page","type-page","status-publish","hentry"],"_links":{"self":[{"href":"https:\/\/editionslightmotiv.com\/en\/wp-json\/wp\/v2\/pages\/741","targetHints":{"allow":["GET"]}}],"collection":[{"href":"https:\/\/editionslightmotiv.com\/en\/wp-json\/wp\/v2\/pages"}],"about":[{"href":"https:\/\/editionslightmotiv.com\/en\/wp-json\/wp\/v2\/types\/page"}],"author":[{"embeddable":true,"href":"https:\/\/editionslightmotiv.com\/en\/wp-json\/wp\/v2\/users\/1"}],"replies":[{"embeddable":true,"href":"https:\/\/editionslightmotiv.com\/en\/wp-json\/wp\/v2\/comments?post=741"}],"version-history":[{"count":8,"href":"https:\/\/editionslightmotiv.com\/en\/wp-json\/wp\/v2\/pages\/741\/revisions"}],"predecessor-version":[{"id":5251,"href":"https:\/\/editionslightmotiv.com\/en\/wp-json\/wp\/v2\/pages\/741\/revisions\/5251"}],"up":[{"embeddable":true,"href":"https:\/\/editionslightmotiv.com\/en\/wp-json\/wp\/v2\/pages\/43"}],"wp:attachment":[{"href":"https:\/\/editionslightmotiv.com\/en\/wp-json\/wp\/v2\/media?parent=741"}],"curies":[{"name":"wp","href":"https:\/\/api.w.org\/{rel}","templated":true}]}}