{"id":737,"date":"2018-08-08T10:02:56","date_gmt":"2018-08-08T10:02:56","guid":{"rendered":"http:\/\/editionslightmotiv.apps-1and1.net\/?page_id=737"},"modified":"2026-02-11T14:56:02","modified_gmt":"2026-02-11T13:56:02","slug":"nadege-fagoo","status":"publish","type":"page","link":"https:\/\/editionslightmotiv.com\/en\/auteurs-photographes\/nadege-fagoo\/","title":{"rendered":"Nad\u00e8ge Fagoo"},"content":{"rendered":"<figure class=\"wp-block-image aligncenter size-large\">\n<figcaption class=\"wp-element-caption\"><img loading=\"lazy\" decoding=\"async\" class=\"alignnone size-large wp-image-4514 aligncenter\" src=\"https:\/\/editionslightmotiv.com\/wp-content\/uploads\/2025\/01\/NadegeFagoo1667\u00a9RBaron-copie-533x800.jpg\" alt=\"\" width=\"533\" height=\"800\" srcset=\"https:\/\/editionslightmotiv.com\/wp-content\/uploads\/2025\/01\/NadegeFagoo1667\u00a9RBaron-copie-533x800.jpg 533w, https:\/\/editionslightmotiv.com\/wp-content\/uploads\/2025\/01\/NadegeFagoo1667\u00a9RBaron-copie-267x400.jpg 267w, https:\/\/editionslightmotiv.com\/wp-content\/uploads\/2025\/01\/NadegeFagoo1667\u00a9RBaron-copie-768x1152.jpg 768w, https:\/\/editionslightmotiv.com\/wp-content\/uploads\/2025\/01\/NadegeFagoo1667\u00a9RBaron-copie-1024x1536.jpg 1024w, https:\/\/editionslightmotiv.com\/wp-content\/uploads\/2025\/01\/NadegeFagoo1667\u00a9RBaron-copie-1366x2048.jpg 1366w, https:\/\/editionslightmotiv.com\/wp-content\/uploads\/2025\/01\/NadegeFagoo1667\u00a9RBaron-copie-8x12.jpg 8w, https:\/\/editionslightmotiv.com\/wp-content\/uploads\/2025\/01\/NadegeFagoo1667\u00a9RBaron-copie-900x1350.jpg 900w, https:\/\/editionslightmotiv.com\/wp-content\/uploads\/2025\/01\/NadegeFagoo1667\u00a9RBaron-copie-scaled.jpg 1707w\" sizes=\"auto, (max-width: 533px) 100vw, 533px\" \/>\u00a9 Richard Baron<\/figcaption>\n<\/figure>\n<h2 class=\"wp-block-heading\" style=\"text-align: center;\"><strong>Nad\u00e8ge Fagoo<\/strong><\/h2>\n<p style=\"text-align: center;\">Tr\u00e8s jeune, Nad\u00e8ge Fagoo \u00e9crit et photographie pour retenir le temps, pour fixer les souvenirs. Adolescente, elle cr\u00e9e avec une amie,\u00a0<em>L\u2019\u00e9chapp\u00e9e belle,<\/em> une revue de litt\u00e9rature dans laquelle elle publie les \u00e9crits de nombreux auteurs contemporains. Les textes seront progressivement accompagn\u00e9s de photographies. Elle utilisera de plus en plus la photographie pour d\u00e9crire l\u2019intime.<\/p>\n<p style=\"text-align: center;\">Sa passion pour la reproductibilit\u00e9 l\u2019incitera \u00e0 suivre des \u00e9tudes en arts graphiques durant lesquelles elle apprendra \u00e0 imprimer sur des presses rotatives. Son go\u00fbt pour les r\u00e9cits autobiographiques l\u2019am\u00e8nera naturellement vers l\u2019\u0153uvre d\u2019Annie Ernaux. Taphophile, elle vit en face du cimeti\u00e8re dans lequel repose\u00a0<em>Nadja<\/em>, la muse d\u2019Andr\u00e9 Breton. Nad\u00e8ge Fagoo a toujours \u00e9t\u00e9 captiv\u00e9e par la m\u00e9moire et fascin\u00e9e par le langage universel de l\u2019image\u2026<\/p>\n<p style=\"text-align: center;\">Elle est \u00e0 l\u2019initiative de missions photographiques pour des institutions et pour la presse nationale, avec une attirance particuli\u00e8re pour les portraits intimes. Elle approfondit de fa\u00e7on personnelle des sujets comme le\u00a0deuil, la filiation ou la sant\u00e9 mentale en imaginant des\u00a0dispositifs innovants qui allient la recherche et l\u2019exp\u00e9rimentation.<\/p>\n<p style=\"text-align: center;\">Sa page sur le site de\u00a0<a href=\"https:\/\/www.lightmotiv.com\/photographes\/nadege-fagoo\/\" target=\"_blank\" rel=\"noopener\">l\u2019agence Light Motiv<\/a>.<\/p>\n<p style=\"text-align: center;\">Son site internet : <a href=\"https:\/\/www.nadegefagoo.com\/\" target=\"_blank\" rel=\"noopener\">https:\/\/www.nadegefagoo.com\/<\/a><\/p>\n<p style=\"text-align: center;\">Son Instagram : <a href=\"https:\/\/www.instagram.com\/nadege_fagoo\/\" target=\"_blank\" rel=\"noopener\">https:\/\/www.instagram.com\/nadege_fagoo\/<\/a><\/p>\n<h2 style=\"text-align: center;\">Ses livres aux Editions Light Motiv<\/h2>\n\t\n  \n    <div class=\"row large-columns-4 medium-columns-3 small-columns-2 row-small slider row-slider slider-nav-reveal slider-nav-push\"  data-flickity-options='{&quot;imagesLoaded&quot;: true, &quot;groupCells&quot;: &quot;100%&quot;, &quot;dragThreshold&quot; : 5, &quot;cellAlign&quot;: &quot;left&quot;,&quot;wrapAround&quot;: true,&quot;prevNextButtons&quot;: true,&quot;percentPosition&quot;: true,&quot;pageDots&quot;: false, &quot;rightToLeft&quot;: false, &quot;autoPlay&quot; : false}' >\n\n  \n\t     <div class=\"product-small col has-hover product type-product post-3492 status-publish first instock product_cat-livre product_tag-absence product_tag-annie-ernaux product_tag-artistique product_tag-autobiographie product_tag-autre-fille product_tag-dcumentaire product_tag-death product_tag-famille product_tag-femme product_tag-fiction product_tag-fille product_tag-girl product_tag-lautre product_tag-lautre-fille product_tag-life product_tag-literature product_tag-litterature product_tag-mort product_tag-photographie product_tag-photography product_tag-portrait product_tag-presence product_tag-recit-photographique product_tag-relative product_tag-singulieres product_tag-vie product_tag-woman has-post-thumbnail shipping-taxable purchasable product-type-simple\">\n\t<div class=\"col-inner\">\n\t\n<div class=\"badge-container absolute left top z-1\">\n\n<\/div>\n\t<div class=\"product-small box\">\n\t\t<div class=\"box-image\">\n\t\t\t<div class=\"image-zoom-fade\">\n\t\t\t\t<a href=\"https:\/\/editionslightmotiv.com\/en\/product\/lautre-fille\/\">\n\t\t\t\t\t<img loading=\"lazy\" decoding=\"async\" width=\"600\" height=\"720\" src=\"https:\/\/editionslightmotiv.com\/wp-content\/uploads\/2023\/01\/COUV_LAF_bandeau_cadre_site2-600x720.jpg\" class=\"attachment-woocommerce_thumbnail size-woocommerce_thumbnail\" alt=\"Couverture du livre L&#039;autre fille de Nad\u00e8ge Fagoo et d&#039;Annie Ernaux\" \/>\t\t\t\t<\/a>\n\t\t\t<\/div>\n\t\t\t<div class=\"image-tools is-small top right show-on-hover\">\n\t\t\t\t\t\t\t<\/div>\n\t\t\t<div class=\"image-tools is-small hide-for-small bottom left show-on-hover\">\n\t\t\t\t\t\t\t<\/div>\n\t\t\t<div class=\"image-tools grid-tools text-center hide-for-small bottom hover-slide-in show-on-hover\">\n\t\t\t\t<a href=\"\/en\/wp-json\/wp\/v2\/pages\/737?add-to-cart=3492\" aria-describedby=\"woocommerce_loop_add_to_cart_link_describedby_3492\" data-quantity=\"1\" class=\"add-to-cart-grid no-padding is-transparent product_type_simple add_to_cart_button ajax_add_to_cart\" data-product_id=\"3492\" data-product_sku=\"\" aria-label=\"Add to basket: \u201cL&#039;AUTRE FILLE\u201d\" rel=\"nofollow\" data-success_message=\"\u201cL&#039;AUTRE FILLE\u201d has been added to your cart\" role=\"button\" data-no-translation-aria-label=\"\" data-no-translation-data-success_message=\"\"><div class=\"cart-icon tooltip is-small\" title=\"Add to cart\" data-no-translation-title=\"\"><strong>+<\/strong><\/div><\/a>\t<span id=\"woocommerce_loop_add_to_cart_link_describedby_3492\" class=\"screen-reader-text\">\n\t\t\t<\/span>\n<a href=\"#quick-view\" class=\"quick-view\" role=\"button\" data-prod=\"3492\" aria-haspopup=\"dialog\" aria-expanded=\"false\" data-flatsome-role-button>Quick View<\/a>\t\t\t<\/div>\n\t\t\t\t\t<\/div>\n\n\t\t<div class=\"box-text box-text-products text-center grid-style-2\">\n\t\t\t<div class=\"title-wrapper\"><p class=\"name product-title woocommerce-loop-product__title\"><a href=\"https:\/\/editionslightmotiv.com\/en\/product\/lautre-fille\/\" class=\"woocommerce-LoopProduct-link woocommerce-loop-product__link\">L'AUTRE FILLE<\/a><\/p><\/div><div class=\"price-wrapper\">\n\t<span class=\"price\"><span class=\"woocommerce-Price-amount amount\"><bdi>23,00<span class=\"woocommerce-Price-currencySymbol\">&euro;<\/span><\/bdi><\/span><\/span>\n<\/div>\t\t<\/div>\n\t<\/div>\n\t\t<\/div>\n<\/div><div class=\"product-small col has-hover product type-product post-3499 status-publish instock product_cat-livre-avec-tirage product_tag-absence product_tag-annie-ernaux product_tag-artistique product_tag-autobiographie product_tag-dcumentaire product_tag-death product_tag-famille product_tag-femme product_tag-fiction product_tag-fille product_tag-girl product_tag-lautre-fille product_tag-life product_tag-literature product_tag-litterature product_tag-mort product_tag-photographie product_tag-photography product_tag-portrait product_tag-presence product_tag-recit-photographique product_tag-relative product_tag-singulieres product_tag-vie product_tag-woman has-post-thumbnail shipping-taxable purchasable product-type-variable\">\n\t<div class=\"col-inner\">\n\t\n<div class=\"badge-container absolute left top z-1\">\n\n<\/div>\n\t<div class=\"product-small box\">\n\t\t<div class=\"box-image\">\n\t\t\t<div class=\"image-zoom-fade\">\n\t\t\t\t<a href=\"https:\/\/editionslightmotiv.com\/en\/product\/lautre-fille-avec-tirage\/\">\n\t\t\t\t\t<img loading=\"lazy\" decoding=\"async\" width=\"600\" height=\"720\" src=\"https:\/\/editionslightmotiv.com\/wp-content\/uploads\/2023\/01\/COUV_LAF_bandeau_cadre_site2-600x720.jpg\" class=\"attachment-woocommerce_thumbnail size-woocommerce_thumbnail\" alt=\"Couverture du livre L&#039;autre fille de Nad\u00e8ge Fagoo et d&#039;Annie Ernaux\" \/>\t\t\t\t<\/a>\n\t\t\t<\/div>\n\t\t\t<div class=\"image-tools is-small top right show-on-hover\">\n\t\t\t\t\t\t\t<\/div>\n\t\t\t<div class=\"image-tools is-small hide-for-small bottom left show-on-hover\">\n\t\t\t\t\t\t\t<\/div>\n\t\t\t<div class=\"image-tools grid-tools text-center hide-for-small bottom hover-slide-in show-on-hover\">\n\t\t\t\t<a href=\"https:\/\/editionslightmotiv.com\/en\/product\/lautre-fille-avec-tirage\/\" aria-describedby=\"woocommerce_loop_add_to_cart_link_describedby_3499\" data-quantity=\"1\" class=\"add-to-cart-grid no-padding is-transparent product_type_variable add_to_cart_button\" data-product_id=\"3499\" data-product_sku=\"\" aria-label=\"Select options for \u201cL&#039;AUTRE FILLE avec tirage\u201d\" rel=\"nofollow\" data-no-translation-aria-label=\"\"><div class=\"cart-icon tooltip is-small\" title=\"Select options\" data-no-translation-title=\"\"><strong>+<\/strong><\/div><\/a>\t<span id=\"woocommerce_loop_add_to_cart_link_describedby_3499\" class=\"screen-reader-text\">\n\t\tThis product has multiple variants. The options may be chosen on the product page\t<\/span>\n<a href=\"#quick-view\" class=\"quick-view\" role=\"button\" data-prod=\"3499\" aria-haspopup=\"dialog\" aria-expanded=\"false\" data-flatsome-role-button>Quick View<\/a>\t\t\t<\/div>\n\t\t\t\t\t<\/div>\n\n\t\t<div class=\"box-text box-text-products text-center grid-style-2\">\n\t\t\t<div class=\"title-wrapper\"><p class=\"name product-title woocommerce-loop-product__title\"><a href=\"https:\/\/editionslightmotiv.com\/en\/product\/lautre-fille-avec-tirage\/\" class=\"woocommerce-LoopProduct-link woocommerce-loop-product__link\">L&rsquo;AUTRE FILLE avec tirage<\/a><\/p><\/div><div class=\"price-wrapper\">\n\t<span class=\"price\"><span class=\"woocommerce-Price-amount amount\"><bdi>100,00<span class=\"woocommerce-Price-currencySymbol\">&euro;<\/span><\/bdi><\/span><\/span>\n<\/div>\t\t<\/div>\n\t<\/div>\n\t\t<\/div>\n<\/div><div class=\"product-small col has-hover product type-product post-78 status-publish instock product_cat-livre product_tag-abord product_tag-dunkerque product_tag-elizabeth-gueuret product_tag-hauts-de-france product_tag-livre-photo product_tag-livre-photographique product_tag-mer product_tag-nadege-fagoo product_tag-nord product_tag-north product_tag-photobook product_tag-sea has-post-thumbnail shipping-taxable purchasable product-type-simple\">\n\t<div class=\"col-inner\">\n\t\n<div class=\"badge-container absolute left top z-1\">\n\n<\/div>\n\t<div class=\"product-small box\">\n\t\t<div class=\"box-image\">\n\t\t\t<div class=\"image-zoom-fade\">\n\t\t\t\t<a href=\"https:\/\/editionslightmotiv.com\/en\/product\/abord-nadege-fagoo\/\">\n\t\t\t\t\t<img loading=\"lazy\" decoding=\"async\" width=\"600\" height=\"720\" src=\"https:\/\/editionslightmotiv.com\/wp-content\/uploads\/2018\/02\/couvabord-600x720.jpg\" class=\"attachment-woocommerce_thumbnail size-woocommerce_thumbnail\" alt=\"ABORD\" \/>\t\t\t\t<\/a>\n\t\t\t<\/div>\n\t\t\t<div class=\"image-tools is-small top right show-on-hover\">\n\t\t\t\t\t\t\t<\/div>\n\t\t\t<div class=\"image-tools is-small hide-for-small bottom left show-on-hover\">\n\t\t\t\t\t\t\t<\/div>\n\t\t\t<div class=\"image-tools grid-tools text-center hide-for-small bottom hover-slide-in show-on-hover\">\n\t\t\t\t<a href=\"\/en\/wp-json\/wp\/v2\/pages\/737?add-to-cart=78\" aria-describedby=\"woocommerce_loop_add_to_cart_link_describedby_78\" data-quantity=\"1\" class=\"add-to-cart-grid no-padding is-transparent product_type_simple add_to_cart_button ajax_add_to_cart\" data-product_id=\"78\" data-product_sku=\"\" aria-label=\"Add to basket: \u201cABORD\u201d\" rel=\"nofollow\" data-success_message=\"\u201cABORD\u201d has been added to your cart\" role=\"button\" data-no-translation-aria-label=\"\" data-no-translation-data-success_message=\"\"><div class=\"cart-icon tooltip is-small\" title=\"Add to cart\" data-no-translation-title=\"\"><strong>+<\/strong><\/div><\/a>\t<span id=\"woocommerce_loop_add_to_cart_link_describedby_78\" class=\"screen-reader-text\">\n\t\t\t<\/span>\n<a href=\"#quick-view\" class=\"quick-view\" role=\"button\" data-prod=\"78\" aria-haspopup=\"dialog\" aria-expanded=\"false\" data-flatsome-role-button>Quick View<\/a>\t\t\t<\/div>\n\t\t\t\t\t<\/div>\n\n\t\t<div class=\"box-text box-text-products text-center grid-style-2\">\n\t\t\t<div class=\"title-wrapper\"><p class=\"name product-title woocommerce-loop-product__title\"><a href=\"https:\/\/editionslightmotiv.com\/en\/product\/abord-nadege-fagoo\/\" class=\"woocommerce-LoopProduct-link woocommerce-loop-product__link\">ABORD<\/a><\/p><\/div><div class=\"price-wrapper\">\n\t<span class=\"price\"><span class=\"woocommerce-Price-amount amount\"><bdi>23,00<span class=\"woocommerce-Price-currencySymbol\">&euro;<\/span><\/bdi><\/span><\/span>\n<\/div>\t\t<\/div>\n\t<\/div>\n\t\t<\/div>\n<\/div><\/div>","protected":false},"excerpt":{"rendered":"","protected":false},"author":1,"featured_media":0,"parent":43,"menu_order":0,"comment_status":"closed","ping_status":"closed","template":"","meta":{"footnotes":""},"class_list":["post-737","page","type-page","status-publish","hentry"],"_links":{"self":[{"href":"https:\/\/editionslightmotiv.com\/en\/wp-json\/wp\/v2\/pages\/737","targetHints":{"allow":["GET"]}}],"collection":[{"href":"https:\/\/editionslightmotiv.com\/en\/wp-json\/wp\/v2\/pages"}],"about":[{"href":"https:\/\/editionslightmotiv.com\/en\/wp-json\/wp\/v2\/types\/page"}],"author":[{"embeddable":true,"href":"https:\/\/editionslightmotiv.com\/en\/wp-json\/wp\/v2\/users\/1"}],"replies":[{"embeddable":true,"href":"https:\/\/editionslightmotiv.com\/en\/wp-json\/wp\/v2\/comments?post=737"}],"version-history":[{"count":36,"href":"https:\/\/editionslightmotiv.com\/en\/wp-json\/wp\/v2\/pages\/737\/revisions"}],"predecessor-version":[{"id":5313,"href":"https:\/\/editionslightmotiv.com\/en\/wp-json\/wp\/v2\/pages\/737\/revisions\/5313"}],"up":[{"embeddable":true,"href":"https:\/\/editionslightmotiv.com\/en\/wp-json\/wp\/v2\/pages\/43"}],"wp:attachment":[{"href":"https:\/\/editionslightmotiv.com\/en\/wp-json\/wp\/v2\/media?parent=737"}],"curies":[{"name":"wp","href":"https:\/\/api.w.org\/{rel}","templated":true}]}}