{"id":732,"date":"2018-08-08T10:00:13","date_gmt":"2018-08-08T10:00:13","guid":{"rendered":"http:\/\/editionslightmotiv.apps-1and1.net\/?page_id=732"},"modified":"2026-02-11T10:07:33","modified_gmt":"2026-02-11T09:07:33","slug":"marie_desplechin","status":"publish","type":"page","link":"https:\/\/editionslightmotiv.com\/en\/auteurs-photographes\/marie_desplechin\/","title":{"rendered":"Marie Desplechin"},"content":{"rendered":"<a href=\"https:\/\/editionslightmotiv.com\/en\/auteurs-photographes\/\" class=\"button primary is-link\" >\n\t\t<span>Back<\/span>\n\t<\/a>\n\n\n<p style=\"text-align: center;\"><img loading=\"lazy\" decoding=\"async\" class=\"aligncenter wp-image-4540 size-medium\" src=\"https:\/\/editionslightmotiv.com\/wp-content\/uploads\/2025\/02\/Portrait_MarieDesplechin-600x400.jpg\" alt=\"Portrait de Marie Desplechin, autrice du texte du livre photographique POUR UNE POIGN\u00c9E DE DEGR\u00c9S publi\u00e9 aux Editions Light Motiv\" width=\"600\" height=\"400\" srcset=\"https:\/\/editionslightmotiv.com\/wp-content\/uploads\/2025\/02\/Portrait_MarieDesplechin-600x400.jpg 600w, https:\/\/editionslightmotiv.com\/wp-content\/uploads\/2025\/02\/Portrait_MarieDesplechin-1200x800.jpg 1200w, https:\/\/editionslightmotiv.com\/wp-content\/uploads\/2025\/02\/Portrait_MarieDesplechin-768x512.jpg 768w, https:\/\/editionslightmotiv.com\/wp-content\/uploads\/2025\/02\/Portrait_MarieDesplechin-1536x1024.jpg 1536w, https:\/\/editionslightmotiv.com\/wp-content\/uploads\/2025\/02\/Portrait_MarieDesplechin-2048x1365.jpg 2048w, https:\/\/editionslightmotiv.com\/wp-content\/uploads\/2025\/02\/Portrait_MarieDesplechin-18x12.jpg 18w, https:\/\/editionslightmotiv.com\/wp-content\/uploads\/2025\/02\/Portrait_MarieDesplechin-900x600.jpg 900w\" sizes=\"auto, (max-width: 600px) 100vw, 600px\" \/><em><span style=\"font-size: 75%;\">\u00a9 Eric Le Brun<\/span><\/em><\/p>\n<p style=\"text-align: center;\"><span style=\"color: #282828; font-size: 170%;\"><strong>Marie Desplechin<br \/><\/strong><\/span>N\u00e9e \u00e0 Roubaix, elle est auteur de livres pour enfants et pour adultes. Elle d\u00e9marre sa carri\u00e8re d\u2019\u00e9crivain en publiant des histoires pour la jeunesse \u00e0 L\u2019Ecole des loisirs, notamment la c\u00e9l\u00e8bre s\u00e9rie \u00ab\u00a0Le Journal d\u2019Aurore\u00a0\u00bb ou encore \u00ab\u00a0Verte\u00a0\u00bb adapt\u00e9e en BD chez Rue de S\u00e8vres. En 2005, elle obtient le Prix M\u00e9dicis de l\u2019essai pour <em>La Vie Sauve<\/em>, co-\u00e9crit avec Lydie Violet et publi\u00e9 chez Le Seuil.<\/p>\n<p style=\"text-align: center;\">Elle travaille r\u00e9guli\u00e8rement comme journaliste pour diff\u00e9rents magazines et participe \u00e0 l&rsquo;\u00e9criture de sc\u00e9narios de films.<\/p>\n<p style=\"text-align: center;\">Elle pr\u00e9side \u00e9galement l\u2019Ecole de Th\u00e9\u00e2tre du Nord bas\u00e9e \u00e0 Lille.<\/p>\n\t\n  \n    <div class=\"row large-columns-6 medium-columns-3 small-columns-2 row-small slider row-slider slider-nav-simple slider-nav-push\"  data-flickity-options='{&quot;imagesLoaded&quot;: true, &quot;groupCells&quot;: &quot;100%&quot;, &quot;dragThreshold&quot; : 5, &quot;cellAlign&quot;: &quot;left&quot;,&quot;wrapAround&quot;: true,&quot;prevNextButtons&quot;: true,&quot;percentPosition&quot;: true,&quot;pageDots&quot;: false, &quot;rightToLeft&quot;: false, &quot;autoPlay&quot; : false}' >\n\n  \n\t     <div class=\"product-small col has-hover out-of-stock product type-product post-84 status-publish first outofstock product_cat-livre product_tag-city product_tag-eric-le-brun product_tag-hauts-de-france product_tag-herve-leroy product_tag-jean-pierre-duplan product_tag-livre-photo product_tag-livre-photographique product_tag-nord product_tag-north product_tag-passages-en-ville product_tag-photobook product_tag-roubaix product_tag-town product_tag-ville has-post-thumbnail shipping-taxable purchasable product-type-simple\">\n\t<div class=\"col-inner\">\n\t\n<div class=\"badge-container absolute left top z-1\">\n\n<\/div>\n\t<div class=\"product-small box\">\n\t\t<div class=\"box-image\">\n\t\t\t<div class=\"image-zoom-fade\">\n\t\t\t\t<a href=\"https:\/\/editionslightmotiv.com\/en\/product\/roubaix-limaginaire-en-actes\/\">\n\t\t\t\t\t<img loading=\"lazy\" decoding=\"async\" width=\"600\" height=\"720\" src=\"https:\/\/editionslightmotiv.com\/wp-content\/uploads\/2018\/08\/roubaix_site-600x720.jpg\" class=\"attachment-woocommerce_thumbnail size-woocommerce_thumbnail\" alt=\"ROUBAIX, l&#039;imaginaire en actes\" \/>\t\t\t\t<\/a>\n\t\t\t<\/div>\n\t\t\t<div class=\"image-tools is-small top right show-on-hover\">\n\t\t\t\t\t\t\t<\/div>\n\t\t\t<div class=\"image-tools is-small hide-for-small bottom left show-on-hover\">\n\t\t\t\t\t\t\t<\/div>\n\t\t\t<div class=\"image-tools grid-tools text-center hide-for-small bottom hover-slide-in show-on-hover\">\n\t\t\t\t<a href=\"https:\/\/editionslightmotiv.com\/en\/product\/roubaix-limaginaire-en-actes\/\" aria-describedby=\"woocommerce_loop_add_to_cart_link_describedby_84\" data-quantity=\"1\" class=\"add-to-cart-grid no-padding is-transparent product_type_simple\" data-product_id=\"84\" data-product_sku=\"\" aria-label=\"Read more about \u201cROUBAIX, l&#039;imaginaire en actes\u201d\" rel=\"nofollow\" data-success_message=\"\" data-no-translation-aria-label=\"\"><div class=\"cart-icon tooltip is-small\" title=\"Read more\" data-no-translation-title=\"\"><strong>+<\/strong><\/div><\/a>\t<span id=\"woocommerce_loop_add_to_cart_link_describedby_84\" class=\"screen-reader-text\">\n\t\t\t<\/span>\n<a href=\"#quick-view\" class=\"quick-view\" role=\"button\" data-prod=\"84\" aria-haspopup=\"dialog\" aria-expanded=\"false\" data-flatsome-role-button>Quick View<\/a>\t\t\t<\/div>\n\t\t\t<div class=\"out-of-stock-label\" data-no-translation=\"\" data-trp-gettext=\"\">OUT OF STOCK<\/div>\t\t<\/div>\n\n\t\t<div class=\"box-text box-text-products text-center grid-style-2\">\n\t\t\t<div class=\"title-wrapper\"><p class=\"name product-title woocommerce-loop-product__title\"><a href=\"https:\/\/editionslightmotiv.com\/en\/product\/roubaix-limaginaire-en-actes\/\" class=\"woocommerce-LoopProduct-link woocommerce-loop-product__link\">ROUBAIX, l&rsquo;imaginaire en actes<\/a><\/p><\/div><div class=\"price-wrapper\">\n\t<span class=\"price\"><span class=\"woocommerce-Price-amount amount\"><bdi>30,00<span class=\"woocommerce-Price-currencySymbol\">&euro;<\/span><\/bdi><\/span><\/span>\n<\/div>\t\t<\/div>\n\t<\/div>\n\t\t<\/div>\n<\/div><div class=\"product-small col has-hover product type-product post-150 status-publish instock product_cat-livre product_tag-charles-delcourt product_tag-citizen-involvement product_tag-climat product_tag-climate-change product_tag-collective-project product_tag-livre-photographique product_tag-marie-desplechin product_tag-mres product_tag-participation-citoyenne product_tag-photobook product_tag-photographie-engagee product_tag-projet-collectif product_tag-rechauffement-climatique has-post-thumbnail shipping-taxable purchasable product-type-simple\">\n\t<div class=\"col-inner\">\n\t\n<div class=\"badge-container absolute left top z-1\">\n\n<\/div>\n\t<div class=\"product-small box\">\n\t\t<div class=\"box-image\">\n\t\t\t<div class=\"image-zoom-fade\">\n\t\t\t\t<a href=\"https:\/\/editionslightmotiv.com\/en\/product\/pour-une-poignee-de-degres\/\">\n\t\t\t\t\t<img loading=\"lazy\" decoding=\"async\" width=\"600\" height=\"720\" src=\"https:\/\/editionslightmotiv.com\/wp-content\/uploads\/2018\/02\/PPDD_Livre_Couv_PropsFinale_couv-600x720.jpg\" class=\"attachment-woocommerce_thumbnail size-woocommerce_thumbnail\" alt=\"Visuel de couverture du livre photographique POUR UNE POIGN\u00c9E DE DEGR\u00c9S publi\u00e9 par Light Motiv en 2017\" \/>\t\t\t\t<\/a>\n\t\t\t<\/div>\n\t\t\t<div class=\"image-tools is-small top right show-on-hover\">\n\t\t\t\t\t\t\t<\/div>\n\t\t\t<div class=\"image-tools is-small hide-for-small bottom left show-on-hover\">\n\t\t\t\t\t\t\t<\/div>\n\t\t\t<div class=\"image-tools grid-tools text-center hide-for-small bottom hover-slide-in show-on-hover\">\n\t\t\t\t<a href=\"\/en\/wp-json\/wp\/v2\/pages\/732?add-to-cart=150\" aria-describedby=\"woocommerce_loop_add_to_cart_link_describedby_150\" data-quantity=\"1\" class=\"add-to-cart-grid no-padding is-transparent product_type_simple add_to_cart_button ajax_add_to_cart\" data-product_id=\"150\" data-product_sku=\"\" aria-label=\"Add to basket: \u201cPOUR UNE POIGN\u00c9E DE DEGR\u00c9S\u201d\" rel=\"nofollow\" data-success_message=\"\u201cPOUR UNE POIGN\u00c9E DE DEGR\u00c9S\u201d has been added to your cart\" role=\"button\" data-no-translation-aria-label=\"\" data-no-translation-data-success_message=\"\"><div class=\"cart-icon tooltip is-small\" title=\"Add to cart\" data-no-translation-title=\"\"><strong>+<\/strong><\/div><\/a>\t<span id=\"woocommerce_loop_add_to_cart_link_describedby_150\" class=\"screen-reader-text\">\n\t\t\t<\/span>\n<a href=\"#quick-view\" class=\"quick-view\" role=\"button\" data-prod=\"150\" aria-haspopup=\"dialog\" aria-expanded=\"false\" data-flatsome-role-button>Quick View<\/a>\t\t\t<\/div>\n\t\t\t\t\t<\/div>\n\n\t\t<div class=\"box-text box-text-products text-center grid-style-2\">\n\t\t\t<div class=\"title-wrapper\"><p class=\"name product-title woocommerce-loop-product__title\"><a href=\"https:\/\/editionslightmotiv.com\/en\/product\/pour-une-poignee-de-degres\/\" class=\"woocommerce-LoopProduct-link woocommerce-loop-product__link\">POUR UNE POIGN\u00c9E DE DEGR\u00c9S<\/a><\/p><\/div><div class=\"price-wrapper\">\n\t<span class=\"price\"><span class=\"woocommerce-Price-amount amount\"><bdi>28,00<span class=\"woocommerce-Price-currencySymbol\">&euro;<\/span><\/bdi><\/span><\/span>\n<\/div>\t\t<\/div>\n\t<\/div>\n\t\t<\/div>\n<\/div><\/div>","protected":false},"excerpt":{"rendered":"","protected":false},"author":1,"featured_media":0,"parent":43,"menu_order":0,"comment_status":"closed","ping_status":"closed","template":"","meta":{"footnotes":""},"class_list":["post-732","page","type-page","status-publish","hentry"],"_links":{"self":[{"href":"https:\/\/editionslightmotiv.com\/en\/wp-json\/wp\/v2\/pages\/732","targetHints":{"allow":["GET"]}}],"collection":[{"href":"https:\/\/editionslightmotiv.com\/en\/wp-json\/wp\/v2\/pages"}],"about":[{"href":"https:\/\/editionslightmotiv.com\/en\/wp-json\/wp\/v2\/types\/page"}],"author":[{"embeddable":true,"href":"https:\/\/editionslightmotiv.com\/en\/wp-json\/wp\/v2\/users\/1"}],"replies":[{"embeddable":true,"href":"https:\/\/editionslightmotiv.com\/en\/wp-json\/wp\/v2\/comments?post=732"}],"version-history":[{"count":8,"href":"https:\/\/editionslightmotiv.com\/en\/wp-json\/wp\/v2\/pages\/732\/revisions"}],"predecessor-version":[{"id":5217,"href":"https:\/\/editionslightmotiv.com\/en\/wp-json\/wp\/v2\/pages\/732\/revisions\/5217"}],"up":[{"embeddable":true,"href":"https:\/\/editionslightmotiv.com\/en\/wp-json\/wp\/v2\/pages\/43"}],"wp:attachment":[{"href":"https:\/\/editionslightmotiv.com\/en\/wp-json\/wp\/v2\/media?parent=732"}],"curies":[{"name":"wp","href":"https:\/\/api.w.org\/{rel}","templated":true}]}}