{"id":680,"date":"2018-08-07T15:55:28","date_gmt":"2018-08-07T15:55:28","guid":{"rendered":"http:\/\/editionslightmotiv.apps-1and1.net\/?page_id=680"},"modified":"2026-02-11T11:13:56","modified_gmt":"2026-02-11T10:13:56","slug":"andrei_kourkov","status":"publish","type":"page","link":"https:\/\/editionslightmotiv.com\/en\/auteurs-photographes\/andrei_kourkov\/","title":{"rendered":"Andre\u00ef Kourkov"},"content":{"rendered":"<a href=\"https:\/\/editionslightmotiv.com\/en\/auteurs-photographes\/\" class=\"button primary is-link\" >\n\t\t<span>Back<\/span>\n\t<\/a>\n\n\n<p><img loading=\"lazy\" decoding=\"async\" class=\"size-large wp-image-4610 alignnone\" src=\"https:\/\/editionslightmotiv.com\/wp-content\/uploads\/2025\/02\/andrei01fbd-1-593x800.jpg\" alt=\"\" width=\"593\" height=\"800\" srcset=\"https:\/\/editionslightmotiv.com\/wp-content\/uploads\/2025\/02\/andrei01fbd-1-593x800.jpg 593w, https:\/\/editionslightmotiv.com\/wp-content\/uploads\/2025\/02\/andrei01fbd-1-297x400.jpg 297w, https:\/\/editionslightmotiv.com\/wp-content\/uploads\/2025\/02\/andrei01fbd-1-768x1035.jpg 768w, https:\/\/editionslightmotiv.com\/wp-content\/uploads\/2025\/02\/andrei01fbd-1-9x12.jpg 9w, https:\/\/editionslightmotiv.com\/wp-content\/uploads\/2025\/02\/andrei01fbd-1.jpg 850w\" sizes=\"auto, (max-width: 593px) 100vw, 593px\" \/><\/p>\n<p style=\"text-align: center;\"><span style=\"font-size: 75%;\">\u00a9 Eric Le Brun<\/span><\/p>\n<p style=\"text-align: center;\"><span style=\"font-size: 170%; color: #282828;\"><strong>Andre\u00ef Kourkov<\/strong><\/span><\/p>\n<p style=\"text-align: center;\">N\u00e9 en Russie en 1961, il vit d\u00e9sormais \u00e0 Kiev. Ecrivain ukrainien de langue russe, il d\u00e9bute sa carri\u00e8re litt\u00e9raire pendant son service militaire alors qu\u2019il est gardien de prison \u00e0 Odessa.<br \/>Son premier roman, <em>Le Pingouin<\/em>, suivi de <em>Les Pingouins n\u2019ont jamais froid<\/em>, remporte un succ\u00e8s international.<br \/>Son \u0153uvre ironique et profonde est aujourd\u2019hui traduite en 36 langues.<\/p>\n<h2 style=\"text-align: center;\">Ses livres aux Editions Light Motiv<\/h2>\n\t\n  \n    <div class=\"row large-columns-6 medium-columns-3 small-columns-2 row-small slider row-slider slider-nav-simple slider-nav-push\"  data-flickity-options='{&quot;imagesLoaded&quot;: true, &quot;groupCells&quot;: &quot;100%&quot;, &quot;dragThreshold&quot; : 5, &quot;cellAlign&quot;: &quot;left&quot;,&quot;wrapAround&quot;: true,&quot;prevNextButtons&quot;: true,&quot;percentPosition&quot;: true,&quot;pageDots&quot;: false, &quot;rightToLeft&quot;: false, &quot;autoPlay&quot; : false}' >\n\n  \n\t     <div class=\"product-small col has-hover product type-product post-62 status-publish first instock product_cat-livre product_tag-andrei-kourkov product_tag-bassin-minier product_tag-charbon product_tag-charles-delcourt product_tag-coal-mining product_tag-documentary-photography product_tag-hauts-de-france product_tag-heaps product_tag-landscape product_tag-livre-photographique product_tag-nord product_tag-north product_tag-paysage product_tag-photobook product_tag-photographie-documentaire product_tag-terrils has-post-thumbnail shipping-taxable purchasable product-type-simple\">\n\t<div class=\"col-inner\">\n\t\n<div class=\"badge-container absolute left top z-1\">\n\n<\/div>\n\t<div class=\"product-small box\">\n\t\t<div class=\"box-image\">\n\t\t\t<div class=\"image-zoom-fade\">\n\t\t\t\t<a href=\"https:\/\/editionslightmotiv.com\/en\/product\/face-nord-charles-delcourt\/\">\n\t\t\t\t\t<img loading=\"lazy\" decoding=\"async\" width=\"600\" height=\"720\" src=\"https:\/\/editionslightmotiv.com\/wp-content\/uploads\/2018\/08\/facenord_site-600x720.jpg\" class=\"attachment-woocommerce_thumbnail size-woocommerce_thumbnail\" alt=\"FACE NORD\" \/>\t\t\t\t<\/a>\n\t\t\t<\/div>\n\t\t\t<div class=\"image-tools is-small top right show-on-hover\">\n\t\t\t\t\t\t\t<\/div>\n\t\t\t<div class=\"image-tools is-small hide-for-small bottom left show-on-hover\">\n\t\t\t\t\t\t\t<\/div>\n\t\t\t<div class=\"image-tools grid-tools text-center hide-for-small bottom hover-slide-in show-on-hover\">\n\t\t\t\t<a href=\"\/en\/wp-json\/wp\/v2\/pages\/680?add-to-cart=62\" aria-describedby=\"woocommerce_loop_add_to_cart_link_describedby_62\" data-quantity=\"1\" class=\"add-to-cart-grid no-padding is-transparent product_type_simple add_to_cart_button ajax_add_to_cart\" data-product_id=\"62\" data-product_sku=\"\" aria-label=\"Add to basket: \u201cFACE NORD\u201d\" rel=\"nofollow\" data-success_message=\"\u201cFACE NORD\u201d has been added to your cart\" role=\"button\" data-no-translation-aria-label=\"\" data-no-translation-data-success_message=\"\"><div class=\"cart-icon tooltip is-small\" title=\"Add to cart\" data-no-translation-title=\"\"><strong>+<\/strong><\/div><\/a>\t<span id=\"woocommerce_loop_add_to_cart_link_describedby_62\" class=\"screen-reader-text\">\n\t\t\t<\/span>\n<a href=\"#quick-view\" class=\"quick-view\" role=\"button\" data-prod=\"62\" aria-haspopup=\"dialog\" aria-expanded=\"false\" data-flatsome-role-button>Quick View<\/a>\t\t\t<\/div>\n\t\t\t\t\t<\/div>\n\n\t\t<div class=\"box-text box-text-products text-center grid-style-2\">\n\t\t\t<div class=\"title-wrapper\"><p class=\"name product-title woocommerce-loop-product__title\"><a href=\"https:\/\/editionslightmotiv.com\/en\/product\/face-nord-charles-delcourt\/\" class=\"woocommerce-LoopProduct-link woocommerce-loop-product__link\">FACE NORD<\/a><\/p><\/div><div class=\"price-wrapper\">\n\t<span class=\"price\"><span class=\"woocommerce-Price-amount amount\"><bdi>35,00<span class=\"woocommerce-Price-currencySymbol\">&euro;<\/span><\/bdi><\/span><\/span>\n<\/div>\t\t<\/div>\n\t<\/div>\n\t\t<\/div>\n<\/div><\/div>","protected":false},"excerpt":{"rendered":"","protected":false},"author":1,"featured_media":0,"parent":43,"menu_order":0,"comment_status":"closed","ping_status":"closed","template":"","meta":{"footnotes":""},"class_list":["post-680","page","type-page","status-publish","hentry"],"_links":{"self":[{"href":"https:\/\/editionslightmotiv.com\/en\/wp-json\/wp\/v2\/pages\/680","targetHints":{"allow":["GET"]}}],"collection":[{"href":"https:\/\/editionslightmotiv.com\/en\/wp-json\/wp\/v2\/pages"}],"about":[{"href":"https:\/\/editionslightmotiv.com\/en\/wp-json\/wp\/v2\/types\/page"}],"author":[{"embeddable":true,"href":"https:\/\/editionslightmotiv.com\/en\/wp-json\/wp\/v2\/users\/1"}],"replies":[{"embeddable":true,"href":"https:\/\/editionslightmotiv.com\/en\/wp-json\/wp\/v2\/comments?post=680"}],"version-history":[{"count":13,"href":"https:\/\/editionslightmotiv.com\/en\/wp-json\/wp\/v2\/pages\/680\/revisions"}],"predecessor-version":[{"id":5253,"href":"https:\/\/editionslightmotiv.com\/en\/wp-json\/wp\/v2\/pages\/680\/revisions\/5253"}],"up":[{"embeddable":true,"href":"https:\/\/editionslightmotiv.com\/en\/wp-json\/wp\/v2\/pages\/43"}],"wp:attachment":[{"href":"https:\/\/editionslightmotiv.com\/en\/wp-json\/wp\/v2\/media?parent=680"}],"curies":[{"name":"wp","href":"https:\/\/api.w.org\/{rel}","templated":true}]}}