{"id":677,"date":"2018-08-07T15:51:03","date_gmt":"2018-08-07T15:51:03","guid":{"rendered":"http:\/\/editionslightmotiv.apps-1and1.net\/?page_id=677"},"modified":"2026-02-11T10:09:53","modified_gmt":"2026-02-11T09:09:53","slug":"olivier_de_solminihac","status":"publish","type":"page","link":"https:\/\/editionslightmotiv.com\/en\/auteurs-photographes\/olivier_de_solminihac\/","title":{"rendered":"Olivier de Solminihac"},"content":{"rendered":"<a href=\"https:\/\/editionslightmotiv.com\/en\/auteurs-photographes\/\" class=\"button primary is-link\" >\n\t\t<span>Back<\/span>\n\t<\/a>\n\n\n<p style=\"text-align: center;\"><img loading=\"lazy\" decoding=\"async\" class=\"aligncenter wp-image-4543 size-medium\" src=\"https:\/\/editionslightmotiv.com\/wp-content\/uploads\/2025\/02\/Portrait_OlivierdeSolminihac-600x400.jpg\" alt=\"Portrait de l'\u00e9crivain Olivier de Solminihac (par Eric Le Brun), auteur de textes de plusieurs livres photographiques publi\u00e9s aux Editions Light Motiv (Un rideau d'arbres de Richard Baron, par exemple)\" width=\"600\" height=\"400\" srcset=\"https:\/\/editionslightmotiv.com\/wp-content\/uploads\/2025\/02\/Portrait_OlivierdeSolminihac-600x400.jpg 600w, https:\/\/editionslightmotiv.com\/wp-content\/uploads\/2025\/02\/Portrait_OlivierdeSolminihac-1201x800.jpg 1201w, https:\/\/editionslightmotiv.com\/wp-content\/uploads\/2025\/02\/Portrait_OlivierdeSolminihac-768x512.jpg 768w, https:\/\/editionslightmotiv.com\/wp-content\/uploads\/2025\/02\/Portrait_OlivierdeSolminihac-18x12.jpg 18w, https:\/\/editionslightmotiv.com\/wp-content\/uploads\/2025\/02\/Portrait_OlivierdeSolminihac-900x600.jpg 900w, https:\/\/editionslightmotiv.com\/wp-content\/uploads\/2025\/02\/Portrait_OlivierdeSolminihac.jpg 1276w\" sizes=\"auto, (max-width: 600px) 100vw, 600px\" \/><em><span style=\"font-size: 75%;\">\u00a9 Eric Le Brun<\/span><\/em><\/p>\n<p><strong>Olivier de Solminihac<br \/><\/strong>Dans une autre vie, il aurait aim\u00e9 \u00eatre anthropologue, aiguill\u00e9 sans doute par l\u2019attrait pour l\u2019autre. Il est d\u00e9sormais un \u00e9crivain qui enchante ses r\u00e9cits en approche tactile de ses personnages. Par l\u00e9g\u00e8res touches, d\u00e9cisives, il envoie au lecteur des souffles de vie, des nouvelles d\u2019ici. Il a publi\u00e9 de nombreux livres pour la jeunesse \u00e0 l\u2019Ecole des Loisirs, les \u00e9ditions Sarbacane et plusieurs romans aux Editions de L\u2019Olivier.<\/p>\n\t\n  \n    <div class=\"row large-columns-6 medium-columns-3 small-columns-2 row-small slider row-slider slider-nav-simple slider-nav-push\"  data-flickity-options='{&quot;imagesLoaded&quot;: true, &quot;groupCells&quot;: &quot;100%&quot;, &quot;dragThreshold&quot; : 5, &quot;cellAlign&quot;: &quot;left&quot;,&quot;wrapAround&quot;: true,&quot;prevNextButtons&quot;: true,&quot;percentPosition&quot;: true,&quot;pageDots&quot;: false, &quot;rightToLeft&quot;: false, &quot;autoPlay&quot; : false}' >\n\n  \n\t     <div class=\"product-small col has-hover product type-product post-67 status-publish first instock product_cat-livre product_tag-bassin-minier product_tag-coal-mining product_tag-libercourt product_tag-livre-photographique product_tag-olivier-de-solminihac product_tag-photobook product_tag-richard-baron has-post-thumbnail shipping-taxable purchasable product-type-simple\">\n\t<div class=\"col-inner\">\n\t\n<div class=\"badge-container absolute left top z-1\">\n\n<\/div>\n\t<div class=\"product-small box\">\n\t\t<div class=\"box-image\">\n\t\t\t<div class=\"image-zoom-fade\">\n\t\t\t\t<a href=\"https:\/\/editionslightmotiv.com\/en\/product\/un-rideau-darbres-richard-baron\/\">\n\t\t\t\t\t<img loading=\"lazy\" decoding=\"async\" width=\"600\" height=\"720\" src=\"https:\/\/editionslightmotiv.com\/wp-content\/uploads\/2018\/02\/couv-gravure-der3-600x720.jpg\" class=\"attachment-woocommerce_thumbnail size-woocommerce_thumbnail\" alt=\"Couverture du livre photographique Un rideau d&#039;arbres de Richard Baron\" \/>\t\t\t\t<\/a>\n\t\t\t<\/div>\n\t\t\t<div class=\"image-tools is-small top right show-on-hover\">\n\t\t\t\t\t\t\t<\/div>\n\t\t\t<div class=\"image-tools is-small hide-for-small bottom left show-on-hover\">\n\t\t\t\t\t\t\t<\/div>\n\t\t\t<div class=\"image-tools grid-tools text-center hide-for-small bottom hover-slide-in show-on-hover\">\n\t\t\t\t<a href=\"\/en\/wp-json\/wp\/v2\/pages\/677?add-to-cart=67\" aria-describedby=\"woocommerce_loop_add_to_cart_link_describedby_67\" data-quantity=\"1\" class=\"add-to-cart-grid no-padding is-transparent product_type_simple add_to_cart_button ajax_add_to_cart\" data-product_id=\"67\" data-product_sku=\"\" aria-label=\"Add to basket: \u201cUN RIDEAU D&#039;ARBRES\u201d\" rel=\"nofollow\" data-success_message=\"\u201cUN RIDEAU D&#039;ARBRES\u201d has been added to your basket\" role=\"button\" data-no-translation-aria-label=\"\" data-no-translation-data-success_message=\"\"><div class=\"cart-icon tooltip is-small\" title=\"Add to cart\" data-no-translation-title=\"\"><strong>+<\/strong><\/div><\/a>\t<span id=\"woocommerce_loop_add_to_cart_link_describedby_67\" class=\"screen-reader-text\">\n\t\t\t<\/span>\n<a href=\"#quick-view\" class=\"quick-view\" role=\"button\" data-prod=\"67\" aria-haspopup=\"dialog\" aria-expanded=\"false\" data-flatsome-role-button>Quick View<\/a>\t\t\t<\/div>\n\t\t\t\t\t<\/div>\n\n\t\t<div class=\"box-text box-text-products text-center grid-style-2\">\n\t\t\t<div class=\"title-wrapper\"><p class=\"name product-title woocommerce-loop-product__title\"><a href=\"https:\/\/editionslightmotiv.com\/en\/product\/un-rideau-darbres-richard-baron\/\" class=\"woocommerce-LoopProduct-link woocommerce-loop-product__link\">UN RIDEAU D&rsquo;ARBRES<\/a><\/p><\/div><div class=\"price-wrapper\">\n\t<span class=\"price\"><span class=\"woocommerce-Price-amount amount\"><bdi>32,00<span class=\"woocommerce-Price-currencySymbol\">&euro;<\/span><\/bdi><\/span><\/span>\n<\/div>\t\t<\/div>\n\t<\/div>\n\t\t<\/div>\n<\/div><div class=\"product-small col has-hover product type-product post-64 status-publish instock product_cat-livre product_tag-brownfield-site product_tag-eric-le-brun product_tag-friche-industrielle product_tag-livre-photographique product_tag-lys-lez-lannoy product_tag-olivier-de-solminihac product_tag-photobook product_tag-stein product_tag-wasteland-site has-post-thumbnail shipping-taxable purchasable product-type-simple\">\n\t<div class=\"col-inner\">\n\t\n<div class=\"badge-container absolute left top z-1\">\n\n<\/div>\n\t<div class=\"product-small box\">\n\t\t<div class=\"box-image\">\n\t\t\t<div class=\"image-zoom-fade\">\n\t\t\t\t<a href=\"https:\/\/editionslightmotiv.com\/en\/product\/traversee-des-murs-eric-le-brun\/\">\n\t\t\t\t\t<img loading=\"lazy\" decoding=\"async\" width=\"600\" height=\"720\" src=\"https:\/\/editionslightmotiv.com\/wp-content\/uploads\/2018\/02\/couverturedef_1-600x720.jpg\" class=\"attachment-woocommerce_thumbnail size-woocommerce_thumbnail\" alt=\"Couverture du livre photographique La Travers\u00e9e des murs d&#039;Eric Le Brun. Un homme pose debout dans un entrep\u00f4t sombre, \u00e9clair\u00e9 par la lumi\u00e8re du jour\" \/>\t\t\t\t<\/a>\n\t\t\t<\/div>\n\t\t\t<div class=\"image-tools is-small top right show-on-hover\">\n\t\t\t\t\t\t\t<\/div>\n\t\t\t<div class=\"image-tools is-small hide-for-small bottom left show-on-hover\">\n\t\t\t\t\t\t\t<\/div>\n\t\t\t<div class=\"image-tools grid-tools text-center hide-for-small bottom hover-slide-in show-on-hover\">\n\t\t\t\t<a href=\"\/en\/wp-json\/wp\/v2\/pages\/677?add-to-cart=64\" aria-describedby=\"woocommerce_loop_add_to_cart_link_describedby_64\" data-quantity=\"1\" class=\"add-to-cart-grid no-padding is-transparent product_type_simple add_to_cart_button ajax_add_to_cart\" data-product_id=\"64\" data-product_sku=\"\" aria-label=\"Add to basket: \u201cLA TRAVERS\u00c9E DES MURS\u201d\" rel=\"nofollow\" data-success_message=\"\u201cLA TRAVERS\u00c9E DES MURS\u201d has been added to your basket\" role=\"button\" data-no-translation-aria-label=\"\" data-no-translation-data-success_message=\"\"><div class=\"cart-icon tooltip is-small\" title=\"Add to cart\" data-no-translation-title=\"\"><strong>+<\/strong><\/div><\/a>\t<span id=\"woocommerce_loop_add_to_cart_link_describedby_64\" class=\"screen-reader-text\">\n\t\t\t<\/span>\n<a href=\"#quick-view\" class=\"quick-view\" role=\"button\" data-prod=\"64\" aria-haspopup=\"dialog\" aria-expanded=\"false\" data-flatsome-role-button>Quick View<\/a>\t\t\t<\/div>\n\t\t\t\t\t<\/div>\n\n\t\t<div class=\"box-text box-text-products text-center grid-style-2\">\n\t\t\t<div class=\"title-wrapper\"><p class=\"name product-title woocommerce-loop-product__title\"><a href=\"https:\/\/editionslightmotiv.com\/en\/product\/traversee-des-murs-eric-le-brun\/\" class=\"woocommerce-LoopProduct-link woocommerce-loop-product__link\">LA TRAVERS\u00c9E DES MURS<\/a><\/p><\/div><div class=\"price-wrapper\">\n\t<span class=\"price\"><span class=\"woocommerce-Price-amount amount\"><bdi>32,00<span class=\"woocommerce-Price-currencySymbol\">&euro;<\/span><\/bdi><\/span><\/span>\n<\/div>\t\t<\/div>\n\t<\/div>\n\t\t<\/div>\n<\/div><div class=\"product-small col has-hover product type-product post-68 status-publish instock product_cat-livre product_tag-city product_tag-hauts-de-france product_tag-lille product_tag-livre-photo product_tag-livre-photographique product_tag-nord product_tag-north product_tag-olivier-de-solminihac product_tag-photobook product_tag-renovation product_tag-richard-baron product_tag-temps product_tag-time product_tag-town product_tag-urbain product_tag-urban product_tag-ville has-post-thumbnail shipping-taxable purchasable product-type-simple\">\n\t<div class=\"col-inner\">\n\t\n<div class=\"badge-container absolute left top z-1\">\n\n<\/div>\n\t<div class=\"product-small box\">\n\t\t<div class=\"box-image\">\n\t\t\t<div class=\"image-zoom-fade\">\n\t\t\t\t<a href=\"https:\/\/editionslightmotiv.com\/en\/product\/un-temps-de-passage-richard-baron\/\">\n\t\t\t\t\t<img loading=\"lazy\" decoding=\"async\" width=\"600\" height=\"720\" src=\"https:\/\/editionslightmotiv.com\/wp-content\/uploads\/2018\/02\/0-couvHEMHD-600x720.jpg\" class=\"attachment-woocommerce_thumbnail size-woocommerce_thumbnail\" alt=\"UN TEMPS DE PASSAGE\" \/>\t\t\t\t<\/a>\n\t\t\t<\/div>\n\t\t\t<div class=\"image-tools is-small top right show-on-hover\">\n\t\t\t\t\t\t\t<\/div>\n\t\t\t<div class=\"image-tools is-small hide-for-small bottom left show-on-hover\">\n\t\t\t\t\t\t\t<\/div>\n\t\t\t<div class=\"image-tools grid-tools text-center hide-for-small bottom hover-slide-in show-on-hover\">\n\t\t\t\t<a href=\"\/en\/wp-json\/wp\/v2\/pages\/677?add-to-cart=68\" aria-describedby=\"woocommerce_loop_add_to_cart_link_describedby_68\" data-quantity=\"1\" class=\"add-to-cart-grid no-padding is-transparent product_type_simple add_to_cart_button ajax_add_to_cart\" data-product_id=\"68\" data-product_sku=\"\" aria-label=\"Add to basket: \u201cUN TEMPS DE PASSAGE\u201d\" rel=\"nofollow\" data-success_message=\"\u201cUN TEMPS DE PASSAGE\u201d has been added to your basket\" role=\"button\" data-no-translation-aria-label=\"\" data-no-translation-data-success_message=\"\"><div class=\"cart-icon tooltip is-small\" title=\"Add to cart\" data-no-translation-title=\"\"><strong>+<\/strong><\/div><\/a>\t<span id=\"woocommerce_loop_add_to_cart_link_describedby_68\" class=\"screen-reader-text\">\n\t\t\t<\/span>\n<a href=\"#quick-view\" class=\"quick-view\" role=\"button\" data-prod=\"68\" aria-haspopup=\"dialog\" aria-expanded=\"false\" data-flatsome-role-button>Quick View<\/a>\t\t\t<\/div>\n\t\t\t\t\t<\/div>\n\n\t\t<div class=\"box-text box-text-products text-center grid-style-2\">\n\t\t\t<div class=\"title-wrapper\"><p class=\"name product-title woocommerce-loop-product__title\"><a href=\"https:\/\/editionslightmotiv.com\/en\/product\/un-temps-de-passage-richard-baron\/\" class=\"woocommerce-LoopProduct-link woocommerce-loop-product__link\">UN TEMPS DE PASSAGE<\/a><\/p><\/div><div class=\"price-wrapper\">\n\t<span class=\"price\"><span class=\"woocommerce-Price-amount amount\"><bdi>30,00<span class=\"woocommerce-Price-currencySymbol\">&euro;<\/span><\/bdi><\/span><\/span>\n<\/div>\t\t<\/div>\n\t<\/div>\n\t\t<\/div>\n<\/div><\/div>","protected":false},"excerpt":{"rendered":"","protected":false},"author":1,"featured_media":0,"parent":43,"menu_order":0,"comment_status":"closed","ping_status":"closed","template":"","meta":{"footnotes":""},"class_list":["post-677","page","type-page","status-publish","hentry"],"_links":{"self":[{"href":"https:\/\/editionslightmotiv.com\/en\/wp-json\/wp\/v2\/pages\/677","targetHints":{"allow":["GET"]}}],"collection":[{"href":"https:\/\/editionslightmotiv.com\/en\/wp-json\/wp\/v2\/pages"}],"about":[{"href":"https:\/\/editionslightmotiv.com\/en\/wp-json\/wp\/v2\/types\/page"}],"author":[{"embeddable":true,"href":"https:\/\/editionslightmotiv.com\/en\/wp-json\/wp\/v2\/users\/1"}],"replies":[{"embeddable":true,"href":"https:\/\/editionslightmotiv.com\/en\/wp-json\/wp\/v2\/comments?post=677"}],"version-history":[{"count":13,"href":"https:\/\/editionslightmotiv.com\/en\/wp-json\/wp\/v2\/pages\/677\/revisions"}],"predecessor-version":[{"id":4545,"href":"https:\/\/editionslightmotiv.com\/en\/wp-json\/wp\/v2\/pages\/677\/revisions\/4545"}],"up":[{"embeddable":true,"href":"https:\/\/editionslightmotiv.com\/en\/wp-json\/wp\/v2\/pages\/43"}],"wp:attachment":[{"href":"https:\/\/editionslightmotiv.com\/en\/wp-json\/wp\/v2\/media?parent=677"}],"curies":[{"name":"wp","href":"https:\/\/api.w.org\/{rel}","templated":true}]}}