{"id":672,"date":"2018-08-07T15:15:44","date_gmt":"2018-08-07T15:15:44","guid":{"rendered":"http:\/\/editionslightmotiv.apps-1and1.net\/?page_id=672"},"modified":"2026-02-11T11:19:53","modified_gmt":"2026-02-11T10:19:53","slug":"jeremie_lenoir","status":"publish","type":"page","link":"https:\/\/editionslightmotiv.com\/en\/auteurs-photographes\/jeremie_lenoir\/","title":{"rendered":"J\u00e9r\u00e9mie Lenoir"},"content":{"rendered":"<a href=\"https:\/\/editionslightmotiv.com\/en\/auteurs-photographes\/\" class=\"button primary is-link\" >\n\t\t<span>Back<\/span>\n\t<\/a>\n\n\n<p><img loading=\"lazy\" decoding=\"async\" class=\"wp-image-5257 aligncenter\" src=\"https:\/\/editionslightmotiv.com\/wp-content\/uploads\/2026\/02\/jeremielenoir_portrait_nb-666x800.jpg\" alt=\"\" width=\"355\" height=\"426\" srcset=\"https:\/\/editionslightmotiv.com\/wp-content\/uploads\/2026\/02\/jeremielenoir_portrait_nb-666x800.jpg 666w, https:\/\/editionslightmotiv.com\/wp-content\/uploads\/2026\/02\/jeremielenoir_portrait_nb-233x280.jpg 233w, https:\/\/editionslightmotiv.com\/wp-content\/uploads\/2026\/02\/jeremielenoir_portrait_nb-768x923.jpg 768w, https:\/\/editionslightmotiv.com\/wp-content\/uploads\/2026\/02\/jeremielenoir_portrait_nb-10x12.jpg 10w, https:\/\/editionslightmotiv.com\/wp-content\/uploads\/2026\/02\/jeremielenoir_portrait_nb-600x720.jpg 600w, https:\/\/editionslightmotiv.com\/wp-content\/uploads\/2026\/02\/jeremielenoir_portrait_nb.jpg 825w\" sizes=\"auto, (max-width: 355px) 100vw, 355px\" \/><\/p>\n<p style=\"text-align: center;\"><span style=\"font-size: 75%;\">\u00a9 J\u00e9r\u00e9mie Lenoir<\/span><\/p>\n<p style=\"text-align: center;\"><span style=\"font-size: 170%; color: #282828;\"><strong>J\u00e9r\u00e9mie Lenoir<\/strong><\/span><\/p>\n<p class=\"p1\" style=\"text-align: center;\">J\u00e9r\u00e9mie Lenoir est n\u00e9 en 1983. Plasticien photographe fran\u00e7ais. Dipl\u00f4m\u00e9 de Polytech\u2019Tours et de l\u2019Ecole Sup\u00e9rieure d\u2019Art et de Design d\u2019Orl\u00e9ans. Il est notamment laur\u00e9at de la Bourse de la Fondation M\u00e9c\u00e8ne et Loire, du Prix de la SCAM et du 18\u00e8me prix de l\u2019A.M.E (Art et M\u00e9c\u00e9nat d\u2019entreprise en Essonne).<\/p>\n<p class=\"p3\" style=\"text-align: center;\">J\u00e9r\u00e9mie Lenoir est repr\u00e9sent\u00e9 par les galeries Capazza (Nan\u00e7ay), Guillaume (Paris) et Mhaata (Bruxelles).<\/p>\n<p style=\"text-align: center;\">Son site internet : <a href=\"https:\/\/www.jeremielenoir.com\/\" target=\"_blank\" rel=\"noopener\">https:\/\/www.jeremielenoir.com\/<\/a><\/p>\n<p style=\"text-align: center;\">Son Instagram : <a href=\"https:\/\/www.instagram.com\/lenoir.jeremie\/?hl=fr\" target=\"_blank\" rel=\"noopener\">https:\/\/www.instagram.com\/lenoir.jeremie\/?hl=fr<\/a><\/p>\n<h2 style=\"text-align: center;\">Ses livres aux Editions Light Motiv<\/h2>\n\t\n  \n    <div class=\"row large-columns-6 medium-columns-3 small-columns-2 row-small slider row-slider slider-nav-simple slider-nav-push\"  data-flickity-options='{&quot;imagesLoaded&quot;: true, &quot;groupCells&quot;: &quot;100%&quot;, &quot;dragThreshold&quot; : 5, &quot;cellAlign&quot;: &quot;left&quot;,&quot;wrapAround&quot;: true,&quot;prevNextButtons&quot;: true,&quot;percentPosition&quot;: true,&quot;pageDots&quot;: false, &quot;rightToLeft&quot;: false, &quot;autoPlay&quot; : false}' >\n\n  \n\t     <div class=\"product-small col has-hover product type-product post-609 status-publish first instock product_cat-livre-avec-tirage product_tag-abstract-photography product_tag-aerial-photography product_tag-award-hip-2019 product_tag-dust product_tag-jeremie-lenoir product_tag-lac-sale product_tag-landscape product_tag-livre-photographique product_tag-paysage product_tag-peinture product_tag-photobook product_tag-photographie-abstraite product_tag-photographie-aerienne product_tag-prix-hip-2019 product_tag-salt-lake product_tag-utah has-post-thumbnail shipping-taxable purchasable product-type-variable\">\n\t<div class=\"col-inner\">\n\t\n<div class=\"badge-container absolute left top z-1\">\n\n<\/div>\n\t<div class=\"product-small box\">\n\t\t<div class=\"box-image\">\n\t\t\t<div class=\"image-zoom-fade\">\n\t\t\t\t<a href=\"https:\/\/editionslightmotiv.com\/en\/product\/dust-avec-tirage\/\">\n\t\t\t\t\t<img loading=\"lazy\" decoding=\"async\" width=\"600\" height=\"720\" src=\"https:\/\/editionslightmotiv.com\/wp-content\/uploads\/2015\/08\/DUST_JL-600x720.jpg\" class=\"attachment-woocommerce_thumbnail size-woocommerce_thumbnail\" alt=\"Couverture du livre photographique DUST de J\u00e9r\u00e9mie Lenoir\" \/>\t\t\t\t<\/a>\n\t\t\t<\/div>\n\t\t\t<div class=\"image-tools is-small top right show-on-hover\">\n\t\t\t\t\t\t\t<\/div>\n\t\t\t<div class=\"image-tools is-small hide-for-small bottom left show-on-hover\">\n\t\t\t\t\t\t\t<\/div>\n\t\t\t<div class=\"image-tools grid-tools text-center hide-for-small bottom hover-slide-in show-on-hover\">\n\t\t\t\t<a href=\"https:\/\/editionslightmotiv.com\/en\/product\/dust-avec-tirage\/\" aria-describedby=\"woocommerce_loop_add_to_cart_link_describedby_609\" data-quantity=\"1\" class=\"add-to-cart-grid no-padding is-transparent product_type_variable add_to_cart_button\" data-product_id=\"609\" data-product_sku=\"\" aria-label=\"Select options for \u201cDust - Livre avec tirage\u201d\" rel=\"nofollow\" data-no-translation-aria-label=\"\"><div class=\"cart-icon tooltip is-small\" title=\"Select options\" data-no-translation-title=\"\"><strong>+<\/strong><\/div><\/a>\t<span id=\"woocommerce_loop_add_to_cart_link_describedby_609\" class=\"screen-reader-text\">\n\t\tThis product has multiple variants. The options may be chosen on the product page\t<\/span>\n<a href=\"#quick-view\" class=\"quick-view\" role=\"button\" data-prod=\"609\" aria-haspopup=\"dialog\" aria-expanded=\"false\" data-flatsome-role-button>Quick View<\/a>\t\t\t<\/div>\n\t\t\t\t\t<\/div>\n\n\t\t<div class=\"box-text box-text-products text-center grid-style-2\">\n\t\t\t<div class=\"title-wrapper\"><p class=\"name product-title woocommerce-loop-product__title\"><a href=\"https:\/\/editionslightmotiv.com\/en\/product\/dust-avec-tirage\/\" class=\"woocommerce-LoopProduct-link woocommerce-loop-product__link\">Dust &#8211; Livre avec tirage<\/a><\/p><\/div><div class=\"price-wrapper\">\n\t<span class=\"price\"><span class=\"woocommerce-Price-amount amount\"><bdi>180,00<span class=\"woocommerce-Price-currencySymbol\">&euro;<\/span><\/bdi><\/span><\/span>\n<\/div>\t\t<\/div>\n\t<\/div>\n\t\t<\/div>\n<\/div><div class=\"product-small col has-hover product type-product post-606 status-publish instock product_cat-livre product_tag-abstract-photography product_tag-aerial-photography product_tag-award-hip-2019 product_tag-jeremie-lenoir product_tag-lac-sale product_tag-landscape product_tag-livre-photographique product_tag-paysage product_tag-peinture product_tag-photobook product_tag-photographie-abstraite product_tag-photographie-aerienne product_tag-prix-hip-2019 product_tag-salt-lake product_tag-utah has-post-thumbnail shipping-taxable purchasable product-type-simple\">\n\t<div class=\"col-inner\">\n\t\n<div class=\"badge-container absolute left top z-1\">\n\n<\/div>\n\t<div class=\"product-small box\">\n\t\t<div class=\"box-image\">\n\t\t\t<div class=\"image-zoom-fade\">\n\t\t\t\t<a href=\"https:\/\/editionslightmotiv.com\/en\/product\/dust-jeremie-lenoir\/\">\n\t\t\t\t\t<img loading=\"lazy\" decoding=\"async\" width=\"600\" height=\"720\" src=\"https:\/\/editionslightmotiv.com\/wp-content\/uploads\/2015\/08\/DUST_JL-600x720.jpg\" class=\"attachment-woocommerce_thumbnail size-woocommerce_thumbnail\" alt=\"Couverture du livre photographique DUST de J\u00e9r\u00e9mie Lenoir\" \/>\t\t\t\t<\/a>\n\t\t\t<\/div>\n\t\t\t<div class=\"image-tools is-small top right show-on-hover\">\n\t\t\t\t\t\t\t<\/div>\n\t\t\t<div class=\"image-tools is-small hide-for-small bottom left show-on-hover\">\n\t\t\t\t\t\t\t<\/div>\n\t\t\t<div class=\"image-tools grid-tools text-center hide-for-small bottom hover-slide-in show-on-hover\">\n\t\t\t\t<a href=\"\/en\/wp-json\/wp\/v2\/pages\/672?add-to-cart=606\" aria-describedby=\"woocommerce_loop_add_to_cart_link_describedby_606\" data-quantity=\"1\" class=\"add-to-cart-grid no-padding is-transparent product_type_simple add_to_cart_button ajax_add_to_cart\" data-product_id=\"606\" data-product_sku=\"\" aria-label=\"Add to basket: \u201cDUST\u201d\" rel=\"nofollow\" data-success_message=\"\u201cDUST\u201d has been added to your cart\" role=\"button\" data-no-translation-aria-label=\"\" data-no-translation-data-success_message=\"\"><div class=\"cart-icon tooltip is-small\" title=\"Add to cart\" data-no-translation-title=\"\"><strong>+<\/strong><\/div><\/a>\t<span id=\"woocommerce_loop_add_to_cart_link_describedby_606\" class=\"screen-reader-text\">\n\t\t\t<\/span>\n<a href=\"#quick-view\" class=\"quick-view\" role=\"button\" data-prod=\"606\" aria-haspopup=\"dialog\" aria-expanded=\"false\" data-flatsome-role-button>Quick View<\/a>\t\t\t<\/div>\n\t\t\t\t\t<\/div>\n\n\t\t<div class=\"box-text box-text-products text-center grid-style-2\">\n\t\t\t<div class=\"title-wrapper\"><p class=\"name product-title woocommerce-loop-product__title\"><a href=\"https:\/\/editionslightmotiv.com\/en\/product\/dust-jeremie-lenoir\/\" class=\"woocommerce-LoopProduct-link woocommerce-loop-product__link\">DUST<\/a><\/p><\/div><div class=\"price-wrapper\">\n\t<span class=\"price\"><span class=\"woocommerce-Price-amount amount\"><bdi>39,00<span class=\"woocommerce-Price-currencySymbol\">&euro;<\/span><\/bdi><\/span><\/span>\n<\/div>\t\t<\/div>\n\t<\/div>\n\t\t<\/div>\n<\/div><div class=\"product-small col has-hover out-of-stock product type-product post-60 status-publish outofstock product_cat-livre product_tag-abstract-photography product_tag-aerial-photography product_tag-bruce-begout product_tag-hauts-de-france product_tag-jeremie-lenoir product_tag-landscape product_tag-low-stock product_tag-nord product_tag-north product_tag-paysage product_tag-photographie-abstraite product_tag-photographie-aerienne product_tag-stock-faible has-post-thumbnail shipping-taxable purchasable product-type-simple\">\n\t<div class=\"col-inner\">\n\t\n<div class=\"badge-container absolute left top z-1\">\n\n<\/div>\n\t<div class=\"product-small box\">\n\t\t<div class=\"box-image\">\n\t\t\t<div class=\"image-zoom-fade\">\n\t\t\t\t<a href=\"https:\/\/editionslightmotiv.com\/en\/product\/nord-jeremie-lenoir\/\">\n\t\t\t\t\t<img loading=\"lazy\" decoding=\"async\" width=\"600\" height=\"720\" src=\"https:\/\/editionslightmotiv.com\/wp-content\/uploads\/2015\/08\/Nord_JL-scaled-600x720.jpg\" class=\"attachment-woocommerce_thumbnail size-woocommerce_thumbnail\" alt=\"NORD\" \/>\t\t\t\t<\/a>\n\t\t\t<\/div>\n\t\t\t<div class=\"image-tools is-small top right show-on-hover\">\n\t\t\t\t\t\t\t<\/div>\n\t\t\t<div class=\"image-tools is-small hide-for-small bottom left show-on-hover\">\n\t\t\t\t\t\t\t<\/div>\n\t\t\t<div class=\"image-tools grid-tools text-center hide-for-small bottom hover-slide-in show-on-hover\">\n\t\t\t\t<a href=\"https:\/\/editionslightmotiv.com\/en\/product\/nord-jeremie-lenoir\/\" aria-describedby=\"woocommerce_loop_add_to_cart_link_describedby_60\" data-quantity=\"1\" class=\"add-to-cart-grid no-padding is-transparent product_type_simple\" data-product_id=\"60\" data-product_sku=\"\" aria-label=\"Read more about \u201cNORD\u201d\" rel=\"nofollow\" data-success_message=\"\" data-no-translation-aria-label=\"\"><div class=\"cart-icon tooltip is-small\" title=\"Read more\" data-no-translation-title=\"\"><strong>+<\/strong><\/div><\/a>\t<span id=\"woocommerce_loop_add_to_cart_link_describedby_60\" class=\"screen-reader-text\">\n\t\t\t<\/span>\n<a href=\"#quick-view\" class=\"quick-view\" role=\"button\" data-prod=\"60\" aria-haspopup=\"dialog\" aria-expanded=\"false\" data-flatsome-role-button>Quick View<\/a>\t\t\t<\/div>\n\t\t\t<div class=\"out-of-stock-label\" data-no-translation=\"\" data-trp-gettext=\"\">OUT OF STOCK<\/div>\t\t<\/div>\n\n\t\t<div class=\"box-text box-text-products text-center grid-style-2\">\n\t\t\t<div class=\"title-wrapper\"><p class=\"name product-title woocommerce-loop-product__title\"><a href=\"https:\/\/editionslightmotiv.com\/en\/product\/nord-jeremie-lenoir\/\" class=\"woocommerce-LoopProduct-link woocommerce-loop-product__link\">NORD<\/a><\/p><\/div><div class=\"price-wrapper\">\n\t<span class=\"price\"><span class=\"woocommerce-Price-amount amount\"><bdi>26,00<span class=\"woocommerce-Price-currencySymbol\">&euro;<\/span><\/bdi><\/span><\/span>\n<\/div>\t\t<\/div>\n\t<\/div>\n\t\t<\/div>\n<\/div><div class=\"product-small col has-hover product type-product post-595 status-publish last instock product_cat-livre-avec-tirage product_tag-abstract-photography product_tag-aerial-photography product_tag-bruce-begout product_tag-hauts-de-france product_tag-jeremie-lenoir product_tag-landscape product_tag-livre-photographique product_tag-low-stock product_tag-nord product_tag-north product_tag-paysage product_tag-photobook product_tag-photographie-abstraite product_tag-photographie-aerienne product_tag-stock-faible has-post-thumbnail shipping-taxable purchasable product-type-variable\">\n\t<div class=\"col-inner\">\n\t\n<div class=\"badge-container absolute left top z-1\">\n\n<\/div>\n\t<div class=\"product-small box\">\n\t\t<div class=\"box-image\">\n\t\t\t<div class=\"image-zoom-fade\">\n\t\t\t\t<a href=\"https:\/\/editionslightmotiv.com\/en\/product\/nord-livre-avec-tirage\/\">\n\t\t\t\t\t<img loading=\"lazy\" decoding=\"async\" width=\"600\" height=\"720\" src=\"https:\/\/editionslightmotiv.com\/wp-content\/uploads\/2015\/08\/Nord_JL-scaled-600x720.jpg\" class=\"attachment-woocommerce_thumbnail size-woocommerce_thumbnail\" alt=\"Nord - Livre avec tirage\" \/>\t\t\t\t<\/a>\n\t\t\t<\/div>\n\t\t\t<div class=\"image-tools is-small top right show-on-hover\">\n\t\t\t\t\t\t\t<\/div>\n\t\t\t<div class=\"image-tools is-small hide-for-small bottom left show-on-hover\">\n\t\t\t\t\t\t\t<\/div>\n\t\t\t<div class=\"image-tools grid-tools text-center hide-for-small bottom hover-slide-in show-on-hover\">\n\t\t\t\t<a href=\"https:\/\/editionslightmotiv.com\/en\/product\/nord-livre-avec-tirage\/\" aria-describedby=\"woocommerce_loop_add_to_cart_link_describedby_595\" data-quantity=\"1\" class=\"add-to-cart-grid no-padding is-transparent product_type_variable add_to_cart_button\" data-product_id=\"595\" data-product_sku=\"\" aria-label=\"Select options for \u201cNord - Livre avec tirage\u201d\" rel=\"nofollow\" data-no-translation-aria-label=\"\"><div class=\"cart-icon tooltip is-small\" title=\"Select options\" data-no-translation-title=\"\"><strong>+<\/strong><\/div><\/a>\t<span id=\"woocommerce_loop_add_to_cart_link_describedby_595\" class=\"screen-reader-text\">\n\t\tThis product has multiple variants. The options may be chosen on the product page\t<\/span>\n<a href=\"#quick-view\" class=\"quick-view\" role=\"button\" data-prod=\"595\" aria-haspopup=\"dialog\" aria-expanded=\"false\" data-flatsome-role-button>Quick View<\/a>\t\t\t<\/div>\n\t\t\t\t\t<\/div>\n\n\t\t<div class=\"box-text box-text-products text-center grid-style-2\">\n\t\t\t<div class=\"title-wrapper\"><p class=\"name product-title woocommerce-loop-product__title\"><a href=\"https:\/\/editionslightmotiv.com\/en\/product\/nord-livre-avec-tirage\/\" class=\"woocommerce-LoopProduct-link woocommerce-loop-product__link\">Nord &#8211; Livre avec tirage<\/a><\/p><\/div><div class=\"price-wrapper\">\n\t<span class=\"price\"><span class=\"woocommerce-Price-amount amount\"><bdi>180,00<span class=\"woocommerce-Price-currencySymbol\">&euro;<\/span><\/bdi><\/span><\/span>\n<\/div>\t\t<\/div>\n\t<\/div>\n\t\t<\/div>\n<\/div><\/div>","protected":false},"excerpt":{"rendered":"","protected":false},"author":1,"featured_media":0,"parent":43,"menu_order":0,"comment_status":"closed","ping_status":"closed","template":"","meta":{"footnotes":""},"class_list":["post-672","page","type-page","status-publish","hentry"],"_links":{"self":[{"href":"https:\/\/editionslightmotiv.com\/en\/wp-json\/wp\/v2\/pages\/672","targetHints":{"allow":["GET"]}}],"collection":[{"href":"https:\/\/editionslightmotiv.com\/en\/wp-json\/wp\/v2\/pages"}],"about":[{"href":"https:\/\/editionslightmotiv.com\/en\/wp-json\/wp\/v2\/types\/page"}],"author":[{"embeddable":true,"href":"https:\/\/editionslightmotiv.com\/en\/wp-json\/wp\/v2\/users\/1"}],"replies":[{"embeddable":true,"href":"https:\/\/editionslightmotiv.com\/en\/wp-json\/wp\/v2\/comments?post=672"}],"version-history":[{"count":10,"href":"https:\/\/editionslightmotiv.com\/en\/wp-json\/wp\/v2\/pages\/672\/revisions"}],"predecessor-version":[{"id":5258,"href":"https:\/\/editionslightmotiv.com\/en\/wp-json\/wp\/v2\/pages\/672\/revisions\/5258"}],"up":[{"embeddable":true,"href":"https:\/\/editionslightmotiv.com\/en\/wp-json\/wp\/v2\/pages\/43"}],"wp:attachment":[{"href":"https:\/\/editionslightmotiv.com\/en\/wp-json\/wp\/v2\/media?parent=672"}],"curies":[{"name":"wp","href":"https:\/\/api.w.org\/{rel}","templated":true}]}}