{"id":5278,"date":"2026-02-11T12:10:34","date_gmt":"2026-02-11T11:10:34","guid":{"rendered":"https:\/\/editionslightmotiv.com\/?page_id=5278"},"modified":"2026-02-11T14:54:26","modified_gmt":"2026-02-11T13:54:26","slug":"pierre-wat","status":"publish","type":"page","link":"https:\/\/editionslightmotiv.com\/en\/pierre-wat\/","title":{"rendered":"Pierre Wat"},"content":{"rendered":"<h2><img loading=\"lazy\" decoding=\"async\" class=\"wp-image-5302 aligncenter\" src=\"https:\/\/editionslightmotiv.com\/wp-content\/uploads\/2026\/02\/portait_pierre_wat-596x800.jpeg\" alt=\"\" width=\"340\" height=\"456\" srcset=\"https:\/\/editionslightmotiv.com\/wp-content\/uploads\/2026\/02\/portait_pierre_wat-596x800.jpeg 596w, https:\/\/editionslightmotiv.com\/wp-content\/uploads\/2026\/02\/portait_pierre_wat-209x280.jpeg 209w, https:\/\/editionslightmotiv.com\/wp-content\/uploads\/2026\/02\/portait_pierre_wat-768x1031.jpeg 768w, https:\/\/editionslightmotiv.com\/wp-content\/uploads\/2026\/02\/portait_pierre_wat-9x12.jpeg 9w, https:\/\/editionslightmotiv.com\/wp-content\/uploads\/2026\/02\/portait_pierre_wat-900x1208.jpeg 900w, https:\/\/editionslightmotiv.com\/wp-content\/uploads\/2026\/02\/portait_pierre_wat.jpeg 934w\" sizes=\"auto, (max-width: 340px) 100vw, 340px\" \/><\/h2>\n<h4 style=\"text-align: center;\"><span style=\"font-size: 75%; color: #999999; font-family: helvetica, arial, sans-serif;\">\u00a9 Pierre Wat<\/span><\/h4>\n<h2 style=\"text-align: center;\"><span style=\"font-size: 120%; color: #282828;\"><strong>Pierre Wat<\/strong><\/span><\/h2>\n<p style=\"text-align: center;\"><b>Pierre Wat<\/b>\u00a0(n\u00e9 \u00e0 Paris en 1965) est un\u00a0historien de l&rsquo;art,\u00a0critique d&rsquo;art et professeur d&rsquo;universit\u00e9 fran\u00e7ais. Sp\u00e9cialiste du\u00a0romantisme\u00a0europ\u00e9en, il est notamment l&rsquo;auteur d&rsquo;une th\u00e8se parue sous le titre\u00a0<i>Naissance de l&rsquo;art romantique\u00a0: peinture et th\u00e9orie de l&rsquo;imitation en Allemagne et en Angleterre<\/i>\u00a0(Paris, Flammarion, 1998). Il s&rsquo;int\u00e9resse en outre \u00e0 la cr\u00e9ation contemporaine et a publi\u00e9 des ouvrages importants sur\u00a0Claude Viallat\u00a0(2005, 2006) et\u00a0Pierre Buraglio\u00a0(2001).<\/p>\n<p style=\"text-align: center;\">Depuis 2010, il enseigne l&rsquo;histoire de l&rsquo;art contemporain \u00e0 l&rsquo;universit\u00e9 Paris I. Il a aussi \u00e9t\u00e9 ma\u00eetre de conf\u00e9rences en histoire de l&rsquo;art contemporain \u00e0 l\u2019universit\u00e9 Fran\u00e7ois-Rabelais de Tours, conseiller scientifique \u00e0 l&rsquo;Institut national d&rsquo;histoire de l&rsquo;art\u00a0(1999-2004), professeur \u00e0 l&rsquo;universit\u00e9 Aix-Marseille I et \u00e0 l\u2019\u00c9cole du Louvre. En 2013, il a fait partie du comit\u00e9 de soutien \u00e0 l&rsquo;entr\u00e9e de\u00a0Gustave Courbet\u00a0au\u00a0Panth\u00e9on.<\/p>\n<h2 style=\"text-align: center;\">Ses livres aux Editions Light Motiv<\/h2>\n\t\n  \n    <div class=\"row large-columns-4 medium-columns-3 small-columns-2 row-small slider row-slider slider-nav-reveal slider-nav-push\"  data-flickity-options='{&quot;imagesLoaded&quot;: true, &quot;groupCells&quot;: &quot;100%&quot;, &quot;dragThreshold&quot; : 5, &quot;cellAlign&quot;: &quot;left&quot;,&quot;wrapAround&quot;: true,&quot;prevNextButtons&quot;: true,&quot;percentPosition&quot;: true,&quot;pageDots&quot;: false, &quot;rightToLeft&quot;: false, &quot;autoPlay&quot; : false}' >\n\n  \n\t     <div class=\"product-small col has-hover product type-product post-4448 status-publish first instock product_cat-livre product_tag-abstraction product_tag-aerien product_tag-book product_tag-carriere product_tag-chantier product_tag-classic product_tag-dust product_tag-field product_tag-fieldwork product_tag-fleuve product_tag-friche product_tag-industrie product_tag-jeremie-lenoir product_tag-light-motiv product_tag-livre product_tag-marges product_tag-marges-jeremie-lenoir product_tag-nord product_tag-painting product_tag-paysage product_tag-peinture product_tag-photobook product_tag-photographie product_tag-photography product_tag-platitude product_tag-seine product_tag-stockage product_tag-toiture product_tag-usine has-post-thumbnail shipping-taxable purchasable product-type-simple\">\n\t<div class=\"col-inner\">\n\t\n<div class=\"badge-container absolute left top z-1\">\n\n<\/div>\n\t<div class=\"product-small box\">\n\t\t<div class=\"box-image\">\n\t\t\t<div class=\"image-zoom-fade\">\n\t\t\t\t<a href=\"https:\/\/editionslightmotiv.com\/en\/product\/marges\/\">\n\t\t\t\t\t<img loading=\"lazy\" decoding=\"async\" width=\"600\" height=\"720\" src=\"https:\/\/editionslightmotiv.com\/wp-content\/uploads\/2025\/01\/couverture_MARGES_BD_Site-600x720.jpg\" class=\"attachment-woocommerce_thumbnail size-woocommerce_thumbnail\" alt=\"Couverture du livre photographique MARGES de J\u00e9r\u00e9mie Lenoir publi\u00e9 par les Editions Light Motiv en janvier 2025, sur son travail de paysages a\u00e9riens r\u00e9alis\u00e9 le long de la Seine depuis sa confluence avec l\u2019Yonne jusqu\u2019\u00e0 son embouchure au Havre\" \/>\t\t\t\t<\/a>\n\t\t\t<\/div>\n\t\t\t<div class=\"image-tools is-small top right show-on-hover\">\n\t\t\t\t\t\t\t<\/div>\n\t\t\t<div class=\"image-tools is-small hide-for-small bottom left show-on-hover\">\n\t\t\t\t\t\t\t<\/div>\n\t\t\t<div class=\"image-tools grid-tools text-center hide-for-small bottom hover-slide-in show-on-hover\">\n\t\t\t\t<a href=\"\/en\/wp-json\/wp\/v2\/pages\/5278?add-to-cart=4448\" aria-describedby=\"woocommerce_loop_add_to_cart_link_describedby_4448\" data-quantity=\"1\" class=\"add-to-cart-grid no-padding is-transparent product_type_simple add_to_cart_button ajax_add_to_cart\" data-product_id=\"4448\" data-product_sku=\"\" aria-label=\"Add to basket: \u201cMARGES\u201d\" rel=\"nofollow\" data-success_message=\"\u201cMARGES\u201d has been added to your cart\" role=\"button\" data-no-translation-aria-label=\"\" data-no-translation-data-success_message=\"\"><div class=\"cart-icon tooltip is-small\" title=\"Add to cart\" data-no-translation-title=\"\"><strong>+<\/strong><\/div><\/a>\t<span id=\"woocommerce_loop_add_to_cart_link_describedby_4448\" class=\"screen-reader-text\">\n\t\t\t<\/span>\n<a href=\"#quick-view\" class=\"quick-view\" role=\"button\" data-prod=\"4448\" aria-haspopup=\"dialog\" aria-expanded=\"false\" data-flatsome-role-button>Quick View<\/a>\t\t\t<\/div>\n\t\t\t\t\t<\/div>\n\n\t\t<div class=\"box-text box-text-products text-center grid-style-2\">\n\t\t\t<div class=\"title-wrapper\"><p class=\"name product-title woocommerce-loop-product__title\"><a href=\"https:\/\/editionslightmotiv.com\/en\/product\/marges\/\" class=\"woocommerce-LoopProduct-link woocommerce-loop-product__link\">MARGES<\/a><\/p><\/div><div class=\"price-wrapper\">\n\t<span class=\"price\"><span class=\"woocommerce-Price-amount amount\"><bdi>44,00<span class=\"woocommerce-Price-currencySymbol\">&euro;<\/span><\/bdi><\/span><\/span>\n<\/div>\t\t<\/div>\n\t<\/div>\n\t\t<\/div>\n<\/div><div class=\"product-small col has-hover product type-product post-4476 status-publish instock product_cat-livre-avec-tirage product_tag-abstraction product_tag-aerien product_tag-book product_tag-carriere product_tag-chantier product_tag-classic product_tag-dust product_tag-field product_tag-fieldwork product_tag-fleuve product_tag-friche product_tag-industrie product_tag-jeremie-lenoir product_tag-livre product_tag-marges product_tag-nord product_tag-painting product_tag-paysage product_tag-peinture product_tag-photobook product_tag-photographie product_tag-photography product_tag-platitude product_tag-print product_tag-river product_tag-riviere product_tag-seine product_tag-stockage product_tag-symbole product_tag-tirage product_tag-tirage-limite product_tag-toiture product_tag-usine has-post-thumbnail shipping-taxable purchasable product-type-variable\">\n\t<div class=\"col-inner\">\n\t\n<div class=\"badge-container absolute left top z-1\">\n\n<div class=\"badge callout badge-circle\"><div class=\"badge-inner callout-new-bg is-small new-bubble\">NEW<\/div><\/div><\/div>\n\t<div class=\"product-small box\">\n\t\t<div class=\"box-image\">\n\t\t\t<div class=\"image-zoom-fade\">\n\t\t\t\t<a href=\"https:\/\/editionslightmotiv.com\/en\/product\/marges-avec-tirage\/\">\n\t\t\t\t\t<img loading=\"lazy\" decoding=\"async\" width=\"600\" height=\"720\" src=\"https:\/\/editionslightmotiv.com\/wp-content\/uploads\/2025\/01\/couverture_MARGES_BD_Site-600x720.jpg\" class=\"attachment-woocommerce_thumbnail size-woocommerce_thumbnail\" alt=\"Couverture du livre photographique MARGES de J\u00e9r\u00e9mie Lenoir publi\u00e9 par les Editions Light Motiv en janvier 2025, sur son travail de paysages a\u00e9riens r\u00e9alis\u00e9 le long de la Seine depuis sa confluence avec l\u2019Yonne jusqu\u2019\u00e0 son embouchure au Havre\" \/>\t\t\t\t<\/a>\n\t\t\t<\/div>\n\t\t\t<div class=\"image-tools is-small top right show-on-hover\">\n\t\t\t\t\t\t\t<\/div>\n\t\t\t<div class=\"image-tools is-small hide-for-small bottom left show-on-hover\">\n\t\t\t\t\t\t\t<\/div>\n\t\t\t<div class=\"image-tools grid-tools text-center hide-for-small bottom hover-slide-in show-on-hover\">\n\t\t\t\t<a href=\"https:\/\/editionslightmotiv.com\/en\/product\/marges-avec-tirage\/\" aria-describedby=\"woocommerce_loop_add_to_cart_link_describedby_4476\" data-quantity=\"1\" class=\"add-to-cart-grid no-padding is-transparent product_type_variable add_to_cart_button\" data-product_id=\"4476\" data-product_sku=\"\" aria-label=\"Select options for \u201cMARGES avec tirage\u201d\" rel=\"nofollow\" data-no-translation-aria-label=\"\"><div class=\"cart-icon tooltip is-small\" title=\"Select options\" data-no-translation-title=\"\"><strong>+<\/strong><\/div><\/a>\t<span id=\"woocommerce_loop_add_to_cart_link_describedby_4476\" class=\"screen-reader-text\">\n\t\tThis product has multiple variants. The options may be chosen on the product page\t<\/span>\n<a href=\"#quick-view\" class=\"quick-view\" role=\"button\" data-prod=\"4476\" aria-haspopup=\"dialog\" aria-expanded=\"false\" data-flatsome-role-button>Quick View<\/a>\t\t\t<\/div>\n\t\t\t\t\t<\/div>\n\n\t\t<div class=\"box-text box-text-products text-center grid-style-2\">\n\t\t\t<div class=\"title-wrapper\"><p class=\"name product-title woocommerce-loop-product__title\"><a href=\"https:\/\/editionslightmotiv.com\/en\/product\/marges-avec-tirage\/\" class=\"woocommerce-LoopProduct-link woocommerce-loop-product__link\">MARGES avec tirage<\/a><\/p><\/div><div class=\"price-wrapper\">\n\t<span class=\"price\"><span class=\"woocommerce-Price-amount amount\"><bdi>180,00<span class=\"woocommerce-Price-currencySymbol\">&euro;<\/span><\/bdi><\/span><\/span>\n<\/div>\t\t<\/div>\n\t<\/div>\n\t\t<\/div>\n<\/div><\/div>","protected":false},"excerpt":{"rendered":"","protected":false},"author":1,"featured_media":0,"parent":0,"menu_order":0,"comment_status":"closed","ping_status":"closed","template":"","meta":{"footnotes":""},"class_list":["post-5278","page","type-page","status-publish","hentry"],"_links":{"self":[{"href":"https:\/\/editionslightmotiv.com\/en\/wp-json\/wp\/v2\/pages\/5278","targetHints":{"allow":["GET"]}}],"collection":[{"href":"https:\/\/editionslightmotiv.com\/en\/wp-json\/wp\/v2\/pages"}],"about":[{"href":"https:\/\/editionslightmotiv.com\/en\/wp-json\/wp\/v2\/types\/page"}],"author":[{"embeddable":true,"href":"https:\/\/editionslightmotiv.com\/en\/wp-json\/wp\/v2\/users\/1"}],"replies":[{"embeddable":true,"href":"https:\/\/editionslightmotiv.com\/en\/wp-json\/wp\/v2\/comments?post=5278"}],"version-history":[{"count":6,"href":"https:\/\/editionslightmotiv.com\/en\/wp-json\/wp\/v2\/pages\/5278\/revisions"}],"predecessor-version":[{"id":5327,"href":"https:\/\/editionslightmotiv.com\/en\/wp-json\/wp\/v2\/pages\/5278\/revisions\/5327"}],"wp:attachment":[{"href":"https:\/\/editionslightmotiv.com\/en\/wp-json\/wp\/v2\/media?parent=5278"}],"curies":[{"name":"wp","href":"https:\/\/api.w.org\/{rel}","templated":true}]}}