{"id":5178,"date":"2026-02-10T15:25:59","date_gmt":"2026-02-10T14:25:59","guid":{"rendered":"https:\/\/editionslightmotiv.com\/?page_id=5178"},"modified":"2026-02-13T09:58:29","modified_gmt":"2026-02-13T08:58:29","slug":"david-meskhi","status":"publish","type":"page","link":"https:\/\/editionslightmotiv.com\/en\/david-meskhi\/","title":{"rendered":"David Meskhi"},"content":{"rendered":"<h2><img loading=\"lazy\" decoding=\"async\" class=\"wp-image-5338 aligncenter\" src=\"https:\/\/editionslightmotiv.com\/wp-content\/uploads\/2026\/02\/david-meskhi-portrait-752x800.png\" alt=\"\" width=\"397\" height=\"422\" srcset=\"https:\/\/editionslightmotiv.com\/wp-content\/uploads\/2026\/02\/david-meskhi-portrait-752x800.png 752w, https:\/\/editionslightmotiv.com\/wp-content\/uploads\/2026\/02\/david-meskhi-portrait-263x280.png 263w, https:\/\/editionslightmotiv.com\/wp-content\/uploads\/2026\/02\/david-meskhi-portrait-768x817.png 768w, https:\/\/editionslightmotiv.com\/wp-content\/uploads\/2026\/02\/david-meskhi-portrait-11x12.png 11w, https:\/\/editionslightmotiv.com\/wp-content\/uploads\/2026\/02\/david-meskhi-portrait.png 899w\" sizes=\"auto, (max-width: 397px) 100vw, 397px\" \/><\/h2>\n<h2 style=\"text-align: center;\"><strong>David Meskhi<\/strong><\/h2>\n<p style=\"text-align: center;\">David Meskhi est un photographe g\u00e9orgien n\u00e9 \u00e0 Tbilissi en 1979, install\u00e9 aujourd&rsquo;hui \u00e0 Berlin, dont l&rsquo;oeuvre explore le corps en mouvement, la lumi\u00e8re et la suspension dans l&rsquo;espace.<\/p>\n<p style=\"text-align: center;\">Il est particuli\u00e8rement connu pour son exposition <em><strong>Our Son, My Moon<\/strong><\/em>, pr\u00e9sent\u00e9e au Mus\u00e9e d&rsquo;art moderne et contemporain de Saint-Etienne M\u00e9tropole (MAMC+) et labellis\u00e9e dans le cadre de l&rsquo;Olympiade Culturelle Paris 2024 : cette s\u00e9rie met en sc\u00e8ne de jeunes athl\u00e8tes semblant d\u00e9fier la gravit\u00e9, captur\u00e9s dans des gymnases baign\u00e9s de lumi\u00e8re, donnant \u00e0 leurs gestes une dimension presque m\u00e9taphysique. La m\u00eame exposition a aussi \u00e9t\u00e9 montr\u00e9e lors des Rencontres d&rsquo;Arles 2025 \u00e0 IRIS ARLES dans le cadre du festival Off.<\/p>\n<p style=\"text-align: center;\">Avant cela, il a r\u00e9alis\u00e9 plusieurs s\u00e9ries et projets photographiques \u00e0 l&rsquo;international, comme l&rsquo;exposition solo All Saints \u00e0 la Galeire Kornfeld \u00e0 Berlin (o\u00f9 il explore la gr\u00e2ce et l&rsquo;int\u00e9riorit\u00e9 des corps).<\/p>\n<p style=\"text-align: center;\">Son travail a \u00e9t\u00e9 accueilli dans de nombreuses galeries et festivals, notamment Paris Photo, ainsi que dans des mus\u00e9es et collections en Europe, montrant une pratique qui conjugue le sport, l&rsquo;esth\u00e9tique et la po\u00e9sie visuelle.<\/p>\n<p style=\"text-align: center;\">Retrouvez chez nous : <em><strong>Our Son, My Moon, <\/strong><\/em>l&rsquo;\u00e9dition qui met en page sa s\u00e9rie de photographies.<\/p>\n<p style=\"text-align: center;\">Son Instagram : <a href=\"https:\/\/www.instagram.com\/datomeskhi_\/?hl=fr\" target=\"_blank\" rel=\"noopener\">https:\/\/www.instagram.com\/datomeskhi_\/?hl=fr<\/a><\/p>\n<h2 style=\"text-align: center;\">Ses livres aux Editions Light Motiv<\/h2>\n\t\n  \n    <div class=\"row large-columns-4 medium-columns-3 small-columns-2 row-small slider row-slider slider-nav-reveal slider-nav-push\"  data-flickity-options='{&quot;imagesLoaded&quot;: true, &quot;groupCells&quot;: &quot;100%&quot;, &quot;dragThreshold&quot; : 5, &quot;cellAlign&quot;: &quot;left&quot;,&quot;wrapAround&quot;: true,&quot;prevNextButtons&quot;: true,&quot;percentPosition&quot;: true,&quot;pageDots&quot;: false, &quot;rightToLeft&quot;: false, &quot;autoPlay&quot; : false}' >\n\n  \n\t     <div class=\"product-small col has-hover product type-product post-4240 status-publish first instock product_cat-livre product_tag-athletes product_tag-co-edition product_tag-documentaire product_tag-gym product_tag-gymnastique product_tag-livre product_tag-musee product_tag-museum product_tag-ouvrage-dart product_tag-photographie product_tag-photography product_tag-societe product_tag-sport has-post-thumbnail shipping-taxable purchasable product-type-simple\">\n\t<div class=\"col-inner\">\n\t\n<div class=\"badge-container absolute left top z-1\">\n\n<\/div>\n\t<div class=\"product-small box\">\n\t\t<div class=\"box-image\">\n\t\t\t<div class=\"image-zoom-fade\">\n\t\t\t\t<a href=\"https:\/\/editionslightmotiv.com\/en\/product\/our-son-my-moon\/\">\n\t\t\t\t\t<img loading=\"lazy\" decoding=\"async\" width=\"600\" height=\"720\" src=\"https:\/\/editionslightmotiv.com\/wp-content\/uploads\/2024\/08\/CouvMeskhi_OKBD_siteinternet-600x720.jpg\" class=\"attachment-woocommerce_thumbnail size-woocommerce_thumbnail\" alt=\"Couverture du livre photographique Our Son, My Moon de David Meskhi r\u00e9alis\u00e9 en co-\u00e9dition par Light Motiv et le MAMC+ (Mus\u00e9e d&#039;Art Moderne et Contemporain de Saint Etienne) paru le 7 novembre 2024, d\u00e9di\u00e9 aux athl\u00e8tes et gymnastes.\" \/>\t\t\t\t<\/a>\n\t\t\t<\/div>\n\t\t\t<div class=\"image-tools is-small top right show-on-hover\">\n\t\t\t\t\t\t\t<\/div>\n\t\t\t<div class=\"image-tools is-small hide-for-small bottom left show-on-hover\">\n\t\t\t\t\t\t\t<\/div>\n\t\t\t<div class=\"image-tools grid-tools text-center hide-for-small bottom hover-slide-in show-on-hover\">\n\t\t\t\t<a href=\"\/en\/wp-json\/wp\/v2\/pages\/5178?add-to-cart=4240\" aria-describedby=\"woocommerce_loop_add_to_cart_link_describedby_4240\" data-quantity=\"1\" class=\"add-to-cart-grid no-padding is-transparent product_type_simple add_to_cart_button ajax_add_to_cart\" data-product_id=\"4240\" data-product_sku=\"\" aria-label=\"Add to basket: \u201cOUR SON, MY MOON\u201d\" rel=\"nofollow\" data-success_message=\"\u201cOUR SON, MY MOON\u201d has been added to your cart\" role=\"button\" data-no-translation-aria-label=\"\" data-no-translation-data-success_message=\"\"><div class=\"cart-icon tooltip is-small\" title=\"Add to cart\" data-no-translation-title=\"\"><strong>+<\/strong><\/div><\/a>\t<span id=\"woocommerce_loop_add_to_cart_link_describedby_4240\" class=\"screen-reader-text\">\n\t\t\t<\/span>\n<a href=\"#quick-view\" class=\"quick-view\" role=\"button\" data-prod=\"4240\" aria-haspopup=\"dialog\" aria-expanded=\"false\" data-flatsome-role-button>Quick View<\/a>\t\t\t<\/div>\n\t\t\t\t\t<\/div>\n\n\t\t<div class=\"box-text box-text-products text-center grid-style-2\">\n\t\t\t<div class=\"title-wrapper\"><p class=\"name product-title woocommerce-loop-product__title\"><a href=\"https:\/\/editionslightmotiv.com\/en\/product\/our-son-my-moon\/\" class=\"woocommerce-LoopProduct-link woocommerce-loop-product__link\">OUR SON, MY MOON<\/a><\/p><\/div><div class=\"price-wrapper\">\n\t<span class=\"price\"><span class=\"woocommerce-Price-amount amount\"><bdi>35,00<span class=\"woocommerce-Price-currencySymbol\">&euro;<\/span><\/bdi><\/span><\/span>\n<\/div>\t\t<\/div>\n\t<\/div>\n\t\t<\/div>\n<\/div><div class=\"product-small col has-hover product type-product post-4393 status-publish instock product_cat-livre-avec-tirage product_tag-athletes product_tag-co-edition product_tag-documentaire product_tag-gym product_tag-gymnastique product_tag-livre product_tag-musee product_tag-museum product_tag-ouvrage-dart product_tag-photographie product_tag-photography product_tag-societe product_tag-sport has-post-thumbnail sold-individually shipping-taxable purchasable product-type-variable\">\n\t<div class=\"col-inner\">\n\t\n<div class=\"badge-container absolute left top z-1\">\n\n<\/div>\n\t<div class=\"product-small box\">\n\t\t<div class=\"box-image\">\n\t\t\t<div class=\"image-zoom-fade\">\n\t\t\t\t<a href=\"https:\/\/editionslightmotiv.com\/en\/product\/our-son-my-moon-avec-tirage\/\">\n\t\t\t\t\t<img loading=\"lazy\" decoding=\"async\" width=\"600\" height=\"720\" src=\"https:\/\/editionslightmotiv.com\/wp-content\/uploads\/2024\/08\/CouvMeskhi_OKBD_siteinternet-scaled-600x720.webp\" class=\"attachment-woocommerce_thumbnail size-woocommerce_thumbnail\" alt=\"Couverture du livre OUR SON, MY MOON du photographe David Meskhi en co-\u00e9dition avec le Mus\u00e9e d&#039;Art Moderne et Contemporain de Saint Etienne (MAMC+)\" \/>\t\t\t\t<\/a>\n\t\t\t<\/div>\n\t\t\t<div class=\"image-tools is-small top right show-on-hover\">\n\t\t\t\t\t\t\t<\/div>\n\t\t\t<div class=\"image-tools is-small hide-for-small bottom left show-on-hover\">\n\t\t\t\t\t\t\t<\/div>\n\t\t\t<div class=\"image-tools grid-tools text-center hide-for-small bottom hover-slide-in show-on-hover\">\n\t\t\t\t<a href=\"https:\/\/editionslightmotiv.com\/en\/product\/our-son-my-moon-avec-tirage\/\" aria-describedby=\"woocommerce_loop_add_to_cart_link_describedby_4393\" data-quantity=\"1\" class=\"add-to-cart-grid no-padding is-transparent product_type_variable add_to_cart_button\" data-product_id=\"4393\" data-product_sku=\"\" aria-label=\"Select options for \u201cOUR SON, MY MOON avec tirage\u201d\" rel=\"nofollow\" data-no-translation-aria-label=\"\"><div class=\"cart-icon tooltip is-small\" title=\"Select options\" data-no-translation-title=\"\"><strong>+<\/strong><\/div><\/a>\t<span id=\"woocommerce_loop_add_to_cart_link_describedby_4393\" class=\"screen-reader-text\">\n\t\tThis product has multiple variants. The options may be chosen on the product page\t<\/span>\n<a href=\"#quick-view\" class=\"quick-view\" role=\"button\" data-prod=\"4393\" aria-haspopup=\"dialog\" aria-expanded=\"false\" data-flatsome-role-button>Quick View<\/a>\t\t\t<\/div>\n\t\t\t\t\t<\/div>\n\n\t\t<div class=\"box-text box-text-products text-center grid-style-2\">\n\t\t\t<div class=\"title-wrapper\"><p class=\"name product-title woocommerce-loop-product__title\"><a href=\"https:\/\/editionslightmotiv.com\/en\/product\/our-son-my-moon-avec-tirage\/\" class=\"woocommerce-LoopProduct-link woocommerce-loop-product__link\">OUR SON, MY MOON avec tirage<\/a><\/p><\/div><div class=\"price-wrapper\">\n\t<span class=\"price\"><span class=\"woocommerce-Price-amount amount\"><bdi>150,00<span class=\"woocommerce-Price-currencySymbol\">&euro;<\/span><\/bdi><\/span><\/span>\n<\/div>\t\t<\/div>\n\t<\/div>\n\t\t<\/div>\n<\/div><\/div>\n\n\t\n  \n    <div class=\"row large-columns-4 medium-columns-3 small-columns-2 row-small slider row-slider slider-nav-reveal slider-nav-push\"  data-flickity-options='{&quot;imagesLoaded&quot;: true, &quot;groupCells&quot;: &quot;100%&quot;, &quot;dragThreshold&quot; : 5, &quot;cellAlign&quot;: &quot;left&quot;,&quot;wrapAround&quot;: true,&quot;prevNextButtons&quot;: true,&quot;percentPosition&quot;: true,&quot;pageDots&quot;: false, &quot;rightToLeft&quot;: false, &quot;autoPlay&quot; : false}' >\n\n  <\/div>","protected":false},"excerpt":{"rendered":"","protected":false},"author":1,"featured_media":0,"parent":0,"menu_order":0,"comment_status":"closed","ping_status":"closed","template":"","meta":{"footnotes":""},"class_list":["post-5178","page","type-page","status-publish","hentry"],"_links":{"self":[{"href":"https:\/\/editionslightmotiv.com\/en\/wp-json\/wp\/v2\/pages\/5178","targetHints":{"allow":["GET"]}}],"collection":[{"href":"https:\/\/editionslightmotiv.com\/en\/wp-json\/wp\/v2\/pages"}],"about":[{"href":"https:\/\/editionslightmotiv.com\/en\/wp-json\/wp\/v2\/types\/page"}],"author":[{"embeddable":true,"href":"https:\/\/editionslightmotiv.com\/en\/wp-json\/wp\/v2\/users\/1"}],"replies":[{"embeddable":true,"href":"https:\/\/editionslightmotiv.com\/en\/wp-json\/wp\/v2\/comments?post=5178"}],"version-history":[{"count":9,"href":"https:\/\/editionslightmotiv.com\/en\/wp-json\/wp\/v2\/pages\/5178\/revisions"}],"predecessor-version":[{"id":5344,"href":"https:\/\/editionslightmotiv.com\/en\/wp-json\/wp\/v2\/pages\/5178\/revisions\/5344"}],"wp:attachment":[{"href":"https:\/\/editionslightmotiv.com\/en\/wp-json\/wp\/v2\/media?parent=5178"}],"curies":[{"name":"wp","href":"https:\/\/api.w.org\/{rel}","templated":true}]}}