{"id":5172,"date":"2026-02-10T15:11:03","date_gmt":"2026-02-10T14:11:03","guid":{"rendered":"https:\/\/editionslightmotiv.com\/?page_id=5172"},"modified":"2026-02-11T14:35:51","modified_gmt":"2026-02-11T13:35:51","slug":"herve-le-tellier","status":"publish","type":"page","link":"https:\/\/editionslightmotiv.com\/en\/herve-le-tellier\/","title":{"rendered":"Herv\u00e9 Le Tellier"},"content":{"rendered":"<figure id=\"attachment_5318\" aria-describedby=\"caption-attachment-5318\" style=\"width: 310px\" class=\"wp-caption aligncenter\"><img loading=\"lazy\" decoding=\"async\" class=\"wp-image-5318\" src=\"https:\/\/editionslightmotiv.com\/wp-content\/uploads\/2026\/02\/HerveLeTellierBD-531x800.jpg\" alt=\"\" width=\"310\" height=\"467\" srcset=\"https:\/\/editionslightmotiv.com\/wp-content\/uploads\/2026\/02\/HerveLeTellierBD-531x800.jpg 531w, https:\/\/editionslightmotiv.com\/wp-content\/uploads\/2026\/02\/HerveLeTellierBD-186x280.jpg 186w, https:\/\/editionslightmotiv.com\/wp-content\/uploads\/2026\/02\/HerveLeTellierBD-768x1157.jpg 768w, https:\/\/editionslightmotiv.com\/wp-content\/uploads\/2026\/02\/HerveLeTellierBD-1020x1536.jpg 1020w, https:\/\/editionslightmotiv.com\/wp-content\/uploads\/2026\/02\/HerveLeTellierBD-1360x2048.jpg 1360w, https:\/\/editionslightmotiv.com\/wp-content\/uploads\/2026\/02\/HerveLeTellierBD-8x12.jpg 8w, https:\/\/editionslightmotiv.com\/wp-content\/uploads\/2026\/02\/HerveLeTellierBD-900x1355.jpg 900w, https:\/\/editionslightmotiv.com\/wp-content\/uploads\/2026\/02\/HerveLeTellierBD-scaled.jpg 1700w\" sizes=\"auto, (max-width: 310px) 100vw, 310px\" \/><figcaption id=\"caption-attachment-5318\" class=\"wp-caption-text\">\u00a9 Corentin Fohlen\/ Divergence. Paris, France. 9 octobre 2023. Portrait de l&rsquo;ecrivain, prix Goncourt 2020 pour L&rsquo;Anomalie, Herve Le Tellier, chez lui dans le 18eme arrondissement de Paris.<\/figcaption><\/figure>\n<h2 style=\"text-align: center;\"><strong>Herv\u00e9 Le Tellier<\/strong><\/h2>\n<p style=\"text-align: center;\">N\u00e9 \u00e0 Paris le\u00a0<time class=\"nowrap\" datetime=\"1957-04-21\" data-sort-value=\"1957-04-21\">21 avril 1957<\/time>, Herv\u00e9 Le Tellier est \u00e9crivain fran\u00e7ais et l&rsquo;auteur de romans, nouvelles, po\u00e9sies, th\u00e9\u00e2tre, ainsi que de formes tr\u00e8s courtes, souvent humoristiques, dont ses variations sur la Joconde. Il obtient le\u00a0prix Goncourt\u00a0en 2020 pour son roman\u00a0<i>L&rsquo;Anomalie<\/i>.<\/p>\n<p style=\"text-align: center;\">Math\u00e9maticien\u00a0de formation, puis\u00a0journaliste\u00a0\u2014\u00a0dipl\u00f4m\u00e9 du\u00a0Centre de formation des journalistes\u00a0\u00e0 Paris (promotion 1983)\u00a0\u2014, il est\u00a0docteur en linguistique\u00a0et sp\u00e9cialiste des litt\u00e9ratures \u00e0 contraintes.<\/p>\n<p style=\"text-align: center;\">Il a \u00e9t\u00e9 coopt\u00e9 \u00e0 l&rsquo;Oulipo\u00a0(Ouvroir de\u00a0litt\u00e9rature\u00a0potentielle) en\u00a01992\u00a0par l\u2019interm\u00e9diaire de\u00a0Paul Fournel (simultan\u00e9ment au po\u00e8te allemand\u00a0Oskar Pastior)\u00a0; il soutient en 2002 une th\u00e8se de doctorat consacr\u00e9e \u00e0 l&rsquo;Oulipo sous la direction de\u00a0Bernard Cerquiglini et publie en 2006 un ouvrage de r\u00e9f\u00e9rence sur l&rsquo;Ouvroir,\u00a0<i>Esth\u00e9tique de l&rsquo;Oulipo<\/i>\u00a0: il est depuis 2019 le pr\u00e9sident de l&rsquo;Oulipo, le quatri\u00e8me depuis la fondation de l&rsquo;Ouvroir. Il a particip\u00e9 \u00e0 l&rsquo;aventure de la s\u00e9rie\u00a0Le Poulpe, avec un roman,\u00a0<i>La Disparition de Perek<\/i>, titr\u00e9 en hommage \u00e0\u00a0<i>La Disparition<\/i>, et adapt\u00e9 \u00e9galement en\u00a0bande dessin\u00e9e.<\/p>\n<p style=\"text-align: center;\">\u00c9diteur, il a fait publier plusieurs ouvrages au\u00a0Castor Astral\u00a0comme\u00a0<i>What a man\u00a0!<\/i>\u00a0de\u00a0Georges Perec, et\u00a0<i>Je me souviens encore mieux de Je me souviens<\/i>\u00a0de Roland Brasseur.<\/p>\n<p style=\"text-align: center;\">Avec d&rsquo;autres artistes et\u00a0\u00e9crivains, comme\u00a0Henri Cueco,\u00a0G\u00e9rard Mordillat,\u00a0Jacques Jouet\u00a0et\u00a0Jean-Bernard Pouy, il a particip\u00e9 de 1991 \u00e0 2018 \u00e0 l&rsquo;\u00e9mission\u00a0<i>Des Papous dans la t\u00eate<\/i>\u00a0anim\u00e9e par\u00a0Fran\u00e7oise Treussard\u00a0sur\u00a0France Culture, ainsi qu&rsquo;\u00e0 l&rsquo;\u00e9mission de Caroline Brou\u00e9,\u00a0<i>La Grande Table<\/i>.<\/p>\n<p style=\"text-align: center;\">Chroniqueur de 1991 \u00e0 1992 sous le pseudonyme de \u00ab\u00a0Docteur H\u00a0\u00bb \u00e0 l&rsquo;hebdomadaire satirique fran\u00e7ais\u00a0<i>La Grosse Bertha<\/i>, il a collabor\u00e9 quotidiennement, de 2002 \u00e0 2016, \u00e0 la lettre \u00e9lectronique matinale du journal\u00a0<i>Le Monde<\/i>, par un\u00a0billet d&rsquo;humeur\u00a0intitul\u00e9\u00a0<i>Papier de verre<\/i>\u00a0(en 2003, il publie sous le titre\u00a0<i>Guerre et plaies\u00a0: de Chirac \u00e0 l&rsquo;Irak, un an de chroniques en tandem dans Le Monde.fr<\/i>\u00a0ces billets, avec les illustrations de\u00a0Xavier Gorce), ainsi qu&rsquo;\u00e0 la revue\u00a0<i>Nouvelles Cl\u00e9s<\/i>, o\u00f9 il a anim\u00e9 depuis\u00a02009\u00a0la page\u00a0<i>Retrouver du non-sens<\/i>. Il collabore \u00e0\u00a0<i>Mon Lapin quotidien<\/i>, revue de\u00a0L&rsquo;Association, maison d&rsquo;\u00e9dition fran\u00e7aise de bande dessin\u00e9e.<\/p>\n<p style=\"text-align: center;\">Il est avec\u00a0Fr\u00e9d\u00e9ric Pag\u00e8s, journaliste au\u00a0<i>Canard encha\u00een\u00e9<\/i>, l&rsquo;un des fondateurs en 1995 de\u00a0<i>Association des amis de Jean-Baptiste Botul<\/i>, philosophe fictif. Il a re\u00e7u en 2013 le\u00a0Grand prix de l&rsquo;humour noir\u00a0pour sa traduction factice des\u00a0<i>Contes liquides<\/i>\u00a0de\u00a0Jaime Montestrela, un auteur portugais dont il a invent\u00e9 la biographie.<\/p>\n<p style=\"text-align: center;\"><i>L&rsquo;Anomalie<\/i>, publi\u00e9 aux \u00e9ditions Gallimard, obtient le prix Goncourt le 30 novembre 2020.<\/p>\n<p style=\"text-align: center;\">En 2022, il participe \u00e0 la conception d&rsquo;un ouvrage de jeunes engag\u00e9s pour la paix en Ukraine,\u00a0<i>De l&rsquo;encre pour la paix<\/i>. L&rsquo;ouvrage sort en 2023 au profit de l&rsquo;Unicef.<\/p>\n<p style=\"text-align: center;\">Il d\u00e9nonce avec d&rsquo;autres \u00e9crivains dans une tribune en mai 2025 le \u00ab\u00a0g\u00e9nocide\u00a0\u00bb de la population \u00e0\u00a0Gaza\u00a0et demande \u00ab\u00a0un cessez-le-feu imm\u00e9diat\u00a0\u00bb. Il re\u00e7oit en 2026 le\u00a0Prix W\u00fcrth pour la litt\u00e9rature europ\u00e9enne.<\/p>\n<p style=\"text-align: center;\">A retrouver chez Light Motiv : <em><strong>Regardez ici pour voir<\/strong><\/em> de Corentin Fohlen, pr\u00e9face d&rsquo;Herv\u00e9 Le Tellier.<\/p>\n<p style=\"text-align: center;\">Son Instagram :<a href=\"https:\/\/www.instagram.com\/herve_le_tellier\/?hl=fr\" target=\"_blank\" rel=\"noopener\"> https:\/\/www.instagram.com\/herve_le_tellier\/?hl=fr<\/a><\/p>\n\t\n  \n    <div class=\"row large-columns-4 medium-columns-3 small-columns-2 row-small slider row-slider slider-nav-reveal slider-nav-push\"  data-flickity-options='{&quot;imagesLoaded&quot;: true, &quot;groupCells&quot;: &quot;100%&quot;, &quot;dragThreshold&quot; : 5, &quot;cellAlign&quot;: &quot;left&quot;,&quot;wrapAround&quot;: true,&quot;prevNextButtons&quot;: true,&quot;percentPosition&quot;: true,&quot;pageDots&quot;: false, &quot;rightToLeft&quot;: false, &quot;autoPlay&quot; : false}' >\n\n  \n\t     <div class=\"product-small col has-hover product type-product post-4869 status-publish first instock product_cat-livre product_tag-celebrites product_tag-commande product_tag-corentin-fohlen product_tag-coulisses product_tag-dany-boon product_tag-dany-laferriere product_tag-elodie-gossuin product_tag-herve-le-tellier product_tag-medias product_tag-melvin-boomer product_tag-people product_tag-personnalites product_tag-philippe-besson product_tag-photobook product_tag-photographie product_tag-photography product_tag-portrait product_tag-presse product_tag-public product_tag-regard product_tag-regardez-ici-pour-voir product_tag-sandrine-kiberlain product_tag-stars product_tag-theo-curin has-post-thumbnail shipping-taxable purchasable product-type-simple\">\n\t<div class=\"col-inner\">\n\t\n<div class=\"badge-container absolute left top z-1\">\n\n<\/div>\n\t<div class=\"product-small box\">\n\t\t<div class=\"box-image\">\n\t\t\t<div class=\"image-zoom-fade\">\n\t\t\t\t<a href=\"https:\/\/editionslightmotiv.com\/en\/product\/regardez-ici-pour-voir\/\">\n\t\t\t\t\t<img loading=\"lazy\" decoding=\"async\" width=\"600\" height=\"720\" src=\"https:\/\/editionslightmotiv.com\/wp-content\/uploads\/2025\/06\/COUV_Regardezicipourvoir_V4_BDsite-600x720.jpg\" class=\"attachment-woocommerce_thumbnail size-woocommerce_thumbnail\" alt=\"Couverture du livre REGARDEZ ICI POUR VOIR du photojournaliste Corentin Fohlen publi\u00e9 aux Editions Light Motiv en octobre 2025, avec un portrait de Dany Laferri\u00e8re en 1\u00e8re de couverture. Ce livre recense 50 portrait de c\u00e9l\u00e9brit\u00e9s fran\u00e7aises et internationales photographi\u00e9es par Corentin Fohlen.\" \/>\t\t\t\t<\/a>\n\t\t\t<\/div>\n\t\t\t<div class=\"image-tools is-small top right show-on-hover\">\n\t\t\t\t\t\t\t<\/div>\n\t\t\t<div class=\"image-tools is-small hide-for-small bottom left show-on-hover\">\n\t\t\t\t\t\t\t<\/div>\n\t\t\t<div class=\"image-tools grid-tools text-center hide-for-small bottom hover-slide-in show-on-hover\">\n\t\t\t\t<a href=\"\/en\/wp-json\/wp\/v2\/pages\/5172?add-to-cart=4869\" aria-describedby=\"woocommerce_loop_add_to_cart_link_describedby_4869\" data-quantity=\"1\" class=\"add-to-cart-grid no-padding is-transparent product_type_simple add_to_cart_button ajax_add_to_cart\" data-product_id=\"4869\" data-product_sku=\"\" aria-label=\"Add to basket: \u201cREGARDEZ ICI POUR VOIR\u201d\" rel=\"nofollow\" data-success_message=\"\u201cREGARDEZ ICI POUR VOIR\u201d has been added to your cart\" role=\"button\" data-no-translation-aria-label=\"\" data-no-translation-data-success_message=\"\"><div class=\"cart-icon tooltip is-small\" title=\"Add to cart\" data-no-translation-title=\"\"><strong>+<\/strong><\/div><\/a>\t<span id=\"woocommerce_loop_add_to_cart_link_describedby_4869\" class=\"screen-reader-text\">\n\t\t\t<\/span>\n<a href=\"#quick-view\" class=\"quick-view\" role=\"button\" data-prod=\"4869\" aria-haspopup=\"dialog\" aria-expanded=\"false\" data-flatsome-role-button>Quick View<\/a>\t\t\t<\/div>\n\t\t\t\t\t<\/div>\n\n\t\t<div class=\"box-text box-text-products text-center grid-style-2\">\n\t\t\t<div class=\"title-wrapper\"><p class=\"name product-title woocommerce-loop-product__title\"><a href=\"https:\/\/editionslightmotiv.com\/en\/product\/regardez-ici-pour-voir\/\" class=\"woocommerce-LoopProduct-link woocommerce-loop-product__link\">REGARDEZ ICI POUR VOIR<\/a><\/p><\/div><div class=\"price-wrapper\">\n\t<span class=\"price\"><span class=\"woocommerce-Price-amount amount\"><bdi>29,00<span class=\"woocommerce-Price-currencySymbol\">&euro;<\/span><\/bdi><\/span><\/span>\n<\/div>\t\t<\/div>\n\t<\/div>\n\t\t<\/div>\n<\/div><\/div>","protected":false},"excerpt":{"rendered":"","protected":false},"author":1,"featured_media":0,"parent":0,"menu_order":0,"comment_status":"closed","ping_status":"closed","template":"","meta":{"footnotes":""},"class_list":["post-5172","page","type-page","status-publish","hentry"],"_links":{"self":[{"href":"https:\/\/editionslightmotiv.com\/en\/wp-json\/wp\/v2\/pages\/5172","targetHints":{"allow":["GET"]}}],"collection":[{"href":"https:\/\/editionslightmotiv.com\/en\/wp-json\/wp\/v2\/pages"}],"about":[{"href":"https:\/\/editionslightmotiv.com\/en\/wp-json\/wp\/v2\/types\/page"}],"author":[{"embeddable":true,"href":"https:\/\/editionslightmotiv.com\/en\/wp-json\/wp\/v2\/users\/1"}],"replies":[{"embeddable":true,"href":"https:\/\/editionslightmotiv.com\/en\/wp-json\/wp\/v2\/comments?post=5172"}],"version-history":[{"count":9,"href":"https:\/\/editionslightmotiv.com\/en\/wp-json\/wp\/v2\/pages\/5172\/revisions"}],"predecessor-version":[{"id":5321,"href":"https:\/\/editionslightmotiv.com\/en\/wp-json\/wp\/v2\/pages\/5172\/revisions\/5321"}],"wp:attachment":[{"href":"https:\/\/editionslightmotiv.com\/en\/wp-json\/wp\/v2\/media?parent=5172"}],"curies":[{"name":"wp","href":"https:\/\/api.w.org\/{rel}","templated":true}]}}