{"id":5168,"date":"2026-02-10T14:53:16","date_gmt":"2026-02-10T13:53:16","guid":{"rendered":"https:\/\/editionslightmotiv.com\/?page_id=5168"},"modified":"2026-02-11T14:31:51","modified_gmt":"2026-02-11T13:31:51","slug":"roberto-giangrande","status":"publish","type":"page","link":"https:\/\/editionslightmotiv.com\/en\/roberto-giangrande\/","title":{"rendered":"Roberto Giangrande"},"content":{"rendered":"<h2><img loading=\"lazy\" decoding=\"async\" class=\"wp-image-5182 aligncenter\" src=\"https:\/\/editionslightmotiv.com\/wp-content\/uploads\/2026\/02\/Portrait_Roberto_Giangrande-800x800.jpg\" alt=\"\" width=\"325\" height=\"325\" srcset=\"https:\/\/editionslightmotiv.com\/wp-content\/uploads\/2026\/02\/Portrait_Roberto_Giangrande-800x800.jpg 800w, https:\/\/editionslightmotiv.com\/wp-content\/uploads\/2026\/02\/Portrait_Roberto_Giangrande-280x280.jpg 280w, https:\/\/editionslightmotiv.com\/wp-content\/uploads\/2026\/02\/Portrait_Roberto_Giangrande-768x768.jpg 768w, https:\/\/editionslightmotiv.com\/wp-content\/uploads\/2026\/02\/Portrait_Roberto_Giangrande-12x12.jpg 12w, https:\/\/editionslightmotiv.com\/wp-content\/uploads\/2026\/02\/Portrait_Roberto_Giangrande-900x900.jpg 900w, https:\/\/editionslightmotiv.com\/wp-content\/uploads\/2026\/02\/Portrait_Roberto_Giangrande-100x100.jpg 100w, https:\/\/editionslightmotiv.com\/wp-content\/uploads\/2026\/02\/Portrait_Roberto_Giangrande.jpg 930w\" sizes=\"auto, (max-width: 325px) 100vw, 325px\" \/><\/h2>\n<h2 style=\"text-align: center;\"><span style=\"color: #282828;\"><strong>Roberto Giangrande<\/strong><\/span><\/h2>\n<p style=\"text-align: center;\">Roberto Giangrande est un photographe et vid\u00e9aste italo-fran\u00e7ais dont le travail explore les payasages urbains et architecturaux comme t\u00e9moins de r\u00e9alit\u00e9s sociales et historiques.<\/p>\n<p style=\"text-align: center;\">Chez Light Motiv, vous pouvez retrouver son projet <strong><em>Incompiuto, <\/em><\/strong>une longue s\u00e9rie de photographies consacr\u00e9es aux infrastructures et b\u00e2timents inachev\u00e9s en Italie &#8211; routes, \u00e9coles, h\u00f4pitaux, ponts ou piscines laiss\u00e9s sans usages, fig\u00e9s comme des \u00ab\u00a0points d&rsquo;interrogations\u00a0\u00bb dans le paysage italien.<\/p>\n<p style=\"text-align: center;\">Son site : <a href=\"http:\/\/robertogiangrande.com\/\" target=\"_blank\" rel=\"noopener\">http:\/\/robertogiangrande.com\/<\/a><\/p>\n<p style=\"text-align: center;\">Son Instagram : <a href=\"https:\/\/www.instagram.com\/roberto_giangrande_photo\/\" target=\"_blank\" rel=\"noopener\">https:\/\/www.instagram.com\/roberto_giangrande_photo\/<\/a><\/p>\n<h2 style=\"text-align: center;\">Ses livres aux Editions Light Motiv<\/h2>\n\t\n  \n    <div class=\"row large-columns-4 medium-columns-3 small-columns-2 row-small slider row-slider slider-nav-reveal slider-nav-push\"  data-flickity-options='{&quot;imagesLoaded&quot;: true, &quot;groupCells&quot;: &quot;100%&quot;, &quot;dragThreshold&quot; : 5, &quot;cellAlign&quot;: &quot;left&quot;,&quot;wrapAround&quot;: true,&quot;prevNextButtons&quot;: true,&quot;percentPosition&quot;: true,&quot;pageDots&quot;: false, &quot;rightToLeft&quot;: false, &quot;autoPlay&quot; : false}' >\n\n  \n\t     <div class=\"product-small col has-hover product type-product post-4122 status-publish first instock product_cat-livre product_tag-abandon product_tag-amenagement product_tag-architecture product_tag-aventure product_tag-batiment product_tag-building product_tag-city product_tag-co-edition product_tag-construction product_tag-contrebande product_tag-corruption product_tag-documentaire product_tag-emuse product_tag-enquete product_tag-espace product_tag-exploration product_tag-inacheve product_tag-incompiuto product_tag-incomplet product_tag-infrastructure product_tag-investigation product_tag-italie product_tag-italy product_tag-land product_tag-landscape product_tag-lieux product_tag-limited product_tag-litige product_tag-livre product_tag-ouvrage-dart product_tag-paysage product_tag-photographie product_tag-photography product_tag-roberto-ferrucci product_tag-roberto-giangrande product_tag-societe product_tag-territoire product_tag-town product_tag-urban product_tag-urbanisme product_tag-urbex product_tag-ville product_tag-voyage has-post-thumbnail shipping-taxable purchasable product-type-simple\">\n\t<div class=\"col-inner\">\n\t\n<div class=\"badge-container absolute left top z-1\">\n\n<\/div>\n\t<div class=\"product-small box\">\n\t\t<div class=\"box-image\">\n\t\t\t<div class=\"image-zoom-fade\">\n\t\t\t\t<a href=\"https:\/\/editionslightmotiv.com\/en\/product\/incompiuto\/\">\n\t\t\t\t\t<img loading=\"lazy\" decoding=\"async\" width=\"600\" height=\"720\" src=\"https:\/\/editionslightmotiv.com\/wp-content\/uploads\/2024\/04\/Couv_Incompiuto_photoBD_site-600x720.jpg\" class=\"attachment-woocommerce_thumbnail size-woocommerce_thumbnail\" alt=\"Couverture du livre Incompiuto du photographe Roberto Giangrande sur les infrastructures inachev\u00e9es, abandonn\u00e9es en cours de construction, en Italie.\" \/>\t\t\t\t<\/a>\n\t\t\t<\/div>\n\t\t\t<div class=\"image-tools is-small top right show-on-hover\">\n\t\t\t\t\t\t\t<\/div>\n\t\t\t<div class=\"image-tools is-small hide-for-small bottom left show-on-hover\">\n\t\t\t\t\t\t\t<\/div>\n\t\t\t<div class=\"image-tools grid-tools text-center hide-for-small bottom hover-slide-in show-on-hover\">\n\t\t\t\t<a href=\"\/en\/wp-json\/wp\/v2\/pages\/5168?add-to-cart=4122\" aria-describedby=\"woocommerce_loop_add_to_cart_link_describedby_4122\" data-quantity=\"1\" class=\"add-to-cart-grid no-padding is-transparent product_type_simple add_to_cart_button ajax_add_to_cart\" data-product_id=\"4122\" data-product_sku=\"\" aria-label=\"Add to basket: \u201cINCOMPIUTO\u201d\" rel=\"nofollow\" data-success_message=\"\u201cINCOMPIUTO\u201d has been added to your cart\" role=\"button\" data-no-translation-aria-label=\"\" data-no-translation-data-success_message=\"\"><div class=\"cart-icon tooltip is-small\" title=\"Add to cart\" data-no-translation-title=\"\"><strong>+<\/strong><\/div><\/a>\t<span id=\"woocommerce_loop_add_to_cart_link_describedby_4122\" class=\"screen-reader-text\">\n\t\t\t<\/span>\n<a href=\"#quick-view\" class=\"quick-view\" role=\"button\" data-prod=\"4122\" aria-haspopup=\"dialog\" aria-expanded=\"false\" data-flatsome-role-button>Quick View<\/a>\t\t\t<\/div>\n\t\t\t\t\t<\/div>\n\n\t\t<div class=\"box-text box-text-products text-center grid-style-2\">\n\t\t\t<div class=\"title-wrapper\"><p class=\"name product-title woocommerce-loop-product__title\"><a href=\"https:\/\/editionslightmotiv.com\/en\/product\/incompiuto\/\" class=\"woocommerce-LoopProduct-link woocommerce-loop-product__link\">INCOMPIUTO<\/a><\/p><\/div><div class=\"price-wrapper\">\n\t<span class=\"price\"><span class=\"woocommerce-Price-amount amount\"><bdi>40,00<span class=\"woocommerce-Price-currencySymbol\">&euro;<\/span><\/bdi><\/span><\/span>\n<\/div>\t\t<\/div>\n\t<\/div>\n\t\t<\/div>\n<\/div><div class=\"product-small col has-hover product type-product post-4154 status-publish instock product_cat-livre-avec-tirage product_tag-abandon product_tag-architecture product_tag-batiment product_tag-bien-public product_tag-building product_tag-bureaucratie product_tag-city product_tag-collectivite product_tag-construction product_tag-corruption product_tag-documentaire product_tag-emuse product_tag-enquete product_tag-espace product_tag-fraude product_tag-inacheve product_tag-incompiuto product_tag-incomplet product_tag-infrastructure product_tag-investigation product_tag-italie product_tag-italy product_tag-landscape product_tag-lieux product_tag-limited product_tag-limited-print product_tag-livre product_tag-paysage product_tag-photo-print product_tag-photographie product_tag-photography product_tag-print product_tag-roberto-ferrucci product_tag-roberto-giangrande product_tag-ruine product_tag-site product_tag-tirage product_tag-tirage-limite product_tag-town product_tag-urbain product_tag-urbanisme product_tag-urbex product_tag-ville product_tag-voyage has-post-thumbnail shipping-taxable purchasable product-type-variable\">\n\t<div class=\"col-inner\">\n\t\n<div class=\"badge-container absolute left top z-1\">\n\n<\/div>\n\t<div class=\"product-small box\">\n\t\t<div class=\"box-image\">\n\t\t\t<div class=\"image-zoom-fade\">\n\t\t\t\t<a href=\"https:\/\/editionslightmotiv.com\/en\/product\/incompiuto-avec-tirage\/\">\n\t\t\t\t\t<img loading=\"lazy\" decoding=\"async\" width=\"600\" height=\"720\" src=\"https:\/\/editionslightmotiv.com\/wp-content\/uploads\/2024\/04\/Couv_Incompiuto_photoBD_site-600x720.jpg\" class=\"attachment-woocommerce_thumbnail size-woocommerce_thumbnail\" alt=\"Couverture du livre Incompiuto du photographe Roberto Giangrande sur les infrastructures inachev\u00e9es, abandonn\u00e9es en cours de construction, en Italie.\" \/>\t\t\t\t<\/a>\n\t\t\t<\/div>\n\t\t\t<div class=\"image-tools is-small top right show-on-hover\">\n\t\t\t\t\t\t\t<\/div>\n\t\t\t<div class=\"image-tools is-small hide-for-small bottom left show-on-hover\">\n\t\t\t\t\t\t\t<\/div>\n\t\t\t<div class=\"image-tools grid-tools text-center hide-for-small bottom hover-slide-in show-on-hover\">\n\t\t\t\t<a href=\"https:\/\/editionslightmotiv.com\/en\/product\/incompiuto-avec-tirage\/\" aria-describedby=\"woocommerce_loop_add_to_cart_link_describedby_4154\" data-quantity=\"1\" class=\"add-to-cart-grid no-padding is-transparent product_type_variable add_to_cart_button\" data-product_id=\"4154\" data-product_sku=\"\" aria-label=\"Select options for \u201cINCOMPIUTO avec tirage\u201d\" rel=\"nofollow\" data-no-translation-aria-label=\"\"><div class=\"cart-icon tooltip is-small\" title=\"Select options\" data-no-translation-title=\"\"><strong>+<\/strong><\/div><\/a>\t<span id=\"woocommerce_loop_add_to_cart_link_describedby_4154\" class=\"screen-reader-text\">\n\t\tThis product has multiple variants. The options may be chosen on the product page\t<\/span>\n<a href=\"#quick-view\" class=\"quick-view\" role=\"button\" data-prod=\"4154\" aria-haspopup=\"dialog\" aria-expanded=\"false\" data-flatsome-role-button>Quick View<\/a>\t\t\t<\/div>\n\t\t\t\t\t<\/div>\n\n\t\t<div class=\"box-text box-text-products text-center grid-style-2\">\n\t\t\t<div class=\"title-wrapper\"><p class=\"name product-title woocommerce-loop-product__title\"><a href=\"https:\/\/editionslightmotiv.com\/en\/product\/incompiuto-avec-tirage\/\" class=\"woocommerce-LoopProduct-link woocommerce-loop-product__link\">INCOMPIUTO avec tirage<\/a><\/p><\/div><div class=\"price-wrapper\">\n\t<span class=\"price\"><span class=\"woocommerce-Price-amount amount\"><bdi>130,00<span class=\"woocommerce-Price-currencySymbol\">&euro;<\/span><\/bdi><\/span><\/span>\n<\/div>\t\t<\/div>\n\t<\/div>\n\t\t<\/div>\n<\/div><\/div>","protected":false},"excerpt":{"rendered":"","protected":false},"author":1,"featured_media":0,"parent":0,"menu_order":0,"comment_status":"closed","ping_status":"closed","template":"","meta":{"footnotes":""},"class_list":["post-5168","page","type-page","status-publish","hentry"],"_links":{"self":[{"href":"https:\/\/editionslightmotiv.com\/en\/wp-json\/wp\/v2\/pages\/5168","targetHints":{"allow":["GET"]}}],"collection":[{"href":"https:\/\/editionslightmotiv.com\/en\/wp-json\/wp\/v2\/pages"}],"about":[{"href":"https:\/\/editionslightmotiv.com\/en\/wp-json\/wp\/v2\/types\/page"}],"author":[{"embeddable":true,"href":"https:\/\/editionslightmotiv.com\/en\/wp-json\/wp\/v2\/users\/1"}],"replies":[{"embeddable":true,"href":"https:\/\/editionslightmotiv.com\/en\/wp-json\/wp\/v2\/comments?post=5168"}],"version-history":[{"count":6,"href":"https:\/\/editionslightmotiv.com\/en\/wp-json\/wp\/v2\/pages\/5168\/revisions"}],"predecessor-version":[{"id":5317,"href":"https:\/\/editionslightmotiv.com\/en\/wp-json\/wp\/v2\/pages\/5168\/revisions\/5317"}],"wp:attachment":[{"href":"https:\/\/editionslightmotiv.com\/en\/wp-json\/wp\/v2\/media?parent=5168"}],"curies":[{"name":"wp","href":"https:\/\/api.w.org\/{rel}","templated":true}]}}