{"id":41,"date":"2018-02-06T16:46:15","date_gmt":"2018-02-06T16:46:15","guid":{"rendered":"http:\/\/editionslightmotiv.apps-1and1.net\/?page_id=41"},"modified":"2025-08-08T11:24:57","modified_gmt":"2025-08-08T09:24:57","slug":"a-propos","status":"publish","type":"page","link":"https:\/\/editionslightmotiv.com\/en\/a-propos\/","title":{"rendered":"About Editions Light Motiv"},"content":{"rendered":"<div class=\"img has-hover x md-x lg-x y md-y lg-y\" id=\"image_313681646\">\n\t\t<a class=\"image-lightbox lightbox-gallery\" title=\"\" href=\"https:\/\/editionslightmotiv.com\/wp-content\/uploads\/2018\/02\/salondelecturebd01-1024x672.jpg\">\t\t\t\t\t\t<div class=\"img-inner dark\" style=\"margin:0px 0px 20px 0px;\">\n\t\t\t<img loading=\"lazy\" decoding=\"async\" width=\"1020\" height=\"669\" src=\"https:\/\/editionslightmotiv.com\/wp-content\/uploads\/2018\/02\/salondelecturebd01-1024x672.jpg\" class=\"attachment-large size-large\" alt=\"\" srcset=\"https:\/\/editionslightmotiv.com\/wp-content\/uploads\/2018\/02\/salondelecturebd01-1024x672.jpg 1024w, https:\/\/editionslightmotiv.com\/wp-content\/uploads\/2018\/02\/salondelecturebd01-900x590.jpg 900w, https:\/\/editionslightmotiv.com\/wp-content\/uploads\/2018\/02\/salondelecturebd01-300x197.jpg 300w, https:\/\/editionslightmotiv.com\/wp-content\/uploads\/2018\/02\/salondelecturebd01-768x504.jpg 768w, https:\/\/editionslightmotiv.com\/wp-content\/uploads\/2018\/02\/salondelecturebd01.jpg 1296w\" sizes=\"auto, (max-width: 1020px) 100vw, 1020px\" \/>\t\t\t\t\t\t\n\t\t\t\t\t<\/div>\n\t\t\t\t\t\t<\/a>\t\t\n<style>\n#image_313681646 {\n  width: 100%;\n}\n<\/style>\n\t<\/div>\n\t\n\n<div class=\"container section-title-container\" ><h1 class=\"section-title section-title-center\"><b aria-hidden=\"true\"><\/b><span class=\"section-title-main\" >Light Motiv<\/span><b aria-hidden=\"true\"><\/b><\/h1><\/div>\n\n<p style=\"text-align: justify;\">Fond\u00e9e en <strong>1986<\/strong> \u00e0 Lille par <a href=\"https:\/\/www.eric-lebrun.com\/\" target=\"_blank\" rel=\"noopener\">Eric Le Brun<\/a>, <strong>Light Motiv<\/strong> est une <strong>agence photographique sp\u00e9cialis\u00e9e dans le documentaire<\/strong>, le reportage social, paysager, urbain. En parall\u00e8le de son activit\u00e9 d&rsquo;agence, Light Motiv r\u00e9alise et con\u00e7oit des <a href=\"https:\/\/www.lightmotiv.com\/expositions\/\" target=\"_blank\" rel=\"noopener\">expositions photographiques<\/a>, des rencontres entre professionnels et avec le public, <a href=\"https:\/\/www.lightmotiv.com\/ateliers\/\" target=\"_blank\" rel=\"noopener\">des ateliers, des \u00e9v\u00e9nements et des interventions<\/a> en m\u00e9diath\u00e8ques, associations, institutions publiques. Diff\u00e9rentes th\u00e9matiques y sont d\u00e9velopp\u00e9es sur une pratique comme le portrait, le reportage, le collage, sur une d\u00e9marche artistique sp\u00e9cifique, ou sur un livre. Light Motiv est particuli\u00e8rement sensible \u00e0 <strong>la m\u00e9diation, \u00e0 l&rsquo;apprentissage continu et au langage universel de la photographie<\/strong>. Elle a pour objectif de porter une \u00e9ducation \u00e0 l&rsquo;image, aux m\u00e9dias et \u00e0 l&rsquo;information (EMI), diverses et ouvertes au monde.<\/p>\n<p style=\"text-align: justify;\">To know more about the agency itself and its photographers, please have a look at <a href=\"http:\/\/www.lightmotiv.com\/\" target=\"_blank\" rel=\"noopener\">Light Motiv<\/a>.<\/p>\n<p class=\"p1\" style=\"text-align: justify;\">La <strong>maison d\u2019\u00e9dition Light Motiv<\/strong> est cr\u00e9\u00e9e en 2011 avec la sortie de <strong><em>Terrils<\/em><\/strong>, premier livre publi\u00e9 en France du photographe <a href=\"https:\/\/fr.wikipedia.org\/wiki\/Naoya_Hatakeyama\" target=\"_blank\" rel=\"noopener\">Naoya Hatakeyama<\/a>, afin d&#8217;emmener plus loin la cr\u00e9ation visuelle impuls\u00e9e par le groupe de photographes de l&rsquo;agence. Le projet des \u00e9ditions, soutenu par l&rsquo;\u00e9mulation cr\u00e9atrice que repr\u00e9sente l&rsquo;agence, est d&rsquo;\u00e9voluer au plus pr\u00e8s des tendances photographiques \u00e9mergentes.<\/p>\n<p>Depuis 2019, Light Motiv est membre de l&rsquo;association <a href=\"https:\/\/francephotobook.fr\/\" target=\"_blank\" rel=\"noopener\">France PhotoBook<\/a> qui rassemble 30 maisons d&rsquo;\u00e9ditions fran\u00e7aises ind\u00e9pendantes sp\u00e9cialis\u00e9es en photographie. Light Motiv fait aussi partie de <a href=\"https:\/\/associationdesediteurs.com\/\" target=\"_blank\" rel=\"noopener\">l&rsquo;association des \u00e9diteurs ind\u00e9pendants des Hauts-de-France<\/a> et collabore avec <a href=\"https:\/\/www.ar2l-hdf.fr\/\" target=\"_blank\" rel=\"noopener\">l&rsquo;AR2L<\/a> (Agence r\u00e9gionale du Livre des Hauts-de-France).<\/p>\n<div class=\"container section-title-container\" ><h2 class=\"section-title section-title-center\"><b aria-hidden=\"true\"><\/b><span class=\"section-title-main\" >The editorial agenda<\/span><b aria-hidden=\"true\"><\/b><\/h2><\/div>\n\n<p style=\"text-align: justify;\">La ligne \u00e9ditoriale \u00e9volue<strong> entre documentaire et imaginaire<\/strong>, cr\u00e9ant des histoires \u00e0 la crois\u00e9e des langages qui mettent en perspective des v\u00e9cus personnels et individuels, avec des r\u00e9cits collectifs et des ph\u00e9nom\u00e8nes sociaux. Les ouvrages abordent des sujets contemporains, sur <strong>l&rsquo;environnement<\/strong>, les <strong>paysages<\/strong> et les <strong>identit\u00e9s<\/strong>, les <strong>transformations<\/strong> visibles et invisibles, autant au sein des individus que des soci\u00e9t\u00e9s. Chaque narration port\u00e9e par un ou une photographe \u00e0 la d\u00e9marche artistique singuli\u00e8re est accord\u00e9e avec la forme du livre, son graphisme, ses papiers.<\/p>\n<p style=\"text-align: justify;\">La place de l\u2019\u00e9crit est tr\u00e8s pr\u00e9gnante, car les Editions Light Motiv cherchent \u00e0 faire dialoguer de mani\u00e8re sensible et perspicace images et textes. En prenant la <strong>photographie comme langue universelle \u00e0 part enti\u00e8re<\/strong> et en l\u2019articulant avec la litt\u00e9rature, la po\u00e9sie, la philosophie, la maison d\u2019\u00e9dition sugg\u00e8re le m\u00e9lange des genres ; l\u2019image se nourrit autant du texte que l\u2019inverse, ce qui introduit un \u00e9veil sensible \u00e0 la lecture, o\u00f9 les lumi\u00e8res, les ombres, les personnages et cadrages se r\u00e9pondent au creux des mots.<\/p>\n<div class=\"container section-title-container\" ><h2 class=\"section-title section-title-center\"><b aria-hidden=\"true\"><\/b><span class=\"section-title-main\" >The team<\/span><b aria-hidden=\"true\"><\/b><\/h2><\/div>\n\n<div class=\"row\"  id=\"row-1890987235\">\n\n\n\t<div id=\"col-837124891\" class=\"col medium-3 small-6 large-3\"  >\n\t\t\t\t<div class=\"col-inner\"  >\n\t\t\t\n\t\t\t\n\n    <div class=\"box has-hover has-hover box-text-bottom\" >\n\n                  <div class=\"box-image\" >\n           <div class=\"box-image-inner image-cover\" style=\"padding-top:0%;\">\n              <img decoding=\"async\" src=\"https:\/\/editionslightmotiv.com\/wp-content\/themes\/flatsome\/assets\/img\/missing.jpg\" \/>                         <\/div>\n          <\/div>\n         \n          <div class=\"box-text text-center\" >\n                <div class=\"box-text-inner\">\n                  <h4 class=\"uppercase\">\n                    <span class=\"person-name\">Eric Le Brun<\/span><br\/>\n                    <span class=\"person-title is-small thin-font op-7\">\n                      Directeur de light motiv, curateur et editeur                    <\/span>\n                  <\/h4>\n\t\t\t\t\t\n\n<div class=\"is-divider divider clearfix\" style=\"max-width:200px;height:1px;background-color:rgb(189, 158, 86);\"><\/div>\n\n<p class=\"translation-block\"><a href=\"mailto:eric@lightmotiv.com\" target=\"_self\">eric@lightmotiv.com<\/a><br>+33 (0) 3 20 06 90 98<br>+33 (0) 6 14 67 85 68<br><a href=\"http:\/\/www.eric-lebrun.com\/\" target=\"_blank\" rel=\"noopener\">www.eric-lebrun.com\/<\/a><\/p>\n\n                <\/div>\n          <\/div>\n    <\/div>\n\n\t\n    \n\n\t\t<\/div>\n\t\t\t\t\t<\/div>\n\n\t\n\n\t<div id=\"col-278378079\" class=\"col medium-3 small-6 large-3\"  >\n\t\t\t\t<div class=\"col-inner\"  >\n\t\t\t\n\t\t\t\n\n    <div class=\"box has-hover has-hover box-text-bottom\" >\n\n                  <div class=\"box-image\" >\n           <div class=\"box-image-inner image-cover\" style=\"padding-top:0%;\">\n              <img decoding=\"async\" src=\"https:\/\/editionslightmotiv.com\/wp-content\/themes\/flatsome\/assets\/img\/missing.jpg\" \/>                         <\/div>\n          <\/div>\n         \n          <div class=\"box-text text-center\" >\n                <div class=\"box-text-inner\">\n                  <h4 class=\"uppercase\">\n                    <span class=\"person-name\">Laur\u00e8ne Becquart<\/span><br\/>\n                    <span class=\"person-title is-small thin-font op-7\">\n                      Charg\u00e9e d'\u00e9dition et relations libraires \/ internationales                    <\/span>\n                  <\/h4>\n\t\t\t\t\t\n\n<div class=\"is-divider divider clearfix\" style=\"max-width:200px;height:1px;background-color:rgb(189, 158, 86);\"><\/div>\n\n<p><a href=\"mailto:laurene@lightmotiv.com\">laurene@lightmotiv.com<\/a><br \/>03 20 06 90 98<br \/>06 77 72 42 54<\/p>\n\n                <\/div>\n          <\/div>\n    <\/div>\n\n\t\n    \n\n\t\t<\/div>\n\t\t\t\t\t<\/div>\n\n\t\n\n\t<div id=\"col-264116802\" class=\"col medium-3 small-6 large-3\"  >\n\t\t\t\t<div class=\"col-inner\"  >\n\t\t\t\n\t\t\t\n\n    <div class=\"box has-hover has-hover box-text-bottom\" >\n\n                  <div class=\"box-image\" >\n           <div class=\"box-image-inner image-cover\" style=\"padding-top:0%;\">\n              <img decoding=\"async\" src=\"https:\/\/editionslightmotiv.com\/wp-content\/themes\/flatsome\/assets\/img\/missing.jpg\" \/>                         <\/div>\n          <\/div>\n         \n          <div class=\"box-text text-center\" >\n                <div class=\"box-text-inner\">\n                  <h4 class=\"uppercase\">\n                    <span class=\"person-name\">Marjane Sauteron<\/span><br\/>\n                    <span class=\"person-title is-small thin-font op-7\">\n                      Assistante en \u00e9dition et communication                    <\/span>\n                  <\/h4>\n\t\t\t\t\t\n\n<div class=\"is-divider divider clearfix\" style=\"max-width:200px;height:1px;background-color:rgb(189, 158, 86);\"><\/div>\n\n<p><a href=\"mailto:marjane@lightmotiv.com\">marjane@lightmotiv.com<\/a><br \/>03 20 06 90 98<br \/>06 02 91 26 07<\/p>\n\n                <\/div>\n          <\/div>\n    <\/div>\n\n\t\n    \n\n\t\t<\/div>\n\t\t\t\t\t<\/div>\n\n\t\n\n<\/div>\n<div class=\"row\"  id=\"row-526231427\">\n\n\n\t<div id=\"col-1886432262\" class=\"col medium-6 small-12 large-6\"  >\n\t\t\t\t<div class=\"col-inner\"  >\n\t\t\t\n\t\t\t\n\n\t<div class=\"img has-hover x md-x lg-x y md-y lg-y\" id=\"image_958171574\">\n\t\t\t\t\t\t\t\t<div class=\"img-inner dark\" >\n\t\t\t<img loading=\"lazy\" decoding=\"async\" width=\"600\" height=\"400\" src=\"https:\/\/editionslightmotiv.com\/wp-content\/uploads\/2025\/01\/R1B9556_BD-600x400.jpg\" class=\"attachment-medium size-medium\" alt=\"\" srcset=\"https:\/\/editionslightmotiv.com\/wp-content\/uploads\/2025\/01\/R1B9556_BD-600x400.jpg 600w, https:\/\/editionslightmotiv.com\/wp-content\/uploads\/2025\/01\/R1B9556_BD-1200x800.jpg 1200w, https:\/\/editionslightmotiv.com\/wp-content\/uploads\/2025\/01\/R1B9556_BD-768x512.jpg 768w, https:\/\/editionslightmotiv.com\/wp-content\/uploads\/2025\/01\/R1B9556_BD-1536x1024.jpg 1536w, https:\/\/editionslightmotiv.com\/wp-content\/uploads\/2025\/01\/R1B9556_BD-18x12.jpg 18w, https:\/\/editionslightmotiv.com\/wp-content\/uploads\/2025\/01\/R1B9556_BD-900x600.jpg 900w, https:\/\/editionslightmotiv.com\/wp-content\/uploads\/2025\/01\/R1B9556_BD.jpg 1800w\" sizes=\"auto, (max-width: 600px) 100vw, 600px\" \/>\t\t\t\t\t\t\n\t\t\t\t\t<\/div>\n\t\t\t\t\t\t\t\t\n<style>\n#image_958171574 {\n  width: 100%;\n}\n<\/style>\n\t<\/div>\n\t\n\n\t<div id=\"text-1264764008\" class=\"text\">\n\t\t\n\n<p><span style=\"font-size: 85%;\"><em>And the cat Moquette completes the team !<\/em><\/span><\/p>\n\t\t\n<style>\n#text-1264764008 {\n  line-height: 0.75;\n}\n<\/style>\n\t<\/div>\n\t\n\n\t\t<\/div>\n\t\t\t\t\t<\/div>\n\n\t\n\n\t<div id=\"col-1885678216\" class=\"col medium-6 small-12 large-6\"  >\n\t\t\t\t<div class=\"col-inner\"  >\n\t\t\t\n\t\t\t\n\n<p>Pour plus d&rsquo;informations sur l&rsquo;ensemble des photographes et \u00e9crivain.e.s publi\u00e9.e.s chez nous, consultez la page <a href=\"https:\/\/editionslightmotiv.com\/en\/auteurs-photographes\/\" target=\"_blank\" rel=\"noopener noreferrer\">Authors and photographers<\/a> .<\/p>\n\n\t\t<\/div>\n\t\t\t\t\t<\/div>\n\n\t\n\n<\/div>\n<div class=\"container section-title-container\" ><h3 class=\"section-title section-title-center\"><b aria-hidden=\"true\"><\/b><span class=\"section-title-main\" >Propositions \u00e9ditoriales<\/span><b aria-hidden=\"true\"><\/b><\/h3><\/div>\n\n<p style=\"text-align: left;\">Pour vos propositions \u00e9ditoriales et les pr\u00e9sentations de vos projets, veuillez envoyer un transfert (WeTransfer, GrosFichiers, etc.) \u00e0 l&rsquo;adresse suivante (\u00e9vitez les pi\u00e8ces jointes dans la mesure du possible) : <span style=\"text-decoration: underline;\"><a href=\"mailto:edition@lightmotiv.com\" target=\"_blank\" rel=\"noopener\">edition@lightmotiv.com<\/a><\/span><\/p>\n<p style=\"text-align: left;\">Nous regardons attentivement toutes les propositions, mais notre \u00e9quipe est petite. Nous avons besoin de plusieurs mois avant de vous r\u00e9pondre&#8230; Merci de votre compr\u00e9hension !<\/p>\n<p>\u00a0<\/p>\n<div class=\"row\"  id=\"row-596647267\">\n\n\n\t<div id=\"col-1423817630\" class=\"col medium-8 small-12 large-8\"  >\n\t\t\t\t<div class=\"col-inner\"  >\n\t\t\t\n\t\t\t\n\n\n\n<iframe src=\"https:\/\/www.google.com\/maps\/embed?pb=!1m18!1m12!1m3!1d2529.536669704114!2d3.0632165134123954!3d50.654295521513426!2m3!1f0!2f0!3f0!3m2!1i1024!2i768!4f13.1!3m3!1m2!1s0x47c32a641b8bef29%3A0xb4eedb96bca179cd!2s39%20Rue%20du%20Pr%C3%A9%20Catelan%2C%2059110%20La%20Madeleine!5e0!3m2!1sfr!2sfr!4v1717144418964!5m2!1sfr!2sfr\" width=\"600\" height=\"450\" style=\"border:0;\" allowfullscreen=\"\" loading=\"lazy\" referrerpolicy=\"no-referrer-when-downgrade\"><\/iframe>\n\n\n\t\t<\/div>\n\t\t\t\t\t<\/div>\n\n\t\n\n\t<div id=\"col-1175452702\" class=\"col medium-4 small-12 large-4\"  >\n\t\t\t\t<div class=\"col-inner\"  >\n\t\t\t\n\t\t\t\n\n<p><strong>Venez nous rendre visite !<\/strong><\/p>\n<p>Pour discuter photographie, d\u00e9couvrir et\/ou acheter un de nos livres. Nous sommes ouverts tous les jours de la semaine de 9h30 \u00e0 18h00.<\/p>\n<p>Pour des pr\u00e9sentations de projets ou conseils professionnels, c&rsquo;est sur rdv.<\/p>\n\n\t\t<\/div>\n\t\t\t\t\t<\/div>\n\n\t\n\n<\/div>\n<h3>Nos partenaires<\/h3>\n<p><img loading=\"lazy\" decoding=\"async\" class=\"alignnone wp-image-4845\" src=\"https:\/\/editionslightmotiv.com\/wp-content\/uploads\/2025\/06\/LogoFrancePhotoBook-Large-Couleur-280x205.jpg\" alt=\"Logo de l'association France PhotoBook qui regroupe une trentaine d'\u00e9diteurs fran\u00e7ais ind\u00e9pendants sp\u00e9cialis\u00e9s en livres de photographie.\" width=\"180\" height=\"132\" srcset=\"https:\/\/editionslightmotiv.com\/wp-content\/uploads\/2025\/06\/LogoFrancePhotoBook-Large-Couleur-280x205.jpg 280w, https:\/\/editionslightmotiv.com\/wp-content\/uploads\/2025\/06\/LogoFrancePhotoBook-Large-Couleur-16x12.jpg 16w, https:\/\/editionslightmotiv.com\/wp-content\/uploads\/2025\/06\/LogoFrancePhotoBook-Large-Couleur.jpg 472w\" sizes=\"auto, (max-width: 180px) 100vw, 180px\" \/>\u00a0 \u00a0 \u00a0 \u00a0 \u00a0 \u00a0 \u00a0 \u00a0 \u00a0<img loading=\"lazy\" decoding=\"async\" class=\"alignnone wp-image-4846\" src=\"https:\/\/editionslightmotiv.com\/wp-content\/uploads\/2025\/06\/logo-editeurshdf-couleur-rvb.jpg\" alt=\"Logo de l'association des \u00e9diteurs ind\u00e9pendants des Hauts-de-France\" width=\"150\" height=\"156\" srcset=\"https:\/\/editionslightmotiv.com\/wp-content\/uploads\/2025\/06\/logo-editeurshdf-couleur-rvb.jpg 485w, https:\/\/editionslightmotiv.com\/wp-content\/uploads\/2025\/06\/logo-editeurshdf-couleur-rvb-269x280.jpg 269w, https:\/\/editionslightmotiv.com\/wp-content\/uploads\/2025\/06\/logo-editeurshdf-couleur-rvb-12x12.jpg 12w\" sizes=\"auto, (max-width: 150px) 100vw, 150px\" \/>\u00a0 \u00a0 \u00a0 \u00a0 \u00a0 \u00a0 \u00a0 \u00a0 \u00a0 \u00a0 <img loading=\"lazy\" decoding=\"async\" class=\"alignnone wp-image-4847\" src=\"https:\/\/editionslightmotiv.com\/wp-content\/uploads\/2025\/06\/ar2l_logo.png\" alt=\"Logo de l'AR2L (Agence R\u00e9gionale du Livre et de la Lecture des Hauts-de-France)\" width=\"150\" height=\"104\" srcset=\"https:\/\/editionslightmotiv.com\/wp-content\/uploads\/2025\/06\/ar2l_logo.png 270w, https:\/\/editionslightmotiv.com\/wp-content\/uploads\/2025\/06\/ar2l_logo-18x12.png 18w\" sizes=\"auto, (max-width: 150px) 100vw, 150px\" \/><\/p>\n<p>Light Motiv est membre de l&rsquo;association <a href=\"https:\/\/francephotobook.fr\/\" target=\"_blank\" rel=\"noopener\">France PhotoBook<\/a> (regroupant 30 maisons d&rsquo;\u00e9ditions fran\u00e7aises ind\u00e9pendantes sp\u00e9cialis\u00e9es en livres de photographie) et de l&rsquo;association des <a href=\"https:\/\/associationdesediteurs.com\/\" target=\"_blank\" rel=\"noopener\">Editeurs ind\u00e9pendants des Hauts-de-France<\/a> (avec pr\u00e8s d&rsquo;une cinquantaine d&rsquo;adh\u00e9rent.e.s). Nous participons aussi \u00e0 la vie du livre et de l&rsquo;\u00e9dition aux c\u00f4t\u00e9s des actions port\u00e9es par <a href=\"https:\/\/www.ar2l-hdf.fr\/\" target=\"_blank\" rel=\"noopener\">l&rsquo;Agence R\u00e9gionale du Livre et de la Lecture<\/a> de la r\u00e9gion.<\/p>","protected":false},"excerpt":{"rendered":"<p>Retrouvez les infos de l&rsquo;\u00e9quipe des Editions Light Motiv, maison d&rsquo;\u00e9dition sp\u00e9cialis\u00e9e en livres de photographie. Avec Eric Le Brun, Nad\u00e8ge Fagoo, Elodie Collet, Laur\u00e8ne Becquart<\/p>","protected":false},"author":1,"featured_media":0,"parent":0,"menu_order":0,"comment_status":"closed","ping_status":"closed","template":"","meta":{"footnotes":""},"class_list":["post-41","page","type-page","status-publish","hentry"],"_links":{"self":[{"href":"https:\/\/editionslightmotiv.com\/en\/wp-json\/wp\/v2\/pages\/41","targetHints":{"allow":["GET"]}}],"collection":[{"href":"https:\/\/editionslightmotiv.com\/en\/wp-json\/wp\/v2\/pages"}],"about":[{"href":"https:\/\/editionslightmotiv.com\/en\/wp-json\/wp\/v2\/types\/page"}],"author":[{"embeddable":true,"href":"https:\/\/editionslightmotiv.com\/en\/wp-json\/wp\/v2\/users\/1"}],"replies":[{"embeddable":true,"href":"https:\/\/editionslightmotiv.com\/en\/wp-json\/wp\/v2\/comments?post=41"}],"version-history":[{"count":61,"href":"https:\/\/editionslightmotiv.com\/en\/wp-json\/wp\/v2\/pages\/41\/revisions"}],"predecessor-version":[{"id":4954,"href":"https:\/\/editionslightmotiv.com\/en\/wp-json\/wp\/v2\/pages\/41\/revisions\/4954"}],"wp:attachment":[{"href":"https:\/\/editionslightmotiv.com\/en\/wp-json\/wp\/v2\/media?parent=41"}],"curies":[{"name":"wp","href":"https:\/\/api.w.org\/{rel}","templated":true}]}}