{"id":3714,"date":"2023-06-19T16:36:50","date_gmt":"2023-06-19T14:36:50","guid":{"rendered":"https:\/\/editionslightmotiv.com\/?page_id=3714"},"modified":"2026-02-11T12:08:19","modified_gmt":"2026-02-11T11:08:19","slug":"maeva-benaiche","status":"publish","type":"page","link":"https:\/\/editionslightmotiv.com\/en\/maeva-benaiche\/","title":{"rendered":"Maeva Benaiche"},"content":{"rendered":"<a href=\"https:\/\/editionslightmotiv.com\/en\/auteurs-photographes\/\" class=\"button primary\" >\n\t\t<span>Back<\/span>\n\t<\/a>\n\n\n<figure id=\"attachment_3711\" aria-describedby=\"caption-attachment-3711\" style=\"width: 800px\" class=\"wp-caption aligncenter\"><img loading=\"lazy\" decoding=\"async\" class=\"wp-image-3711 size-large\" src=\"https:\/\/editionslightmotiv.com\/wp-content\/uploads\/2023\/06\/portrait_MaevaBenaiche-800x800.jpeg\" alt=\"Portrait en noir et blanc de la photographe Ma\u00ebva Benaiche en dessous d'une fen\u00eatre Velux \u00e9clair\u00e9e par la lumi\u00e8re du jour\" width=\"800\" height=\"800\" srcset=\"https:\/\/editionslightmotiv.com\/wp-content\/uploads\/2023\/06\/portrait_MaevaBenaiche-800x800.jpeg 800w, https:\/\/editionslightmotiv.com\/wp-content\/uploads\/2023\/06\/portrait_MaevaBenaiche-100x100.jpeg 100w, https:\/\/editionslightmotiv.com\/wp-content\/uploads\/2023\/06\/portrait_MaevaBenaiche-510x510.jpeg 510w, https:\/\/editionslightmotiv.com\/wp-content\/uploads\/2023\/06\/portrait_MaevaBenaiche-400x400.jpeg 400w, https:\/\/editionslightmotiv.com\/wp-content\/uploads\/2023\/06\/portrait_MaevaBenaiche-280x280.jpeg 280w, https:\/\/editionslightmotiv.com\/wp-content\/uploads\/2023\/06\/portrait_MaevaBenaiche-768x768.jpeg 768w, https:\/\/editionslightmotiv.com\/wp-content\/uploads\/2023\/06\/portrait_MaevaBenaiche-12x12.jpeg 12w, https:\/\/editionslightmotiv.com\/wp-content\/uploads\/2023\/06\/portrait_MaevaBenaiche.jpeg 900w\" sizes=\"auto, (max-width: 800px) 100vw, 800px\" \/><figcaption id=\"caption-attachment-3711\" class=\"wp-caption-text\"><span style=\"font-size: 80%;\">\u00a9 Ma\u00ebva Benaiche<\/span><\/figcaption><\/figure>\n<h2 class=\"wp-block-heading\" style=\"text-align: center;\"><strong>Maeva Benaiche<\/strong><\/h2>\n<p style=\"text-align: center;\">Ma\u00ebva Benaiche was born in Toulouse in 1996. After graduating with a DUT in Physical Measurements at Paul Sabatier University in Toulouse, and following an engineering course, she joined Toulouse ETPA (school of photography) in 2018 and was awarded with the \u201cGrand Prix Photo\u201d in 2021.<\/p>\n<p style=\"text-align: center;\">Her photographic work allows her to reveal feelings that she would be unable to express through a simple speech. The act of photographing then allows her, day after day, to discover herself and constitutes an essential role in her quest for identity. Her photographic approach questions the inner and outer world as well as her relationships with them, people, environments, unveiling cracks and weaknesses, underlining strengths.<\/p>\n<p style=\"text-align: center;\">Elle a publi\u00e9 son premier livre photographique,\u00a0<em><strong>Staccato<\/strong><\/em>, aux Editions Light Motiv en mai 2023.\u00a0<em>Staccato<\/em>\u00a0est un livre de sensations, naviguant entre les \u00e9l\u00e9ments organiques, les portraits, les morceaux abstraits que la photographe met en mouvement pour faire jaillir son \u00e9nergie autant que sa d\u00e9licatesse.<\/p>\n<p style=\"text-align: center;\">Son site :\u00a0<a href=\"http:\/\/www.maevabenaiche.com\/\" target=\"_blank\" rel=\"noreferrer noopener\">http:\/\/www.maevabenaiche.com\/<\/a><\/p>\n<h2 style=\"text-align: center;\">Ses livres aux Editions Light Motiv<\/h2>\n\t\n  \n    <div class=\"row  equalize-box large-columns-4 medium-columns-3 small-columns-2 row-small slider row-slider slider-nav-reveal slider-nav-push\"  data-flickity-options='{&quot;imagesLoaded&quot;: true, &quot;groupCells&quot;: &quot;100%&quot;, &quot;dragThreshold&quot; : 5, &quot;cellAlign&quot;: &quot;left&quot;,&quot;wrapAround&quot;: true,&quot;prevNextButtons&quot;: true,&quot;percentPosition&quot;: true,&quot;pageDots&quot;: false, &quot;rightToLeft&quot;: false, &quot;autoPlay&quot; : false}' >\n\n  \n\t     <div class=\"product-small col has-hover product type-product post-3603 status-publish first instock product_cat-livre product_tag-artistique product_tag-autoportrait product_tag-begaiement product_tag-begue product_tag-black-and-white product_tag-blurred product_tag-book product_tag-eau product_tag-femme product_tag-fille product_tag-girl product_tag-intimate product_tag-intime product_tag-landscape product_tag-langage product_tag-life product_tag-livre product_tag-maeva-benaiche product_tag-mineral product_tag-movement product_tag-music product_tag-musique product_tag-noir-et-blanc product_tag-organique product_tag-paysage product_tag-photographie product_tag-photography product_tag-portrait product_tag-recit-photographique product_tag-self-portrait product_tag-staccato product_tag-stammer product_tag-still-life product_tag-stutter product_tag-trouble product_tag-vie product_tag-water product_tag-woman has-post-thumbnail shipping-taxable purchasable product-type-simple\">\n\t<div class=\"col-inner\">\n\t\n<div class=\"badge-container absolute left top z-1\">\n\n<\/div>\n\t<div class=\"product-small box\">\n\t\t<div class=\"box-image\">\n\t\t\t<div class=\"image-zoom-fade\">\n\t\t\t\t<a href=\"https:\/\/editionslightmotiv.com\/en\/product\/staccato\/\">\n\t\t\t\t\t<img loading=\"lazy\" decoding=\"async\" width=\"600\" height=\"720\" src=\"https:\/\/editionslightmotiv.com\/wp-content\/uploads\/2023\/02\/couv_Staccato_site-600x720.jpg\" class=\"attachment-woocommerce_thumbnail size-woocommerce_thumbnail\" alt=\"Couverture du livre Staccato de Ma\u00ebva Benaiche. Constellation en bleu et noir avec titre.\" \/>\t\t\t\t<\/a>\n\t\t\t<\/div>\n\t\t\t<div class=\"image-tools is-small top right show-on-hover\">\n\t\t\t\t\t\t\t<\/div>\n\t\t\t<div class=\"image-tools is-small hide-for-small bottom left show-on-hover\">\n\t\t\t\t\t\t\t<\/div>\n\t\t\t<div class=\"image-tools grid-tools text-center hide-for-small bottom hover-slide-in show-on-hover\">\n\t\t\t\t<a href=\"\/en\/wp-json\/wp\/v2\/pages\/3714?add-to-cart=3603\" aria-describedby=\"woocommerce_loop_add_to_cart_link_describedby_3603\" data-quantity=\"1\" class=\"add-to-cart-grid no-padding is-transparent product_type_simple add_to_cart_button ajax_add_to_cart\" data-product_id=\"3603\" data-product_sku=\"\" aria-label=\"Add to basket: \u201cSTACCATO\u201d\" rel=\"nofollow\" data-success_message=\"\u201cSTACCATO\u201d has been added to your cart\" role=\"button\" data-no-translation-aria-label=\"\" data-no-translation-data-success_message=\"\"><div class=\"cart-icon tooltip is-small\" title=\"Add to cart\" data-no-translation-title=\"\"><strong>+<\/strong><\/div><\/a>\t<span id=\"woocommerce_loop_add_to_cart_link_describedby_3603\" class=\"screen-reader-text\">\n\t\t\t<\/span>\n<a href=\"#quick-view\" class=\"quick-view\" role=\"button\" data-prod=\"3603\" aria-haspopup=\"dialog\" aria-expanded=\"false\" data-flatsome-role-button>Quick View<\/a>\t\t\t<\/div>\n\t\t\t\t\t<\/div>\n\n\t\t<div class=\"box-text box-text-products text-center grid-style-2\">\n\t\t\t<div class=\"title-wrapper\"><p class=\"name product-title woocommerce-loop-product__title\"><a href=\"https:\/\/editionslightmotiv.com\/en\/product\/staccato\/\" class=\"woocommerce-LoopProduct-link woocommerce-loop-product__link\">STACCATO<\/a><\/p><\/div><div class=\"price-wrapper\">\n\t<span class=\"price\"><span class=\"woocommerce-Price-amount amount\"><bdi>35,00<span class=\"woocommerce-Price-currencySymbol\">&euro;<\/span><\/bdi><\/span><\/span>\n<\/div>\t\t<\/div>\n\t<\/div>\n\t\t<\/div>\n<\/div><div class=\"product-small col has-hover product type-product post-3610 status-publish instock product_cat-livre-avec-tirage product_tag-artistique product_tag-autoportrait product_tag-begaiement product_tag-begue product_tag-black-and-white product_tag-blurred product_tag-book product_tag-eau product_tag-femme product_tag-fille product_tag-girl product_tag-intimate product_tag-intime product_tag-landscape product_tag-langage product_tag-life product_tag-limited product_tag-limited-print product_tag-livre product_tag-maeva-benaiche product_tag-mineral product_tag-movement product_tag-music product_tag-musique product_tag-noir-et-blanc product_tag-organique product_tag-paysage product_tag-photographie product_tag-photography product_tag-portrait product_tag-print product_tag-recit-photographique product_tag-self-portrait product_tag-staccato product_tag-stammer product_tag-still-life product_tag-stutter product_tag-tirage-limite product_tag-tirgae product_tag-trouble product_tag-vie product_tag-water product_tag-woman has-post-thumbnail shipping-taxable purchasable product-type-variable\">\n\t<div class=\"col-inner\">\n\t\n<div class=\"badge-container absolute left top z-1\">\n\n<\/div>\n\t<div class=\"product-small box\">\n\t\t<div class=\"box-image\">\n\t\t\t<div class=\"image-zoom-fade\">\n\t\t\t\t<a href=\"https:\/\/editionslightmotiv.com\/en\/product\/staccato-avec-tirage\/\">\n\t\t\t\t\t<img loading=\"lazy\" decoding=\"async\" width=\"600\" height=\"720\" src=\"https:\/\/editionslightmotiv.com\/wp-content\/uploads\/2023\/02\/couv_Staccato_site-600x720.jpg\" class=\"attachment-woocommerce_thumbnail size-woocommerce_thumbnail\" alt=\"Couverture du livre Staccato de Ma\u00ebva Benaiche. Constellation en bleu et noir avec titre.\" \/>\t\t\t\t<\/a>\n\t\t\t<\/div>\n\t\t\t<div class=\"image-tools is-small top right show-on-hover\">\n\t\t\t\t\t\t\t<\/div>\n\t\t\t<div class=\"image-tools is-small hide-for-small bottom left show-on-hover\">\n\t\t\t\t\t\t\t<\/div>\n\t\t\t<div class=\"image-tools grid-tools text-center hide-for-small bottom hover-slide-in show-on-hover\">\n\t\t\t\t<a href=\"https:\/\/editionslightmotiv.com\/en\/product\/staccato-avec-tirage\/\" aria-describedby=\"woocommerce_loop_add_to_cart_link_describedby_3610\" data-quantity=\"1\" class=\"add-to-cart-grid no-padding is-transparent product_type_variable add_to_cart_button\" data-product_id=\"3610\" data-product_sku=\"\" aria-label=\"Select options for \u201cSTACCATO avec tirage\u201d\" rel=\"nofollow\" data-no-translation-aria-label=\"\"><div class=\"cart-icon tooltip is-small\" title=\"Select options\" data-no-translation-title=\"\"><strong>+<\/strong><\/div><\/a>\t<span id=\"woocommerce_loop_add_to_cart_link_describedby_3610\" class=\"screen-reader-text\">\n\t\tThis product has multiple variants. The options may be chosen on the product page\t<\/span>\n<a href=\"#quick-view\" class=\"quick-view\" role=\"button\" data-prod=\"3610\" aria-haspopup=\"dialog\" aria-expanded=\"false\" data-flatsome-role-button>Quick View<\/a>\t\t\t<\/div>\n\t\t\t\t\t<\/div>\n\n\t\t<div class=\"box-text box-text-products text-center grid-style-2\">\n\t\t\t<div class=\"title-wrapper\"><p class=\"name product-title woocommerce-loop-product__title\"><a href=\"https:\/\/editionslightmotiv.com\/en\/product\/staccato-avec-tirage\/\" class=\"woocommerce-LoopProduct-link woocommerce-loop-product__link\">STACCATO avec tirage<\/a><\/p><\/div><div class=\"price-wrapper\">\n\t<span class=\"price\"><span class=\"woocommerce-Price-amount amount\"><bdi>120,00<span class=\"woocommerce-Price-currencySymbol\">&euro;<\/span><\/bdi><\/span><\/span>\n<\/div>\t\t<\/div>\n\t<\/div>\n\t\t<\/div>\n<\/div><\/div>","protected":false},"excerpt":{"rendered":"<p>Ma\u00ebva Benaiche publie son premier livre photographique en 2023 aux Editions Light Motiv ; Staccato est un cri du coeur, un t\u00e9moignage en suspens&#8230;<\/p>","protected":false},"author":1,"featured_media":0,"parent":0,"menu_order":0,"comment_status":"closed","ping_status":"closed","template":"","meta":{"footnotes":""},"class_list":["post-3714","page","type-page","status-publish","hentry"],"_links":{"self":[{"href":"https:\/\/editionslightmotiv.com\/en\/wp-json\/wp\/v2\/pages\/3714","targetHints":{"allow":["GET"]}}],"collection":[{"href":"https:\/\/editionslightmotiv.com\/en\/wp-json\/wp\/v2\/pages"}],"about":[{"href":"https:\/\/editionslightmotiv.com\/en\/wp-json\/wp\/v2\/types\/page"}],"author":[{"embeddable":true,"href":"https:\/\/editionslightmotiv.com\/en\/wp-json\/wp\/v2\/users\/1"}],"replies":[{"embeddable":true,"href":"https:\/\/editionslightmotiv.com\/en\/wp-json\/wp\/v2\/comments?post=3714"}],"version-history":[{"count":11,"href":"https:\/\/editionslightmotiv.com\/en\/wp-json\/wp\/v2\/pages\/3714\/revisions"}],"predecessor-version":[{"id":5280,"href":"https:\/\/editionslightmotiv.com\/en\/wp-json\/wp\/v2\/pages\/3714\/revisions\/5280"}],"wp:attachment":[{"href":"https:\/\/editionslightmotiv.com\/en\/wp-json\/wp\/v2\/media?parent=3714"}],"curies":[{"name":"wp","href":"https:\/\/api.w.org\/{rel}","templated":true}]}}