{"id":3702,"date":"2023-06-19T12:47:35","date_gmt":"2023-06-19T10:47:35","guid":{"rendered":"https:\/\/editionslightmotiv.com\/?page_id=3702"},"modified":"2026-02-11T10:33:27","modified_gmt":"2026-02-11T09:33:27","slug":"annie-ernaux","status":"publish","type":"page","link":"https:\/\/editionslightmotiv.com\/en\/annie-ernaux\/","title":{"rendered":"Annie Ernaux"},"content":{"rendered":"\n<div class=\"wp-block-group is-layout-constrained wp-block-group-is-layout-constrained\">\n<div class=\"wp-block-buttons is-layout-flex wp-block-buttons-is-layout-flex\">\n<div class=\"wp-block-button alignright is-style-outline is-style-outline--2\"><a class=\"wp-block-button__link wp-element-button\">Retour<\/a><\/div>\n<\/div>\n<\/div>\n\n\n\n<div style=\"height:31px\" aria-hidden=\"true\" class=\"wp-block-spacer\"><\/div>\n\n\n\n<figure class=\"wp-block-image size-large\"><img decoding=\"async\" src=\"https:\/\/editionslightmotiv.com\/wp-content\/uploads\/2023\/06\/AErnaux_NFagoo_9794-V3def-1201x800.jpg\" alt=\"portrait d'annie ernaux prix nobel de litt\u00e9rature 2022\" class=\"wp-image-3700\"\/><figcaption class=\"wp-element-caption\"><sub>\u00a9 Nad\u00e8ge Fagoo<\/sub><\/figcaption><\/figure>\n\n\n\n<h2 class=\"wp-block-heading\">Biographie d&rsquo;Annie Ernaux<\/h2>\n\n\n\n<p><em>\u00ab\u00a0\u00c9crire, c\u2019est donner de l\u2019avenir au pass\u00e9\u00a0\u00bb<a id=\"_ftnref1\" href=\"#_ftn1\">[1]<\/a>.<\/em><\/p>\n\n\n\n<p>N\u00e9e en 1940, Annie Ernaux grandit, en Normandie, dans un milieu populaire. Ses parents, anciens ouvriers, tiennent un caf\u00e9-\u00e9picerie \u00e0 Lillebonne, puis \u00e0 Yvetot. Elle fait des \u00e9tudes de lettres \u00e0 Rouen et devient professeure. Son premier roman, <em>Les armoires vides<\/em> (1974), annonce d\u00e9j\u00e0 le caract\u00e8re autobiographique et social de son \u0153uvre.<\/p>\n\n\n\n<p>Sans cesse, elle cherchera \u00e0 transcrire la r\u00e9alit\u00e9 \u00e0 partir de la sensation \u00e9prouv\u00e9e. <em>\u00ab\u00a0C\u2019est \u00e0 soi et \u00e0 personne d\u2019autre que les choses arrivent\u00a0\u00bb[<a id=\"_ftnref2\" href=\"#_ftn2\">2]<\/a><\/em>.\u00a0 Trouver le mot juste, en accord avec l\u2019exp\u00e9rience commune, d\u00e9finit sa ligne d\u2019\u00e9criture d\u00e8s <em>La Place <\/em>qui re\u00e7oit le Prix Renaudot en 1984<em>. <\/em>\u00c0 partir de ce livre, elle rompt avec la fiction et recherche des formes nouvelles d\u2019autobiographie, comme dans <em>Les Ann\u00e9es<\/em>, m\u00e9moire collective d\u2019une g\u00e9n\u00e9ration.<\/p>\n\n\n\n<p>Son \u0153uvre est principalement publi\u00e9e chez Gallimard depuis 1974.<\/p>\n\n\n\n<p><em>L\u2019autre fille<\/em>, dont l\u2019ouvrage publi\u00e9 aux Editions Light Motiv (2023) constitue une nouvelle version accompagn\u00e9e des photographies de <a href=\"https:\/\/editionslightmotiv.com\/auteurs-photographes\/nadege-fagoo\/\" data-type=\"page\" data-id=\"737\">Nad\u00e8ge Fagoo<\/a>, para\u00eet pour la premi\u00e8re fois en 2011 dans la collection<em>\u00a0Les affranchis <\/em>chez NiL \u00c9ditions.<\/p>\n\n\n\n<p>Se d\u00e9signant elle-m\u00eame comme transfuge de classe, elle consid\u00e8re la litt\u00e9rature comme moyen de connaissance de soi et du monde, source d\u2019\u00e9mancipation. Son \u0153uvre voisine de plus en plus la photographie, appr\u00e9ci\u00e9e par Annie Ernaux comme \u00ab&nbsp;un activateur d\u2019\u00e9criture, encore plus que de m\u00e9moire&nbsp;\u00bb[<a id=\"_ftnref3\" href=\"#_ftn3\">3]<\/a>.<\/p>\n\n\n\n<p>Annie Ernaux a re\u00e7u le Prix Nobel de litt\u00e9rature en 2022.<\/p>\n\n\n\n<p>Elle &nbsp;vit et \u00e9crit \u00e0 Cergy-Pontoise depuis 1975.<\/p>\n\n\n\n<hr class=\"wp-block-separator has-alpha-channel-opacity\"\/>\n\n\n\n<p><a id=\"_ftn1\" href=\"#_ftnref1\">[1]<\/a> Entretien avec Eric Fottorino \u2013 <a href=\"https:\/\/zadiglemag.aboshop.fr\/common\/product-article\/14?fbclid=IwAR1ok6tjVwyMLkQvc4Gcx0CISOH38EUEhwamkpNYnaoZkSrGfilaEQVAlmk\" target=\"_blank\" rel=\"noreferrer noopener\">Revue Zadig N\u00b04<\/a> \u2013 2019<\/p>\n\n\n\n<p><a href=\"#_ftnref2\" id=\"_ftn2\">2<\/a> Retour \u00e0 Yvetot \u2013 Annie Ernaux \u2013 Editions du Mauconduit \u2013 2022<\/p>\n\n\n\n<p><a id=\"_ftn3\" href=\"#_ftnref3\">3<\/a> Retour \u00e0 Yvetot \u2013 Annie Ernaux \u2013 Editions du Mauconduit \u2013 2022<\/p>\n\n\n\n<h2 class=\"wp-block-heading\">Livres<\/h2>\n\n\n<div data-block-name=\"woocommerce\/handpicked-products\" data-products=\"[3492,3499]\" class=\"wc-block-grid wp-block-handpicked-products wp-block-woocommerce-handpicked-products wc-block-handpicked-products has-3-columns has-multiple-rows\"><ul class=\"wc-block-grid__products\"><li class=\"wc-block-grid__product\">\n\t\t\t\t<a href=\"https:\/\/editionslightmotiv.com\/en\/product\/lautre-fille-avec-tirage\/\" class=\"wc-block-grid__product-link\">\n\t\t\t\t\t\n\t\t\t\t\t<div class=\"wc-block-grid__product-image\"><img loading=\"lazy\" decoding=\"async\" width=\"600\" height=\"720\" src=\"https:\/\/editionslightmotiv.com\/wp-content\/uploads\/2023\/01\/COUV_LAF_bandeau_cadre_site2-600x720.jpg\" class=\"attachment-woocommerce_thumbnail size-woocommerce_thumbnail\" alt=\"Couverture du livre L&#039;autre fille de Nad\u00e8ge Fagoo et d&#039;Annie Ernaux\" \/><\/div>\n\t\t\t\t\t<div class=\"wc-block-grid__product-title\">L&rsquo;AUTRE FILLE avec tirage<\/div>\n\t\t\t\t<\/a>\n\t\t\t\t<div class=\"wc-block-grid__product-price price\"><span class=\"woocommerce-Price-amount amount\">100,00<span class=\"woocommerce-Price-currencySymbol\">&euro;<\/span><\/span><\/div>\n\t\t\t\t\n\t\t\t\t<div class=\"wp-block-button wc-block-grid__product-add-to-cart\"><a href=\"https:\/\/editionslightmotiv.com\/en\/product\/lautre-fille-avec-tirage\/\" aria-label=\"Select options for &ldquo;L&#039;AUTRE FILLE avec tirage&rdquo;\" data-quantity=\"1\" data-product_id=\"3499\" data-product_sku=\"\" data-price=\"100\" rel=\"nofollow\" class=\"wp-block-button__link  add_to_cart_button\">Select options<\/a><\/div>\n\t\t\t<\/li><li class=\"wc-block-grid__product\">\n\t\t\t\t<a href=\"https:\/\/editionslightmotiv.com\/en\/product\/lautre-fille\/\" class=\"wc-block-grid__product-link\">\n\t\t\t\t\t\n\t\t\t\t\t<div class=\"wc-block-grid__product-image\"><img loading=\"lazy\" decoding=\"async\" width=\"600\" height=\"720\" src=\"https:\/\/editionslightmotiv.com\/wp-content\/uploads\/2023\/01\/COUV_LAF_bandeau_cadre_site2-600x720.jpg\" class=\"attachment-woocommerce_thumbnail size-woocommerce_thumbnail\" alt=\"Couverture du livre L&#039;autre fille de Nad\u00e8ge Fagoo et d&#039;Annie Ernaux\" \/><\/div>\n\t\t\t\t\t<div class=\"wc-block-grid__product-title\">L&rsquo;AUTRE FILLE<\/div>\n\t\t\t\t<\/a>\n\t\t\t\t<div class=\"wc-block-grid__product-price price\"><span class=\"woocommerce-Price-amount amount\">23,00<span class=\"woocommerce-Price-currencySymbol\">&euro;<\/span><\/span><\/div>\n\t\t\t\t\n\t\t\t\t<div class=\"wp-block-button wc-block-grid__product-add-to-cart\"><a href=\"\/en\/wp-json\/wp\/v2\/pages\/3702?add-to-cart=3492\" aria-label=\"Add to basket: &ldquo;L&#039;AUTRE FILLE&rdquo;\" data-quantity=\"1\" data-product_id=\"3492\" data-product_sku=\"\" data-price=\"23\" rel=\"nofollow\" class=\"wp-block-button__link  add_to_cart_button ajax_add_to_cart\">Add to cart<\/a><\/div>\n\t\t\t<\/li><\/ul><\/div>\n\n\n<figure class=\"wp-block-image size-large\">\n<figcaption class=\"wp-element-caption\"><sub><img loading=\"lazy\" decoding=\"async\" class=\"alignnone size-large wp-image-4570 aligncenter\" src=\"https:\/\/editionslightmotiv.com\/wp-content\/uploads\/2025\/02\/AErnaux_NFagoo_9794-V3def-1201x800.jpg\" alt=\"\" width=\"1020\" height=\"679\" srcset=\"https:\/\/editionslightmotiv.com\/wp-content\/uploads\/2025\/02\/AErnaux_NFagoo_9794-V3def-1201x800.jpg 1201w, https:\/\/editionslightmotiv.com\/wp-content\/uploads\/2025\/02\/AErnaux_NFagoo_9794-V3def-600x400.jpg 600w, https:\/\/editionslightmotiv.com\/wp-content\/uploads\/2025\/02\/AErnaux_NFagoo_9794-V3def-768x512.jpg 768w, https:\/\/editionslightmotiv.com\/wp-content\/uploads\/2025\/02\/AErnaux_NFagoo_9794-V3def-1536x1023.jpg 1536w, https:\/\/editionslightmotiv.com\/wp-content\/uploads\/2025\/02\/AErnaux_NFagoo_9794-V3def-18x12.jpg 18w, https:\/\/editionslightmotiv.com\/wp-content\/uploads\/2025\/02\/AErnaux_NFagoo_9794-V3def-900x600.jpg 900w, https:\/\/editionslightmotiv.com\/wp-content\/uploads\/2025\/02\/AErnaux_NFagoo_9794-V3def.jpg 1654w\" sizes=\"auto, (max-width: 1020px) 100vw, 1020px\" \/><\/sub><\/figcaption>\n<span style=\"font-size: 75%; font-family: helvetica, arial, sans-serif;\">\u00a9 Nad\u00e8ge Fagoo<\/span><\/figure>\n<h2 class=\"wp-block-heading\" style=\"text-align: center;\"><strong>Annie Ernaux<\/strong><\/h2>\n<p style=\"text-align: center;\"><em>\u00ab\u00a0\u00c9crire, c\u2019est donner de l\u2019avenir au pass\u00e9\u00a0\u00bb<a id=\"_ftnref1\" href=\"https:\/\/editionslightmotiv.com\/annie-ernaux\/#_ftn1\">[1]<\/a>.<\/em><\/p>\n<p style=\"text-align: center;\">N\u00e9e en 1940, Annie Ernaux grandit, en Normandie, dans un milieu populaire. Ses parents, anciens ouvriers, tiennent un caf\u00e9-\u00e9picerie \u00e0 Lillebonne, puis \u00e0 Yvetot. Elle fait des \u00e9tudes de lettres \u00e0 Rouen et devient professeure. Son premier roman,\u00a0<em>Les armoires vides<\/em>\u00a0(1974), annonce d\u00e9j\u00e0 le caract\u00e8re autobiographique et social de son \u0153uvre.<\/p>\n<p style=\"text-align: center;\">Sans cesse, elle cherchera \u00e0 transcrire la r\u00e9alit\u00e9 \u00e0 partir de la sensation \u00e9prouv\u00e9e.\u00a0<em>\u00ab\u00a0C\u2019est \u00e0 soi et \u00e0 personne d\u2019autre que les choses arrivent\u00a0\u00bb[<a id=\"_ftnref2\" href=\"https:\/\/editionslightmotiv.com\/annie-ernaux\/#_ftn2\">2]<\/a><\/em>.\u00a0 Trouver le mot juste, en accord avec l\u2019exp\u00e9rience commune, d\u00e9finit sa ligne d\u2019\u00e9criture d\u00e8s\u00a0<em>La Place\u00a0<\/em>qui re\u00e7oit le Prix Renaudot en 1984<em>.\u00a0<\/em>\u00c0 partir de ce livre, elle rompt avec la fiction et recherche des formes nouvelles d\u2019autobiographie, comme dans\u00a0<em>Les Ann\u00e9es<\/em>, m\u00e9moire collective d\u2019une g\u00e9n\u00e9ration.<\/p>\n<p style=\"text-align: center;\">Son \u0153uvre est principalement publi\u00e9e chez Gallimard depuis 1974.<\/p>\n<p style=\"text-align: center;\"><em>L\u2019autre fille<\/em>, dont l\u2019ouvrage publi\u00e9 aux Editions Light Motiv (2023) constitue une nouvelle version accompagn\u00e9e des photographies de\u00a0<a href=\"https:\/\/editionslightmotiv.com\/auteurs-photographes\/nadege-fagoo\/\" data-type=\"page\" data-id=\"737\">Nad\u00e8ge Fagoo<\/a>, para\u00eet pour la premi\u00e8re fois en 2011 dans la collection<em>\u00a0Les affranchis\u00a0<\/em>chez NiL \u00c9ditions.<\/p>\n<p style=\"text-align: center;\">Se d\u00e9signant elle-m\u00eame comme transfuge de classe, elle consid\u00e8re la litt\u00e9rature comme moyen de connaissance de soi et du monde, source d\u2019\u00e9mancipation. Son \u0153uvre voisine de plus en plus la photographie, appr\u00e9ci\u00e9e par Annie Ernaux comme \u00ab\u00a0un activateur d\u2019\u00e9criture, encore plus que de m\u00e9moire\u00a0\u00bb[<a id=\"_ftnref3\" href=\"https:\/\/editionslightmotiv.com\/annie-ernaux\/#_ftn3\">3]<\/a>.<\/p>\n<p style=\"text-align: center;\">Annie Ernaux a re\u00e7u le Prix Nobel de litt\u00e9rature en 2022.<\/p>\n<p style=\"text-align: center;\">Elle \u00a0vit et \u00e9crit \u00e0 Cergy-Pontoise depuis 1975.<\/p>\n<hr class=\"wp-block-separator has-alpha-channel-opacity\" \/>\n<p style=\"text-align: center;\"><a id=\"_ftn1\" href=\"https:\/\/editionslightmotiv.com\/annie-ernaux\/#_ftnref1\">[1]<\/a>\u00a0Entretien avec Eric Fottorino \u2013\u00a0<a href=\"https:\/\/zadiglemag.aboshop.fr\/common\/product-article\/14?fbclid=IwAR1ok6tjVwyMLkQvc4Gcx0CISOH38EUEhwamkpNYnaoZkSrGfilaEQVAlmk\" target=\"_blank\" rel=\"noreferrer noopener\">Revue Zadig N\u00b04<\/a>\u00a0\u2013 2019<\/p>\n<p style=\"text-align: center;\"><a id=\"_ftn2\" href=\"https:\/\/editionslightmotiv.com\/annie-ernaux\/#_ftnref2\">2<\/a>\u00a0Retour \u00e0 Yvetot \u2013 Annie Ernaux \u2013 Editions du Mauconduit \u2013 2022<\/p>\n<p style=\"text-align: center;\"><a id=\"_ftn3\" href=\"https:\/\/editionslightmotiv.com\/annie-ernaux\/#_ftnref3\">3<\/a>\u00a0Retour \u00e0 Yvetot \u2013 Annie Ernaux \u2013 Editions du Mauconduit \u2013 2022<\/p>\n\n","protected":false},"excerpt":{"rendered":"<p>Biographie d&rsquo;Annie Ernaux \u00ab\u00a0\u00c9crire, c\u2019est donner de l\u2019avenir au pass\u00e9\u00a0\u00bb[1]. N\u00e9e en 1940, Annie Ernaux grandit, en Normandie, dans un milieu populaire. Ses parents, anciens ouvriers, tiennent un caf\u00e9-\u00e9picerie \u00e0 Lillebonne, puis \u00e0 Yvetot. Elle fait des \u00e9tudes de lettres \u00e0 Rouen et devient professeure. Son premier roman, Les armoires vides (1974), annonce d\u00e9j\u00e0 le<\/p>\n","protected":false},"author":1,"featured_media":0,"parent":0,"menu_order":0,"comment_status":"closed","ping_status":"closed","template":"","meta":{"footnotes":""},"class_list":["post-3702","page","type-page","status-publish","hentry"],"_links":{"self":[{"href":"https:\/\/editionslightmotiv.com\/en\/wp-json\/wp\/v2\/pages\/3702","targetHints":{"allow":["GET"]}}],"collection":[{"href":"https:\/\/editionslightmotiv.com\/en\/wp-json\/wp\/v2\/pages"}],"about":[{"href":"https:\/\/editionslightmotiv.com\/en\/wp-json\/wp\/v2\/types\/page"}],"author":[{"embeddable":true,"href":"https:\/\/editionslightmotiv.com\/en\/wp-json\/wp\/v2\/users\/1"}],"replies":[{"embeddable":true,"href":"https:\/\/editionslightmotiv.com\/en\/wp-json\/wp\/v2\/comments?post=3702"}],"version-history":[{"count":11,"href":"https:\/\/editionslightmotiv.com\/en\/wp-json\/wp\/v2\/pages\/3702\/revisions"}],"predecessor-version":[{"id":5229,"href":"https:\/\/editionslightmotiv.com\/en\/wp-json\/wp\/v2\/pages\/3702\/revisions\/5229"}],"wp:attachment":[{"href":"https:\/\/editionslightmotiv.com\/en\/wp-json\/wp\/v2\/media?parent=3702"}],"curies":[{"name":"wp","href":"https:\/\/api.w.org\/{rel}","templated":true}]}}