{"id":3469,"date":"2022-12-22T15:08:15","date_gmt":"2022-12-22T14:08:15","guid":{"rendered":"https:\/\/editionslightmotiv.com\/?page_id=3469"},"modified":"2026-02-11T11:51:31","modified_gmt":"2026-02-11T10:51:31","slug":"quentin-pruvost","status":"publish","type":"page","link":"https:\/\/editionslightmotiv.com\/en\/auteurs-photographes\/quentin-pruvost\/","title":{"rendered":"Quentin Pruvost"},"content":{"rendered":"<a href=\"https:\/\/editionslightmotiv.com\/en\/auteurs-photographes\/\" class=\"button primary is-link\" >\n\t\t<span>RETOUR<\/span>\n\t<\/a>\n\n\n<p style=\"text-align: center;\"><img loading=\"lazy\" decoding=\"async\" class=\"alignnone size-medium wp-image-3471 aligncenter\" src=\"https:\/\/editionslightmotiv.com\/wp-content\/uploads\/2022\/12\/Quentin-320x400.jpg\" alt=\"\" width=\"320\" height=\"400\" srcset=\"https:\/\/editionslightmotiv.com\/wp-content\/uploads\/2022\/12\/Quentin-320x400.jpg 320w, https:\/\/editionslightmotiv.com\/wp-content\/uploads\/2022\/12\/Quentin-900x1125.jpg 900w, https:\/\/editionslightmotiv.com\/wp-content\/uploads\/2022\/12\/Quentin-640x800.jpg 640w, https:\/\/editionslightmotiv.com\/wp-content\/uploads\/2022\/12\/Quentin-768x960.jpg 768w, https:\/\/editionslightmotiv.com\/wp-content\/uploads\/2022\/12\/Quentin-1229x1536.jpg 1229w, https:\/\/editionslightmotiv.com\/wp-content\/uploads\/2022\/12\/Quentin-1639x2048.jpg 1639w, https:\/\/editionslightmotiv.com\/wp-content\/uploads\/2022\/12\/Quentin-10x12.jpg 10w, https:\/\/editionslightmotiv.com\/wp-content\/uploads\/2022\/12\/Quentin.jpg 1935w\" sizes=\"auto, (max-width: 320px) 100vw, 320px\" \/><span style=\"font-size: 80%;\">\u00a9 Quentin Pruvost<\/span><\/p>\n<p style=\"text-align: center;\"><span style=\"font-size: 170%; color: #282828;\"><strong>Quentin Pruvost<\/strong><\/span><\/p>\n<div title=\"Page 5\">\n<div>\n<div>\n<div>\n<p style=\"text-align: center;\">Ne\u0301 en 1983, Quentin Pruvost habite aujourd\u2019hui \u00e0 Bermeries en Pays de Mormal. Il exerce la photographie depuis dix ans. Son travail envo\u00fbtant sur le cours des rivi\u00e8res a \u00e9t\u00e9 remarqu\u00e9 par l&rsquo;Institut pour la Photographie qui a produit en 2022 sa premi\u00e8re exposition personnelle INLAND VOYAGE pr\u00e9sent\u00e9e en ext\u00e9rieur \u00e0 Lille.<\/p>\n<p style=\"text-align: center;\"><strong><em>An Inland voyage<\/em><\/strong> de Stevenson est l\u2019occasion pour le photographe de revenir sur ses souvenirs d\u2019enfance en canoe\u0308 sur la Sambre. Ses vues des berges et de l\u2019environnement des rivie\u0300res e\u0301voquent le caracte\u0300re introspectif de leur expe\u0301rience commune. La densite\u0301 de la ve\u0301ge\u0301tation est accentue\u0301e en investissant tout le cadre de l\u2019image avec des effets de lumie\u0300re qui transforment le paysage en sce\u0300nes myste\u0301rieuses coulissantes.<\/p>\n<blockquote>\n<p><span style=\"font-size: 80%;\">\u00ab\u00a0Enfant, alors au coll\u00e8ge, j&rsquo;habitais pr\u00e8s de Pont-sur-Sambre. Tous les samedis apr\u00e8s-midi, nous partions \u00e0 l&rsquo;aventure en cano\u00ebs, pr\u00eat\u00e9s par le petit club du village, dont nous \u00e9tions les seuls habitu\u00e9s. Sentiment de libert\u00e9&#8230; sans savoir que Stevenson \u00e9tait aussi pass\u00e9 par l\u00e0. A cet \u00e2ge, seuls dans nos embarcations, nous nous prenions pour des explorateurs, j&rsquo;avais l&rsquo;impression d&rsquo;\u00eatre Tintin, dans l&rsquo;Oreille cass\u00e9e, sur l&rsquo;Amazone, \u00e0 la rencontre des Arumbayas. Apr\u00e8s un m\u00e9andre de la rivi\u00e8re devenue immense fleuve, qu&rsquo;allais-je d\u00e9couvrir ?\u00a0\u00bb<\/span><\/p>\n<\/blockquote>\n<p style=\"text-align: center;\">Son site internet : <a href=\"http:\/\/www.quentin-pruvost.com\/\" target=\"_blank\" rel=\"noopener\">http:\/\/www.quentin-pruvost.com\/<\/a><\/p>\n<h2 style=\"text-align: center;\">Ses livres aux Editions Light Motiv<\/h2>\n<\/div>\n<\/div>\n<\/div>\n<\/div>\n\t\n  \n    <div class=\"row large-columns-6 medium-columns-3 small-columns-2 row-small slider row-slider slider-nav-simple slider-nav-push\"  data-flickity-options='{&quot;imagesLoaded&quot;: true, &quot;groupCells&quot;: &quot;100%&quot;, &quot;dragThreshold&quot; : 5, &quot;cellAlign&quot;: &quot;left&quot;,&quot;wrapAround&quot;: true,&quot;prevNextButtons&quot;: true,&quot;percentPosition&quot;: true,&quot;pageDots&quot;: false, &quot;rightToLeft&quot;: false, &quot;autoPlay&quot; : false}' >\n\n  \n\t     <div class=\"product-small col has-hover product type-product post-3321 status-publish first instock product_cat-livre product_tag-canoe product_tag-dream product_tag-environment product_tag-environnement product_tag-fantastic product_tag-fantastique product_tag-herve-leroy product_tag-jean-philippe-mailliez product_tag-landscape product_tag-literature product_tag-litterature product_tag-nature product_tag-nord product_tag-oise product_tag-pareidolie product_tag-pas-de-calais product_tag-paysage product_tag-photographie product_tag-photography product_tag-portrait product_tag-quentin-pruvost product_tag-reve product_tag-river product_tag-riviere product_tag-robert-louis-stevenson product_tag-sambre product_tag-stevenson product_tag-travel product_tag-travelogue product_tag-voyage has-post-thumbnail shipping-taxable purchasable product-type-simple\">\n\t<div class=\"col-inner\">\n\t\n<div class=\"badge-container absolute left top z-1\">\n\n<\/div>\n\t<div class=\"product-small box\">\n\t\t<div class=\"box-image\">\n\t\t\t<div class=\"image-zoom-fade\">\n\t\t\t\t<a href=\"https:\/\/editionslightmotiv.com\/en\/product\/inland-voyage\/\">\n\t\t\t\t\t<img loading=\"lazy\" decoding=\"async\" width=\"600\" height=\"720\" src=\"https:\/\/editionslightmotiv.com\/wp-content\/uploads\/2022\/09\/InlandVoyage_couvBD_claire2_siteweb-scaled-600x720.jpg\" class=\"attachment-woocommerce_thumbnail size-woocommerce_thumbnail\" alt=\"INLAND VOYAGE\" \/>\t\t\t\t<\/a>\n\t\t\t<\/div>\n\t\t\t<div class=\"image-tools is-small top right show-on-hover\">\n\t\t\t\t\t\t\t<\/div>\n\t\t\t<div class=\"image-tools is-small hide-for-small bottom left show-on-hover\">\n\t\t\t\t\t\t\t<\/div>\n\t\t\t<div class=\"image-tools grid-tools text-center hide-for-small bottom hover-slide-in show-on-hover\">\n\t\t\t\t<a href=\"\/en\/wp-json\/wp\/v2\/pages\/3469?add-to-cart=3321\" aria-describedby=\"woocommerce_loop_add_to_cart_link_describedby_3321\" data-quantity=\"1\" class=\"add-to-cart-grid no-padding is-transparent product_type_simple add_to_cart_button ajax_add_to_cart\" data-product_id=\"3321\" data-product_sku=\"\" aria-label=\"Add to basket: \u201cINLAND VOYAGE\u201d\" rel=\"nofollow\" data-success_message=\"\u201cINLAND VOYAGE\u201d has been added to your cart\" role=\"button\" data-no-translation-aria-label=\"\" data-no-translation-data-success_message=\"\"><div class=\"cart-icon tooltip is-small\" title=\"Add to cart\" data-no-translation-title=\"\"><strong>+<\/strong><\/div><\/a>\t<span id=\"woocommerce_loop_add_to_cart_link_describedby_3321\" class=\"screen-reader-text\">\n\t\t\t<\/span>\n<a href=\"#quick-view\" class=\"quick-view\" role=\"button\" data-prod=\"3321\" aria-haspopup=\"dialog\" aria-expanded=\"false\" data-flatsome-role-button>Quick View<\/a>\t\t\t<\/div>\n\t\t\t\t\t<\/div>\n\n\t\t<div class=\"box-text box-text-products text-center grid-style-2\">\n\t\t\t<div class=\"title-wrapper\"><p class=\"name product-title woocommerce-loop-product__title\"><a href=\"https:\/\/editionslightmotiv.com\/en\/product\/inland-voyage\/\" class=\"woocommerce-LoopProduct-link woocommerce-loop-product__link\">INLAND VOYAGE<\/a><\/p><\/div><div class=\"price-wrapper\">\n\t<span class=\"price\"><span class=\"woocommerce-Price-amount amount\"><bdi>39,00<span class=\"woocommerce-Price-currencySymbol\">&euro;<\/span><\/bdi><\/span><\/span>\n<\/div>\t\t<\/div>\n\t<\/div>\n\t\t<\/div>\n<\/div><div class=\"product-small col has-hover product type-product post-3437 status-publish instock product_cat-livre-avec-tirage product_tag-canoe product_tag-dream product_tag-environment product_tag-environnement product_tag-fantastic product_tag-fantastique product_tag-herve-leroy product_tag-jean-philippe-mailliez product_tag-landscape product_tag-limited-print product_tag-literature product_tag-litterature product_tag-nature product_tag-nord product_tag-oise product_tag-pareidolie product_tag-pas-de-calais product_tag-paysage product_tag-photographie product_tag-photography product_tag-portrait product_tag-print product_tag-quentin-pruvost product_tag-reve product_tag-river product_tag-riviere product_tag-robert-louis-stevenson product_tag-sambre product_tag-stevenson product_tag-tirage product_tag-tirage-de-tete product_tag-tirage-limite product_tag-travel product_tag-travelogue product_tag-voyage has-post-thumbnail shipping-taxable purchasable product-type-variable\">\n\t<div class=\"col-inner\">\n\t\n<div class=\"badge-container absolute left top z-1\">\n\n<\/div>\n\t<div class=\"product-small box\">\n\t\t<div class=\"box-image\">\n\t\t\t<div class=\"image-zoom-fade\">\n\t\t\t\t<a href=\"https:\/\/editionslightmotiv.com\/en\/product\/inland-voyage-avec-tirage\/\">\n\t\t\t\t\t<img loading=\"lazy\" decoding=\"async\" width=\"600\" height=\"720\" src=\"https:\/\/editionslightmotiv.com\/wp-content\/uploads\/2022\/09\/InlandVoyage_couvBD_claire2_siteweb-scaled-600x720.jpg\" class=\"attachment-woocommerce_thumbnail size-woocommerce_thumbnail\" alt=\"INLAND VOYAGE avec tirage\" \/>\t\t\t\t<\/a>\n\t\t\t<\/div>\n\t\t\t<div class=\"image-tools is-small top right show-on-hover\">\n\t\t\t\t\t\t\t<\/div>\n\t\t\t<div class=\"image-tools is-small hide-for-small bottom left show-on-hover\">\n\t\t\t\t\t\t\t<\/div>\n\t\t\t<div class=\"image-tools grid-tools text-center hide-for-small bottom hover-slide-in show-on-hover\">\n\t\t\t\t<a href=\"https:\/\/editionslightmotiv.com\/en\/product\/inland-voyage-avec-tirage\/\" aria-describedby=\"woocommerce_loop_add_to_cart_link_describedby_3437\" data-quantity=\"1\" class=\"add-to-cart-grid no-padding is-transparent product_type_variable add_to_cart_button\" data-product_id=\"3437\" data-product_sku=\"\" aria-label=\"Select options for \u201cINLAND VOYAGE avec tirage\u201d\" rel=\"nofollow\" data-no-translation-aria-label=\"\"><div class=\"cart-icon tooltip is-small\" title=\"Select options\" data-no-translation-title=\"\"><strong>+<\/strong><\/div><\/a>\t<span id=\"woocommerce_loop_add_to_cart_link_describedby_3437\" class=\"screen-reader-text\">\n\t\tThis product has multiple variants. The options may be chosen on the product page\t<\/span>\n<a href=\"#quick-view\" class=\"quick-view\" role=\"button\" data-prod=\"3437\" aria-haspopup=\"dialog\" aria-expanded=\"false\" data-flatsome-role-button>Quick View<\/a>\t\t\t<\/div>\n\t\t\t\t\t<\/div>\n\n\t\t<div class=\"box-text box-text-products text-center grid-style-2\">\n\t\t\t<div class=\"title-wrapper\"><p class=\"name product-title woocommerce-loop-product__title\"><a href=\"https:\/\/editionslightmotiv.com\/en\/product\/inland-voyage-avec-tirage\/\" class=\"woocommerce-LoopProduct-link woocommerce-loop-product__link\">INLAND VOYAGE avec tirage<\/a><\/p><\/div><div class=\"price-wrapper\">\n\t<span class=\"price\"><span class=\"woocommerce-Price-amount amount\"><bdi>150,00<span class=\"woocommerce-Price-currencySymbol\">&euro;<\/span><\/bdi><\/span><\/span>\n<\/div>\t\t<\/div>\n\t<\/div>\n\t\t<\/div>\n<\/div><\/div>","protected":false},"excerpt":{"rendered":"","protected":false},"author":1,"featured_media":0,"parent":43,"menu_order":0,"comment_status":"closed","ping_status":"closed","template":"","meta":{"footnotes":""},"class_list":["post-3469","page","type-page","status-publish","hentry"],"_links":{"self":[{"href":"https:\/\/editionslightmotiv.com\/en\/wp-json\/wp\/v2\/pages\/3469","targetHints":{"allow":["GET"]}}],"collection":[{"href":"https:\/\/editionslightmotiv.com\/en\/wp-json\/wp\/v2\/pages"}],"about":[{"href":"https:\/\/editionslightmotiv.com\/en\/wp-json\/wp\/v2\/types\/page"}],"author":[{"embeddable":true,"href":"https:\/\/editionslightmotiv.com\/en\/wp-json\/wp\/v2\/users\/1"}],"replies":[{"embeddable":true,"href":"https:\/\/editionslightmotiv.com\/en\/wp-json\/wp\/v2\/comments?post=3469"}],"version-history":[{"count":5,"href":"https:\/\/editionslightmotiv.com\/en\/wp-json\/wp\/v2\/pages\/3469\/revisions"}],"predecessor-version":[{"id":5270,"href":"https:\/\/editionslightmotiv.com\/en\/wp-json\/wp\/v2\/pages\/3469\/revisions\/5270"}],"up":[{"embeddable":true,"href":"https:\/\/editionslightmotiv.com\/en\/wp-json\/wp\/v2\/pages\/43"}],"wp:attachment":[{"href":"https:\/\/editionslightmotiv.com\/en\/wp-json\/wp\/v2\/media?parent=3469"}],"curies":[{"name":"wp","href":"https:\/\/api.w.org\/{rel}","templated":true}]}}