{"id":3465,"date":"2022-12-22T14:53:12","date_gmt":"2022-12-22T13:53:12","guid":{"rendered":"https:\/\/editionslightmotiv.com\/?page_id=3465"},"modified":"2026-02-11T11:30:23","modified_gmt":"2026-02-11T10:30:23","slug":"jean-philippe-mailliez","status":"publish","type":"page","link":"https:\/\/editionslightmotiv.com\/en\/auteurs-photographes\/jean-philippe-mailliez\/","title":{"rendered":"Jean-Philippe Mailliez"},"content":{"rendered":"<a href=\"https:\/\/editionslightmotiv.com\/en\/auteurs-photographes\/\" class=\"button primary is-link\" >\n\t\t<span>RETOUR<\/span>\n\t<\/a>\n\n\n<p style=\"text-align: center;\"><img loading=\"lazy\" decoding=\"async\" class=\"size-medium wp-image-3467 aligncenter\" src=\"https:\/\/editionslightmotiv.com\/wp-content\/uploads\/2022\/12\/jean-Philippe101-267x400.jpg\" alt=\"\" width=\"267\" height=\"400\" data-wp-editing=\"1\" srcset=\"https:\/\/editionslightmotiv.com\/wp-content\/uploads\/2022\/12\/jean-Philippe101-267x400.jpg 267w, https:\/\/editionslightmotiv.com\/wp-content\/uploads\/2022\/12\/jean-Philippe101-900x1350.jpg 900w, https:\/\/editionslightmotiv.com\/wp-content\/uploads\/2022\/12\/jean-Philippe101-533x800.jpg 533w, https:\/\/editionslightmotiv.com\/wp-content\/uploads\/2022\/12\/jean-Philippe101-768x1152.jpg 768w, https:\/\/editionslightmotiv.com\/wp-content\/uploads\/2022\/12\/jean-Philippe101-1024x1536.jpg 1024w, https:\/\/editionslightmotiv.com\/wp-content\/uploads\/2022\/12\/jean-Philippe101-8x12.jpg 8w, https:\/\/editionslightmotiv.com\/wp-content\/uploads\/2022\/12\/jean-Philippe101.jpg 1134w\" sizes=\"auto, (max-width: 267px) 100vw, 267px\" \/> <span style=\"font-size: 80%;\">\u00a9 Eric Le Brun<\/span><\/p>\n<p style=\"text-align: center;\"><span style=\"font-size: 170%; color: #282828;\"><strong>Jean-Philippe Mailliez<\/strong><\/span><\/p>\n<p style=\"text-align: center;\">Journaliste de sport pendant plus de trente ans, il a travaill\u00e9 dans la plupart des grands stades de France et d&rsquo;Europe, a pris plusieurs fois la roue des coureurs du Tour de France. Il n&rsquo;a crois\u00e9 aucun Stevenson, ni sur une feuille de match, ni sur la route. Mais Robert Louis Stevenson l&rsquo;a accompagn\u00e9 toute sa vie.<\/p>\n<p style=\"text-align: center;\">Il a \u00e9crit l&rsquo;une des postfaces du livre <strong><em>Inland Voyage<\/em><\/strong> (Light Motiv, 2022) et incarne l&rsquo;une voix qui porte le spectacle th\u00e9\u00e2tral et musical autour du projet \u00ab\u00a0Inland Voyage &#8211; sur les traces de Stevenson\u00a0\u00bb.<\/p>\n<blockquote>\n<p><span style=\"font-size: 80%;\">\u00ab\u00a0Avec lui, j&rsquo;ai voyag\u00e9 dans les mers du sud, j&rsquo;ai surmont\u00e9 les fi\u00e8vres en Californie, j&rsquo;ai march\u00e9 avec un \u00e2ne dans les C\u00e9vennes. L&rsquo;Ecossais fur le premier \u00e0 me dire que les plus belles aventures ne sont pas celles qu&rsquo;on va chercher au loin. J&rsquo;ai trouv\u00e9 la mienne avec l&rsquo;Ar\u00e9thuse et la Cigarette \u00e0 deux pas de chez moi, sur les rivi\u00e8res du Nord.\u00a0\u00bb<\/span><\/p>\n<\/blockquote>\n<h2 style=\"text-align: center;\">Ses livres aux Editions Light Motiv<\/h2>\n<p style=\"text-align: center;\">\u00a0<\/p>\n\t\n  \n    <div class=\"row large-columns-6 medium-columns-3 small-columns-2 row-small slider row-slider slider-nav-simple slider-nav-push\"  data-flickity-options='{&quot;imagesLoaded&quot;: true, &quot;groupCells&quot;: &quot;100%&quot;, &quot;dragThreshold&quot; : 5, &quot;cellAlign&quot;: &quot;left&quot;,&quot;wrapAround&quot;: true,&quot;prevNextButtons&quot;: true,&quot;percentPosition&quot;: true,&quot;pageDots&quot;: false, &quot;rightToLeft&quot;: false, &quot;autoPlay&quot; : false}' >\n\n  \n\t     <div class=\"product-small col has-hover product type-product post-3321 status-publish first instock product_cat-livre product_tag-canoe product_tag-dream product_tag-environment product_tag-environnement product_tag-fantastic product_tag-fantastique product_tag-herve-leroy product_tag-jean-philippe-mailliez product_tag-landscape product_tag-literature product_tag-litterature product_tag-nature product_tag-nord product_tag-oise product_tag-pareidolie product_tag-pas-de-calais product_tag-paysage product_tag-photographie product_tag-photography product_tag-portrait product_tag-quentin-pruvost product_tag-reve product_tag-river product_tag-riviere product_tag-robert-louis-stevenson product_tag-sambre product_tag-stevenson product_tag-travel product_tag-travelogue product_tag-voyage has-post-thumbnail shipping-taxable purchasable product-type-simple\">\n\t<div class=\"col-inner\">\n\t\n<div class=\"badge-container absolute left top z-1\">\n\n<\/div>\n\t<div class=\"product-small box\">\n\t\t<div class=\"box-image\">\n\t\t\t<div class=\"image-zoom-fade\">\n\t\t\t\t<a href=\"https:\/\/editionslightmotiv.com\/en\/product\/inland-voyage\/\">\n\t\t\t\t\t<img loading=\"lazy\" decoding=\"async\" width=\"600\" height=\"720\" src=\"https:\/\/editionslightmotiv.com\/wp-content\/uploads\/2022\/09\/InlandVoyage_couvBD_claire2_siteweb-scaled-600x720.jpg\" class=\"attachment-woocommerce_thumbnail size-woocommerce_thumbnail\" alt=\"INLAND VOYAGE\" \/>\t\t\t\t<\/a>\n\t\t\t<\/div>\n\t\t\t<div class=\"image-tools is-small top right show-on-hover\">\n\t\t\t\t\t\t\t<\/div>\n\t\t\t<div class=\"image-tools is-small hide-for-small bottom left show-on-hover\">\n\t\t\t\t\t\t\t<\/div>\n\t\t\t<div class=\"image-tools grid-tools text-center hide-for-small bottom hover-slide-in show-on-hover\">\n\t\t\t\t<a href=\"\/en\/wp-json\/wp\/v2\/pages\/3465?add-to-cart=3321\" aria-describedby=\"woocommerce_loop_add_to_cart_link_describedby_3321\" data-quantity=\"1\" class=\"add-to-cart-grid no-padding is-transparent product_type_simple add_to_cart_button ajax_add_to_cart\" data-product_id=\"3321\" data-product_sku=\"\" aria-label=\"Add to basket: \u201cINLAND VOYAGE\u201d\" rel=\"nofollow\" data-success_message=\"\u201cINLAND VOYAGE\u201d has been added to your cart\" role=\"button\" data-no-translation-aria-label=\"\" data-no-translation-data-success_message=\"\"><div class=\"cart-icon tooltip is-small\" title=\"Add to cart\" data-no-translation-title=\"\"><strong>+<\/strong><\/div><\/a>\t<span id=\"woocommerce_loop_add_to_cart_link_describedby_3321\" class=\"screen-reader-text\">\n\t\t\t<\/span>\n<a href=\"#quick-view\" class=\"quick-view\" role=\"button\" data-prod=\"3321\" aria-haspopup=\"dialog\" aria-expanded=\"false\" data-flatsome-role-button>Quick View<\/a>\t\t\t<\/div>\n\t\t\t\t\t<\/div>\n\n\t\t<div class=\"box-text box-text-products text-center grid-style-2\">\n\t\t\t<div class=\"title-wrapper\"><p class=\"name product-title woocommerce-loop-product__title\"><a href=\"https:\/\/editionslightmotiv.com\/en\/product\/inland-voyage\/\" class=\"woocommerce-LoopProduct-link woocommerce-loop-product__link\">INLAND VOYAGE<\/a><\/p><\/div><div class=\"price-wrapper\">\n\t<span class=\"price\"><span class=\"woocommerce-Price-amount amount\"><bdi>39,00<span class=\"woocommerce-Price-currencySymbol\">&euro;<\/span><\/bdi><\/span><\/span>\n<\/div>\t\t<\/div>\n\t<\/div>\n\t\t<\/div>\n<\/div><\/div>","protected":false},"excerpt":{"rendered":"","protected":false},"author":1,"featured_media":0,"parent":43,"menu_order":0,"comment_status":"closed","ping_status":"closed","template":"","meta":{"footnotes":""},"class_list":["post-3465","page","type-page","status-publish","hentry"],"_links":{"self":[{"href":"https:\/\/editionslightmotiv.com\/en\/wp-json\/wp\/v2\/pages\/3465","targetHints":{"allow":["GET"]}}],"collection":[{"href":"https:\/\/editionslightmotiv.com\/en\/wp-json\/wp\/v2\/pages"}],"about":[{"href":"https:\/\/editionslightmotiv.com\/en\/wp-json\/wp\/v2\/types\/page"}],"author":[{"embeddable":true,"href":"https:\/\/editionslightmotiv.com\/en\/wp-json\/wp\/v2\/users\/1"}],"replies":[{"embeddable":true,"href":"https:\/\/editionslightmotiv.com\/en\/wp-json\/wp\/v2\/comments?post=3465"}],"version-history":[{"count":3,"href":"https:\/\/editionslightmotiv.com\/en\/wp-json\/wp\/v2\/pages\/3465\/revisions"}],"predecessor-version":[{"id":5264,"href":"https:\/\/editionslightmotiv.com\/en\/wp-json\/wp\/v2\/pages\/3465\/revisions\/5264"}],"up":[{"embeddable":true,"href":"https:\/\/editionslightmotiv.com\/en\/wp-json\/wp\/v2\/pages\/43"}],"wp:attachment":[{"href":"https:\/\/editionslightmotiv.com\/en\/wp-json\/wp\/v2\/media?parent=3465"}],"curies":[{"name":"wp","href":"https:\/\/api.w.org\/{rel}","templated":true}]}}