{"id":2997,"date":"2021-11-17T11:34:05","date_gmt":"2021-11-17T10:34:05","guid":{"rendered":"https:\/\/editionslightmotiv.com\/?page_id=2997"},"modified":"2024-07-16T17:47:08","modified_gmt":"2024-07-16T15:47:08","slug":"expositions-et-ateliers","status":"publish","type":"page","link":"https:\/\/editionslightmotiv.com\/en\/expositions-et-ateliers\/","title":{"rendered":"Exhibitions and workshops"},"content":{"rendered":"<div class=\"row\"  id=\"row-1910854811\">\n\n\n\t<div id=\"col-148193691\" class=\"col medium-6 small-12 large-6\"  >\n\t\t\t\t<div class=\"col-inner\"  >\n\t\t\t\n\t\t\t\n\n\n  <div class=\"banner has-hover bg-zoom-fade\" id=\"banner-1594129967\">\n          <div class=\"banner-inner fill\">\n        <div class=\"banner-bg fill\" >\n            <img loading=\"lazy\" decoding=\"async\" width=\"1020\" height=\"630\" src=\"https:\/\/editionslightmotiv.com\/wp-content\/uploads\/2024\/07\/VISUEL_atelier1-1296x800.jpg\" class=\"bg attachment-large size-large\" alt=\"\" \/>                        <div class=\"overlay\"><\/div>            \n                    <\/div>\n\t\t\n        <div class=\"banner-layers container\">\n            <a class=\"fill\" href=\"https:\/\/www.lightmotiv.com\/ateliers\/\" target=\"_blank\" rel=\"noopener\"><div class=\"fill banner-link\"><\/div><\/a>            \n\n   <div id=\"text-box-511405054\" class=\"text-box banner-layer x50 md-x50 lg-x50 y50 md-y50 lg-y50 res-text\">\n                                <div class=\"text-box-content text dark\">\n              \n              <div class=\"text-inner text-center\">\n                  \n\n\t<div id=\"text-3222443218\" class=\"text\">\n\t\t\n\n<h3 class=\"uppercase\"><strong>ATELIERS<\/strong><\/h3>\n\n\t\t\n<style>\n#text-3222443218 {\n  font-size: 1.15rem;\n}\n<\/style>\n\t<\/div>\n\t\n\n              <\/div>\n           <\/div>\n                            \n<style>\n#text-box-511405054 {\n  width: 60%;\n}\n#text-box-511405054 .text-box-content {\n  font-size: 100%;\n}\n<\/style>\n    <\/div>\n \n\n        <\/div>\n      <\/div>\n\n            \n<style>\n#banner-1594129967 {\n  padding-top: 500px;\n}\n#banner-1594129967 .overlay {\n  background-color: rgba(0, 0, 0, 0.17);\n}\n<\/style>\n  <\/div>\n\n\n\t<div id=\"gap-573011771\" class=\"gap-element clearfix\" style=\"display:block; height:auto;\">\n\t\t\n<style>\n#gap-573011771 {\n  padding-top: 30px;\n}\n<\/style>\n\t<\/div>\n\t\n\n<div class=\"desc\" style=\"text-align: justify;\">Light Motiv propose des <strong>ateliers<\/strong> et des interventions portant des <strong>techniques<\/strong>\u00a0<strong>photographiques, des th\u00e9matiques (portrait, reportage), et de l&rsquo;\u00e9ducation \u00e0 l&rsquo;image.<\/strong> Nos ateliers sont r\u00e9f\u00e9renc\u00e9s sur Pass Culture.<\/div>\n<div class=\"desc\">Pour + d&rsquo;infos, rendez visite \u00e0 notre page d\u00e9di\u00e9e en cliquant sur l&rsquo;image ci-dessus.<\/div>\n\n\t\t<\/div>\n\t\t\t\t\t<\/div>\n\n\t\n\n\t<div id=\"col-1028869223\" class=\"col medium-6 small-12 large-6\"  >\n\t\t\t\t<div class=\"col-inner\"  >\n\t\t\t\n\t\t\t\n\n\n  <div class=\"banner has-hover bg-zoom-fade\" id=\"banner-1649721261\">\n          <div class=\"banner-inner fill\">\n        <div class=\"banner-bg fill\" >\n            <img loading=\"lazy\" decoding=\"async\" width=\"1020\" height=\"685\" src=\"https:\/\/editionslightmotiv.com\/wp-content\/uploads\/2024\/07\/VISUEL_exhib1-1191x800.jpg\" class=\"bg attachment-large size-large\" alt=\"Visuel de l&#039;exposition photographique interactive &quot;Pour une poign\u00e9e de degr\u00e9s&quot; produite par Light Motiv, agence et maison d&#039;\u00e9dition bas\u00e9e \u00e0 Lille dans les Hauts-de-France. Avec un jeune enfant de dos qui regarde les images repositionnables.\" \/>                        <div class=\"overlay\"><\/div>            \n                    <\/div>\n\t\t\n        <div class=\"banner-layers container\">\n            <a class=\"fill\" href=\"https:\/\/www.lightmotiv.com\/expositions\/\" target=\"_blank\" rel=\"noopener\"><div class=\"fill banner-link\"><\/div><\/a>            \n\n   <div id=\"text-box-88692104\" class=\"text-box banner-layer x50 md-x50 lg-x50 y50 md-y50 lg-y50 res-text\">\n                                <div class=\"text-box-content text dark\">\n              \n              <div class=\"text-inner text-center\">\n                  \n\n\t<div id=\"text-2137341900\" class=\"text\">\n\t\t\n\n<h3 class=\"uppercase\"><strong>EXPOSITIONS<\/strong><\/h3>\n\t\t\n<style>\n#text-2137341900 {\n  font-size: 1.15rem;\n}\n<\/style>\n\t<\/div>\n\t\n\n              <\/div>\n           <\/div>\n                            \n<style>\n#text-box-88692104 {\n  width: 60%;\n}\n#text-box-88692104 .text-box-content {\n  font-size: 100%;\n}\n<\/style>\n    <\/div>\n \n\n        <\/div>\n      <\/div>\n\n            \n<style>\n#banner-1649721261 {\n  padding-top: 500px;\n}\n#banner-1649721261 .overlay {\n  background-color: rgba(0, 0, 0, 0.17);\n}\n<\/style>\n  <\/div>\n\n\n\t<div id=\"gap-434330107\" class=\"gap-element clearfix\" style=\"display:block; height:auto;\">\n\t\t\n<style>\n#gap-434330107 {\n  padding-top: 30px;\n}\n<\/style>\n\t<\/div>\n\t\n\n<div class=\"mcb-background-overlay\" style=\"text-align: justify;\"><span style=\"color: #555555;\">Les <\/span><strong style=\"color: #555555;\">expositions<\/strong><span style=\"color: #555555;\">\u00a0<strong>photographiques<\/strong> con\u00e7ues par Light Motiv sont en partie issues des<strong> livres publi\u00e9s<\/strong> par la\u00a0<\/span>maison d&rsquo;\u00e9dition<span style=\"color: #555555;\">. Elles sont disponibles \u00e0 la location ou \u00e0 l&rsquo;achat, elles peuvent s&rsquo;accompagner d&rsquo;interventions, d&rsquo;ateliers, de rencontres.<\/span><\/div>\n<div class=\"mcb-background-overlay\"><span style=\"color: #555555;\">Pour + d&rsquo;infos, rendez visite \u00e0 notre page d\u00e9di\u00e9e en cliquant sur l&rsquo;image ci-dessus.<\/span><\/div>\n\n\t\t<\/div>\n\t\t\t\t\t<\/div>\n\n\t\n\n<\/div>","protected":false},"excerpt":{"rendered":"","protected":false},"author":1,"featured_media":0,"parent":0,"menu_order":0,"comment_status":"closed","ping_status":"closed","template":"","meta":{"footnotes":""},"class_list":["post-2997","page","type-page","status-publish","hentry"],"_links":{"self":[{"href":"https:\/\/editionslightmotiv.com\/en\/wp-json\/wp\/v2\/pages\/2997","targetHints":{"allow":["GET"]}}],"collection":[{"href":"https:\/\/editionslightmotiv.com\/en\/wp-json\/wp\/v2\/pages"}],"about":[{"href":"https:\/\/editionslightmotiv.com\/en\/wp-json\/wp\/v2\/types\/page"}],"author":[{"embeddable":true,"href":"https:\/\/editionslightmotiv.com\/en\/wp-json\/wp\/v2\/users\/1"}],"replies":[{"embeddable":true,"href":"https:\/\/editionslightmotiv.com\/en\/wp-json\/wp\/v2\/comments?post=2997"}],"version-history":[{"count":6,"href":"https:\/\/editionslightmotiv.com\/en\/wp-json\/wp\/v2\/pages\/2997\/revisions"}],"predecessor-version":[{"id":4217,"href":"https:\/\/editionslightmotiv.com\/en\/wp-json\/wp\/v2\/pages\/2997\/revisions\/4217"}],"wp:attachment":[{"href":"https:\/\/editionslightmotiv.com\/en\/wp-json\/wp\/v2\/media?parent=2997"}],"curies":[{"name":"wp","href":"https:\/\/api.w.org\/{rel}","templated":true}]}}