{"id":2933,"date":"2021-10-21T17:38:30","date_gmt":"2021-10-21T15:38:30","guid":{"rendered":"https:\/\/editionslightmotiv.com\/?page_id=2933"},"modified":"2026-02-12T17:09:10","modified_gmt":"2026-02-12T16:09:10","slug":"ou-trouver-nos-livres","status":"publish","type":"page","link":"https:\/\/editionslightmotiv.com\/en\/ou-trouver-nos-livres\/","title":{"rendered":"Where to find our books ?"},"content":{"rendered":"<h2>Where to find our books ?<\/h2>\n<p>You can find and order our books in all bookstores. They are distributed by <strong><em>CED-CEDIF-Pollen<\/em><\/strong> en France et en Belgique.<\/p>\n<p>If you wish to know which <strong>independent bookstores<\/strong> sell our photobooks, you can check out those websites <a href=\"https:\/\/www.libr-aire.fr\/\" target=\"_blank\" rel=\"noopener\"><strong><span style=\"color: #282828;\">Libr&rsquo;Aire<\/span><\/strong><\/a> (for bookshops in northern France), <a href=\"https:\/\/www.placedeslibraires.fr\/\" target=\"_blank\" rel=\"noopener\"><strong>Place des Libraires<\/strong><\/a> or <strong><a href=\"https:\/\/www.leslibraires.fr\/\" target=\"_blank\" rel=\"noopener\">LesLibraires<\/a><\/strong>.<\/p>\n<p>Et en Belgique sur <strong><a href=\"https:\/\/www.librel.be\/\" target=\"_blank\" rel=\"noopener\">Librel<\/a><\/strong>.<\/p>\n<p>Here is a non-exhaustive list of bookstores and other points of sale (galleries, museums and cultural places) which regularly follow our book releases.<\/p>\n<div class=\"row\"  id=\"row-575735309\">\n\n\n\t<div id=\"col-801906606\" class=\"col medium-6 small-12 large-6\"  >\n\t\t\t\t<div class=\"col-inner\"  >\n\t\t\t\n\t\t\t\n\n<p><strong>In France<\/strong><\/p>\n<ul>\n<li aria-level=\"1\"><a href=\"https:\/\/www.arteum.com\/fr\/museum-products\/442\/mucem.html\" target=\"_blank\" rel=\"noopener\">Librairie du MuCem<\/a> &#8211; Marseille (13)<\/li>\n<li aria-level=\"1\"><a href=\"https:\/\/www.lafriche.org\/la-friche\/lieux\/librairie-la-salle-des-machines\/\" target=\"_blank\" rel=\"noopener\">La salle des machines<\/a> &#8211; La Friche\/Belle de Mai &#8211; Marseille (13)<\/li>\n<li aria-level=\"1\"><a href=\"https:\/\/www.histoiredeloeil.com\/\" target=\"_blank\" rel=\"noopener\">Histoire de l&rsquo;oeil<\/a> &#8211; Marseille (13)<\/li>\n<li aria-level=\"1\"><a href=\"https:\/\/www.librairiepradoparadis.fr\/\" target=\"_blank\" rel=\"noopener\">Prado Paradis<\/a> &#8211; Marseille (13)<\/li>\n<li aria-level=\"1\"><a href=\"https:\/\/librairielessauvages.fr\/\" target=\"_blank\" rel=\"noopener\">Librairie Les Sauvages<\/a> &#8211; Marseille (13)<\/li>\n<li aria-level=\"1\"><a href=\"https:\/\/www.librairiegoulard.com\/\" target=\"_blank\" rel=\"noopener\">Librairie Goulard<\/a> &#8211; Aix-en-Provence (13)<\/li>\n<li aria-level=\"1\"><a href=\"https:\/\/www.librairieactessud.com\/\" target=\"_blank\" rel=\"noopener\">Librairie Actes Sud<\/a> &#8211; Arles (13)<\/li>\n<li aria-level=\"1\"><a href=\"https:\/\/www.librairiedupalais.fr\/\" target=\"_blank\" rel=\"noopener\">Librairie du Palais<\/a> &#8211; Arles (13)<\/li>\n<li aria-level=\"1\"><a href=\"https:\/\/www.lesgrandeslargeurs.com\/\" target=\"_blank\" rel=\"noopener\">Les Grandes Largeurs<\/a> &#8211; Arles (13)<\/li>\n<li aria-level=\"1\"><span style=\"font-size: 95%;\"><a href=\"https:\/\/librairie-guillaume.fr\/\" target=\"_blank\" rel=\"noopener\">Nouvelle librairie Guillaume<\/a> (librairie g\u00e9n\u00e9rale du Calvados) &#8211; Caen (14)<\/span><\/li>\n<li aria-level=\"1\"><a href=\"https:\/\/www.brouillondeculture.fr\/\" target=\"_blank\" rel=\"noopener\">Au brouillon de culture<\/a> &#8211; Caen (14)<\/li>\n<li aria-level=\"1\"><a href=\"https:\/\/www.librairie-intranquille.fr\/\" target=\"_blank\" rel=\"noopener\">L&rsquo;Intranquille<\/a> &#8211; Besan\u00e7on (25)<\/li>\n<li aria-level=\"1\"><a href=\"https:\/\/www.sandalesdempedocle.fr\/\" target=\"_blank\" rel=\"noopener\">Les sandales d&rsquo;Emp\u00e9docle<\/a> &#8211; Besan\u00e7on (25)<\/li>\n<li aria-level=\"1\"><a href=\"http:\/\/www.loiseausiffleur.fr\/\" target=\"_blank\" rel=\"noopener\">L&rsquo;Oiseau Siffleur<\/a> &#8211; Valence (26)<\/li>\n<li aria-level=\"1\"><a href=\"https:\/\/www.esperluete.fr\/\" target=\"_blank\" rel=\"noopener\">L&rsquo;esperlu\u00e8te<\/a> &#8211; Chartres (28)<\/li>\n<li aria-level=\"1\"><a href=\"https:\/\/antinoe.fr\/\" target=\"_blank\" rel=\"noopener\">Librairie-galerie Antino\u00eb<\/a> &#8211; Brest (29)<\/li>\n<li aria-level=\"1\"><a href=\"http:\/\/www.lapetitelibrairie.net\/\" target=\"_blank\" rel=\"noopener\">La petite librairie<\/a> &#8211; Brest (29)<\/li>\n<li aria-level=\"1\"><a href=\"https:\/\/www.librairiedialogues.fr\/\" target=\"_blank\" rel=\"noopener\">Dialogues<\/a> &#8211; Brest (29)<\/li>\n<li aria-level=\"1\"><a href=\"https:\/\/www.librairie-et-curiosites.com\/\" target=\"_blank\" rel=\"noopener\">Librairie et Curiosit\u00e9s<\/a> &#8211; Quimper (29)<\/li>\n<li aria-level=\"1\"><a href=\"https:\/\/www.ombres-blanches.fr\/\" target=\"_blank\" rel=\"noopener\">Ombres Blanches<\/a> &#8211; Toulouse (31)<\/li>\n<li aria-level=\"1\"><a href=\"https:\/\/www.librairie-terranova.fr\/\" target=\"_blank\" rel=\"noopener\">Terra Nova<\/a> &#8211; Toulouse (31)<\/li>\n<li aria-level=\"1\"><a href=\"https:\/\/m.facebook.com\/Librairie.Tartinerie\/?locale2=fr_FR\" target=\"_blank\" rel=\"noopener\">Des Livres et Vous<\/a>, Librairie-Tartinerie &#8211; Sarrant (32)<\/li>\n<li aria-level=\"1\"><a href=\"https:\/\/ascenseurvegetal.com\/fr\/\" target=\"_blank\" rel=\"noopener\">L&rsquo;ascenseur v\u00e9g\u00e9tal<\/a> &#8211; Bordeaux (33)<\/li>\n<li aria-level=\"1\"><a href=\"https:\/\/www.lamachinealire.com\/\" target=\"_blank\" rel=\"noopener\">La machine \u00e0 lire<\/a> &#8211; Bordeaux (33)<\/li>\n<li aria-level=\"1\"><a href=\"https:\/\/www.mollat.com\/\" target=\"_blank\" rel=\"noopener\">Mollat<\/a> &#8211; Bordeaux (33)<\/li>\n<li aria-level=\"1\"><a href=\"https:\/\/librairiegeosphere.com\/\" target=\"_blank\" rel=\"noopener\">La G\u00e9osph\u00e8re<\/a> &#8211; Montpellier (34)<\/li>\n<li aria-level=\"1\"><a href=\"https:\/\/www.sauramps.com\/sauramps-au-musee\/ssh-2010\" target=\"_blank\" rel=\"noopener\">Sauramps au Mus\u00e9e Fabre<\/a> &#8211; Montpellier (34)<\/li>\n<li aria-level=\"1\"><a href=\"http:\/\/legraindesmots.com\/\" target=\"_blank\" rel=\"noopener\">Le Grain des Mots<\/a> &#8211; Montpellier (34)<\/li>\n<li aria-level=\"1\"><a href=\"https:\/\/www.nouvellelibrairiesetoise.fr\/\" target=\"_blank\" rel=\"noopener\">Nouvelle Librairie S\u00e9toise<\/a> &#8211; S\u00e8te (34)<\/li>\n<li aria-level=\"1\"><a href=\"https:\/\/lndt.fr\/\" target=\"_blank\" rel=\"noopener\">La nuit des temps<\/a> &#8211; Rennes (35)<\/li>\n<li aria-level=\"1\"><a href=\"https:\/\/www.boitealivres.com\/\" target=\"_blank\" rel=\"noopener\">La bo\u00eete \u00e0 livres<\/a> &#8211; Tours (37)<\/li>\n<li aria-level=\"1\"><a href=\"http:\/\/www.librairielesquare.com\/\" target=\"_blank\" rel=\"noopener\">Le Square<\/a> &#8211; Grenoble (38)<\/li>\n<li aria-level=\"1\"><a href=\"http:\/\/www.librairie-nantes.fr\/\" target=\"_blank\" rel=\"noopener\">Vent d&rsquo;Ouest<\/a> &#8211; Nantes (44)<\/li>\n<li aria-level=\"1\"><a href=\"https:\/\/geotheque.org\/\" target=\"_blank\" rel=\"noopener\">La G\u00e9oth\u00e8que<\/a> &#8211; Nantes (44)<\/li>\n<li aria-level=\"1\"><a href=\"https:\/\/www.librairiecoiffard.fr\/\" target=\"_blank\" rel=\"noopener\">Coiffard<\/a> &#8211; Nantes (44)<\/li>\n<li aria-level=\"1\"><a href=\"https:\/\/www.librairiemyriagone.fr\/\" target=\"_blank\" rel=\"noopener\">Librairie-caf\u00e9 Myriagone<\/a> &#8211; Angers (49)<\/li>\n<li><a href=\"https:\/\/www.laboutiquedulieu.com\/\" target=\"_blank\" rel=\"noopener\">La boutique du lieu<\/a> &#8211; Croix (59)<\/li>\n<li><a href=\"https:\/\/autempslire.com\/\" target=\"_blank\" rel=\"noopener\">Au Temps Lire<\/a> &#8211; Lambersart (59)<\/li>\n<li><span style=\"font-weight: 400;\"><a href=\"https:\/\/www.librairie8emeart.com\/\" target=\"_blank\" rel=\"noopener\">Librairie-Galerie 8\u00e8me Art<\/a> &#8211; Lille (59)<\/span><\/li>\n<li><a href=\"https:\/\/www.facebook.com\/Aziart.Tripostal.Lille\/\" target=\"_blank\" rel=\"noopener\">Aziart<\/a>, librairie du Tri Postal &#8211; Lille (59)<\/li>\n<li aria-level=\"1\"><a href=\"https:\/\/www.lebateaulivre.fr\/\" target=\"_blank\" rel=\"noopener\">Le Bateau Livre<\/a> &#8211; Lille (59)<\/li>\n<li aria-level=\"1\"><a href=\"https:\/\/www.lachouettelibrairie.com\/\" target=\"_blank\" rel=\"noopener\">La chouette librairie<\/a> &#8211; Lille (59)<\/li>\n<\/ul>\n\n\t\t<\/div>\n\t\t\t\t\t<\/div>\n\n\t\n\n\t<div id=\"col-755484383\" class=\"col medium-6 small-12 large-6\"  >\n\t\t\t\t<div class=\"col-inner\"  >\n\t\t\t\n\t\t\t\n\n<p>\u00a0<\/p>\n<ul>\n<li><a href=\"https:\/\/www.librairielebiglemoi.fr\/\" target=\"_blank\" rel=\"noopener\">Le Biglemoi<\/a> &#8211; Lille (59)<\/li>\n<li><a href=\"https:\/\/www.librairievo.com\/\" target=\"_blank\" rel=\"noopener\">Nouvelle Librairie VO Internationale<\/a> &#8211; Lille (59)<\/li>\n<li><a href=\"https:\/\/www.laprocure.com\/post\/4403\/librairie-la-procure-lille?gad_source=1&amp;gad_campaignid=21777233235&amp;gbraid=0AAAAAoOi6hZXeyUpsFWDA3HTm7hqdAdGm&amp;gclid=CjwKCAiAkbbMBhB2EiwANbxtbckQEnY9XSOPujQs4OL8PPGh-TIm2FE65vjPWzfFLSTmE-TTixILfRoCpfEQAvD_BwE\" target=\"_blank\" rel=\"noopener\">La Procure<\/a> &#8211; Lille (59)<\/li>\n<li><a href=\"https:\/\/www.leslisieres.com\/\" target=\"_blank\" rel=\"noopener\">Les Lisi\u00e8res<\/a> &#8211; Villeneuve d&rsquo;Ascq et Croix (59)<\/li>\n<li aria-level=\"1\"><a href=\"https:\/\/librairie-sensations.fr\/\" target=\"_blank\" rel=\"noopener\">Librairie Sensations<\/a> &#8211; Douai (59)<\/li>\n<li aria-level=\"1\"><a href=\"https:\/\/lesyeuxquipetillent.com\/\" target=\"_blank\" rel=\"noopener\">Les yeux qui p\u00e9tillent<\/a> &#8211; Valenciennes (59)<\/li>\n<li aria-level=\"1\"><a href=\"http:\/\/www.librairiedessignes.com\/\" target=\"_blank\" rel=\"noopener\">Librairie des Signes<\/a> &#8211; Compi\u00e8gne (60)<\/li>\n<li aria-level=\"1\"><a href=\"https:\/\/www.librairieentreleslignes.fr\/\" target=\"_blank\" rel=\"noopener\">Entre les lignes<\/a> &#8211; Chantilly (60)<\/li>\n<li aria-level=\"1\"><a href=\"https:\/\/verbeetobjet.com\/\" target=\"_blank\" rel=\"noopener\">Le Verbe et l&rsquo;Objet<\/a> &#8211; Senlis (60)<\/li>\n<li aria-level=\"1\"><a href=\"https:\/\/www.amanostudio.fr\/\" target=\"_blank\" rel=\"noopener\">Galerie A mano studio<\/a> &#8211; Biarritz (64)<\/li>\n<li aria-level=\"1\"><a href=\"https:\/\/www.librairietorcatis.com\/\" target=\"_blank\" rel=\"noopener\">Librairie Torcatis<\/a> &#8211; Perpignan (66)<\/li>\n<li aria-level=\"1\"><a href=\"https:\/\/quaidesbrumes.com\/\" target=\"_blank\" rel=\"noopener\">Quai des Brumes<\/a> &#8211; Strasbourg (67)<\/li>\n<li aria-level=\"1\"><a href=\"https:\/\/www.lebaldesardents.com\/\" target=\"_blank\" rel=\"noopener\">Le Bal des Ardents<\/a> &#8211; Lyon (69)<\/li>\n<li aria-level=\"1\"><a href=\"https:\/\/www.librairie-descours.com\/\" target=\"_blank\" rel=\"noopener\">Librairie Descours<\/a> &#8211; Lyon (69)<\/li>\n<li aria-level=\"1\"><a href=\"https:\/\/www.facebook.com\/Librairie-LAstragale-1715944665325781\/\" target=\"_blank\" rel=\"noopener\">L&rsquo;Astragale<\/a> &#8211; Lyon (69)<\/li>\n<li aria-level=\"1\"><a href=\"https:\/\/www.museeniepce.com\/index.php?\/collections\/Bibliotheque\/presentation-bibliotheque\" target=\"_blank\" rel=\"noopener\">Mus\u00e9e Nic\u00e9phore Ni\u00e9pce<\/a> &#8211; Chalon-sur-Sa\u00f4ne (71)<\/li>\n<li aria-level=\"1\"><a href=\"https:\/\/www.librairiepagesdencre.fr\/\" target=\"_blank\" rel=\"noopener\">Pages d&rsquo;encre<\/a> &#8211; Amiens (80)<\/li>\n<li><a href=\"https:\/\/www.facebook.com\/librairie.ternisien\/\" target=\"_blank\" rel=\"noopener\">Studio Livres<\/a> &#8211; Abbeville (80)<\/li>\n<li aria-level=\"1\"><a href=\"https:\/\/www.librairielapromessedelaube.fr\/\" target=\"_blank\" rel=\"noopener\">La promesse de l&rsquo;aube<\/a> &#8211; Autun (71)<\/li>\n<li aria-level=\"1\"><a href=\"https:\/\/www.petite-egypte.fr\/\" target=\"_blank\" rel=\"noopener\">Petite Egypte<\/a> &#8211; Paris 2e (75)<\/li>\n<li aria-level=\"1\"><a href=\"https:\/\/www.librairievolume.fr\/\" target=\"_blank\" rel=\"noopener\">Librairie Volume<\/a> &#8211; Paris 3e (75)<\/li>\n<li aria-level=\"1\"><a href=\"https:\/\/www.mep-fr.org\/e-librairie\/\" target=\"_blank\" rel=\"noopener\">Maison Europ\u00e9enne de la Photographie<\/a> (MEP) &#8211; Paris 4e (75)<\/li>\n<li style=\"font-weight: 400;\" aria-level=\"1\"><span style=\"font-weight: 400;\"><a href=\"https:\/\/boutique.centrepompidou.fr\/fr\/librairie\/c1\/1\/\" target=\"_blank\" rel=\"noopener\">Librairie Flammarion &#8211; Centre Pompidou<\/a> &#8211; Paris 4e (75)<\/span><\/li>\n<li aria-level=\"1\"><a href=\"https:\/\/la-chambre-claire.fr\/\" target=\"_blank\" rel=\"noopener\">La Nouvelle Chambre Claire<\/a> &#8211; Paris 5e (75)<\/li>\n<li aria-level=\"1\"><a href=\"https:\/\/www.ecumedespages.com\/\" target=\"_blank\" rel=\"noopener\">L&rsquo;\u00e9cume des pages<\/a> &#8211; Paris 6e (75)<\/li>\n<li aria-level=\"1\"><a href=\"https:\/\/www.librairie7l.com\/\" target=\"_blank\" rel=\"noopener\">Librarie 7L<\/a> &#8211; Paris 7e (75)<\/li>\n<li aria-level=\"1\"><a href=\"https:\/\/lacomete.picto.fr\/\" target=\"_blank\" rel=\"noopener\">La Com\u00e8te<\/a> &#8211; Paris 10e (75)<\/li>\n<li aria-level=\"1\"><a href=\"https:\/\/www.librairielesnouveautes.com\/\" target=\"_blank\" rel=\"noopener\">Les Nouveaut\u00e9s<\/a> &#8211; Paris 10e (75)<\/li>\n<li><a href=\"https:\/\/artazart.com\/\" target=\"_blank\" rel=\"noopener\">Artazart<\/a> &#8211; Paris 10e (75)<\/li>\n<li aria-level=\"1\"><span style=\"font-weight: 400;\"><a href=\"https:\/\/librairiesanstitre.com\/\" target=\"_blank\" rel=\"noopener\">Librairie Sans Titre<\/a> &#8211; Paris 11e (75)<\/span><\/li>\n<li aria-level=\"1\"><a href=\"https:\/\/www.parislibrairies.fr\/librairie-6105\/paris\/Volontaires\/\" target=\"_blank\" rel=\"noopener\">Librairie Volontaires<\/a> &#8211; Paris 15e (75)<\/li>\n<li aria-level=\"1\"><a href=\"https:\/\/librairielepiedaterre.com\/\" target=\"_blank\" rel=\"noopener\">Le Pied \u00e0 Terre<\/a> &#8211; Paris 18e (75)<\/li>\n<li aria-level=\"1\"><a href=\"http:\/\/www.lerideaurouge.com\/\" target=\"_blank\" rel=\"noopener\">Le rideau rouge<\/a> &#8211; Paris 18e (75)<\/li>\n<li aria-level=\"1\"><a href=\"https:\/\/www.librairieduparc-actessud.com\/\" target=\"_blank\" rel=\"noopener\">Librairie du Parc \/ Actes Sud<\/a> &#8211; Paris 19e (75)<\/li>\n<li aria-level=\"1\"><a href=\"https:\/\/www.librest.com\/librairies\/librairie-l-atelier.html\" target=\"_blank\" rel=\"noopener\">L&rsquo;Atelier d&rsquo;\u00e0 C\u00f4t\u00e9<\/a> &#8211; Paris 20e (75)<\/li>\n<li aria-level=\"1\"><a href=\"https:\/\/www.legenreurbain.com\/\" target=\"_blank\" rel=\"noopener\">Le Genre Urbain<\/a> &#8211; Paris 20e (75)<\/li>\n<li aria-level=\"1\"><a href=\"https:\/\/www.lemerlemoqueur.fr\/\" target=\"_blank\" rel=\"noopener\">Le Merle Moqueur<\/a> &#8211; Paris 20e (75)<\/li>\n<li aria-level=\"1\"><a href=\"https:\/\/montenlair.fr\/\" target=\"_blank\" rel=\"noopener\">Le Monte en l&rsquo;Air<\/a> &#8211; Paris 20e (75)<\/li>\n<li aria-level=\"1\"><a href=\"https:\/\/www.pageetplume.fr\/\" target=\"_blank\" rel=\"noopener\">Page et Plume<\/a> &#8211; Limoges (87)<\/li>\n<li aria-level=\"1\"><a href=\"https:\/\/www.foliesdencre.com\/\" target=\"_blank\" rel=\"noopener\">Folies d&rsquo;encre<\/a> &#8211; Montreuil (93)<\/li>\n<li aria-level=\"1\"><a href=\"https:\/\/www.millepages.fr\/\" target=\"_blank\" rel=\"noopener\">Millepages<\/a> &#8211; Vincennes (94)<\/li>\n<\/ul>\n\n\t\t<\/div>\n\t\t\t\t\t<\/div>\n\n\t\n\n<\/div>\n<p><strong>In Belgium<\/strong><\/p>\n<ul>\n<li><a href=\"https:\/\/www.tropismes.com\/\" target=\"_blank\" rel=\"noopener\">Librairie Tropismes<\/a> &#8211; Bruxelles\u00a0<\/li>\n<li><a href=\"https:\/\/www.filigranes.be\/\" target=\"_blank\" rel=\"noopener\">Librairie Filigranes<\/a> &#8211; Bruxelles<\/li>\n<li><a href=\"https:\/\/peinture-fraiche.be\/\" target=\"_blank\" rel=\"noopener\">Peinture Fra\u00eeche<\/a> &#8211; Ixelles<\/li>\n<li><a href=\"https:\/\/www.leslibrairiesindependantes.be\/librairie\/20-librairie-candide\" target=\"_blank\" rel=\"noopener\">Librairie Candide<\/a> &#8211; Ixelles<\/li>\n<li><a href=\"https:\/\/tipi-bookshop.be\/\" target=\"_blank\" rel=\"noopener\">Tipi Bookshop<\/a> &#8211; Saint-Gilles<\/li>\n<li><a href=\"https:\/\/www.moliere.com\/\" target=\"_blank\" rel=\"noopener\">Librairie Moli\u00e8re<\/a> &#8211; Charleroi<\/li>\n<li><a href=\"https:\/\/www.museephoto.be\/\" target=\"_blank\" rel=\"noopener\">Librairie du Mus\u00e9e de la photographie<\/a> &#8211; Charleroi<\/li>\n<li><a href=\"https:\/\/www.librairie-ecrivainpublic.be\/\" target=\"_blank\" rel=\"noopener\">Librairie de l&rsquo;\u00e9crivain public<\/a> &#8211; La Louvi\u00e8re<\/li>\n<li><a href=\"https:\/\/www.librairiepointvirgule.be\/\" target=\"_blank\" rel=\"noopener\">Librairie Point Virgule<\/a> &#8211; Namur<\/li>\n<li><a href=\"https:\/\/www.librairiepapyrus.be\/\" target=\"_blank\" rel=\"noopener\">Librairie Papyrus<\/a> &#8211; Namur<\/li>\n<li><a href=\"https:\/\/comptoirdulivre.be\/\" target=\"_blank\" rel=\"noopener\">Le Comptoir du Livre<\/a> &#8211; Li\u00e8ge<\/li>\n<li><a href=\"https:\/\/www.livreauxtresors.be\/\" target=\"_blank\" rel=\"noopener\">Livres aux tr\u00e9sors<\/a> &#8211; Li\u00e8ge<\/li>\n<li><a href=\"https:\/\/www.barricade.be\/projets\/librairie-entre-temps\" target=\"_blank\" rel=\"noopener\">L&rsquo;entretemps\/ Barricade<\/a> &#8211; Li\u00e8ge<\/li>\n<li><a href=\"https:\/\/in-dependancegallery.com\/contact\/\" target=\"_blank\" rel=\"noopener\">Galerie Ibasho\/ in-dependence<\/a> &#8211; Anvers<\/li>\n<\/ul>\n\t<div class=\"img has-hover x md-x lg-x y md-y lg-y\" id=\"image_670453419\">\n\t\t\t\t\t\t\t\t<div class=\"img-inner dark\" >\n\t\t\t\t\t\t\t\t\t\n\t\t\t\t\t<\/div>\n\t\t\t\t\t\t\t\t\n<style>\n#image_670453419 {\n  width: 100%;\n}\n<\/style>\n\t<\/div>","protected":false},"excerpt":{"rendered":"","protected":false},"author":1,"featured_media":0,"parent":0,"menu_order":0,"comment_status":"closed","ping_status":"closed","template":"","meta":{"footnotes":""},"class_list":["post-2933","page","type-page","status-publish","hentry"],"_links":{"self":[{"href":"https:\/\/editionslightmotiv.com\/en\/wp-json\/wp\/v2\/pages\/2933","targetHints":{"allow":["GET"]}}],"collection":[{"href":"https:\/\/editionslightmotiv.com\/en\/wp-json\/wp\/v2\/pages"}],"about":[{"href":"https:\/\/editionslightmotiv.com\/en\/wp-json\/wp\/v2\/types\/page"}],"author":[{"embeddable":true,"href":"https:\/\/editionslightmotiv.com\/en\/wp-json\/wp\/v2\/users\/1"}],"replies":[{"embeddable":true,"href":"https:\/\/editionslightmotiv.com\/en\/wp-json\/wp\/v2\/comments?post=2933"}],"version-history":[{"count":19,"href":"https:\/\/editionslightmotiv.com\/en\/wp-json\/wp\/v2\/pages\/2933\/revisions"}],"predecessor-version":[{"id":5334,"href":"https:\/\/editionslightmotiv.com\/en\/wp-json\/wp\/v2\/pages\/2933\/revisions\/5334"}],"wp:attachment":[{"href":"https:\/\/editionslightmotiv.com\/en\/wp-json\/wp\/v2\/media?parent=2933"}],"curies":[{"name":"wp","href":"https:\/\/api.w.org\/{rel}","templated":true}]}}