{"id":2906,"date":"2021-10-01T11:02:32","date_gmt":"2021-10-01T09:02:32","guid":{"rendered":"https:\/\/editionslightmotiv.com\/?page_id=2906"},"modified":"2026-01-15T09:58:02","modified_gmt":"2026-01-15T08:58:02","slug":"livraison","status":"publish","type":"page","link":"https:\/\/editionslightmotiv.com\/en\/livraison\/","title":{"rendered":"Livraisons"},"content":{"rendered":"<h3>ORDER DELIVERIES<\/h3>\n<p><span style=\"font-weight: 400;\">Our books are on sale within the limit of their stocks. In the event of unavailability after your order, Editions Light Motiv will notify the customer personally and as soon as possible.<\/span><\/p>\n<p><span style=\"font-weight: 400;\">The official release date is mentioned on the product page of each book. A pre-order gives you the opportunity to purchase and book a publication in advance. If the release date is postponed, Light Motiv Editions will notify the customer personally and as soon as possible. <strong>pr\u00e9commande<\/strong> vous donne la possibilit\u00e9 d\u2019acheter et de r\u00e9server votre livre \u00e0 l\u2019avance. Si la date de publication est report\u00e9e, les \u00e9ditions Light Motiv avertissent personnellement et dans les meilleurs d\u00e9lais le client.<\/span><\/p>\n<p class=\"translation-block\"><span style=\"font-weight: 400\">Orders can be placed: <br><\/span><span style=\"font-weight: 400\">\u2013 through our e-shop on the website: <a href=\"https:\/\/editionslightmotiv.com\/en\/\">www.editionslightmotiv.com<\/a><br><\/span><span style=\"font-weight: 400\">\u2013 by email: <\/span><a href=\"mailto:edition@lightmotiv.com\" target=\"_self\"><span style=\"font-weight: 400\">edition@lightmotiv.com<\/span><\/a><br>\u2013 <span style=\"font-weight: 400\">by mail: Editions Light Motiv \u2013 39 rue du Pr\u00e9 Catelan, 59110 La Madeleine, France<\/span><\/p>\n<p><span style=\"font-weight: 400;\">Any placed order is confirmed by e-mail if the customer has communicated his details.<\/span><\/p>\n<p><span style=\"font-weight: 400;\">The sale price is mentioned on the product page in euros, all taxes included, excluding the contribution for processing and shipping costs. Those costs are being calculated according to the destination and weight.<\/span><\/p>\n<p><span style=\"font-weight: 400;\">For international deliveries outside France, the products ordered are imported into the country of destination by and under the responsibility of the customer. <strong>Any customs fees or local taxes are his\/her sole responsibility.<\/strong><\/span><\/p>\n<p>La participation aux frais de livraison \u00e9volue en fonction de la destination et du poids du colis, avec une contribution maximale fixe, et est susceptible d&rsquo;augmenter chaque ann\u00e9e avec l&rsquo;augmentation automatique des tarifs postaux en janvier. Pour les autres destinations, ce minimum diff\u00e8re (veuillez vous reporter aux estimations de frais de port dans le panier).<\/p>\n<p><span style=\"text-decoration: underline;\">Voici les estimations des participations par les client.e.s aux frais de port par zone g\u00e9ographique (2026):<\/span><\/p>\n<ul>\n<li><strong>France m\u00e9tropolitaine<\/strong>\n<ul>\n<li>Lettre (\u00e0 domicile, sans suivi, 2 \u00e0 3 jours ouvr\u00e9s) : entre 3 et 4 euros (de 0 et 1,2kg &#8212; en-dessous de 3cm d&rsquo;\u00e9paisseur \/ les grands et gros livres de plus de 130p ne peuvent \u00eatre envoy\u00e9s sous cet affranchissement)<\/li>\n<li>Colissimo (\u00e0 domicile, avec suivi, 2 \u00e0 3 jours ouvr\u00e9s) : entre 4,5 et 5 (jusqu&rsquo;\u00e0 5 kg)<\/li>\n<li>Mondial Relay (point relais choisi par vos soins, 3 jours ouvr\u00e9s) : entre 2,5 et 3 euros (jusqu&rsquo;\u00e0 5kg)<\/li>\n<\/ul>\n<\/li>\n<li><strong>Belgique, Pay-Bas, Luxembourg<\/strong>\n<ul>\n<li>Colissimo (\u00e0 domicile, avec suivi, 2 \u00e0 4 jours ouvr\u00e9s) : entre 4,5 et 5 euros (jusqu&rsquo;\u00e0 4kg)<\/li>\n<li>Mondial Relay (point relais choisi par vos soins, 3 \u00e0 6 jours ouvr\u00e9s) : entre 3 et 3,5 euros (jusqu&rsquo;\u00e0 3kg)<\/li>\n<li>Delivengo (\u00e0 domicile, avec suivi, 4 \u00e0 6 jours ouvr\u00e9s) : entre 3,5 et 4,5 euros (jusqu&rsquo;\u00e0 2kg maximum).<\/li>\n<\/ul>\n<\/li>\n<li><strong><span style=\"color: #555555;\">Italie, Espagne, Portugal<\/span><\/strong>\n<ul>\n<li>Colissimo (\u00e0 domicile, avec suivi, 2 \u00e0 4 jours ouvr\u00e9s) : de 4 \u00e0 5 euros (jusqu&rsquo;\u00e0 4kg)<\/li>\n<li>Mondial Relay (point relais choisi par vos soins, 3 \u00e0 6 jours ouvr\u00e9s) : entre 3 et 3,5 euros (jusqu&rsquo;\u00e0 3kg)<\/li>\n<li>Delivengo (\u00e0 domicile, avec suivi, 4 \u00e0 6 jours ouvr\u00e9s) : entre 3,5 et 4,5 euros (jusqu&rsquo;\u00e0 2kg maximum)<\/li>\n<\/ul>\n<\/li>\n<li><strong>Royaume-Uni<\/strong><br \/>\n<ul>\n<li>Colissimo international (\u00e0 domicile, avec suivi, 2 \u00e0 4 jours ouvr\u00e9s) : de 5 \u00e0 7 euros (jusqu&rsquo;\u00e0 4kg)<\/li>\n<li>Delivengo (\u00e0 domicile, avec suivi, 4 \u00e0 6 jours ouvr\u00e9s) : de 4, \u00e0 5,5 euros (jusqu&rsquo;\u00e0 2kg maximum).<\/li>\n<\/ul>\n<\/li>\n<li><strong>Reste de l&rsquo;UE et Suisse<\/strong>\n<ul>\n<li>Colissimo international (\u00e0 domicile, avec suivi, de 3 \u00e0 5 jours ouvr\u00e9s) : de 5 \u00e0 7 euros (jusqu&rsquo;\u00e0 4kg)<\/li>\n<li>Delivengo (\u00e0 domicile, avec suivi, 4 \u00e0 6 jours ouvr\u00e9s) : de<\/li>\n<li>4, \u00e0 5,5 euros (jusqu&rsquo;\u00e0 2kg maximum).<\/li>\n<\/ul>\n<\/li>\n<li><strong>Outre-Mer<\/strong>\n<ul>\n<li>Colissimo Outre-Mer (\u00e0 domicile, avec suivi, de 6 \u00e0 18 jours ouvr\u00e9s) : de 6 \u00e0 8 euros (Guadeloupe, Guyane fran\u00e7aise, La R\u00e9union, Martinique, Mayotte, Saint-Barth\u00e9l\u00e9my, Saint Pierre et Miquelon, Saint-Martin) et de 12 \u00e0 35 euros (Nouvelle-Cal\u00e9donie, Polyn\u00e9sie fran\u00e7aise, Terres australes fran\u00e7aises, Wallis et Futuna)<\/li>\n<\/ul>\n<\/li>\n<li><strong>International (Zone 1 = Europe de l&rsquo;Est + Afrique du Nord)<\/strong>\n<ul>\n<li>Delivengo (\u00e0 domicile, sans suivi apr\u00e8s la fronti\u00e8re, de 7 \u00e0 13 jours ouvr\u00e9s, dans les pays qui l&rsquo;autorisent) : 10 euros (jusqu&rsquo;\u00e0 2kg maximum).<\/li>\n<\/ul>\n<\/li>\n<li><strong>International (Zone 2 = reste du monde)<\/strong><br \/>\n<ul>\n<li>Delivengo (\u00e0 domicile, sans suivi apr\u00e8s la fronti\u00e8re, de 7 \u00e0 13 jours ouvr\u00e9s, dans les pays qui l&rsquo;autorisent) : 10 euros\u00a0(jusqu&rsquo;\u00e0 2kg maximum).<\/li>\n<\/ul>\n<\/li>\n<\/ul>\n<p><span style=\"font-weight: 400;\">Delivery times are only estimates and may vary depending on the destination and chosen shipping method. <\/span><span style=\"font-weight: 400;\">Shipment tracking is not available in the \u201cBooks and Brochures\u201d economical plan.<\/span><\/p>\n<p><span style=\"font-weight: 400;\">The items are shipped to the delivery address mentioned in the order form. We advise you to indicate an address at which your order can be received during working hours.<\/span><\/p>\n<p>Les commandes peuvent \u00eatre \u00e9galement <strong>\u00eatre retir\u00e9es directement au bureau des Editions Light Motiv<\/strong> (du lundi au vendredi entre 9h et 18h30, hors jours f\u00e9ri\u00e9s), ou <strong>lors d&rsquo;un \u00e9v\u00e9nement<\/strong> auquel nous participons (rencontres, salons, foires, etc.). Dans ce cas pr\u00e9cis, veuillez nous contacter pour pr\u00e9venir de votre venue afin que nous pr\u00e9parions la commande et adaptions notre emploi du temps avant de choisir l&rsquo;option \u00ab\u00a0retrait gratuit\u00a0\u00bb dans le panier. Merci !\u00a0<\/p>\n<p><strong>Payment for your order can be made:<br \/><\/strong>- by bank card (Visa, MasterCard, American Express...)<br \/>- by bank wiretransfer<br \/>- by cheque addressed to Light Motiv<\/p>\n<p><span style=\"font-weight: 400;\">Dans ce cas, votre commande n\u2019est trait\u00e9e qu\u2019\u00e0 r\u00e9ception de votre r\u00e8glement. Nous vous envoyons un email \u00e0 l&rsquo;envoi de votre commande. La pr\u00e9paration de la commande peut prendre entre 2 \u00e0 5 jours ouvr\u00e9s.<br \/><\/span><\/p>\n<p>Thanks for your support!<\/p>\n<div class=\"row\"  id=\"row-897693555\">\n\n\n\t<div id=\"col-194400294\" class=\"col medium-8 small-12 large-8\"  >\n\t\t\t\t<div class=\"col-inner\"  >\n\t\t\t\n\t\t\t\n\n\t<div class=\"img has-hover x md-x lg-x y md-y lg-y\" id=\"image_1056184541\">\n\t\t\t\t\t\t\t\t<div class=\"img-inner dark\" >\n\t\t\t\t\t\t\t\t\t\n\t\t\t\t\t<\/div>\n\t\t\t\t\t\t\t\t\n<style>\n#image_1056184541 {\n  width: 100%;\n}\n<\/style>\n\t<\/div>\n\t\n\n\n\t\t<\/div>\n\t\t\t\t\t<\/div>\n\n\t\n\n\t<div id=\"col-755955925\" class=\"col medium-4 small-12 large-4\"  >\n\t\t\t\t<div class=\"col-inner\"  >\n\t\t\t\n\t\t\t\n\n<p class=\"translation-block\"><span style=\"font-weight: 400\">For any question related to your order, you can contact us by phone at +33 (0) 3 20 06 90 98 or by email at <\/span><a href=\"mailto:edition@lightmotiv.com\" target=\"_self\"><span style=\"font-weight: 400\">edition@lightmotiv.com<\/span><\/a><\/p>\n<p><span style=\"font-weight: 400;\">We are committed to answering you as soon as possible.<\/span><\/p>\n\n\t\t<\/div>\n\t\t\t\t\t<\/div>\n\n\t\n\n<\/div>","protected":false},"excerpt":{"rendered":"","protected":false},"author":1,"featured_media":0,"parent":0,"menu_order":0,"comment_status":"closed","ping_status":"closed","template":"","meta":{"footnotes":""},"class_list":["post-2906","page","type-page","status-publish","hentry"],"_links":{"self":[{"href":"https:\/\/editionslightmotiv.com\/en\/wp-json\/wp\/v2\/pages\/2906","targetHints":{"allow":["GET"]}}],"collection":[{"href":"https:\/\/editionslightmotiv.com\/en\/wp-json\/wp\/v2\/pages"}],"about":[{"href":"https:\/\/editionslightmotiv.com\/en\/wp-json\/wp\/v2\/types\/page"}],"author":[{"embeddable":true,"href":"https:\/\/editionslightmotiv.com\/en\/wp-json\/wp\/v2\/users\/1"}],"replies":[{"embeddable":true,"href":"https:\/\/editionslightmotiv.com\/en\/wp-json\/wp\/v2\/comments?post=2906"}],"version-history":[{"count":12,"href":"https:\/\/editionslightmotiv.com\/en\/wp-json\/wp\/v2\/pages\/2906\/revisions"}],"predecessor-version":[{"id":5116,"href":"https:\/\/editionslightmotiv.com\/en\/wp-json\/wp\/v2\/pages\/2906\/revisions\/5116"}],"wp:attachment":[{"href":"https:\/\/editionslightmotiv.com\/en\/wp-json\/wp\/v2\/media?parent=2906"}],"curies":[{"name":"wp","href":"https:\/\/api.w.org\/{rel}","templated":true}]}}