{"id":2886,"date":"2021-09-20T16:35:32","date_gmt":"2021-09-20T14:35:32","guid":{"rendered":"https:\/\/editionslightmotiv.com\/?page_id=2886"},"modified":"2026-02-11T11:16:20","modified_gmt":"2026-02-11T10:16:20","slug":"olivia-lavergne","status":"publish","type":"page","link":"https:\/\/editionslightmotiv.com\/en\/auteurs-photographes\/olivia-lavergne\/","title":{"rendered":"Olivia Lavergne"},"content":{"rendered":"<a href=\"https:\/\/editionslightmotiv.com\/en\/auteurs-photographes\/\" class=\"button primary is-link\" >\n\t\t<span>Back<\/span>\n\t<\/a>\n\n\n<p style=\"text-align: center;\"><img loading=\"lazy\" decoding=\"async\" class=\"aligncenter size-medium wp-image-2888\" src=\"https:\/\/editionslightmotiv.com\/wp-content\/uploads\/2021\/09\/image0000001-400x400.jpg\" alt=\"\" width=\"400\" height=\"400\" srcset=\"https:\/\/editionslightmotiv.com\/wp-content\/uploads\/2021\/09\/image0000001-400x400.jpg 400w, https:\/\/editionslightmotiv.com\/wp-content\/uploads\/2021\/09\/image0000001-100x100.jpg 100w, https:\/\/editionslightmotiv.com\/wp-content\/uploads\/2021\/09\/image0000001-510x510.jpg 510w, https:\/\/editionslightmotiv.com\/wp-content\/uploads\/2021\/09\/image0000001-280x280.jpg 280w, https:\/\/editionslightmotiv.com\/wp-content\/uploads\/2021\/09\/image0000001-247x247.jpg 247w, https:\/\/editionslightmotiv.com\/wp-content\/uploads\/2021\/09\/image0000001.jpg 600w\" sizes=\"auto, (max-width: 400px) 100vw, 400px\" \/><span style=\"font-size: 75%;\">\u00a9 Galerie InSula<\/span><\/p>\n<p style=\"text-align: center;\"><strong><span style=\"color: #282828; font-size: 170%;\">Olivia Lavergne<\/span><br \/><\/strong><\/p>\n<p class=\"p1\" style=\"text-align: center;\">Artiste photographe, Olivia Lavergne est n\u00e9e \u00e0 Paris en 1979.<\/p>\n<p class=\"p1\" style=\"text-align: center;\">Apr\u00e8s des \u00e9tudes litt\u00e9raires, Olivia Lavergne s\u2019oriente vers la photographie et d\u00e9bute un travail d\u2019auteur en 2003. A partir de 2005, elle suit les cours de l\u2019 universit\u00e9 de Paris VIII et de l\u2019Ecole Nationale des Arts D\u00e9coratifs et obtient une Ma\u00eetrise en Photographie puis un Master en Art contemporain.<span class=\"Apple-converted-space\">\u00a0<\/span><\/p>\n<p class=\"p1\" style=\"text-align: center;\">Dans ses images, la mise en sc\u00e8ne flirte avec le r\u00e9el et cela d\u00e8s les premiers travaux expos\u00e9s en 2010 lors du Festival Off des Rencontres Internationales de la Photographie \u00e0 Arles. Olivia voyage \u00e0 Berlin, \u00e0 New-York, en Guyane. Elle explore ensuite de fa\u00e7on plus personnelle une v\u00e9g\u00e9tation tropicale et dense, une for\u00eat luxuriante.<span class=\"Apple-converted-space\">\u00a0<\/span><\/p>\n<p class=\"p1\" style=\"text-align: center;\">Depuis 2011, Olivia Lavergne travaille sur la perception et la m\u00e9tamorphose du paysage, qu\u2019il soit artificiel ou naturel. Elle imagine des dispositifs visuels qui posent la question du vrai et du faux. Elle interroge la place de l\u2019homme dans son environnement premier et explore dans son dernier travail, la dimension mythique et myst\u00e9rieuse des for\u00eats, jouant des th\u00e9matiques du conte et de l\u2019enqu\u00eate ethnographique.<span class=\"Apple-converted-space\">\u00a0<\/span><\/p>\n<p class=\"p1\" style=\"text-align: center;\">Ses photographies sont notamment publi\u00e9es dans les magazines GEO Collection, T\u00e9l\u00e9rama, Hors-s\u00e9rie, TGV Magazine, Psychologies, Science et Vie Photo, Maison Fran\u00e7aise Paris, R\u00e9ponses Photo.<span class=\"Apple-converted-space\">\u00a0<\/span><\/p>\n<p class=\"p1\" style=\"text-align: center;\">Son travail a re\u00e7u le prix AFAR Travel Photography Awards (2018), le prix Moscou International Foto Award (2015), LensCulture Emerging Talent Award (2014) et le prix Coup de coeur ARTE Actions Culturelles (2013).<span class=\"Apple-converted-space\">\u00a0<\/span><\/p>\n<p class=\"p1\" style=\"text-align: center;\">Olivia Lavergne expose r\u00e9guli\u00e8rement ses photographies \u00e0 la Galerie Insula (Paris) et \u00e0 la Galerie Confluence (Nantes).<span class=\"Apple-converted-space\">\u00a0<\/span><\/p>\n<p style=\"text-align: center;\">Son site internet : <a href=\"http:\/\/olivialavergne.com\/\" target=\"_blank\" rel=\"noopener\">http:\/\/olivialavergne.com\/<\/a><\/p>\n<p style=\"text-align: center;\">Son Instagram : <a href=\"https:\/\/www.instagram.com\/olivialavergne\/?hl=fr\" target=\"_blank\" rel=\"noopener\">https:\/\/www.instagram.com\/olivialavergne\/?hl=fr<\/a><\/p>\n<h2 style=\"text-align: center;\">Ses livres aux Editions Light Motiv<\/h2>\n\t\n  \n    <div class=\"row large-columns-6 medium-columns-3 small-columns-2 row-small slider row-slider slider-nav-simple slider-nav-push\"  data-flickity-options='{&quot;imagesLoaded&quot;: true, &quot;groupCells&quot;: &quot;100%&quot;, &quot;dragThreshold&quot; : 5, &quot;cellAlign&quot;: &quot;left&quot;,&quot;wrapAround&quot;: true,&quot;prevNextButtons&quot;: true,&quot;percentPosition&quot;: true,&quot;pageDots&quot;: false, &quot;rightToLeft&quot;: false, &quot;autoPlay&quot; : false}' >\n\n  \n\t     <div class=\"product-small col has-hover product type-product post-2724 status-publish first instock product_cat-livre product_tag-berengere-cournut product_tag-environment product_tag-environnement product_tag-jungle product_tag-jungles product_tag-livre-photographique product_tag-nature product_tag-photobook product_tag-surreal product_tag-surrealism product_tag-surrealisme product_tag-tribe product_tag-tribu has-post-thumbnail shipping-taxable purchasable product-type-simple\">\n\t<div class=\"col-inner\">\n\t\n<div class=\"badge-container absolute left top z-1\">\n\n<\/div>\n\t<div class=\"product-small box\">\n\t\t<div class=\"box-image\">\n\t\t\t<div class=\"image-zoom-fade\">\n\t\t\t\t<a href=\"https:\/\/editionslightmotiv.com\/en\/product\/jungles\/\">\n\t\t\t\t\t<img loading=\"lazy\" decoding=\"async\" width=\"600\" height=\"720\" src=\"https:\/\/editionslightmotiv.com\/wp-content\/uploads\/2021\/03\/Couverture_-scaled-600x720.jpg\" class=\"attachment-woocommerce_thumbnail size-woocommerce_thumbnail\" alt=\"JUNGLES\" \/>\t\t\t\t<\/a>\n\t\t\t<\/div>\n\t\t\t<div class=\"image-tools is-small top right show-on-hover\">\n\t\t\t\t\t\t\t<\/div>\n\t\t\t<div class=\"image-tools is-small hide-for-small bottom left show-on-hover\">\n\t\t\t\t\t\t\t<\/div>\n\t\t\t<div class=\"image-tools grid-tools text-center hide-for-small bottom hover-slide-in show-on-hover\">\n\t\t\t\t<a href=\"\/en\/wp-json\/wp\/v2\/pages\/2886?add-to-cart=2724\" aria-describedby=\"woocommerce_loop_add_to_cart_link_describedby_2724\" data-quantity=\"1\" class=\"add-to-cart-grid no-padding is-transparent product_type_simple add_to_cart_button ajax_add_to_cart\" data-product_id=\"2724\" data-product_sku=\"\" aria-label=\"Add to basket: \u201cJUNGLES\u201d\" rel=\"nofollow\" data-success_message=\"\u201cJUNGLES\u201d has been added to your cart\" role=\"button\" data-no-translation-aria-label=\"\" data-no-translation-data-success_message=\"\"><div class=\"cart-icon tooltip is-small\" title=\"Add to cart\" data-no-translation-title=\"\"><strong>+<\/strong><\/div><\/a>\t<span id=\"woocommerce_loop_add_to_cart_link_describedby_2724\" class=\"screen-reader-text\">\n\t\t\t<\/span>\n<a href=\"#quick-view\" class=\"quick-view\" role=\"button\" data-prod=\"2724\" aria-haspopup=\"dialog\" aria-expanded=\"false\" data-flatsome-role-button>Quick View<\/a>\t\t\t<\/div>\n\t\t\t\t\t<\/div>\n\n\t\t<div class=\"box-text box-text-products text-center grid-style-2\">\n\t\t\t<div class=\"title-wrapper\"><p class=\"name product-title woocommerce-loop-product__title\"><a href=\"https:\/\/editionslightmotiv.com\/en\/product\/jungles\/\" class=\"woocommerce-LoopProduct-link woocommerce-loop-product__link\">JUNGLES<\/a><\/p><\/div><div class=\"price-wrapper\">\n\t<span class=\"price\"><span class=\"woocommerce-Price-amount amount\"><bdi>39,00<span class=\"woocommerce-Price-currencySymbol\">&euro;<\/span><\/bdi><\/span><\/span>\n<\/div>\t\t<\/div>\n\t<\/div>\n\t\t<\/div>\n<\/div><div class=\"product-small col has-hover product type-product post-2768 status-publish instock product_cat-livre-avec-tirage product_tag-berengere-cournut product_tag-environment product_tag-environnement product_tag-jungle product_tag-jungles product_tag-limited-print product_tag-livre-photographique product_tag-nature product_tag-photobook product_tag-print product_tag-tirage product_tag-tirage-limite product_tag-tribe product_tag-tribu has-post-thumbnail shipping-taxable purchasable product-type-variable\">\n\t<div class=\"col-inner\">\n\t\n<div class=\"badge-container absolute left top z-1\">\n\n<\/div>\n\t<div class=\"product-small box\">\n\t\t<div class=\"box-image\">\n\t\t\t<div class=\"image-zoom-fade\">\n\t\t\t\t<a href=\"https:\/\/editionslightmotiv.com\/en\/product\/jungles-avec-tirage\/\">\n\t\t\t\t\t<img loading=\"lazy\" decoding=\"async\" width=\"600\" height=\"720\" src=\"https:\/\/editionslightmotiv.com\/wp-content\/uploads\/2021\/03\/Couverture_-scaled-600x720.jpg\" class=\"attachment-woocommerce_thumbnail size-woocommerce_thumbnail\" alt=\"JUNGLES avec tirage\" \/>\t\t\t\t<\/a>\n\t\t\t<\/div>\n\t\t\t<div class=\"image-tools is-small top right show-on-hover\">\n\t\t\t\t\t\t\t<\/div>\n\t\t\t<div class=\"image-tools is-small hide-for-small bottom left show-on-hover\">\n\t\t\t\t\t\t\t<\/div>\n\t\t\t<div class=\"image-tools grid-tools text-center hide-for-small bottom hover-slide-in show-on-hover\">\n\t\t\t\t<a href=\"https:\/\/editionslightmotiv.com\/en\/product\/jungles-avec-tirage\/\" aria-describedby=\"woocommerce_loop_add_to_cart_link_describedby_2768\" data-quantity=\"1\" class=\"add-to-cart-grid no-padding is-transparent product_type_variable add_to_cart_button\" data-product_id=\"2768\" data-product_sku=\"\" aria-label=\"Select options for \u201cJUNGLES avec tirage\u201d\" rel=\"nofollow\" data-no-translation-aria-label=\"\"><div class=\"cart-icon tooltip is-small\" title=\"Select options\" data-no-translation-title=\"\"><strong>+<\/strong><\/div><\/a>\t<span id=\"woocommerce_loop_add_to_cart_link_describedby_2768\" class=\"screen-reader-text\">\n\t\tThis product has multiple variants. The options may be chosen on the product page\t<\/span>\n<a href=\"#quick-view\" class=\"quick-view\" role=\"button\" data-prod=\"2768\" aria-haspopup=\"dialog\" aria-expanded=\"false\" data-flatsome-role-button>Quick View<\/a>\t\t\t<\/div>\n\t\t\t\t\t<\/div>\n\n\t\t<div class=\"box-text box-text-products text-center grid-style-2\">\n\t\t\t<div class=\"title-wrapper\"><p class=\"name product-title woocommerce-loop-product__title\"><a href=\"https:\/\/editionslightmotiv.com\/en\/product\/jungles-avec-tirage\/\" class=\"woocommerce-LoopProduct-link woocommerce-loop-product__link\">JUNGLES with limited print<\/a><\/p><\/div><div class=\"price-wrapper\">\n\t<span class=\"price\"><span class=\"woocommerce-Price-amount amount\"><bdi>180,00<span class=\"woocommerce-Price-currencySymbol\">&euro;<\/span><\/bdi><\/span><\/span>\n<\/div>\t\t<\/div>\n\t<\/div>\n\t\t<\/div>\n<\/div><\/div>","protected":false},"excerpt":{"rendered":"","protected":false},"author":1,"featured_media":0,"parent":43,"menu_order":0,"comment_status":"closed","ping_status":"closed","template":"","meta":{"footnotes":""},"class_list":["post-2886","page","type-page","status-publish","hentry"],"_links":{"self":[{"href":"https:\/\/editionslightmotiv.com\/en\/wp-json\/wp\/v2\/pages\/2886","targetHints":{"allow":["GET"]}}],"collection":[{"href":"https:\/\/editionslightmotiv.com\/en\/wp-json\/wp\/v2\/pages"}],"about":[{"href":"https:\/\/editionslightmotiv.com\/en\/wp-json\/wp\/v2\/types\/page"}],"author":[{"embeddable":true,"href":"https:\/\/editionslightmotiv.com\/en\/wp-json\/wp\/v2\/users\/1"}],"replies":[{"embeddable":true,"href":"https:\/\/editionslightmotiv.com\/en\/wp-json\/wp\/v2\/comments?post=2886"}],"version-history":[{"count":4,"href":"https:\/\/editionslightmotiv.com\/en\/wp-json\/wp\/v2\/pages\/2886\/revisions"}],"predecessor-version":[{"id":5254,"href":"https:\/\/editionslightmotiv.com\/en\/wp-json\/wp\/v2\/pages\/2886\/revisions\/5254"}],"up":[{"embeddable":true,"href":"https:\/\/editionslightmotiv.com\/en\/wp-json\/wp\/v2\/pages\/43"}],"wp:attachment":[{"href":"https:\/\/editionslightmotiv.com\/en\/wp-json\/wp\/v2\/media?parent=2886"}],"curies":[{"name":"wp","href":"https:\/\/api.w.org\/{rel}","templated":true}]}}