{"id":2881,"date":"2021-09-20T16:32:06","date_gmt":"2021-09-20T14:32:06","guid":{"rendered":"https:\/\/editionslightmotiv.com\/?page_id=2881"},"modified":"2021-09-20T16:33:16","modified_gmt":"2021-09-20T14:33:16","slug":"berengere-cournut","status":"publish","type":"page","link":"https:\/\/editionslightmotiv.com\/en\/auteurs-photographes\/berengere-cournut\/","title":{"rendered":"B\u00e9reng\u00e8re Cournut"},"content":{"rendered":"<a href=\"https:\/\/editionslightmotiv.com\/en\/auteurs-photographes\/\" class=\"button primary is-link\" >\n\t\t<span>Back<\/span>\n\t<\/a>\n\n\n<p style=\"text-align: center;\"><br><img loading=\"lazy\" decoding=\"async\" class=\"aligncenter wp-image-2884 size-medium\" src=\"https:\/\/editionslightmotiv.com\/wp-content\/uploads\/2021\/09\/berengere-317x400.jpeg\" alt=\"\" width=\"317\" height=\"400\" srcset=\"https:\/\/editionslightmotiv.com\/wp-content\/uploads\/2021\/09\/berengere-317x400.jpeg 317w, https:\/\/editionslightmotiv.com\/wp-content\/uploads\/2021\/09\/berengere.jpeg 354w\" sizes=\"auto, (max-width: 317px) 100vw, 317px\" \/><\/p>\n<p style=\"text-align: center;\">&nbsp;<\/p>\n<p><strong>B\u00e9reng\u00e8re Cournut<br><\/strong><\/p>\n<p class=\"p1\">N\u00e9e en 1979, B\u00e9reng\u00e8re Cournut a grandi en r\u00e9gion parisienne, dans un paysage d\u2019eaux et de collines. \u00c0 quinze ans, elle d\u00e9m\u00e9nage \u00e0 Paris, o\u00f9 elle passe dix-huit ann\u00e9es \u00e0 \u00e9tudier, \u00e9crire ses premiers livres, participer \u00e0 l\u2019aventure du Nouvel Attila, jeune maison d\u2019\u00e9dition turbulente. Elle a aussi la chance d\u2019\u00eatre un temps secr\u00e9taire du traducteur Pierre Leyris, dont elle aide \u00e0 publier les \u0153uvres posthumes chez Jos\u00e9 Corti. Pour subsister, elle fait de la correction dans la presse et l\u2019\u00e9dition. Durant ces ann\u00e9es, elle prend volontiers le train, le bateau \u2013 l\u2019avion quand elle est press\u00e9e. Depuis 2015, elle vit \u00e0 Besan\u00e7on, o\u00f9 elle a donn\u00e9 naissance \u00e0 trois enfants, tout en continuant \u00e0 explorer des territoires int\u00e9rieurs et lointains.<\/p>\n<p class=\"p1\">Ses premiers livres (romans, recueil de contes, plaquettes de po\u00e9sie) sont empreints d\u2019un profond onirisme. La rencontre avec les cultures am\u00e9rindiennes, lors de plusieurs s\u00e9jours dans l\u2019Ouest am\u00e9ricain en 2011-2012, a provoqu\u00e9 un \u00ab&nbsp;retour au r\u00e9el&nbsp;\u00bb dans son \u00e9criture, avec un roman sur les Hopis d\u2019Arizona, \u00e0 la fois contemplatif et document\u00e9&nbsp;: <i>N\u00e9e contente \u00e0 Oraibi<\/i>, publi\u00e9 par Le Tripode, en 2017. Dans la m\u00eame veine, est paru en septembre 2019 un roman sur le peuple inuit, toujours chez le m\u00eame \u00e9diteur, <i>De pierre et d\u2019os<\/i> (Prix Fnac 2019 et prix Libr\u2019\u00e0 nous). La m\u00eame ann\u00e9e, un court roman \u00e9pistolaire a \u00e9galement \u00e9t\u00e9 publi\u00e9 au Tripode, <i>Par-del\u00e0 nos corps<\/i>, qui relate le destin d\u2019une femme entre les deux guerres, ainsi qu\u2019un album jeunesse illustr\u00e9 par Donatien Mary, <i>Le Roi de la lune<\/i>, aux \u00e9ditions 2024. Actuellement, plusieurs projets sont en cours, toujours li\u00e9s \u00e0 l\u2019exploration g\u00e9ographique et po\u00e9tique de territoires naturels, ainsi qu\u2019\u00e0 l\u2019imaginaire de ceux qui les habitent.<\/p>\n\t\n  \n    <div class=\"row large-columns-6 medium-columns-3 small-columns-2 row-small slider row-slider slider-nav-simple slider-nav-push\"  data-flickity-options='{&quot;imagesLoaded&quot;: true, &quot;groupCells&quot;: &quot;100%&quot;, &quot;dragThreshold&quot; : 5, &quot;cellAlign&quot;: &quot;left&quot;,&quot;wrapAround&quot;: true,&quot;prevNextButtons&quot;: true,&quot;percentPosition&quot;: true,&quot;pageDots&quot;: false, &quot;rightToLeft&quot;: false, &quot;autoPlay&quot; : false}' >\n\n  \n\t     <div class=\"product-small col has-hover product type-product post-2724 status-publish first instock product_cat-livre product_tag-berengere-cournut product_tag-environment product_tag-environnement product_tag-jungle product_tag-jungles product_tag-livre-photographique product_tag-nature product_tag-photobook product_tag-surreal product_tag-surrealism product_tag-surrealisme product_tag-tribe product_tag-tribu has-post-thumbnail shipping-taxable purchasable product-type-simple\">\n\t<div class=\"col-inner\">\n\t\n<div class=\"badge-container absolute left top z-1\">\n\n<\/div>\n\t<div class=\"product-small box\">\n\t\t<div class=\"box-image\">\n\t\t\t<div class=\"image-zoom-fade\">\n\t\t\t\t<a href=\"https:\/\/editionslightmotiv.com\/en\/product\/jungles\/\">\n\t\t\t\t\t<img loading=\"lazy\" decoding=\"async\" width=\"600\" height=\"720\" src=\"https:\/\/editionslightmotiv.com\/wp-content\/uploads\/2021\/03\/Couverture_-scaled-600x720.jpg\" class=\"attachment-woocommerce_thumbnail size-woocommerce_thumbnail\" alt=\"JUNGLES\" \/>\t\t\t\t<\/a>\n\t\t\t<\/div>\n\t\t\t<div class=\"image-tools is-small top right show-on-hover\">\n\t\t\t\t\t\t\t<\/div>\n\t\t\t<div class=\"image-tools is-small hide-for-small bottom left show-on-hover\">\n\t\t\t\t\t\t\t<\/div>\n\t\t\t<div class=\"image-tools grid-tools text-center hide-for-small bottom hover-slide-in show-on-hover\">\n\t\t\t\t<a href=\"\/en\/wp-json\/wp\/v2\/pages\/2881?add-to-cart=2724\" aria-describedby=\"woocommerce_loop_add_to_cart_link_describedby_2724\" data-quantity=\"1\" class=\"add-to-cart-grid no-padding is-transparent product_type_simple add_to_cart_button ajax_add_to_cart\" data-product_id=\"2724\" data-product_sku=\"\" aria-label=\"Add to basket: \u201cJUNGLES\u201d\" rel=\"nofollow\" data-success_message=\"\u201cJUNGLES\u201d has been added to your cart\" role=\"button\" data-no-translation-aria-label=\"\" data-no-translation-data-success_message=\"\"><div class=\"cart-icon tooltip is-small\" title=\"Add to cart\" data-no-translation-title=\"\"><strong>+<\/strong><\/div><\/a>\t<span id=\"woocommerce_loop_add_to_cart_link_describedby_2724\" class=\"screen-reader-text\">\n\t\t\t<\/span>\n<a href=\"#quick-view\" class=\"quick-view\" role=\"button\" data-prod=\"2724\" aria-haspopup=\"dialog\" aria-expanded=\"false\" data-flatsome-role-button>Quick View<\/a>\t\t\t<\/div>\n\t\t\t\t\t<\/div>\n\n\t\t<div class=\"box-text box-text-products text-center grid-style-2\">\n\t\t\t<div class=\"title-wrapper\"><p class=\"name product-title woocommerce-loop-product__title\"><a href=\"https:\/\/editionslightmotiv.com\/en\/product\/jungles\/\" class=\"woocommerce-LoopProduct-link woocommerce-loop-product__link\">JUNGLES<\/a><\/p><\/div><div class=\"price-wrapper\">\n\t<span class=\"price\"><span class=\"woocommerce-Price-amount amount\"><bdi>39,00<span class=\"woocommerce-Price-currencySymbol\">&euro;<\/span><\/bdi><\/span><\/span>\n<\/div>\t\t<\/div>\n\t<\/div>\n\t\t<\/div>\n<\/div><div class=\"product-small col has-hover product type-product post-2768 status-publish instock product_cat-livre-avec-tirage product_tag-berengere-cournut product_tag-environment product_tag-environnement product_tag-jungle product_tag-jungles product_tag-limited-print product_tag-livre-photographique product_tag-nature product_tag-photobook product_tag-print product_tag-tirage product_tag-tirage-limite product_tag-tribe product_tag-tribu has-post-thumbnail shipping-taxable purchasable product-type-variable\">\n\t<div class=\"col-inner\">\n\t\n<div class=\"badge-container absolute left top z-1\">\n\n<\/div>\n\t<div class=\"product-small box\">\n\t\t<div class=\"box-image\">\n\t\t\t<div class=\"image-zoom-fade\">\n\t\t\t\t<a href=\"https:\/\/editionslightmotiv.com\/en\/product\/jungles-avec-tirage\/\">\n\t\t\t\t\t<img loading=\"lazy\" decoding=\"async\" width=\"600\" height=\"720\" src=\"https:\/\/editionslightmotiv.com\/wp-content\/uploads\/2021\/03\/Couverture_-scaled-600x720.jpg\" class=\"attachment-woocommerce_thumbnail size-woocommerce_thumbnail\" alt=\"JUNGLES avec tirage\" \/>\t\t\t\t<\/a>\n\t\t\t<\/div>\n\t\t\t<div class=\"image-tools is-small top right show-on-hover\">\n\t\t\t\t\t\t\t<\/div>\n\t\t\t<div class=\"image-tools is-small hide-for-small bottom left show-on-hover\">\n\t\t\t\t\t\t\t<\/div>\n\t\t\t<div class=\"image-tools grid-tools text-center hide-for-small bottom hover-slide-in show-on-hover\">\n\t\t\t\t<a href=\"https:\/\/editionslightmotiv.com\/en\/product\/jungles-avec-tirage\/\" aria-describedby=\"woocommerce_loop_add_to_cart_link_describedby_2768\" data-quantity=\"1\" class=\"add-to-cart-grid no-padding is-transparent product_type_variable add_to_cart_button\" data-product_id=\"2768\" data-product_sku=\"\" aria-label=\"Select options for \u201cJUNGLES avec tirage\u201d\" rel=\"nofollow\" data-no-translation-aria-label=\"\"><div class=\"cart-icon tooltip is-small\" title=\"Select options\" data-no-translation-title=\"\"><strong>+<\/strong><\/div><\/a>\t<span id=\"woocommerce_loop_add_to_cart_link_describedby_2768\" class=\"screen-reader-text\">\n\t\tThis product has multiple variants. The options may be chosen on the product page\t<\/span>\n<a href=\"#quick-view\" class=\"quick-view\" role=\"button\" data-prod=\"2768\" aria-haspopup=\"dialog\" aria-expanded=\"false\" data-flatsome-role-button>Quick View<\/a>\t\t\t<\/div>\n\t\t\t\t\t<\/div>\n\n\t\t<div class=\"box-text box-text-products text-center grid-style-2\">\n\t\t\t<div class=\"title-wrapper\"><p class=\"name product-title woocommerce-loop-product__title\"><a href=\"https:\/\/editionslightmotiv.com\/en\/product\/jungles-avec-tirage\/\" class=\"woocommerce-LoopProduct-link woocommerce-loop-product__link\">JUNGLES with limited print<\/a><\/p><\/div><div class=\"price-wrapper\">\n\t<span class=\"price\"><span class=\"woocommerce-Price-amount amount\"><bdi>180,00<span class=\"woocommerce-Price-currencySymbol\">&euro;<\/span><\/bdi><\/span><\/span>\n<\/div>\t\t<\/div>\n\t<\/div>\n\t\t<\/div>\n<\/div><\/div>","protected":false},"excerpt":{"rendered":"","protected":false},"author":1,"featured_media":0,"parent":43,"menu_order":0,"comment_status":"closed","ping_status":"closed","template":"","meta":{"footnotes":""},"class_list":["post-2881","page","type-page","status-publish","hentry"],"_links":{"self":[{"href":"https:\/\/editionslightmotiv.com\/en\/wp-json\/wp\/v2\/pages\/2881","targetHints":{"allow":["GET"]}}],"collection":[{"href":"https:\/\/editionslightmotiv.com\/en\/wp-json\/wp\/v2\/pages"}],"about":[{"href":"https:\/\/editionslightmotiv.com\/en\/wp-json\/wp\/v2\/types\/page"}],"author":[{"embeddable":true,"href":"https:\/\/editionslightmotiv.com\/en\/wp-json\/wp\/v2\/users\/1"}],"replies":[{"embeddable":true,"href":"https:\/\/editionslightmotiv.com\/en\/wp-json\/wp\/v2\/comments?post=2881"}],"version-history":[{"count":2,"href":"https:\/\/editionslightmotiv.com\/en\/wp-json\/wp\/v2\/pages\/2881\/revisions"}],"predecessor-version":[{"id":2885,"href":"https:\/\/editionslightmotiv.com\/en\/wp-json\/wp\/v2\/pages\/2881\/revisions\/2885"}],"up":[{"embeddable":true,"href":"https:\/\/editionslightmotiv.com\/en\/wp-json\/wp\/v2\/pages\/43"}],"wp:attachment":[{"href":"https:\/\/editionslightmotiv.com\/en\/wp-json\/wp\/v2\/media?parent=2881"}],"curies":[{"name":"wp","href":"https:\/\/api.w.org\/{rel}","templated":true}]}}