{"id":2872,"date":"2021-09-20T16:04:11","date_gmt":"2021-09-20T14:04:11","guid":{"rendered":"https:\/\/editionslightmotiv.com\/?page_id=2872"},"modified":"2026-02-10T17:06:19","modified_gmt":"2026-02-10T16:06:19","slug":"yannick-cormier","status":"publish","type":"page","link":"https:\/\/editionslightmotiv.com\/en\/auteurs-photographes\/yannick-cormier\/","title":{"rendered":"Yannick Cormier"},"content":{"rendered":"<a href=\"https:\/\/editionslightmotiv.com\/en\/auteurs-photographes\/\" class=\"button primary is-link\" >\n\t\t<span>Back<\/span>\n\t<\/a>\n\n\n<p><img loading=\"lazy\" decoding=\"async\" class=\"size-medium wp-image-2873 aligncenter\" src=\"https:\/\/editionslightmotiv.com\/wp-content\/uploads\/2021\/09\/PortraitYannick-299x400.jpg\" alt=\"\" width=\"299\" height=\"400\" srcset=\"https:\/\/editionslightmotiv.com\/wp-content\/uploads\/2021\/09\/PortraitYannick-299x400.jpg 299w, https:\/\/editionslightmotiv.com\/wp-content\/uploads\/2021\/09\/PortraitYannick-900x1203.jpg 900w, https:\/\/editionslightmotiv.com\/wp-content\/uploads\/2021\/09\/PortraitYannick-598x800.jpg 598w, https:\/\/editionslightmotiv.com\/wp-content\/uploads\/2021\/09\/PortraitYannick-768x1027.jpg 768w, https:\/\/editionslightmotiv.com\/wp-content\/uploads\/2021\/09\/PortraitYannick-1149x1536.jpg 1149w, https:\/\/editionslightmotiv.com\/wp-content\/uploads\/2021\/09\/PortraitYannick-1532x2048.jpg 1532w, https:\/\/editionslightmotiv.com\/wp-content\/uploads\/2021\/09\/PortraitYannick-510x682.jpg 510w, https:\/\/editionslightmotiv.com\/wp-content\/uploads\/2021\/09\/PortraitYannick.jpg 1664w\" sizes=\"auto, (max-width: 299px) 100vw, 299px\" \/><\/p>\n<p style=\"text-align: center;\">\u00a0<\/p>\n<p style=\"text-align: center;\"><span style=\"font-size: 170%; color: #282828;\"><strong>Yannick Cormier<\/strong><\/span><\/p>\n<p style=\"text-align: center;\">N\u00e9 en France en 1975, il vit et travaille en France. En 1999, Il fait son apprentissage au studio Astre \u00e0 Paris. Pendant cette p\u00e9riode il assiste les photographes Patrick Swirc, William Klein et bien d\u2019autres pour des magazines comme Vogue et Vanity Fair. Ensuite il entame une carri\u00e8re de photographe documentaire et ses images sont publi\u00e9es dans la presse internationale (Courrier international, Lib\u00e9ration, The Guardian, CNN, Foreign Policy). Au printemps 2018, il s&rsquo;installe en France, en Dordogne, apr\u00e8s avoir pass\u00e9 15 ans en Inde.<\/p>\n<p style=\"text-align: center;\">Le photographe donne \u00e0 voir cette forme de\u00a0 r\u00e9sistance de l\u2019identit\u00e9 culturelle des soci\u00e9t\u00e9s dites traditionnelles ou de plus petites communaut\u00e9s qui n\u2019ont pas encore \u00e9t\u00e9 totalement anesth\u00e9si\u00e9es par le monde moderne consum\u00e9riste. C\u2019est une tentative de r\u00e9v\u00e9ler des attitudes mythologiques de ces groupes. Mais plus que des mythes, ses images montrent des gens qui jouent avec des symboles, signe d\u2019une culture qui, parce qu\u2019\u00e0 l\u2019aise avec ses traditions, peut se laisser aller \u00e0 l\u2019autod\u00e9rision.<br \/>Sa photographie convoque le spirituel et le mat\u00e9riel, la fiction et la r\u00e9alit\u00e9, la tradition et la modernit\u00e9. Ses photographies sont des images vivantes qu\u2019il puise dans le voyage, les rites sociaux, les c\u00e9r\u00e9monies religieuses, les fantasmes culturels, les r\u00eaves et plus g\u00e9n\u00e9ralement dans tous les jeux, sacr\u00e9s ou ordinaires, qui travestissent l\u2019identit\u00e9 et l\u2019apparence.<\/p>\n<p style=\"text-align: center;\">Son site internet : <a href=\"https:\/\/yannickcormier.com\/fr\/accueil\" target=\"_blank\" rel=\"noopener\">https:\/\/yannickcormier.com\/fr\/accueil<\/a><\/p>\n<p style=\"text-align: center;\">Son Instagram : <a href=\"https:\/\/www.instagram.com\/yancorindia\/?hl=fr\" target=\"_blank\" rel=\"noopener\">https:\/\/www.instagram.com\/yancorindia\/?hl=fr<\/a><\/p>\n<h2 style=\"text-align: center;\">Ses livres aux Editions Light Motiv<\/h2>\n\t\n  \n    <div class=\"row large-columns-6 medium-columns-3 small-columns-2 row-small slider row-slider slider-nav-simple slider-nav-push\"  data-flickity-options='{&quot;imagesLoaded&quot;: true, &quot;groupCells&quot;: &quot;100%&quot;, &quot;dragThreshold&quot; : 5, &quot;cellAlign&quot;: &quot;left&quot;,&quot;wrapAround&quot;: true,&quot;prevNextButtons&quot;: true,&quot;percentPosition&quot;: true,&quot;pageDots&quot;: false, &quot;rightToLeft&quot;: false, &quot;autoPlay&quot; : false}' >\n\n  \n\t     <div class=\"product-small col has-hover product type-product post-2825 status-publish first instock product_cat-livre product_tag-argentique product_tag-black-and-white product_tag-black-and-white-photography product_tag-carnaval product_tag-carnival product_tag-espagne product_tag-film-photography product_tag-livre-photographique product_tag-mascarade product_tag-masquerade product_tag-medium-format product_tag-moyen-format product_tag-pagan product_tag-paganisme product_tag-paien product_tag-photobook product_tag-photographie-noir-et-blanc product_tag-portugal product_tag-ritual product_tag-rituel product_tag-spain product_tag-yannick-cormier has-post-thumbnail shipping-taxable purchasable product-type-simple\">\n\t<div class=\"col-inner\">\n\t\n<div class=\"badge-container absolute left top z-1\">\n\n<\/div>\n\t<div class=\"product-small box\">\n\t\t<div class=\"box-image\">\n\t\t\t<div class=\"image-zoom-fade\">\n\t\t\t\t<a href=\"https:\/\/editionslightmotiv.com\/en\/product\/tierra-magica\/\">\n\t\t\t\t\t<img loading=\"lazy\" decoding=\"async\" width=\"600\" height=\"720\" src=\"https:\/\/editionslightmotiv.com\/wp-content\/uploads\/2021\/11\/couvTMrecto_siteweb-600x720.jpg\" class=\"attachment-woocommerce_thumbnail size-woocommerce_thumbnail\" alt=\"Couverture du livre photographique TIERRA M\u00c1GICA de Yannick Cormier publi\u00e9 par les Editions Light Motiv en novembre 2021 sur les mascarades et rituels carnavalesques d&#039;Espagne\" \/>\t\t\t\t<\/a>\n\t\t\t<\/div>\n\t\t\t<div class=\"image-tools is-small top right show-on-hover\">\n\t\t\t\t\t\t\t<\/div>\n\t\t\t<div class=\"image-tools is-small hide-for-small bottom left show-on-hover\">\n\t\t\t\t\t\t\t<\/div>\n\t\t\t<div class=\"image-tools grid-tools text-center hide-for-small bottom hover-slide-in show-on-hover\">\n\t\t\t\t<a href=\"\/en\/wp-json\/wp\/v2\/pages\/2872?add-to-cart=2825\" aria-describedby=\"woocommerce_loop_add_to_cart_link_describedby_2825\" data-quantity=\"1\" class=\"add-to-cart-grid no-padding is-transparent product_type_simple add_to_cart_button ajax_add_to_cart\" data-product_id=\"2825\" data-product_sku=\"\" aria-label=\"Add to basket: \u201cTIERRA M\u00c1GICA\u201d\" rel=\"nofollow\" data-success_message=\"\u201cTIERRA M\u00c1GICA\u201d has been added to your basket\" role=\"button\" data-no-translation-aria-label=\"\" data-no-translation-data-success_message=\"\"><div class=\"cart-icon tooltip is-small\" title=\"Add to cart\" data-no-translation-title=\"\"><strong>+<\/strong><\/div><\/a>\t<span id=\"woocommerce_loop_add_to_cart_link_describedby_2825\" class=\"screen-reader-text\">\n\t\t\t<\/span>\n<a href=\"#quick-view\" class=\"quick-view\" role=\"button\" data-prod=\"2825\" aria-haspopup=\"dialog\" aria-expanded=\"false\" data-flatsome-role-button>Quick View<\/a>\t\t\t<\/div>\n\t\t\t\t\t<\/div>\n\n\t\t<div class=\"box-text box-text-products text-center grid-style-2\">\n\t\t\t<div class=\"title-wrapper\"><p class=\"name product-title woocommerce-loop-product__title\"><a href=\"https:\/\/editionslightmotiv.com\/en\/product\/tierra-magica\/\" class=\"woocommerce-LoopProduct-link woocommerce-loop-product__link\">TIERRA M\u00c1GICA<\/a><\/p><\/div><div class=\"price-wrapper\">\n\t<span class=\"price\"><span class=\"woocommerce-Price-amount amount\"><bdi>35,00<span class=\"woocommerce-Price-currencySymbol\">&euro;<\/span><\/bdi><\/span><\/span>\n<\/div>\t\t<\/div>\n\t<\/div>\n\t\t<\/div>\n<\/div><div class=\"product-small col has-hover product type-product post-2828 status-publish instock product_cat-livre-avec-tirage product_tag-argentique product_tag-black-and-white product_tag-black-and-white-photography product_tag-carnaval product_tag-carnival product_tag-costume product_tag-environment product_tag-environnement product_tag-espagne product_tag-film-photo product_tag-livre-photographique product_tag-mascarade product_tag-masquerade product_tag-medium-format product_tag-moyen-format product_tag-nature product_tag-outfit product_tag-pagan product_tag-paganisme product_tag-paien product_tag-photobook product_tag-photographie-noir-et-blanc product_tag-portugal product_tag-ritual product_tag-rituel product_tag-spain has-post-thumbnail shipping-taxable purchasable product-type-variable\">\n\t<div class=\"col-inner\">\n\t\n<div class=\"badge-container absolute left top z-1\">\n\n<\/div>\n\t<div class=\"product-small box\">\n\t\t<div class=\"box-image\">\n\t\t\t<div class=\"image-zoom-fade\">\n\t\t\t\t<a href=\"https:\/\/editionslightmotiv.com\/en\/product\/tierra-magica-avec-tirage\/\">\n\t\t\t\t\t<img loading=\"lazy\" decoding=\"async\" width=\"600\" height=\"720\" src=\"https:\/\/editionslightmotiv.com\/wp-content\/uploads\/2021\/11\/couvTMrecto_siteweb-600x720.jpg\" class=\"attachment-woocommerce_thumbnail size-woocommerce_thumbnail\" alt=\"Couverture du livre photographique TIERRA M\u00c1GICA de Yannick Cormier publi\u00e9 par les Editions Light Motiv en novembre 2021 sur les mascarades et rituels carnavalesques d&#039;Espagne\" \/>\t\t\t\t<\/a>\n\t\t\t<\/div>\n\t\t\t<div class=\"image-tools is-small top right show-on-hover\">\n\t\t\t\t\t\t\t<\/div>\n\t\t\t<div class=\"image-tools is-small hide-for-small bottom left show-on-hover\">\n\t\t\t\t\t\t\t<\/div>\n\t\t\t<div class=\"image-tools grid-tools text-center hide-for-small bottom hover-slide-in show-on-hover\">\n\t\t\t\t<a href=\"https:\/\/editionslightmotiv.com\/en\/product\/tierra-magica-avec-tirage\/\" aria-describedby=\"woocommerce_loop_add_to_cart_link_describedby_2828\" data-quantity=\"1\" class=\"add-to-cart-grid no-padding is-transparent product_type_variable add_to_cart_button\" data-product_id=\"2828\" data-product_sku=\"\" aria-label=\"Select options for \u201cTIERRA M\u00c1GICA avec tirage\u201d\" rel=\"nofollow\" data-no-translation-aria-label=\"\"><div class=\"cart-icon tooltip is-small\" title=\"Select options\" data-no-translation-title=\"\"><strong>+<\/strong><\/div><\/a>\t<span id=\"woocommerce_loop_add_to_cart_link_describedby_2828\" class=\"screen-reader-text\">\n\t\tThis product has multiple variants. The options may be chosen on the product page\t<\/span>\n<a href=\"#quick-view\" class=\"quick-view\" role=\"button\" data-prod=\"2828\" aria-haspopup=\"dialog\" aria-expanded=\"false\" data-flatsome-role-button>Quick View<\/a>\t\t\t<\/div>\n\t\t\t\t\t<\/div>\n\n\t\t<div class=\"box-text box-text-products text-center grid-style-2\">\n\t\t\t<div class=\"title-wrapper\"><p class=\"name product-title woocommerce-loop-product__title\"><a href=\"https:\/\/editionslightmotiv.com\/en\/product\/tierra-magica-avec-tirage\/\" class=\"woocommerce-LoopProduct-link woocommerce-loop-product__link\">TIERRA M\u00c1GICA avec tirage<\/a><\/p><\/div><div class=\"price-wrapper\">\n\t<span class=\"price\"><span class=\"woocommerce-Price-amount amount\"><bdi>180,00<span class=\"woocommerce-Price-currencySymbol\">&euro;<\/span><\/bdi><\/span><\/span>\n<\/div>\t\t<\/div>\n\t<\/div>\n\t\t<\/div>\n<\/div><\/div>\n\n<p><\/span><\/p>","protected":false},"excerpt":{"rendered":"","protected":false},"author":1,"featured_media":0,"parent":43,"menu_order":0,"comment_status":"closed","ping_status":"closed","template":"","meta":{"footnotes":""},"class_list":["post-2872","page","type-page","status-publish","hentry"],"_links":{"self":[{"href":"https:\/\/editionslightmotiv.com\/en\/wp-json\/wp\/v2\/pages\/2872","targetHints":{"allow":["GET"]}}],"collection":[{"href":"https:\/\/editionslightmotiv.com\/en\/wp-json\/wp\/v2\/pages"}],"about":[{"href":"https:\/\/editionslightmotiv.com\/en\/wp-json\/wp\/v2\/types\/page"}],"author":[{"embeddable":true,"href":"https:\/\/editionslightmotiv.com\/en\/wp-json\/wp\/v2\/users\/1"}],"replies":[{"embeddable":true,"href":"https:\/\/editionslightmotiv.com\/en\/wp-json\/wp\/v2\/comments?post=2872"}],"version-history":[{"count":5,"href":"https:\/\/editionslightmotiv.com\/en\/wp-json\/wp\/v2\/pages\/2872\/revisions"}],"predecessor-version":[{"id":5211,"href":"https:\/\/editionslightmotiv.com\/en\/wp-json\/wp\/v2\/pages\/2872\/revisions\/5211"}],"up":[{"embeddable":true,"href":"https:\/\/editionslightmotiv.com\/en\/wp-json\/wp\/v2\/pages\/43"}],"wp:attachment":[{"href":"https:\/\/editionslightmotiv.com\/en\/wp-json\/wp\/v2\/media?parent=2872"}],"curies":[{"name":"wp","href":"https:\/\/api.w.org\/{rel}","templated":true}]}}