{"id":2406,"date":"2020-05-15T16:47:45","date_gmt":"2020-05-15T14:47:45","guid":{"rendered":"https:\/\/editionslightmotiv.com\/?page_id=2406"},"modified":"2026-02-11T11:05:47","modified_gmt":"2026-02-11T10:05:47","slug":"adeline-hazan","status":"publish","type":"page","link":"https:\/\/editionslightmotiv.com\/en\/auteurs-photographes\/adeline-hazan\/","title":{"rendered":"Adeline Hazan"},"content":{"rendered":"<a href=\"https:\/\/editionslightmotiv.com\/en\/auteurs-photographes\/\" class=\"button primary is-link\" >\n\t\t<span>Back<\/span>\n\t<\/a>\n\n\n<p style=\"text-align: center;\"><img loading=\"lazy\" decoding=\"async\" class=\"size-large wp-image-4612 aligncenter\" src=\"https:\/\/editionslightmotiv.com\/wp-content\/uploads\/2025\/02\/10062022-BD1_0859-Modifier3-scaled-1-1199x800.jpg\" alt=\"\" width=\"1020\" height=\"681\" srcset=\"https:\/\/editionslightmotiv.com\/wp-content\/uploads\/2025\/02\/10062022-BD1_0859-Modifier3-scaled-1-1199x800.jpg 1199w, https:\/\/editionslightmotiv.com\/wp-content\/uploads\/2025\/02\/10062022-BD1_0859-Modifier3-scaled-1-600x400.jpg 600w, https:\/\/editionslightmotiv.com\/wp-content\/uploads\/2025\/02\/10062022-BD1_0859-Modifier3-scaled-1-768x512.jpg 768w, https:\/\/editionslightmotiv.com\/wp-content\/uploads\/2025\/02\/10062022-BD1_0859-Modifier3-scaled-1-1536x1025.jpg 1536w, https:\/\/editionslightmotiv.com\/wp-content\/uploads\/2025\/02\/10062022-BD1_0859-Modifier3-scaled-1-18x12.jpg 18w, https:\/\/editionslightmotiv.com\/wp-content\/uploads\/2025\/02\/10062022-BD1_0859-Modifier3-scaled-1-900x600.jpg 900w, https:\/\/editionslightmotiv.com\/wp-content\/uploads\/2025\/02\/10062022-BD1_0859-Modifier3-scaled-1.jpg 2048w\" sizes=\"auto, (max-width: 1020px) 100vw, 1020px\" \/><span style=\"font-size: 75%;\">\u00a9 Benjamin Decoin<\/span><\/p>\n<p style=\"text-align: center;\"><strong><span style=\"color: #282828; font-size: 170%;\">Adeline Hazan<\/span><br \/><\/strong><\/p>\n<p class=\"p1\" style=\"text-align: center;\">Adeline Hazan a \u00e9t\u00e9 nomm\u00e9e le 16 juillet 2014 au poste de Contr\u00f4leure g\u00e9n\u00e9rale des lieux de privation de libert\u00e9. Adeline Hazan est dipl\u00f4m\u00e9e de l\u02bc\u00e9cole nationale de la magistrature en 1979. Magistrate, elle a \u00e9t\u00e9 juge d\u02bcapplication des peines au tribunal de grande instance de Ch\u00e2lons-sur-Marne de 1980 \u00e0 1983, puis juge des enfants en r\u00e9gion parisienne jusqu\u02bcen 1990. Elle a \u00e9t\u00e9 pr\u00e9sidente du Syndicat de la magistrature de 1986 \u00e0 1989. Apr\u00e8s avoir exerc\u00e9 comme charg\u00e9e de mission au Secr\u00e9tariat g\u00e9n\u00e9ral \u00e0 l\u02bcint\u00e9gration en 1990 et 1991, puis comme responsable du secteur de la pr\u00e9vention de la d\u00e9linquance \u00e0 la d\u00e9l\u00e9gation interminist\u00e9rielle \u00e0 la ville de 1991 \u00e0 1995, elle redevient juge des enfants au TGI de Paris.<\/p>\n<p class=\"p1\" style=\"text-align: center;\">En juin 1997, elle est nomm\u00e9e conseill\u00e8re aupr\u00e8s de la ministre de l\u02bcemploi et de la solidarit\u00e9, Martine Aubry, charg\u00e9e de la politique de la ville et de l\u02bcint\u00e9gration jusqu\u02bcen 1999. D\u00e9put\u00e9e europ\u00e9enne de 1999 \u00e0 2008, Adeline Hazan a si\u00e9g\u00e9 \u00e0 la commission des affaires constitutionnelles puis \u00e0 la commission des libert\u00e9s et des droits des citoyens, de la justice et des affaires int\u00e9rieures. Elle met fin \u00e0 son mandat de parlementaire europ\u00e9enne suite \u00e0 son \u00e9lection \u00e0 la mairie de Reims le 21 mars 2008. Maire de Reims jusqu\u02bcau 4 avril 2014, puis conseill\u00e8re municipale et conseill\u00e8re de l\u02bcagglom\u00e9ration r\u00e9moise, elle a d\u00e9missionn\u00e9 de ces deux derniers mandats suite \u00e0 sa nomination au poste de Contr\u00f4leur g\u00e9n\u00e9ral des lieux de privation de libert\u00e9.<\/p>\n<p class=\"p1\" style=\"text-align: center;\">Adeline Hazan a \u00e9t\u00e9 secr\u00e9taire nationale du parti socialiste, charg\u00e9e des questions de soci\u00e9t\u00e9 de 1995 \u00e0 2003, puis secr\u00e9taire nationale charg\u00e9e des droits de femmes jusqu\u02bcen 2014. Elle a quitt\u00e9 la direction du parti socialiste en juillet 2014 pour se consacrer \u00e0 sa mission de Contr\u00f4leure g\u00e9n\u00e9rale des lieux de privation de libert\u00e9.<\/p>\n<h2 style=\"text-align: center;\">Ses livres aux Editions Light Motiv<\/h2>\n\t\n  \n    <div class=\"row large-columns-6 medium-columns-3 small-columns-2 row-small slider row-slider slider-nav-simple slider-nav-push\"  data-flickity-options='{&quot;imagesLoaded&quot;: true, &quot;groupCells&quot;: &quot;100%&quot;, &quot;dragThreshold&quot; : 5, &quot;cellAlign&quot;: &quot;left&quot;,&quot;wrapAround&quot;: true,&quot;prevNextButtons&quot;: true,&quot;percentPosition&quot;: true,&quot;pageDots&quot;: false, &quot;rightToLeft&quot;: false, &quot;autoPlay&quot; : false}' >\n\n  \n\t     <div class=\"product-small col has-hover product type-product post-2351 status-publish first instock product_cat-livre product_tag-adeline-hazan product_tag-cglpl product_tag-documentary-photography product_tag-enfermes product_tag-jean-christophe-hanche product_tag-liberte product_tag-lieux-de-privation-de-liberte product_tag-livre-photographique product_tag-photographie-documentaire product_tag-prison has-post-thumbnail shipping-taxable purchasable product-type-simple\">\n\t<div class=\"col-inner\">\n\t\n<div class=\"badge-container absolute left top z-1\">\n\n<\/div>\n\t<div class=\"product-small box\">\n\t\t<div class=\"box-image\">\n\t\t\t<div class=\"image-zoom-fade\">\n\t\t\t\t<a href=\"https:\/\/editionslightmotiv.com\/en\/product\/les-enfermes\/\">\n\t\t\t\t\t<img loading=\"lazy\" decoding=\"async\" width=\"600\" height=\"720\" src=\"https:\/\/editionslightmotiv.com\/wp-content\/uploads\/2020\/04\/couv_enf-600x720.jpg\" class=\"attachment-woocommerce_thumbnail size-woocommerce_thumbnail\" alt=\"Couverture du livre Les Enferm\u00e9s avec les photographies de Jean-Christophe Hanch\u00e9 et une pr\u00e9face d&#039;Adeline Hazan sur les lieux de privation de libert\u00e9 en France (co-\u00e9dition CGLPL) publi\u00e9 par les Editions Light Motiv en 2020\" \/>\t\t\t\t<\/a>\n\t\t\t<\/div>\n\t\t\t<div class=\"image-tools is-small top right show-on-hover\">\n\t\t\t\t\t\t\t<\/div>\n\t\t\t<div class=\"image-tools is-small hide-for-small bottom left show-on-hover\">\n\t\t\t\t\t\t\t<\/div>\n\t\t\t<div class=\"image-tools grid-tools text-center hide-for-small bottom hover-slide-in show-on-hover\">\n\t\t\t\t<a href=\"\/en\/wp-json\/wp\/v2\/pages\/2406?add-to-cart=2351\" aria-describedby=\"woocommerce_loop_add_to_cart_link_describedby_2351\" data-quantity=\"1\" class=\"add-to-cart-grid no-padding is-transparent product_type_simple add_to_cart_button ajax_add_to_cart\" data-product_id=\"2351\" data-product_sku=\"\" aria-label=\"Add to basket: \u201cLES ENFERM\u00c9S\u201d\" rel=\"nofollow\" data-success_message=\"\u201cLES ENFERM\u00c9S\u201d has been added to your cart\" role=\"button\" data-no-translation-aria-label=\"\" data-no-translation-data-success_message=\"\"><div class=\"cart-icon tooltip is-small\" title=\"Add to cart\" data-no-translation-title=\"\"><strong>+<\/strong><\/div><\/a>\t<span id=\"woocommerce_loop_add_to_cart_link_describedby_2351\" class=\"screen-reader-text\">\n\t\t\t<\/span>\n<a href=\"#quick-view\" class=\"quick-view\" role=\"button\" data-prod=\"2351\" aria-haspopup=\"dialog\" aria-expanded=\"false\" data-flatsome-role-button>Quick View<\/a>\t\t\t<\/div>\n\t\t\t\t\t<\/div>\n\n\t\t<div class=\"box-text box-text-products text-center grid-style-2\">\n\t\t\t<div class=\"title-wrapper\"><p class=\"name product-title woocommerce-loop-product__title\"><a href=\"https:\/\/editionslightmotiv.com\/en\/product\/les-enfermes\/\" class=\"woocommerce-LoopProduct-link woocommerce-loop-product__link\">LES ENFERM\u00c9S<\/a><\/p><\/div><div class=\"price-wrapper\">\n\t<span class=\"price\"><span class=\"woocommerce-Price-amount amount\"><bdi>36,00<span class=\"woocommerce-Price-currencySymbol\">&euro;<\/span><\/bdi><\/span><\/span>\n<\/div>\t\t<\/div>\n\t<\/div>\n\t\t<\/div>\n<\/div><\/div>","protected":false},"excerpt":{"rendered":"","protected":false},"author":1,"featured_media":0,"parent":43,"menu_order":0,"comment_status":"closed","ping_status":"closed","template":"","meta":{"footnotes":""},"class_list":["post-2406","page","type-page","status-publish","hentry"],"_links":{"self":[{"href":"https:\/\/editionslightmotiv.com\/en\/wp-json\/wp\/v2\/pages\/2406","targetHints":{"allow":["GET"]}}],"collection":[{"href":"https:\/\/editionslightmotiv.com\/en\/wp-json\/wp\/v2\/pages"}],"about":[{"href":"https:\/\/editionslightmotiv.com\/en\/wp-json\/wp\/v2\/types\/page"}],"author":[{"embeddable":true,"href":"https:\/\/editionslightmotiv.com\/en\/wp-json\/wp\/v2\/users\/1"}],"replies":[{"embeddable":true,"href":"https:\/\/editionslightmotiv.com\/en\/wp-json\/wp\/v2\/comments?post=2406"}],"version-history":[{"count":5,"href":"https:\/\/editionslightmotiv.com\/en\/wp-json\/wp\/v2\/pages\/2406\/revisions"}],"predecessor-version":[{"id":5247,"href":"https:\/\/editionslightmotiv.com\/en\/wp-json\/wp\/v2\/pages\/2406\/revisions\/5247"}],"up":[{"embeddable":true,"href":"https:\/\/editionslightmotiv.com\/en\/wp-json\/wp\/v2\/pages\/43"}],"wp:attachment":[{"href":"https:\/\/editionslightmotiv.com\/en\/wp-json\/wp\/v2\/media?parent=2406"}],"curies":[{"name":"wp","href":"https:\/\/api.w.org\/{rel}","templated":true}]}}