{"id":2369,"date":"2020-04-28T13:51:23","date_gmt":"2020-04-28T11:51:23","guid":{"rendered":"https:\/\/editionslightmotiv.com\/?page_id=2369"},"modified":"2026-02-11T11:02:46","modified_gmt":"2026-02-11T10:02:46","slug":"jean-christophe-hanche","status":"publish","type":"page","link":"https:\/\/editionslightmotiv.com\/en\/auteurs-photographes\/jean-christophe-hanche\/","title":{"rendered":"Jean-Christophe Hanch\u00e9"},"content":{"rendered":"<a href=\"https:\/\/editionslightmotiv.com\/en\/auteurs-photographes\/\" class=\"button primary is-link\" >\n\t\t<span>Back<\/span>\n\t<\/a>\n\n\n<p>\u00a0<\/p>\n<p style=\"text-align: center;\"><strong><span style=\"color: #282828; font-size: 170%;\"><img loading=\"lazy\" decoding=\"async\" class=\"alignnone  wp-image-5244\" src=\"https:\/\/editionslightmotiv.com\/wp-content\/uploads\/2026\/02\/JCH-photo-800x800.jpg\" alt=\"\" width=\"397\" height=\"397\" srcset=\"https:\/\/editionslightmotiv.com\/wp-content\/uploads\/2026\/02\/JCH-photo-800x800.jpg 800w, https:\/\/editionslightmotiv.com\/wp-content\/uploads\/2026\/02\/JCH-photo-280x280.jpg 280w, https:\/\/editionslightmotiv.com\/wp-content\/uploads\/2026\/02\/JCH-photo-768x768.jpg 768w, https:\/\/editionslightmotiv.com\/wp-content\/uploads\/2026\/02\/JCH-photo-1536x1536.jpg 1536w, https:\/\/editionslightmotiv.com\/wp-content\/uploads\/2026\/02\/JCH-photo-12x12.jpg 12w, https:\/\/editionslightmotiv.com\/wp-content\/uploads\/2026\/02\/JCH-photo-900x900.jpg 900w, https:\/\/editionslightmotiv.com\/wp-content\/uploads\/2026\/02\/JCH-photo-100x100.jpg 100w, https:\/\/editionslightmotiv.com\/wp-content\/uploads\/2026\/02\/JCH-photo.jpg 2035w\" sizes=\"auto, (max-width: 397px) 100vw, 397px\" \/><\/span><\/strong><\/p>\n<p style=\"text-align: center;\"><strong><span style=\"color: #282828; font-size: 170%;\">Jean-Christophe Hanch\u00e9<\/span><br \/><\/strong><\/p>\n<div style=\"text-align: center;\"><span style=\"font-family: helvetica, arial, sans-serif; font-size: 95%;\">Photographe professionnel depuis 1996, Jean-Christophe Hanch\u00e9 s\u2019est tourn\u00e9 d\u00e8s ses d\u00e9buts vers le reportage. Son \u00e9criture photographique est singuli\u00e8re, m\u00ealant photo-journalisme et po\u00e9sie du r\u00e9el, dans un inlassable plaidoyer pour l\u2019humain en difficult\u00e9. Pratiquant la peinture, l\u2019\u00e9criture et la sc\u00e9nographie, il d\u00e9veloppe une approche plasticienne de sa vision du monde, qui entrem\u00eale les moyens d\u2019expression.<\/span><\/div>\n<div>\n<div style=\"text-align: center;\"><span style=\"font-family: helvetica, arial, sans-serif; font-size: 95%;\">En 2019 il cr\u00e9e un parcours immersif sur la guerre, dans le lieu culturel \u00ab\u00a0le Cellier\u00a0\u00bb \u00e0 Reims, o\u00f9 ses textes viennent renforcer la lecture photographique\u00a0<\/span><span style=\"font-family: helvetica, arial, sans-serif; font-size: 95%;\">dans une mise en espace saisissante. C\u2019est \u00e0 la la fois une r\u00e9trospective de ses quinze ann\u00e9es de reportages dans des pays en guerre, et une r\u00e9flexion humaniste et po\u00e9tique sur la condition humaine.<\/span><\/div>\n<div style=\"text-align: center;\">\u00a0<\/div>\n<div style=\"text-align: center;\"><span style=\"font-family: helvetica, arial, sans-serif; font-size: 95%;\">Depuis 2016 il r\u00e9alise chaque mois pour le Contr\u00f4le G\u00e9n\u00e9ral des Lieux de Privation de Libert\u00e9, des reportages afin de documenter les conditions de vie en enfermement. En 2017 il r\u00e9alise son m\u00e9moire de Master 2 en sociologie sur la surpopulation carc\u00e9rale, dans lequel il s\u2019appuie sur ses travaux photographiques.\u00a0<\/span><\/div>\n<div style=\"text-align: center;\">\u00a0<\/div>\n<div style=\"text-align: center;\"><span style=\"font-family: helvetica, arial, sans-serif; font-size: 95%;\">La publication du livre \u00ab <a href=\"https:\/\/editionslightmotiv.com\/en\/product\/les-enfermes\/\" target=\"_blank\" rel=\"noopener noreferrer\">Les Enferm\u00e9s<\/a> \u00bb vient conclure trois ann\u00e9es de reportage au plus pr\u00e8s des personnes priv\u00e9es de libert\u00e9.<\/span><\/div>\n<div>\n<h2>\u00a0<\/h2>\n<h2 style=\"text-align: center;\">Ses livres aux Editions Light Motiv<\/h2>\n<\/div>\n<\/div>\n\t\n  \n    <div class=\"row large-columns-6 medium-columns-3 small-columns-2 row-small slider row-slider slider-nav-simple slider-nav-push\"  data-flickity-options='{&quot;imagesLoaded&quot;: true, &quot;groupCells&quot;: &quot;100%&quot;, &quot;dragThreshold&quot; : 5, &quot;cellAlign&quot;: &quot;left&quot;,&quot;wrapAround&quot;: true,&quot;prevNextButtons&quot;: true,&quot;percentPosition&quot;: true,&quot;pageDots&quot;: false, &quot;rightToLeft&quot;: false, &quot;autoPlay&quot; : false}' >\n\n  \n\t     <div class=\"product-small col has-hover product type-product post-2351 status-publish first instock product_cat-livre product_tag-adeline-hazan product_tag-cglpl product_tag-documentary-photography product_tag-enfermes product_tag-jean-christophe-hanche product_tag-liberte product_tag-lieux-de-privation-de-liberte product_tag-livre-photographique product_tag-photographie-documentaire product_tag-prison has-post-thumbnail shipping-taxable purchasable product-type-simple\">\n\t<div class=\"col-inner\">\n\t\n<div class=\"badge-container absolute left top z-1\">\n\n<\/div>\n\t<div class=\"product-small box\">\n\t\t<div class=\"box-image\">\n\t\t\t<div class=\"image-zoom-fade\">\n\t\t\t\t<a href=\"https:\/\/editionslightmotiv.com\/en\/product\/les-enfermes\/\">\n\t\t\t\t\t<img loading=\"lazy\" decoding=\"async\" width=\"600\" height=\"720\" src=\"https:\/\/editionslightmotiv.com\/wp-content\/uploads\/2020\/04\/couv_enf-600x720.jpg\" class=\"attachment-woocommerce_thumbnail size-woocommerce_thumbnail\" alt=\"Couverture du livre Les Enferm\u00e9s avec les photographies de Jean-Christophe Hanch\u00e9 et une pr\u00e9face d&#039;Adeline Hazan sur les lieux de privation de libert\u00e9 en France (co-\u00e9dition CGLPL) publi\u00e9 par les Editions Light Motiv en 2020\" \/>\t\t\t\t<\/a>\n\t\t\t<\/div>\n\t\t\t<div class=\"image-tools is-small top right show-on-hover\">\n\t\t\t\t\t\t\t<\/div>\n\t\t\t<div class=\"image-tools is-small hide-for-small bottom left show-on-hover\">\n\t\t\t\t\t\t\t<\/div>\n\t\t\t<div class=\"image-tools grid-tools text-center hide-for-small bottom hover-slide-in show-on-hover\">\n\t\t\t\t<a href=\"\/en\/wp-json\/wp\/v2\/pages\/2369?add-to-cart=2351\" aria-describedby=\"woocommerce_loop_add_to_cart_link_describedby_2351\" data-quantity=\"1\" class=\"add-to-cart-grid no-padding is-transparent product_type_simple add_to_cart_button ajax_add_to_cart\" data-product_id=\"2351\" data-product_sku=\"\" aria-label=\"Add to basket: \u201cLES ENFERM\u00c9S\u201d\" rel=\"nofollow\" data-success_message=\"\u201cLES ENFERM\u00c9S\u201d has been added to your cart\" role=\"button\" data-no-translation-aria-label=\"\" data-no-translation-data-success_message=\"\"><div class=\"cart-icon tooltip is-small\" title=\"Add to cart\" data-no-translation-title=\"\"><strong>+<\/strong><\/div><\/a>\t<span id=\"woocommerce_loop_add_to_cart_link_describedby_2351\" class=\"screen-reader-text\">\n\t\t\t<\/span>\n<a href=\"#quick-view\" class=\"quick-view\" role=\"button\" data-prod=\"2351\" aria-haspopup=\"dialog\" aria-expanded=\"false\" data-flatsome-role-button>Quick View<\/a>\t\t\t<\/div>\n\t\t\t\t\t<\/div>\n\n\t\t<div class=\"box-text box-text-products text-center grid-style-2\">\n\t\t\t<div class=\"title-wrapper\"><p class=\"name product-title woocommerce-loop-product__title\"><a href=\"https:\/\/editionslightmotiv.com\/en\/product\/les-enfermes\/\" class=\"woocommerce-LoopProduct-link woocommerce-loop-product__link\">LES ENFERM\u00c9S<\/a><\/p><\/div><div class=\"price-wrapper\">\n\t<span class=\"price\"><span class=\"woocommerce-Price-amount amount\"><bdi>36,00<span class=\"woocommerce-Price-currencySymbol\">&euro;<\/span><\/bdi><\/span><\/span>\n<\/div>\t\t<\/div>\n\t<\/div>\n\t\t<\/div>\n<\/div><div class=\"product-small col has-hover product type-product post-2425 status-publish instock product_cat-livre-avec-tirage product_tag-documentary-photography product_tag-livre-photographique has-post-thumbnail shipping-taxable purchasable product-type-variable\">\n\t<div class=\"col-inner\">\n\t\n<div class=\"badge-container absolute left top z-1\">\n\n<\/div>\n\t<div class=\"product-small box\">\n\t\t<div class=\"box-image\">\n\t\t\t<div class=\"image-zoom-fade\">\n\t\t\t\t<a href=\"https:\/\/editionslightmotiv.com\/en\/product\/les-enfermes-livre-avec-tirage\/\">\n\t\t\t\t\t<img loading=\"lazy\" decoding=\"async\" width=\"600\" height=\"720\" src=\"https:\/\/editionslightmotiv.com\/wp-content\/uploads\/2020\/04\/couv_enf-600x720.jpg\" class=\"attachment-woocommerce_thumbnail size-woocommerce_thumbnail\" alt=\"Couverture du livre Les Enferm\u00e9s avec les photographies de Jean-Christophe Hanch\u00e9 et une pr\u00e9face d&#039;Adeline Hazan sur les lieux de privation de libert\u00e9 en France (co-\u00e9dition CGLPL) publi\u00e9 par les Editions Light Motiv en 2020\" \/>\t\t\t\t<\/a>\n\t\t\t<\/div>\n\t\t\t<div class=\"image-tools is-small top right show-on-hover\">\n\t\t\t\t\t\t\t<\/div>\n\t\t\t<div class=\"image-tools is-small hide-for-small bottom left show-on-hover\">\n\t\t\t\t\t\t\t<\/div>\n\t\t\t<div class=\"image-tools grid-tools text-center hide-for-small bottom hover-slide-in show-on-hover\">\n\t\t\t\t<a href=\"https:\/\/editionslightmotiv.com\/en\/product\/les-enfermes-livre-avec-tirage\/\" aria-describedby=\"woocommerce_loop_add_to_cart_link_describedby_2425\" data-quantity=\"1\" class=\"add-to-cart-grid no-padding is-transparent product_type_variable add_to_cart_button\" data-product_id=\"2425\" data-product_sku=\"\" aria-label=\"Select options for \u201cLes Enferm\u00e9s - Livre avec tirage\u201d\" rel=\"nofollow\" data-no-translation-aria-label=\"\"><div class=\"cart-icon tooltip is-small\" title=\"Select options\" data-no-translation-title=\"\"><strong>+<\/strong><\/div><\/a>\t<span id=\"woocommerce_loop_add_to_cart_link_describedby_2425\" class=\"screen-reader-text\">\n\t\tThis product has multiple variants. The options may be chosen on the product page\t<\/span>\n<a href=\"#quick-view\" class=\"quick-view\" role=\"button\" data-prod=\"2425\" aria-haspopup=\"dialog\" aria-expanded=\"false\" data-flatsome-role-button>Quick View<\/a>\t\t\t<\/div>\n\t\t\t\t\t<\/div>\n\n\t\t<div class=\"box-text box-text-products text-center grid-style-2\">\n\t\t\t<div class=\"title-wrapper\"><p class=\"name product-title woocommerce-loop-product__title\"><a href=\"https:\/\/editionslightmotiv.com\/en\/product\/les-enfermes-livre-avec-tirage\/\" class=\"woocommerce-LoopProduct-link woocommerce-loop-product__link\">Les Enferm\u00e9s &#8211; Livre avec tirage<\/a><\/p><\/div><div class=\"price-wrapper\">\n\t<span class=\"price\"><span class=\"woocommerce-Price-amount amount\"><bdi>120,00<span class=\"woocommerce-Price-currencySymbol\">&euro;<\/span><\/bdi><\/span><\/span>\n<\/div>\t\t<\/div>\n\t<\/div>\n\t\t<\/div>\n<\/div><\/div>","protected":false},"excerpt":{"rendered":"","protected":false},"author":1,"featured_media":0,"parent":43,"menu_order":0,"comment_status":"closed","ping_status":"closed","template":"","meta":{"footnotes":""},"class_list":["post-2369","page","type-page","status-publish","hentry"],"_links":{"self":[{"href":"https:\/\/editionslightmotiv.com\/en\/wp-json\/wp\/v2\/pages\/2369","targetHints":{"allow":["GET"]}}],"collection":[{"href":"https:\/\/editionslightmotiv.com\/en\/wp-json\/wp\/v2\/pages"}],"about":[{"href":"https:\/\/editionslightmotiv.com\/en\/wp-json\/wp\/v2\/types\/page"}],"author":[{"embeddable":true,"href":"https:\/\/editionslightmotiv.com\/en\/wp-json\/wp\/v2\/users\/1"}],"replies":[{"embeddable":true,"href":"https:\/\/editionslightmotiv.com\/en\/wp-json\/wp\/v2\/comments?post=2369"}],"version-history":[{"count":13,"href":"https:\/\/editionslightmotiv.com\/en\/wp-json\/wp\/v2\/pages\/2369\/revisions"}],"predecessor-version":[{"id":5246,"href":"https:\/\/editionslightmotiv.com\/en\/wp-json\/wp\/v2\/pages\/2369\/revisions\/5246"}],"up":[{"embeddable":true,"href":"https:\/\/editionslightmotiv.com\/en\/wp-json\/wp\/v2\/pages\/43"}],"wp:attachment":[{"href":"https:\/\/editionslightmotiv.com\/en\/wp-json\/wp\/v2\/media?parent=2369"}],"curies":[{"name":"wp","href":"https:\/\/api.w.org\/{rel}","templated":true}]}}