{"id":2288,"date":"2020-02-25T11:15:55","date_gmt":"2020-02-25T10:15:55","guid":{"rendered":"https:\/\/editionslightmotiv.com\/?page_id=2288"},"modified":"2026-02-10T17:09:26","modified_gmt":"2026-02-10T16:09:26","slug":"frederic-cornu","status":"publish","type":"page","link":"https:\/\/editionslightmotiv.com\/en\/auteurs-photographes\/frederic-cornu\/","title":{"rendered":"Fr\u00e9d\u00e9ric Cornu"},"content":{"rendered":"<a href=\"https:\/\/editionslightmotiv.com\/en\/auteurs-photographes\/\" class=\"button primary is-link\" >\n\t\t<span>Back<\/span>\n\t<\/a>\n\n\n<p style=\"text-align: center;\"><img loading=\"lazy\" decoding=\"async\" class=\"size-large wp-image-4604\" src=\"https:\/\/editionslightmotiv.com\/wp-content\/uploads\/2025\/02\/portrait-photographe-cornu-640x800.jpeg\" alt=\"\" width=\"640\" height=\"800\" srcset=\"https:\/\/editionslightmotiv.com\/wp-content\/uploads\/2025\/02\/portrait-photographe-cornu-640x800.jpeg 640w, https:\/\/editionslightmotiv.com\/wp-content\/uploads\/2025\/02\/portrait-photographe-cornu-320x400.jpeg 320w, https:\/\/editionslightmotiv.com\/wp-content\/uploads\/2025\/02\/portrait-photographe-cornu-768x960.jpeg 768w, https:\/\/editionslightmotiv.com\/wp-content\/uploads\/2025\/02\/portrait-photographe-cornu-1229x1536.jpeg 1229w, https:\/\/editionslightmotiv.com\/wp-content\/uploads\/2025\/02\/portrait-photographe-cornu-1638x2048.jpeg 1638w, https:\/\/editionslightmotiv.com\/wp-content\/uploads\/2025\/02\/portrait-photographe-cornu-10x12.jpeg 10w, https:\/\/editionslightmotiv.com\/wp-content\/uploads\/2025\/02\/portrait-photographe-cornu-900x1125.jpeg 900w, https:\/\/editionslightmotiv.com\/wp-content\/uploads\/2025\/02\/portrait-photographe-cornu.jpeg 2048w\" sizes=\"auto, (max-width: 640px) 100vw, 640px\" \/><span style=\"font-size: 75%;\">\u00a9 Olivier Despicht<\/span><\/p>\n<h1 style=\"text-align: center;\"><span style=\"font-size: 100%; color: #282828;\"><b>Fr\u00e9d\u00e9ric Cornu<\/b><\/span><\/h1>\n<p class=\"p1\" style=\"text-align: center;\">Form\u00e9 \u00e0 l\u2019\u00e9cole des livres et des expositions, <span class=\"s1\"><b>Fr\u00e9d\u00e9ric Cornu <\/b><\/span>commence \u00e0 s\u2019int\u00e9resser \u00e0 la photographie au milieu des ann\u00e9es 80 et publie son premier ouvrage <i>Les Charitables<\/i> pr\u00e9fac\u00e9 par Christian Caujolle en 1991. Ses travaux sont couramment expos\u00e9s en France et \u00e0 l\u2019\u00e9tranger, et rentrent dans plusieurs collections publiques, le Mus\u00e9e de l\u2019Elys\u00e9e \u00e0 Lausanne, le Mus\u00e9e de la Photographie \u00e0 Charleroi et le Mus\u00e9e Nic\u00e9phore-Ni\u00e9pce \u00e0 Chalon-sur-Sa\u00f4ne. Il participe en 2007 \u00e0 l\u2019exposition organis\u00e9e par Fran\u00e7ois Cheval <i>Naissance de<span class=\"Apple-converted-space\">\u00a0 <\/span>la photographie, invention fran\u00e7aise<\/i> au Mus\u00e9e de la Capitale de P\u00e9kin.<\/p>\n<p class=\"p1\" style=\"text-align: center;\"><a href=\"https:\/\/editionslightmotiv.com\/en\/product\/la-ligne-d-eau\/\" target=\"_blank\" rel=\"noopener noreferrer\"><em><span class=\"s1\">La ligne d\u2019eau<\/span><\/em><\/a> et <a href=\"https:\/\/editionslightmotiv.com\/en\/product\/dans-l-ombre\/\" target=\"_blank\" rel=\"noopener noreferrer\"><em><span class=\"s1\">Dans l\u2019ombre<\/span><\/em><\/a> sortent simultan\u00e9ment aux \u00e9ditions Light Motiv le 11 septembre 2020.<\/p>\n<p style=\"text-align: center;\">Son site internet : https:\/\/www.frederic-cornu.com\/<\/p>\n<h2 style=\"text-align: center;\">Ses livres aux Editions Light Motiv<\/h2>\n\t\n  \n    <div class=\"row large-columns-6 medium-columns-3 small-columns-2 row-small slider row-slider slider-nav-simple slider-nav-push\"  data-flickity-options='{&quot;imagesLoaded&quot;: true, &quot;groupCells&quot;: &quot;100%&quot;, &quot;dragThreshold&quot; : 5, &quot;cellAlign&quot;: &quot;left&quot;,&quot;wrapAround&quot;: true,&quot;prevNextButtons&quot;: true,&quot;percentPosition&quot;: true,&quot;pageDots&quot;: false, &quot;rightToLeft&quot;: false, &quot;autoPlay&quot; : false}' >\n\n  \n\t     <div class=\"product-small col has-hover product type-product post-2287 status-publish first instock product_cat-livre product_tag-canal product_tag-canal-nord-seine product_tag-construction product_tag-documentary-photography product_tag-frederic-cornu product_tag-hauts-de-france product_tag-la-ligne-deau product_tag-livre-photographique product_tag-monde-ouvrier product_tag-navire product_tag-nord product_tag-nord-livre-photographique product_tag-paysage product_tag-photographie-documentaire has-post-thumbnail shipping-taxable purchasable product-type-simple\">\n\t<div class=\"col-inner\">\n\t\n<div class=\"badge-container absolute left top z-1\">\n\n<\/div>\n\t<div class=\"product-small box\">\n\t\t<div class=\"box-image\">\n\t\t\t<div class=\"image-zoom-fade\">\n\t\t\t\t<a href=\"https:\/\/editionslightmotiv.com\/en\/product\/la-ligne-d-eau\/\">\n\t\t\t\t\t<img loading=\"lazy\" decoding=\"async\" width=\"600\" height=\"720\" src=\"https:\/\/editionslightmotiv.com\/wp-content\/uploads\/2020\/09\/couverture-LALIGNEDEAU_siteBD-600x720.jpg\" class=\"attachment-woocommerce_thumbnail size-woocommerce_thumbnail\" alt=\"Couverture du livre LA LIGNE D&#039;EAU avec des photographies de Fr\u00e9d\u00e9ric Cornu et une postface d&#039;Anne Lacoste publi\u00e9 en 2020 par les Editions Light Motiv, sur les r\u00e9gions du Nord de la France qui seraient travers\u00e9es par le projet du canal Seine-Nord.\" \/>\t\t\t\t<\/a>\n\t\t\t<\/div>\n\t\t\t<div class=\"image-tools is-small top right show-on-hover\">\n\t\t\t\t\t\t\t<\/div>\n\t\t\t<div class=\"image-tools is-small hide-for-small bottom left show-on-hover\">\n\t\t\t\t\t\t\t<\/div>\n\t\t\t<div class=\"image-tools grid-tools text-center hide-for-small bottom hover-slide-in show-on-hover\">\n\t\t\t\t<a href=\"\/en\/wp-json\/wp\/v2\/pages\/2288?add-to-cart=2287\" aria-describedby=\"woocommerce_loop_add_to_cart_link_describedby_2287\" data-quantity=\"1\" class=\"add-to-cart-grid no-padding is-transparent product_type_simple add_to_cart_button ajax_add_to_cart\" data-product_id=\"2287\" data-product_sku=\"\" aria-label=\"Add to basket: \u201cLA LIGNE D&#039;EAU\u201d\" rel=\"nofollow\" data-success_message=\"\u201cLA LIGNE D&#039;EAU\u201d has been added to your cart\" role=\"button\" data-no-translation-aria-label=\"\" data-no-translation-data-success_message=\"\"><div class=\"cart-icon tooltip is-small\" title=\"Add to cart\" data-no-translation-title=\"\"><strong>+<\/strong><\/div><\/a>\t<span id=\"woocommerce_loop_add_to_cart_link_describedby_2287\" class=\"screen-reader-text\">\n\t\t\t<\/span>\n<a href=\"#quick-view\" class=\"quick-view\" role=\"button\" data-prod=\"2287\" aria-haspopup=\"dialog\" aria-expanded=\"false\" data-flatsome-role-button>Quick View<\/a>\t\t\t<\/div>\n\t\t\t\t\t<\/div>\n\n\t\t<div class=\"box-text box-text-products text-center grid-style-2\">\n\t\t\t<div class=\"title-wrapper\"><p class=\"name product-title woocommerce-loop-product__title\"><a href=\"https:\/\/editionslightmotiv.com\/en\/product\/la-ligne-d-eau\/\" class=\"woocommerce-LoopProduct-link woocommerce-loop-product__link\">LA LIGNE D&rsquo;EAU<\/a><\/p><\/div><div class=\"price-wrapper\">\n\t<span class=\"price\"><span class=\"woocommerce-Price-amount amount\"><bdi>32,00<span class=\"woocommerce-Price-currencySymbol\">&euro;<\/span><\/bdi><\/span><\/span>\n<\/div>\t\t<\/div>\n\t<\/div>\n\t\t<\/div>\n<\/div><div class=\"product-small col has-hover product type-product post-2313 status-publish instock product_cat-livre-avec-tirage product_tag-documentary-photography product_tag-livre-photographique shipping-taxable purchasable product-type-variable\">\n\t<div class=\"col-inner\">\n\t\n<div class=\"badge-container absolute left top z-1\">\n\n<\/div>\n\t<div class=\"product-small box\">\n\t\t<div class=\"box-image\">\n\t\t\t<div class=\"image-zoom-fade\">\n\t\t\t\t<a href=\"https:\/\/editionslightmotiv.com\/en\/product\/la-ligne-d-eau-livre-avec-tirage\/\">\n\t\t\t\t\t<img loading=\"lazy\" decoding=\"async\" width=\"600\" height=\"720\" src=\"https:\/\/editionslightmotiv.com\/wp-content\/uploads\/woocommerce-placeholder-600x720.png\" class=\"woocommerce-placeholder wp-post-image\" alt=\"Placeholder\" data-no-translation-alt=\"\" \/>\t\t\t\t<\/a>\n\t\t\t<\/div>\n\t\t\t<div class=\"image-tools is-small top right show-on-hover\">\n\t\t\t\t\t\t\t<\/div>\n\t\t\t<div class=\"image-tools is-small hide-for-small bottom left show-on-hover\">\n\t\t\t\t\t\t\t<\/div>\n\t\t\t<div class=\"image-tools grid-tools text-center hide-for-small bottom hover-slide-in show-on-hover\">\n\t\t\t\t<a href=\"https:\/\/editionslightmotiv.com\/en\/product\/la-ligne-d-eau-livre-avec-tirage\/\" aria-describedby=\"woocommerce_loop_add_to_cart_link_describedby_2313\" data-quantity=\"1\" class=\"add-to-cart-grid no-padding is-transparent product_type_variable add_to_cart_button\" data-product_id=\"2313\" data-product_sku=\"\" aria-label=\"Select options for \u201cLA LIGNE D&#039;EAU - Livre avec tirage\u201d\" rel=\"nofollow\" data-no-translation-aria-label=\"\"><div class=\"cart-icon tooltip is-small\" title=\"Select options\" data-no-translation-title=\"\"><strong>+<\/strong><\/div><\/a>\t<span id=\"woocommerce_loop_add_to_cart_link_describedby_2313\" class=\"screen-reader-text\">\n\t\tThis product has multiple variants. The options may be chosen on the product page\t<\/span>\n<a href=\"#quick-view\" class=\"quick-view\" role=\"button\" data-prod=\"2313\" aria-haspopup=\"dialog\" aria-expanded=\"false\" data-flatsome-role-button>Quick View<\/a>\t\t\t<\/div>\n\t\t\t\t\t<\/div>\n\n\t\t<div class=\"box-text box-text-products text-center grid-style-2\">\n\t\t\t<div class=\"title-wrapper\"><p class=\"name product-title woocommerce-loop-product__title\"><a href=\"https:\/\/editionslightmotiv.com\/en\/product\/la-ligne-d-eau-livre-avec-tirage\/\" class=\"woocommerce-LoopProduct-link woocommerce-loop-product__link\">LA LIGNE D&rsquo;EAU &#8211; Livre avec tirage<\/a><\/p><\/div><div class=\"price-wrapper\">\n\t<span class=\"price\"><span class=\"woocommerce-Price-amount amount\"><bdi>100,00<span class=\"woocommerce-Price-currencySymbol\">&euro;<\/span><\/bdi><\/span><\/span>\n<\/div>\t\t<\/div>\n\t<\/div>\n\t\t<\/div>\n<\/div><div class=\"product-small col has-hover product type-product post-2439 status-publish instock product_cat-livre product_tag-documentary-photography product_tag-frederic-cornu product_tag-hauts-de-france product_tag-livre-photographique product_tag-nb product_tag-nord product_tag-portrait has-post-thumbnail shipping-taxable purchasable product-type-simple\">\n\t<div class=\"col-inner\">\n\t\n<div class=\"badge-container absolute left top z-1\">\n\n<\/div>\n\t<div class=\"product-small box\">\n\t\t<div class=\"box-image\">\n\t\t\t<div class=\"image-zoom-fade\">\n\t\t\t\t<a href=\"https:\/\/editionslightmotiv.com\/en\/product\/dans-l-ombre\/\">\n\t\t\t\t\t<img loading=\"lazy\" decoding=\"async\" width=\"600\" height=\"720\" src=\"https:\/\/editionslightmotiv.com\/wp-content\/uploads\/2020\/06\/couv-dans-lombre-1-scaled-600x720.jpg\" class=\"attachment-woocommerce_thumbnail size-woocommerce_thumbnail\" alt=\"DANS L&#039;OMBRE\" \/>\t\t\t\t<\/a>\n\t\t\t<\/div>\n\t\t\t<div class=\"image-tools is-small top right show-on-hover\">\n\t\t\t\t\t\t\t<\/div>\n\t\t\t<div class=\"image-tools is-small hide-for-small bottom left show-on-hover\">\n\t\t\t\t\t\t\t<\/div>\n\t\t\t<div class=\"image-tools grid-tools text-center hide-for-small bottom hover-slide-in show-on-hover\">\n\t\t\t\t<a href=\"\/en\/wp-json\/wp\/v2\/pages\/2288?add-to-cart=2439\" aria-describedby=\"woocommerce_loop_add_to_cart_link_describedby_2439\" data-quantity=\"1\" class=\"add-to-cart-grid no-padding is-transparent product_type_simple add_to_cart_button ajax_add_to_cart\" data-product_id=\"2439\" data-product_sku=\"\" aria-label=\"Add to basket: \u201cDANS L&#039;OMBRE\u201d\" rel=\"nofollow\" data-success_message=\"\u201cDANS L&#039;OMBRE\u201d has been added to your cart\" role=\"button\" data-no-translation-aria-label=\"\" data-no-translation-data-success_message=\"\"><div class=\"cart-icon tooltip is-small\" title=\"Add to cart\" data-no-translation-title=\"\"><strong>+<\/strong><\/div><\/a>\t<span id=\"woocommerce_loop_add_to_cart_link_describedby_2439\" class=\"screen-reader-text\">\n\t\t\t<\/span>\n<a href=\"#quick-view\" class=\"quick-view\" role=\"button\" data-prod=\"2439\" aria-haspopup=\"dialog\" aria-expanded=\"false\" data-flatsome-role-button>Quick View<\/a>\t\t\t<\/div>\n\t\t\t\t\t<\/div>\n\n\t\t<div class=\"box-text box-text-products text-center grid-style-2\">\n\t\t\t<div class=\"title-wrapper\"><p class=\"name product-title woocommerce-loop-product__title\"><a href=\"https:\/\/editionslightmotiv.com\/en\/product\/dans-l-ombre\/\" class=\"woocommerce-LoopProduct-link woocommerce-loop-product__link\">DANS L&rsquo;OMBRE<\/a><\/p><\/div><div class=\"price-wrapper\">\n\t<span class=\"price\"><span class=\"woocommerce-Price-amount amount\"><bdi>19,00<span class=\"woocommerce-Price-currencySymbol\">&euro;<\/span><\/bdi><\/span><\/span>\n<\/div>\t\t<\/div>\n\t<\/div>\n\t\t<\/div>\n<\/div><\/div>","protected":false},"excerpt":{"rendered":"","protected":false},"author":1,"featured_media":0,"parent":43,"menu_order":0,"comment_status":"closed","ping_status":"closed","template":"","meta":{"footnotes":""},"class_list":["post-2288","page","type-page","status-publish","hentry"],"_links":{"self":[{"href":"https:\/\/editionslightmotiv.com\/en\/wp-json\/wp\/v2\/pages\/2288","targetHints":{"allow":["GET"]}}],"collection":[{"href":"https:\/\/editionslightmotiv.com\/en\/wp-json\/wp\/v2\/pages"}],"about":[{"href":"https:\/\/editionslightmotiv.com\/en\/wp-json\/wp\/v2\/types\/page"}],"author":[{"embeddable":true,"href":"https:\/\/editionslightmotiv.com\/en\/wp-json\/wp\/v2\/users\/1"}],"replies":[{"embeddable":true,"href":"https:\/\/editionslightmotiv.com\/en\/wp-json\/wp\/v2\/comments?post=2288"}],"version-history":[{"count":14,"href":"https:\/\/editionslightmotiv.com\/en\/wp-json\/wp\/v2\/pages\/2288\/revisions"}],"predecessor-version":[{"id":5212,"href":"https:\/\/editionslightmotiv.com\/en\/wp-json\/wp\/v2\/pages\/2288\/revisions\/5212"}],"up":[{"embeddable":true,"href":"https:\/\/editionslightmotiv.com\/en\/wp-json\/wp\/v2\/pages\/43"}],"wp:attachment":[{"href":"https:\/\/editionslightmotiv.com\/en\/wp-json\/wp\/v2\/media?parent=2288"}],"curies":[{"name":"wp","href":"https:\/\/api.w.org\/{rel}","templated":true}]}}