{"id":2206,"date":"2019-11-05T12:45:12","date_gmt":"2019-11-05T11:45:12","guid":{"rendered":"https:\/\/editionslightmotiv.com\/?page_id=2206"},"modified":"2026-02-10T16:40:43","modified_gmt":"2026-02-10T15:40:43","slug":"marc-bellini","status":"publish","type":"page","link":"https:\/\/editionslightmotiv.com\/en\/auteurs-photographes\/marc-bellini\/","title":{"rendered":"Marc Bellini"},"content":{"rendered":"<a href=\"https:\/\/editionslightmotiv.com\/en\/auteurs-photographes\/\" class=\"button primary is-link\" >\n\t\t<span>Back<\/span>\n\t<\/a>\n\n\n<p><img loading=\"lazy\" decoding=\"async\" class=\"alignnone size-large wp-image-4566 aligncenter\" src=\"https:\/\/editionslightmotiv.com\/wp-content\/uploads\/2025\/02\/MarcBellini-821x800.jpg\" alt=\"\" width=\"821\" height=\"800\" srcset=\"https:\/\/editionslightmotiv.com\/wp-content\/uploads\/2025\/02\/MarcBellini-821x800.jpg 821w, https:\/\/editionslightmotiv.com\/wp-content\/uploads\/2025\/02\/MarcBellini-410x400.jpg 410w, https:\/\/editionslightmotiv.com\/wp-content\/uploads\/2025\/02\/MarcBellini-768x749.jpg 768w, https:\/\/editionslightmotiv.com\/wp-content\/uploads\/2025\/02\/MarcBellini-1536x1497.jpg 1536w, https:\/\/editionslightmotiv.com\/wp-content\/uploads\/2025\/02\/MarcBellini-2048x1997.jpg 2048w, https:\/\/editionslightmotiv.com\/wp-content\/uploads\/2025\/02\/MarcBellini-12x12.jpg 12w, https:\/\/editionslightmotiv.com\/wp-content\/uploads\/2025\/02\/MarcBellini-900x877.jpg 900w\" sizes=\"auto, (max-width: 821px) 100vw, 821px\" \/><\/p>\n<p style=\"text-align: center;\">\u00a9 \u00c9ric Le Brun<\/p>\n<p style=\"text-align: center;\"><strong><span style=\"font-size: 170%; color: #282828;\">Marc Bellini<\/span><\/strong><\/p>\n<p class=\"font_8 wixui-rich-text__text\" style=\"text-align: center;\"><span class=\"color_11 wixui-rich-text__text\"><span class=\"wixui-rich-text__text\">Photographe et enseignant (<a class=\"wixui-rich-text__text\" href=\"https:\/\/www.ensad.fr\/\" target=\"_blank\" rel=\"noreferrer noopener\">EnsAD<\/a>,\u00a0<a class=\"wixui-rich-text__text\" href=\"https:\/\/international.famu.cz\/\" target=\"_blank\" rel=\"noreferrer noopener\">FAMU<\/a>), Marc Bellini travaille depuis plusieurs ann\u00e9es sur le th\u00e8me de la repr\u00e9sentation <\/span><\/span><span class=\"color_11 wixui-rich-text__text\"><span class=\"wixui-rich-text__text\">par contact, et plus particuli\u00e8rement avec des proc\u00e9d\u00e9s photosensibles. Cette pratique croise parfois la botanique.<\/span><\/span><\/p>\n<p class=\"font_8 wixui-rich-text__text\" style=\"text-align: center;\"><span class=\"color_11 wixui-rich-text__text\"><span class=\"wixui-rich-text__text\">Ses travaux sont pr\u00e9sent\u00e9s depuis une vingtaine d&rsquo;ann\u00e9es dans des galeries, mus\u00e9es, festivals, fondations, en France <\/span><\/span><span class=\"color_11 wixui-rich-text__text\"><span class=\"wixui-rich-text__text\">et \u00e0 l&rsquo;\u00e9tranger.<\/span><\/span><\/p>\n<p class=\"font_8 wixui-rich-text__text\" style=\"text-align: center;\"><span class=\"color_11 wixui-rich-text__text\"><span class=\"wixui-rich-text__text\">Dipl\u00f4m\u00e9 de l&rsquo;EnsAD et la Sorbonne, Marc Bellini vit et travaille \u00e0 Paris.<\/span><\/span><\/p>\n<p style=\"text-align: center;\">Son site : <a href=\"https:\/\/www.marcbellini.com\/\" target=\"_blank\" rel=\"noopener\">https:\/\/www.marcbellini.com\/<\/a><\/p>\n<p style=\"text-align: center;\">Son Instagram : <a href=\"https:\/\/www.instagram.com\/selftheater\/?hl=fr\" target=\"_blank\" rel=\"noopener\">https:\/\/www.instagram.com\/selftheater\/?hl=fr<\/a><\/p>\n<h2 style=\"text-align: center;\">Ses livres aux Editions Light Motiv<\/h2>\n\t\n  \n    <div class=\"row large-columns-6 medium-columns-3 small-columns-2 row-small slider row-slider slider-nav-simple slider-nav-push\"  data-flickity-options='{&quot;imagesLoaded&quot;: true, &quot;groupCells&quot;: &quot;100%&quot;, &quot;dragThreshold&quot; : 5, &quot;cellAlign&quot;: &quot;left&quot;,&quot;wrapAround&quot;: true,&quot;prevNextButtons&quot;: true,&quot;percentPosition&quot;: true,&quot;pageDots&quot;: false, &quot;rightToLeft&quot;: false, &quot;autoPlay&quot; : false}' >\n\n  \n\t     <div class=\"product-small col has-hover product type-product post-2190 status-publish first instock product_cat-livre-avec-tirage product_tag-documentary-photography product_tag-livre-photographique has-post-thumbnail shipping-taxable purchasable product-type-variable\">\n\t<div class=\"col-inner\">\n\t\n<div class=\"badge-container absolute left top z-1\">\n\n<\/div>\n\t<div class=\"product-small box\">\n\t\t<div class=\"box-image\">\n\t\t\t<div class=\"image-zoom-fade\">\n\t\t\t\t<a href=\"https:\/\/editionslightmotiv.com\/en\/product\/eaux-sombres-tirage\/\">\n\t\t\t\t\t<img loading=\"lazy\" decoding=\"async\" width=\"600\" height=\"720\" src=\"https:\/\/editionslightmotiv.com\/wp-content\/uploads\/2019\/11\/eauxsombresv2-600x720.jpg\" class=\"attachment-woocommerce_thumbnail size-woocommerce_thumbnail\" alt=\"EAUX SOMBRES - Livre avec tirage\" \/>\t\t\t\t<\/a>\n\t\t\t<\/div>\n\t\t\t<div class=\"image-tools is-small top right show-on-hover\">\n\t\t\t\t\t\t\t<\/div>\n\t\t\t<div class=\"image-tools is-small hide-for-small bottom left show-on-hover\">\n\t\t\t\t\t\t\t<\/div>\n\t\t\t<div class=\"image-tools grid-tools text-center hide-for-small bottom hover-slide-in show-on-hover\">\n\t\t\t\t<a href=\"https:\/\/editionslightmotiv.com\/en\/product\/eaux-sombres-tirage\/\" aria-describedby=\"woocommerce_loop_add_to_cart_link_describedby_2190\" data-quantity=\"1\" class=\"add-to-cart-grid no-padding is-transparent product_type_variable add_to_cart_button\" data-product_id=\"2190\" data-product_sku=\"\" aria-label=\"Select options for \u201cEAUX SOMBRES - Livre avec tirage\u201d\" rel=\"nofollow\" data-no-translation-aria-label=\"\"><div class=\"cart-icon tooltip is-small\" title=\"Select options\" data-no-translation-title=\"\"><strong>+<\/strong><\/div><\/a>\t<span id=\"woocommerce_loop_add_to_cart_link_describedby_2190\" class=\"screen-reader-text\">\n\t\tThis product has multiple variants. The options may be chosen on the product page\t<\/span>\n<a href=\"#quick-view\" class=\"quick-view\" role=\"button\" data-prod=\"2190\" aria-haspopup=\"dialog\" aria-expanded=\"false\" data-flatsome-role-button>Quick View<\/a>\t\t\t<\/div>\n\t\t\t\t\t<\/div>\n\n\t\t<div class=\"box-text box-text-products text-center grid-style-2\">\n\t\t\t<div class=\"title-wrapper\"><p class=\"name product-title woocommerce-loop-product__title\"><a href=\"https:\/\/editionslightmotiv.com\/en\/product\/eaux-sombres-tirage\/\" class=\"woocommerce-LoopProduct-link woocommerce-loop-product__link\">EAUX SOMBRES &#8211; Livre avec tirage<\/a><\/p><\/div><div class=\"price-wrapper\">\n\t<span class=\"price\"><span class=\"woocommerce-Price-amount amount\"><bdi>250,00<span class=\"woocommerce-Price-currencySymbol\">&euro;<\/span><\/bdi><\/span><\/span>\n<\/div>\t\t<\/div>\n\t<\/div>\n\t\t<\/div>\n<\/div><div class=\"product-small col has-hover product type-product post-2182 status-publish instock product_cat-livre product_tag-documentary-photography product_tag-livre-photographique has-post-thumbnail shipping-taxable purchasable product-type-simple\">\n\t<div class=\"col-inner\">\n\t\n<div class=\"badge-container absolute left top z-1\">\n\n<\/div>\n\t<div class=\"product-small box\">\n\t\t<div class=\"box-image\">\n\t\t\t<div class=\"image-zoom-fade\">\n\t\t\t\t<a href=\"https:\/\/editionslightmotiv.com\/en\/product\/eaux-sombres\/\">\n\t\t\t\t\t<img loading=\"lazy\" decoding=\"async\" width=\"600\" height=\"720\" src=\"https:\/\/editionslightmotiv.com\/wp-content\/uploads\/2019\/11\/eauxsombresv2-600x720.jpg\" class=\"attachment-woocommerce_thumbnail size-woocommerce_thumbnail\" alt=\"EAUX SOMBRES\" \/>\t\t\t\t<\/a>\n\t\t\t<\/div>\n\t\t\t<div class=\"image-tools is-small top right show-on-hover\">\n\t\t\t\t\t\t\t<\/div>\n\t\t\t<div class=\"image-tools is-small hide-for-small bottom left show-on-hover\">\n\t\t\t\t\t\t\t<\/div>\n\t\t\t<div class=\"image-tools grid-tools text-center hide-for-small bottom hover-slide-in show-on-hover\">\n\t\t\t\t<a href=\"\/en\/wp-json\/wp\/v2\/pages\/2206?add-to-cart=2182\" aria-describedby=\"woocommerce_loop_add_to_cart_link_describedby_2182\" data-quantity=\"1\" class=\"add-to-cart-grid no-padding is-transparent product_type_simple add_to_cart_button ajax_add_to_cart\" data-product_id=\"2182\" data-product_sku=\"\" aria-label=\"Add to basket: \u201cEAUX SOMBRES\u201d\" rel=\"nofollow\" data-success_message=\"\u201cEAUX SOMBRES\u201d has been added to your cart\" role=\"button\" data-no-translation-aria-label=\"\" data-no-translation-data-success_message=\"\"><div class=\"cart-icon tooltip is-small\" title=\"Add to cart\" data-no-translation-title=\"\"><strong>+<\/strong><\/div><\/a>\t<span id=\"woocommerce_loop_add_to_cart_link_describedby_2182\" class=\"screen-reader-text\">\n\t\t\t<\/span>\n<a href=\"#quick-view\" class=\"quick-view\" role=\"button\" data-prod=\"2182\" aria-haspopup=\"dialog\" aria-expanded=\"false\" data-flatsome-role-button>Quick View<\/a>\t\t\t<\/div>\n\t\t\t\t\t<\/div>\n\n\t\t<div class=\"box-text box-text-products text-center grid-style-2\">\n\t\t\t<div class=\"title-wrapper\"><p class=\"name product-title woocommerce-loop-product__title\"><a href=\"https:\/\/editionslightmotiv.com\/en\/product\/eaux-sombres\/\" class=\"woocommerce-LoopProduct-link woocommerce-loop-product__link\">EAUX SOMBRES<\/a><\/p><\/div><div class=\"price-wrapper\">\n\t<span class=\"price\"><span class=\"woocommerce-Price-amount amount\"><bdi>20,00<span class=\"woocommerce-Price-currencySymbol\">&euro;<\/span><\/bdi><\/span><\/span>\n<\/div>\t\t<\/div>\n\t<\/div>\n\t\t<\/div>\n<\/div><\/div>","protected":false},"excerpt":{"rendered":"","protected":false},"author":1,"featured_media":0,"parent":43,"menu_order":0,"comment_status":"closed","ping_status":"closed","template":"","meta":{"footnotes":""},"class_list":["post-2206","page","type-page","status-publish","hentry"],"_links":{"self":[{"href":"https:\/\/editionslightmotiv.com\/en\/wp-json\/wp\/v2\/pages\/2206","targetHints":{"allow":["GET"]}}],"collection":[{"href":"https:\/\/editionslightmotiv.com\/en\/wp-json\/wp\/v2\/pages"}],"about":[{"href":"https:\/\/editionslightmotiv.com\/en\/wp-json\/wp\/v2\/types\/page"}],"author":[{"embeddable":true,"href":"https:\/\/editionslightmotiv.com\/en\/wp-json\/wp\/v2\/users\/1"}],"replies":[{"embeddable":true,"href":"https:\/\/editionslightmotiv.com\/en\/wp-json\/wp\/v2\/comments?post=2206"}],"version-history":[{"count":5,"href":"https:\/\/editionslightmotiv.com\/en\/wp-json\/wp\/v2\/pages\/2206\/revisions"}],"predecessor-version":[{"id":5200,"href":"https:\/\/editionslightmotiv.com\/en\/wp-json\/wp\/v2\/pages\/2206\/revisions\/5200"}],"up":[{"embeddable":true,"href":"https:\/\/editionslightmotiv.com\/en\/wp-json\/wp\/v2\/pages\/43"}],"wp:attachment":[{"href":"https:\/\/editionslightmotiv.com\/en\/wp-json\/wp\/v2\/media?parent=2206"}],"curies":[{"name":"wp","href":"https:\/\/api.w.org\/{rel}","templated":true}]}}