{"id":2201,"date":"2019-11-05T12:39:20","date_gmt":"2019-11-05T11:39:20","guid":{"rendered":"https:\/\/editionslightmotiv.com\/?page_id=2201"},"modified":"2026-02-10T15:57:37","modified_gmt":"2026-02-10T14:57:37","slug":"olga-stefatou","status":"publish","type":"page","link":"https:\/\/editionslightmotiv.com\/en\/auteurs-photographes\/olga-stefatou\/","title":{"rendered":"Olga Stefatou"},"content":{"rendered":"<a href=\"https:\/\/editionslightmotiv.com\/en\/auteurs-photographes\/\" class=\"button primary is-link\" >\n\t\t<span>Back<\/span>\n\t<\/a>\n\n\n\t<div class=\"img has-hover x md-x lg-x y md-y lg-y\" id=\"image_137483732\">\n\t\t\t\t\t\t\t\t<div class=\"img-inner dark\" >\n\t\t\t<img loading=\"lazy\" decoding=\"async\" width=\"1005\" height=\"800\" src=\"https:\/\/editionslightmotiv.com\/wp-content\/uploads\/2026\/02\/Olga-Stefatou-by-Dimitris-Lambridis-1-1005x800.jpg\" class=\"attachment-large size-large\" alt=\"\" srcset=\"https:\/\/editionslightmotiv.com\/wp-content\/uploads\/2026\/02\/Olga-Stefatou-by-Dimitris-Lambridis-1-1005x800.jpg 1005w, https:\/\/editionslightmotiv.com\/wp-content\/uploads\/2026\/02\/Olga-Stefatou-by-Dimitris-Lambridis-1-280x223.jpg 280w, https:\/\/editionslightmotiv.com\/wp-content\/uploads\/2026\/02\/Olga-Stefatou-by-Dimitris-Lambridis-1-768x611.jpg 768w, https:\/\/editionslightmotiv.com\/wp-content\/uploads\/2026\/02\/Olga-Stefatou-by-Dimitris-Lambridis-1-1536x1222.jpg 1536w, https:\/\/editionslightmotiv.com\/wp-content\/uploads\/2026\/02\/Olga-Stefatou-by-Dimitris-Lambridis-1-2048x1630.jpg 2048w, https:\/\/editionslightmotiv.com\/wp-content\/uploads\/2026\/02\/Olga-Stefatou-by-Dimitris-Lambridis-1-15x12.jpg 15w, https:\/\/editionslightmotiv.com\/wp-content\/uploads\/2026\/02\/Olga-Stefatou-by-Dimitris-Lambridis-1-900x716.jpg 900w\" sizes=\"auto, (max-width: 1005px) 100vw, 1005px\" \/>\t\t\t\t\t\t\n\t\t\t\t\t<\/div>\n\t\t\t\t\t\t\t\t\n<style>\n#image_137483732 {\n  width: 100%;\n}\n<\/style>\n\t<\/div>\n\t\n\n<h1 style=\"text-align: center;\">\u00a0<\/h1>\n<h1 style=\"text-align: center;\">Olga Stefatou<\/h1>\n<p style=\"text-align: center;\">Olga Stefatou est une artiste visuelle et photographe grecque bas\u00e9e \u00e0 Ath\u00e8nes, dont le travail m\u00eale photographie documentaire, narration et performance pour interroger la libert\u00e9, les structures sociales et les enjeux g\u00e9opolitiques \u00e0 travers des r\u00e9cits visuels forts.<\/p>\n<p style=\"text-align: center;\">Parmi ses projets les plus marquants se trouve A Pair Of Brand New Eyes, une s\u00e9rie introspective explorant la f\u00e9minit\u00e9 quotidienne au Qatar, m\u00ealant images du \u00ab\u00a0chez soi\u00a0\u00bb et sc\u00e8nes urbaines pour sugg\u00e9rer un voyage int\u00e9rieur et culturel.<\/p>\n<p style=\"text-align: center;\">Un autre projet significatif est Relative Dating, qui documente le village abandonn\u00e9 de Vlahata en C\u00e9phalonie et questionne la m\u00e9moire, l&rsquo;identit\u00e9 et le lien au pass\u00e9 \u00e0 travers paysages, autoportraits et archives.<\/p>\n<p style=\"text-align: center;\">Vous pouvez \u00e9galement retrouver son projet Chrysalide : une s\u00e9rie de portraits engag\u00e9s rendant hommage \u00e0 l&rsquo;individualit\u00e9 des femmes r\u00e9fugi\u00e9es vivant en Gr\u00e8ce, utilisant symboliquement des couvertures de survie pour incarner r\u00e9silience et identit\u00e9, chez les Editions Light Motiv.<\/p>\n<p style=\"text-align: center;\">Son site : <a href=\"https:\/\/olgastefatou.com\/\" target=\"_blank\" rel=\"noopener\">https:\/\/olgastefatou.com\/<\/a><\/p>\n<p style=\"text-align: center;\">Son Instagram : <a href=\"https:\/\/www.instagram.com\/olga.stefatou\/\" target=\"_blank\" rel=\"noopener\">https:\/\/www.instagram.com\/olga.stefatou\/<\/a><\/p>\n<h2 style=\"text-align: center;\">Ses livres aux Editions Light Motiv<\/h2>\n\t\n  \n    <div class=\"row large-columns-6 medium-columns-3 small-columns-2 row-small slider row-slider slider-nav-simple slider-nav-push\"  data-flickity-options='{&quot;imagesLoaded&quot;: true, &quot;groupCells&quot;: &quot;100%&quot;, &quot;dragThreshold&quot; : 5, &quot;cellAlign&quot;: &quot;left&quot;,&quot;wrapAround&quot;: true,&quot;prevNextButtons&quot;: true,&quot;percentPosition&quot;: true,&quot;pageDots&quot;: false, &quot;rightToLeft&quot;: false, &quot;autoPlay&quot; : false}' >\n\n  \n\t     <div class=\"product-small col has-hover product type-product post-2196 status-publish first instock product_cat-livre-avec-tirage product_tag-documentary-photography product_tag-livre-photographique has-post-thumbnail shipping-taxable purchasable product-type-variable\">\n\t<div class=\"col-inner\">\n\t\n<div class=\"badge-container absolute left top z-1\">\n\n<\/div>\n\t<div class=\"product-small box\">\n\t\t<div class=\"box-image\">\n\t\t\t<div class=\"image-zoom-fade\">\n\t\t\t\t<a href=\"https:\/\/editionslightmotiv.com\/en\/product\/chrysalide-livre-avec-tirage\/\">\n\t\t\t\t\t<img loading=\"lazy\" decoding=\"async\" width=\"600\" height=\"720\" src=\"https:\/\/editionslightmotiv.com\/wp-content\/uploads\/2019\/11\/chrysalide_site-2-600x720.jpg\" class=\"attachment-woocommerce_thumbnail size-woocommerce_thumbnail\" alt=\"Couverture du journal-livre CHRYSALIDE de la photographe Olga Stefatou paru aux Editions Light Motiv en 2019\" \/>\t\t\t\t<\/a>\n\t\t\t<\/div>\n\t\t\t<div class=\"image-tools is-small top right show-on-hover\">\n\t\t\t\t\t\t\t<\/div>\n\t\t\t<div class=\"image-tools is-small hide-for-small bottom left show-on-hover\">\n\t\t\t\t\t\t\t<\/div>\n\t\t\t<div class=\"image-tools grid-tools text-center hide-for-small bottom hover-slide-in show-on-hover\">\n\t\t\t\t<a href=\"https:\/\/editionslightmotiv.com\/en\/product\/chrysalide-livre-avec-tirage\/\" aria-describedby=\"woocommerce_loop_add_to_cart_link_describedby_2196\" data-quantity=\"1\" class=\"add-to-cart-grid no-padding is-transparent product_type_variable add_to_cart_button\" data-product_id=\"2196\" data-product_sku=\"\" aria-label=\"Select options for \u201cCHRYSALIDE - Livre avec tirage\u201d\" rel=\"nofollow\" data-no-translation-aria-label=\"\"><div class=\"cart-icon tooltip is-small\" title=\"Select options\" data-no-translation-title=\"\"><strong>+<\/strong><\/div><\/a>\t<span id=\"woocommerce_loop_add_to_cart_link_describedby_2196\" class=\"screen-reader-text\">\n\t\tThis product has multiple variants. The options may be chosen on the product page\t<\/span>\n<a href=\"#quick-view\" class=\"quick-view\" role=\"button\" data-prod=\"2196\" aria-haspopup=\"dialog\" aria-expanded=\"false\" data-flatsome-role-button>Quick View<\/a>\t\t\t<\/div>\n\t\t\t\t\t<\/div>\n\n\t\t<div class=\"box-text box-text-products text-center grid-style-2\">\n\t\t\t<div class=\"title-wrapper\"><p class=\"name product-title woocommerce-loop-product__title\"><a href=\"https:\/\/editionslightmotiv.com\/en\/product\/chrysalide-livre-avec-tirage\/\" class=\"woocommerce-LoopProduct-link woocommerce-loop-product__link\">CHRYSALIDE &#8211; Livre avec tirage<\/a><\/p><\/div><div class=\"price-wrapper\">\n\t<span class=\"price\"><span class=\"woocommerce-Price-amount amount\"><bdi>250,00<span class=\"woocommerce-Price-currencySymbol\">&euro;<\/span><\/bdi><\/span><\/span>\n<\/div>\t\t<\/div>\n\t<\/div>\n\t\t<\/div>\n<\/div><div class=\"product-small col has-hover product type-product post-2180 status-publish instock product_cat-livre product_tag-documentary-photography product_tag-livre-photographique has-post-thumbnail shipping-taxable purchasable product-type-simple\">\n\t<div class=\"col-inner\">\n\t\n<div class=\"badge-container absolute left top z-1\">\n\n<\/div>\n\t<div class=\"product-small box\">\n\t\t<div class=\"box-image\">\n\t\t\t<div class=\"image-zoom-fade\">\n\t\t\t\t<a href=\"https:\/\/editionslightmotiv.com\/en\/product\/chrysalide\/\">\n\t\t\t\t\t<img loading=\"lazy\" decoding=\"async\" width=\"600\" height=\"720\" src=\"https:\/\/editionslightmotiv.com\/wp-content\/uploads\/2019\/11\/chrysalide_site-2-600x720.jpg\" class=\"attachment-woocommerce_thumbnail size-woocommerce_thumbnail\" alt=\"Couverture du journal-livre CHRYSALIDE de la photographe Olga Stefatou paru aux Editions Light Motiv en 2019\" \/>\t\t\t\t<\/a>\n\t\t\t<\/div>\n\t\t\t<div class=\"image-tools is-small top right show-on-hover\">\n\t\t\t\t\t\t\t<\/div>\n\t\t\t<div class=\"image-tools is-small hide-for-small bottom left show-on-hover\">\n\t\t\t\t\t\t\t<\/div>\n\t\t\t<div class=\"image-tools grid-tools text-center hide-for-small bottom hover-slide-in show-on-hover\">\n\t\t\t\t<a href=\"\/en\/wp-json\/wp\/v2\/pages\/2201?add-to-cart=2180\" aria-describedby=\"woocommerce_loop_add_to_cart_link_describedby_2180\" data-quantity=\"1\" class=\"add-to-cart-grid no-padding is-transparent product_type_simple add_to_cart_button ajax_add_to_cart\" data-product_id=\"2180\" data-product_sku=\"\" aria-label=\"Add to basket: \u201cCHRYSALIDE\u201d\" rel=\"nofollow\" data-success_message=\"\u201cCHRYSALIDE\u201d has been added to your cart\" role=\"button\" data-no-translation-aria-label=\"\" data-no-translation-data-success_message=\"\"><div class=\"cart-icon tooltip is-small\" title=\"Add to cart\" data-no-translation-title=\"\"><strong>+<\/strong><\/div><\/a>\t<span id=\"woocommerce_loop_add_to_cart_link_describedby_2180\" class=\"screen-reader-text\">\n\t\t\t<\/span>\n<a href=\"#quick-view\" class=\"quick-view\" role=\"button\" data-prod=\"2180\" aria-haspopup=\"dialog\" aria-expanded=\"false\" data-flatsome-role-button>Quick View<\/a>\t\t\t<\/div>\n\t\t\t\t\t<\/div>\n\n\t\t<div class=\"box-text box-text-products text-center grid-style-2\">\n\t\t\t<div class=\"title-wrapper\"><p class=\"name product-title woocommerce-loop-product__title\"><a href=\"https:\/\/editionslightmotiv.com\/en\/product\/chrysalide\/\" class=\"woocommerce-LoopProduct-link woocommerce-loop-product__link\">CHRYSALIDE<\/a><\/p><\/div><div class=\"price-wrapper\">\n\t<span class=\"price\"><span class=\"woocommerce-Price-amount amount\"><bdi>20,00<span class=\"woocommerce-Price-currencySymbol\">&euro;<\/span><\/bdi><\/span><\/span>\n<\/div>\t\t<\/div>\n\t<\/div>\n\t\t<\/div>\n<\/div><\/div>","protected":false},"excerpt":{"rendered":"","protected":false},"author":1,"featured_media":0,"parent":43,"menu_order":0,"comment_status":"closed","ping_status":"closed","template":"","meta":{"footnotes":""},"class_list":["post-2201","page","type-page","status-publish","hentry"],"_links":{"self":[{"href":"https:\/\/editionslightmotiv.com\/en\/wp-json\/wp\/v2\/pages\/2201","targetHints":{"allow":["GET"]}}],"collection":[{"href":"https:\/\/editionslightmotiv.com\/en\/wp-json\/wp\/v2\/pages"}],"about":[{"href":"https:\/\/editionslightmotiv.com\/en\/wp-json\/wp\/v2\/types\/page"}],"author":[{"embeddable":true,"href":"https:\/\/editionslightmotiv.com\/en\/wp-json\/wp\/v2\/users\/1"}],"replies":[{"embeddable":true,"href":"https:\/\/editionslightmotiv.com\/en\/wp-json\/wp\/v2\/comments?post=2201"}],"version-history":[{"count":5,"href":"https:\/\/editionslightmotiv.com\/en\/wp-json\/wp\/v2\/pages\/2201\/revisions"}],"predecessor-version":[{"id":5192,"href":"https:\/\/editionslightmotiv.com\/en\/wp-json\/wp\/v2\/pages\/2201\/revisions\/5192"}],"up":[{"embeddable":true,"href":"https:\/\/editionslightmotiv.com\/en\/wp-json\/wp\/v2\/pages\/43"}],"wp:attachment":[{"href":"https:\/\/editionslightmotiv.com\/en\/wp-json\/wp\/v2\/media?parent=2201"}],"curies":[{"name":"wp","href":"https:\/\/api.w.org\/{rel}","templated":true}]}}