{"id":1918,"date":"2019-04-02T15:18:08","date_gmt":"2019-04-02T13:18:08","guid":{"rendered":"https:\/\/editionslightmotiv.com\/?page_id=1918"},"modified":"2026-02-11T10:50:22","modified_gmt":"2026-02-11T09:50:22","slug":"thierry-girard","status":"publish","type":"page","link":"https:\/\/editionslightmotiv.com\/en\/auteurs-photographes\/thierry-girard\/","title":{"rendered":"Thierry Girard"},"content":{"rendered":"<a href=\"https:\/\/editionslightmotiv.com\/en\/auteurs-photographes\/\" class=\"button primary is-link\" >\n\t\t<span>Back<\/span>\n\t<\/a>\n\n\n<p style=\"text-align: center;\"><img loading=\"lazy\" decoding=\"async\" class=\"aligncenter wp-image-4515 size-medium\" src=\"https:\/\/editionslightmotiv.com\/wp-content\/uploads\/2025\/01\/bdTGirard01-267x400.jpg\" alt=\"Portrait du photographe Thierry Girard (par Eric Le Brun), auteur du livre LE MONDE D'APR\u00c8S\" width=\"267\" height=\"400\" srcset=\"https:\/\/editionslightmotiv.com\/wp-content\/uploads\/2025\/01\/bdTGirard01-267x400.jpg 267w, https:\/\/editionslightmotiv.com\/wp-content\/uploads\/2025\/01\/bdTGirard01-533x800.jpg 533w, https:\/\/editionslightmotiv.com\/wp-content\/uploads\/2025\/01\/bdTGirard01-768x1152.jpg 768w, https:\/\/editionslightmotiv.com\/wp-content\/uploads\/2025\/01\/bdTGirard01-1024x1536.jpg 1024w, https:\/\/editionslightmotiv.com\/wp-content\/uploads\/2025\/01\/bdTGirard01-8x12.jpg 8w, https:\/\/editionslightmotiv.com\/wp-content\/uploads\/2025\/01\/bdTGirard01-900x1350.jpg 900w, https:\/\/editionslightmotiv.com\/wp-content\/uploads\/2025\/01\/bdTGirard01.jpg 1134w\" sizes=\"auto, (max-width: 267px) 100vw, 267px\" \/><em><span style=\"font-size: 75%;\">\u00a9 Eric Le Brun<\/span><\/em><\/p>\n<p>\u00a0<\/p>\n<p style=\"text-align: center;\"><strong><span style=\"color: #282828; font-size: 170%;\">Thierry Girard<\/span><br \/><\/strong><\/p>\n<p class=\"p1\" style=\"text-align: center;\">Le photographe est laur\u00e9at du Prix Niepce en 1984, de la Villa M\u00e9dicis hors les murs en 1985, de la Villa Kujoyama en 1997.<br \/>Ses oeuvres sont conserv\u00e9es dans de multiples mus\u00e9es et collections publiques (Fonds National d\u2019Art Contemporain, Mus\u00e9e National d\u2019Art Moderne, Metropolitan Museum of Arts, Shanghai Art Museum&#8230;)<\/p>\n<p class=\"p1\" style=\"text-align: center;\"><strong><i>Le Monde d\u2019apr\u00e8s<\/i> <\/strong>est son trenti\u00e8me ouvrage.<\/p>\n<p style=\"text-align: center;\">N\u00e9 en <span class=\"s1\">1951<\/span>, il commence \u00e0 photographier en <span class=\"s1\">1976 <\/span>apr\u00e8s des \u00e9tudes \u00e0 Sciences Po Paris.<br \/><span class=\"s1\">1977-78 : <\/span>premiers s\u00e9jours dans le Nord, photographie plus particuli\u00e8rement dans l\u2019Avesnois et la r\u00e9gion de Maubeuge.<br \/><span class=\"s1\">1979-1980 : <\/span>profite d\u2019une commande du magazine <em>G\u00e9o<\/em> sur les colombophiles pour travailler en parall\u00e8le en noir et blanc sur le Bassin minier.<br \/><span class=\"s1\">1981 : <\/span>le Secours populaire fran\u00e7ais le sollicite pour faire un travail sur la pauvret\u00e9 dans l\u2019agglom\u00e9ration lilloise et le Bassin minier, travail qu\u2019il reprendra en 1983.<br \/>Parution de l\u2019article de <em>G\u00e9o<\/em> dont il signe le texte et les photographies.<br \/><span class=\"s1\" style=\"font-size: 14.4px;\">1982 : <\/span><span style=\"font-size: 14.4px;\">effectue sa premi\u00e8re r\u00e9sidence d\u2019artiste \u00e0 la Ferme-Nord de Zuydcoote, pr\u00e8s de Dunkerque. Publie son premier livre, <em>Far-Westhoek<\/em>, au terme de cette r\u00e9sidence.<br \/><\/span>R\u00e9alise un travail sur les monuments aux morts dans le Nord-Pas-de-Calais pour le Centre d\u2019action culturelle de Douai, aujourd\u2019hui l\u2019Hippodrome. Cette s\u00e9rie fait partie de ses premi\u00e8res oeuvres \u00e0 entrer dans les collections de la <em>Biblioth\u00e8que nationale de France<\/em>.<br \/>Photographie intens\u00e9ment le Bassin minier en pr\u00e9vision d\u2019un nouveau projet avec le Centre r\u00e9gional de la photographie Nord-Pas-de-Calais.<br \/><span class=\"s1\">1983 : <\/span>M\u00e9moire du Si\u00e8cle futur, commande du Centre r\u00e9gional de la photographie Nord-Pas-de-Calais sur la fin de l\u2019histoire mini\u00e8re dans le Nord-Pas-de-Calais un si\u00e8cle apr\u00e8s la parution de Germinal. Pr\u00e9sentation du travail \u00e0 Denain et \u00e9dition d\u2019un livret.<br \/>Les photographies de l\u2019exposition int\u00e8grent la collection du Crp.<br \/><span class=\"s1\">1984-85 : <\/span>Fronti\u00e8res, commande du Centre r\u00e9gional de la photographie Nord-Pas-de-Calais pour un itin\u00e9raire du Rhin jusqu\u2019\u00e0 la mer du Nord en longeant la fronti\u00e8re avec l\u2019Allemagne, le Luxembourg et la Belgique. Ce travail sera notamment expos\u00e9 par Robert Delpire au <em>Centre national de la photographie<\/em> au Palais de Tokyo \u00e0 Paris en 1987 et fera l\u2019objet d\u2019acquisitions du <em>Centre national des arts plastiques<\/em> et du Frac Poitou-Charentes notamment.<br \/><span class=\"s1\">2004 : <\/span>commande du commissariat fran\u00e7ais de l\u2019Exposition universelle d\u2019Aichi au Japon pour un travail sur la zone portuaire et industrielle de Dunkerque. Commence \u00e0 r\u00e9fl\u00e9chir \u00e0 un projet lui permettant de revenir dans le Nord de la France.<br \/><span class=\"s1\">2017 : <\/span>obtient le soutien du <em>Centre Historique Minier de Lewarde<\/em> pour une nouvelle r\u00e9sidence d\u2019artiste dans le Bassin minier, avec le concours de la <em>Maison de l\u2019Art et de la Communication<\/em> de Sallaumines.<br \/><span class=\"s1\">2018 : <\/span>seconde r\u00e9sidence d\u2019artiste avec le soutien de la <em>Cit\u00e9 des \u00c9lectriciens<\/em> \u00e0 Bruay-la-Buissi\u00e8re. Pr\u00e9sentation de la premi\u00e8re partie du travail sous le titre <em>Carnets du Nord<\/em> au CHM de Lewarde (f\u00e9vrier-ao\u00fbt) avec une partie des photographies de M\u00e9moire du Si\u00e8cle futur, pr\u00eat\u00e9es par le Centre r\u00e9gional de la photographie ; puis une seconde exposition \u00e0 la MAC de Sallaumines (septembre-octobre).<br \/>Entreprend un workshop sur le Bassin minier avec des \u00e9tudiants de <em>l\u2019\u00e9cole sup\u00e9rieure d\u2019art<\/em> de Tourcoing et du <em>Centre d\u2019arts plastiques et visuels<\/em> de Lille. Ce travail aboutira \u00e0 la publication d\u2019un livre \u00e9dit\u00e9 \u00e0 150 exemplaires (<em>Si proche et ailleurs<\/em>), ainsi qu\u2019\u00e0 la pr\u00e9sentation du travail collectif au CAPV de Lille.<br \/><span class=\"s1\">2019 : <\/span>sous le titre, <em>Le Monde d\u2019apr\u00e8s<\/em>, r\u00e9unit dans une exposition de synth\u00e8se l\u2019ensemble des travaux r\u00e9alis\u00e9s au cours des ann\u00e9es 80 et lors des deux derni\u00e8res ann\u00e9es, pour l\u2019inauguration de la Cit\u00e9 des \u00c9lectriciens \u00e0 Bruay-La-Buissi\u00e8re. Publication du livre <strong><em>Le Monde d\u2019apr\u00e8s<\/em><\/strong> aux \u00e9ditions Light Motiv.<\/p>\n<p class=\"p1\" style=\"text-align: center;\">Entretemps, Thierry Girard a beaucoup photographi\u00e9 ailleurs en France et \u00e0 travers le monde, publiant r\u00e9guli\u00e8rement le r\u00e9sultat de ses p\u00e9r\u00e9grinations et de ses recherches.<\/p>\n<p style=\"text-align: center;\">Son site : https:\/\/www.thierrygirard.com\/<\/p>\n<h2 style=\"text-align: center;\">Ses livres aux Editions Light Motiv<\/h2>\n\t\n  \n    <div class=\"row large-columns-6 medium-columns-3 small-columns-2 row-small slider row-slider slider-nav-simple slider-nav-push\"  data-flickity-options='{&quot;imagesLoaded&quot;: true, &quot;groupCells&quot;: &quot;100%&quot;, &quot;dragThreshold&quot; : 5, &quot;cellAlign&quot;: &quot;left&quot;,&quot;wrapAround&quot;: true,&quot;prevNextButtons&quot;: true,&quot;percentPosition&quot;: true,&quot;pageDots&quot;: false, &quot;rightToLeft&quot;: false, &quot;autoPlay&quot; : false}' >\n\n  \n\t     <div class=\"product-small col has-hover product type-product post-1916 status-publish first instock product_cat-livre product_tag-bassin-minier product_tag-documentary-photography product_tag-hauts-de-france product_tag-livre-photographique product_tag-monde-ouvrier product_tag-nord product_tag-nord-livre-photographique product_tag-patrimoine-mondial-de-lunesco product_tag-paysage product_tag-photographie-documentaire product_tag-terrils product_tag-thierry-girard product_tag-vie-quotidienne has-post-thumbnail shipping-taxable purchasable product-type-simple\">\n\t<div class=\"col-inner\">\n\t\n<div class=\"badge-container absolute left top z-1\">\n\n<\/div>\n\t<div class=\"product-small box\">\n\t\t<div class=\"box-image\">\n\t\t\t<div class=\"image-zoom-fade\">\n\t\t\t\t<a href=\"https:\/\/editionslightmotiv.com\/en\/product\/le-monde-dapres\/\">\n\t\t\t\t\t<img loading=\"lazy\" decoding=\"async\" width=\"600\" height=\"720\" src=\"https:\/\/editionslightmotiv.com\/wp-content\/uploads\/2019\/04\/mondeapres_site-600x720.jpg\" class=\"attachment-woocommerce_thumbnail size-woocommerce_thumbnail\" alt=\"Couverture du livre photographique LE MONDE D&#039;APR\u00c8S avec les photographies et textes de Thierry Girard et une postface d&#039;Ari J. Blatt paru aux Editions Light Motiv en 2019\" \/>\t\t\t\t<\/a>\n\t\t\t<\/div>\n\t\t\t<div class=\"image-tools is-small top right show-on-hover\">\n\t\t\t\t\t\t\t<\/div>\n\t\t\t<div class=\"image-tools is-small hide-for-small bottom left show-on-hover\">\n\t\t\t\t\t\t\t<\/div>\n\t\t\t<div class=\"image-tools grid-tools text-center hide-for-small bottom hover-slide-in show-on-hover\">\n\t\t\t\t<a href=\"\/en\/wp-json\/wp\/v2\/pages\/1918?add-to-cart=1916\" aria-describedby=\"woocommerce_loop_add_to_cart_link_describedby_1916\" data-quantity=\"1\" class=\"add-to-cart-grid no-padding is-transparent product_type_simple add_to_cart_button ajax_add_to_cart\" data-product_id=\"1916\" data-product_sku=\"\" aria-label=\"Add to basket: \u201cLE MONDE D&#039;APR\u00c8S\u201d\" rel=\"nofollow\" data-success_message=\"\u201cLE MONDE D&#039;APR\u00c8S\u201d has been added to your cart\" role=\"button\" data-no-translation-aria-label=\"\" data-no-translation-data-success_message=\"\"><div class=\"cart-icon tooltip is-small\" title=\"Add to cart\" data-no-translation-title=\"\"><strong>+<\/strong><\/div><\/a>\t<span id=\"woocommerce_loop_add_to_cart_link_describedby_1916\" class=\"screen-reader-text\">\n\t\t\t<\/span>\n<a href=\"#quick-view\" class=\"quick-view\" role=\"button\" data-prod=\"1916\" aria-haspopup=\"dialog\" aria-expanded=\"false\" data-flatsome-role-button>Quick View<\/a>\t\t\t<\/div>\n\t\t\t\t\t<\/div>\n\n\t\t<div class=\"box-text box-text-products text-center grid-style-2\">\n\t\t\t<div class=\"title-wrapper\"><p class=\"name product-title woocommerce-loop-product__title\"><a href=\"https:\/\/editionslightmotiv.com\/en\/product\/le-monde-dapres\/\" class=\"woocommerce-LoopProduct-link woocommerce-loop-product__link\">LE MONDE D&rsquo;APR\u00c8S<\/a><\/p><\/div><div class=\"price-wrapper\">\n\t<span class=\"price\"><span class=\"woocommerce-Price-amount amount\"><bdi>39,00<span class=\"woocommerce-Price-currencySymbol\">&euro;<\/span><\/bdi><\/span><\/span>\n<\/div>\t\t<\/div>\n\t<\/div>\n\t\t<\/div>\n<\/div><\/div>","protected":false},"excerpt":{"rendered":"","protected":false},"author":1,"featured_media":0,"parent":43,"menu_order":0,"comment_status":"closed","ping_status":"closed","template":"","meta":{"footnotes":""},"class_list":["post-1918","page","type-page","status-publish","hentry"],"_links":{"self":[{"href":"https:\/\/editionslightmotiv.com\/en\/wp-json\/wp\/v2\/pages\/1918","targetHints":{"allow":["GET"]}}],"collection":[{"href":"https:\/\/editionslightmotiv.com\/en\/wp-json\/wp\/v2\/pages"}],"about":[{"href":"https:\/\/editionslightmotiv.com\/en\/wp-json\/wp\/v2\/types\/page"}],"author":[{"embeddable":true,"href":"https:\/\/editionslightmotiv.com\/en\/wp-json\/wp\/v2\/users\/1"}],"replies":[{"embeddable":true,"href":"https:\/\/editionslightmotiv.com\/en\/wp-json\/wp\/v2\/comments?post=1918"}],"version-history":[{"count":7,"href":"https:\/\/editionslightmotiv.com\/en\/wp-json\/wp\/v2\/pages\/1918\/revisions"}],"predecessor-version":[{"id":5237,"href":"https:\/\/editionslightmotiv.com\/en\/wp-json\/wp\/v2\/pages\/1918\/revisions\/5237"}],"up":[{"embeddable":true,"href":"https:\/\/editionslightmotiv.com\/en\/wp-json\/wp\/v2\/pages\/43"}],"wp:attachment":[{"href":"https:\/\/editionslightmotiv.com\/en\/wp-json\/wp\/v2\/media?parent=1918"}],"curies":[{"name":"wp","href":"https:\/\/api.w.org\/{rel}","templated":true}]}}