{"id":1174,"date":"2018-09-28T13:37:53","date_gmt":"2018-09-28T13:37:53","guid":{"rendered":"https:\/\/editionslightmotiv.com\/?page_id=1174"},"modified":"2026-02-11T10:46:02","modified_gmt":"2026-02-11T09:46:02","slug":"marie_genel","status":"publish","type":"page","link":"https:\/\/editionslightmotiv.com\/en\/auteurs-photographes\/marie_genel\/","title":{"rendered":"Marie Genel"},"content":{"rendered":"<a href=\"https:\/\/editionslightmotiv.com\/en\/auteurs-photographes\/\" class=\"button primary is-link\" >\n\t\t<span>Back<\/span>\n\t<\/a>\n\n\n<p style=\"text-align: center;\"><img loading=\"lazy\" decoding=\"async\" class=\"aligncenter size-medium wp-image-1656\" src=\"https:\/\/editionslightmotiv.com\/wp-content\/uploads\/2018\/10\/Portrait_MarieGenel-ParEBrun-267x400.jpg\" alt=\"\" width=\"267\" height=\"400\" \/><\/p>\n<p style=\"text-align: center;\"><span style=\"font-size: 90%;\">\u00a9 Eric Le Brun<\/span><\/p>\n<p style=\"text-align: center;\"><strong><span style=\"color: #282828; font-size: 170%;\">Marie Genel<\/span><br \/><\/strong><\/p>\n<p style=\"text-align: center;\">Marie Genel collabore depuis une quinzaine d&rsquo;ann\u00e9es avec la presse, les institutions et les grandes entreprises. N\u00e9e \u00e0 Dunkerque, elle n&rsquo;a jamais rat\u00e9 un carnaval. Elle a commenc\u00e9 \u00e0 le photographier en 2003, avec son vieux Mamiya argentique, l&rsquo;abordant comme elle le vit : de tr\u00e8s pr\u00e8s. Outre le carnaval, le Nord reste un de ses sujets de pr\u00e9dilection. Elle a notamment expos\u00e9 la s\u00e9rie \u00ab\u00a0Recto-Verso\u00a0\u00bb, lors de Dunkerque 2013, Capitale r\u00e9gionale de la Culture, mettant en sc\u00e8ne des salari\u00e9s dunkerquois qui d\u00e9voilent leur passion personnelle sur leur lieu de travail. Elle pratique une photographie intimiste et po\u00e9tique, parfois dr\u00f4le aussi. Membre de l&rsquo;agence coop\u00e9rative <em>Picturetank<\/em> de 2006 \u00e0 2017, elle est aujourd&rsquo;hui chez <em>PI.NK photographies<\/em>.<\/p>\n<p style=\"text-align: center;\">Son Instagram : https:\/\/www.instagram.com\/marie_genel\/?hl=fr<\/p>\n<h2 style=\"text-align: center;\">Ses livres aux Editions Light Motiv<\/h2>\n\t\n  \n    <div class=\"row large-columns-4 medium-columns-3 small-columns-2 row-small slider row-slider slider-nav-reveal slider-nav-push\"  data-flickity-options='{&quot;imagesLoaded&quot;: true, &quot;groupCells&quot;: &quot;100%&quot;, &quot;dragThreshold&quot; : 5, &quot;cellAlign&quot;: &quot;left&quot;,&quot;wrapAround&quot;: true,&quot;prevNextButtons&quot;: true,&quot;percentPosition&quot;: true,&quot;pageDots&quot;: false, &quot;rightToLeft&quot;: false, &quot;autoPlay&quot; : false}' >\n\n  \n\t     <div class=\"product-small col has-hover product type-product post-1518 status-publish first instock product_cat-livre product_tag-carnaval product_tag-carnaval-de-dunkerque product_tag-carnival product_tag-documentary-photography product_tag-dunkerque product_tag-hauts-de-france product_tag-livre-photographique product_tag-ludovic-bertin product_tag-marie-genel product_tag-nord product_tag-pascal-dessaint product_tag-photobook product_tag-photographie-documentaire product_tag-pierre-volot has-post-thumbnail shipping-taxable purchasable product-type-simple\">\n\t<div class=\"col-inner\">\n\t\n<div class=\"badge-container absolute left top z-1\">\n\n<\/div>\n\t<div class=\"product-small box\">\n\t\t<div class=\"box-image\">\n\t\t\t<div class=\"image-zoom-fade\">\n\t\t\t\t<a href=\"https:\/\/editionslightmotiv.com\/en\/product\/quand-vient-le-carnaval\/\">\n\t\t\t\t\t<img loading=\"lazy\" decoding=\"async\" width=\"600\" height=\"720\" src=\"https:\/\/editionslightmotiv.com\/wp-content\/uploads\/2015\/08\/Carnaval_STD_site-600x720.jpg\" class=\"attachment-woocommerce_thumbnail size-woocommerce_thumbnail\" alt=\"QUAND VIENT LE CARNAVAL\" \/>\t\t\t\t<\/a>\n\t\t\t<\/div>\n\t\t\t<div class=\"image-tools is-small top right show-on-hover\">\n\t\t\t\t\t\t\t<\/div>\n\t\t\t<div class=\"image-tools is-small hide-for-small bottom left show-on-hover\">\n\t\t\t\t\t\t\t<\/div>\n\t\t\t<div class=\"image-tools grid-tools text-center hide-for-small bottom hover-slide-in show-on-hover\">\n\t\t\t\t<a href=\"\/en\/wp-json\/wp\/v2\/pages\/1174?add-to-cart=1518\" aria-describedby=\"woocommerce_loop_add_to_cart_link_describedby_1518\" data-quantity=\"1\" class=\"add-to-cart-grid no-padding is-transparent product_type_simple add_to_cart_button ajax_add_to_cart\" data-product_id=\"1518\" data-product_sku=\"\" aria-label=\"Add to basket: \u201cQUAND VIENT LE CARNAVAL\u201d\" rel=\"nofollow\" data-success_message=\"\u201cQUAND VIENT LE CARNAVAL\u201d has been added to your cart\" role=\"button\" data-no-translation-aria-label=\"\" data-no-translation-data-success_message=\"\"><div class=\"cart-icon tooltip is-small\" title=\"Add to cart\" data-no-translation-title=\"\"><strong>+<\/strong><\/div><\/a>\t<span id=\"woocommerce_loop_add_to_cart_link_describedby_1518\" class=\"screen-reader-text\">\n\t\t\t<\/span>\n<a href=\"#quick-view\" class=\"quick-view\" role=\"button\" data-prod=\"1518\" aria-haspopup=\"dialog\" aria-expanded=\"false\" data-flatsome-role-button>Quick View<\/a>\t\t\t<\/div>\n\t\t\t\t\t<\/div>\n\n\t\t<div class=\"box-text box-text-products text-center grid-style-2\">\n\t\t\t<div class=\"title-wrapper\"><p class=\"name product-title woocommerce-loop-product__title\"><a href=\"https:\/\/editionslightmotiv.com\/en\/product\/quand-vient-le-carnaval\/\" class=\"woocommerce-LoopProduct-link woocommerce-loop-product__link\">QUAND VIENT LE CARNAVAL<\/a><\/p><\/div><div class=\"price-wrapper\">\n\t<span class=\"price\"><span class=\"woocommerce-Price-amount amount\"><bdi>29,50<span class=\"woocommerce-Price-currencySymbol\">&euro;<\/span><\/bdi><\/span><\/span>\n<\/div>\t\t<\/div>\n\t<\/div>\n\t\t<\/div>\n<\/div><div class=\"product-small col has-hover product type-product post-1539 status-publish instock product_cat-livre-avec-tirage product_tag-carnaval product_tag-carnaval-de-dunkerque product_tag-carnival product_tag-documentary-photography product_tag-dunkerque product_tag-hauts-de-france product_tag-livre-photo product_tag-livre-photographique product_tag-ludovic-bertin product_tag-marie-genel product_tag-nord product_tag-pascal-dessaint product_tag-photobook product_tag-photographie-documentaire product_tag-pierre-volot product_tag-print product_tag-tirage has-post-thumbnail shipping-taxable purchasable product-type-variable\">\n\t<div class=\"col-inner\">\n\t\n<div class=\"badge-container absolute left top z-1\">\n\n<\/div>\n\t<div class=\"product-small box\">\n\t\t<div class=\"box-image\">\n\t\t\t<div class=\"image-zoom-fade\">\n\t\t\t\t<a href=\"https:\/\/editionslightmotiv.com\/en\/product\/quand-vient-le-carnaval-tirage\/\">\n\t\t\t\t\t<img loading=\"lazy\" decoding=\"async\" width=\"600\" height=\"720\" src=\"https:\/\/editionslightmotiv.com\/wp-content\/uploads\/2015\/08\/Carnaval_LTD_site-600x720.jpg\" class=\"attachment-woocommerce_thumbnail size-woocommerce_thumbnail\" alt=\"Quand vient le carnaval - Livre avec tirage\" \/>\t\t\t\t<\/a>\n\t\t\t<\/div>\n\t\t\t<div class=\"image-tools is-small top right show-on-hover\">\n\t\t\t\t\t\t\t<\/div>\n\t\t\t<div class=\"image-tools is-small hide-for-small bottom left show-on-hover\">\n\t\t\t\t\t\t\t<\/div>\n\t\t\t<div class=\"image-tools grid-tools text-center hide-for-small bottom hover-slide-in show-on-hover\">\n\t\t\t\t<a href=\"https:\/\/editionslightmotiv.com\/en\/product\/quand-vient-le-carnaval-tirage\/\" aria-describedby=\"woocommerce_loop_add_to_cart_link_describedby_1539\" data-quantity=\"1\" class=\"add-to-cart-grid no-padding is-transparent product_type_variable add_to_cart_button\" data-product_id=\"1539\" data-product_sku=\"\" aria-label=\"Select options for \u201cQuand vient le carnaval - Livre avec tirage\u201d\" rel=\"nofollow\" data-no-translation-aria-label=\"\"><div class=\"cart-icon tooltip is-small\" title=\"Select options\" data-no-translation-title=\"\"><strong>+<\/strong><\/div><\/a>\t<span id=\"woocommerce_loop_add_to_cart_link_describedby_1539\" class=\"screen-reader-text\">\n\t\tThis product has multiple variants. The options may be chosen on the product page\t<\/span>\n<a href=\"#quick-view\" class=\"quick-view\" role=\"button\" data-prod=\"1539\" aria-haspopup=\"dialog\" aria-expanded=\"false\" data-flatsome-role-button>Quick View<\/a>\t\t\t<\/div>\n\t\t\t\t\t<\/div>\n\n\t\t<div class=\"box-text box-text-products text-center grid-style-2\">\n\t\t\t<div class=\"title-wrapper\"><p class=\"name product-title woocommerce-loop-product__title\"><a href=\"https:\/\/editionslightmotiv.com\/en\/product\/quand-vient-le-carnaval-tirage\/\" class=\"woocommerce-LoopProduct-link woocommerce-loop-product__link\">Quand vient le carnaval &#8211; Livre avec tirage<\/a><\/p><\/div><div class=\"price-wrapper\">\n\t<span class=\"price\"><span class=\"woocommerce-Price-amount amount\"><bdi>130,00<span class=\"woocommerce-Price-currencySymbol\">&euro;<\/span><\/bdi><\/span><\/span>\n<\/div>\t\t<\/div>\n\t<\/div>\n\t\t<\/div>\n<\/div><\/div>","protected":false},"excerpt":{"rendered":"","protected":false},"author":1,"featured_media":0,"parent":43,"menu_order":0,"comment_status":"closed","ping_status":"closed","template":"","meta":{"footnotes":""},"class_list":["post-1174","page","type-page","status-publish","hentry"],"_links":{"self":[{"href":"https:\/\/editionslightmotiv.com\/en\/wp-json\/wp\/v2\/pages\/1174","targetHints":{"allow":["GET"]}}],"collection":[{"href":"https:\/\/editionslightmotiv.com\/en\/wp-json\/wp\/v2\/pages"}],"about":[{"href":"https:\/\/editionslightmotiv.com\/en\/wp-json\/wp\/v2\/types\/page"}],"author":[{"embeddable":true,"href":"https:\/\/editionslightmotiv.com\/en\/wp-json\/wp\/v2\/users\/1"}],"replies":[{"embeddable":true,"href":"https:\/\/editionslightmotiv.com\/en\/wp-json\/wp\/v2\/comments?post=1174"}],"version-history":[{"count":10,"href":"https:\/\/editionslightmotiv.com\/en\/wp-json\/wp\/v2\/pages\/1174\/revisions"}],"predecessor-version":[{"id":5236,"href":"https:\/\/editionslightmotiv.com\/en\/wp-json\/wp\/v2\/pages\/1174\/revisions\/5236"}],"up":[{"embeddable":true,"href":"https:\/\/editionslightmotiv.com\/en\/wp-json\/wp\/v2\/pages\/43"}],"wp:attachment":[{"href":"https:\/\/editionslightmotiv.com\/en\/wp-json\/wp\/v2\/media?parent=1174"}],"curies":[{"name":"wp","href":"https:\/\/api.w.org\/{rel}","templated":true}]}}