{"id":1163,"date":"2018-09-28T13:10:33","date_gmt":"2018-09-28T13:10:33","guid":{"rendered":"https:\/\/editionslightmotiv.com\/?page_id=1163"},"modified":"2026-02-13T09:56:28","modified_gmt":"2026-02-13T08:56:28","slug":"pascal_dessaint","status":"publish","type":"page","link":"https:\/\/editionslightmotiv.com\/en\/auteurs-photographes\/pascal_dessaint\/","title":{"rendered":"Pascal Dessaint"},"content":{"rendered":"<a href=\"https:\/\/editionslightmotiv.com\/en\/auteurs-photographes\/\" class=\"button primary is-link\" >\n\t\t<span>Back<\/span>\n\t<\/a>\n\n\n<p><img loading=\"lazy\" decoding=\"async\" class=\"wp-image-5339 aligncenter\" src=\"https:\/\/editionslightmotiv.com\/wp-content\/uploads\/2026\/02\/Pascal_Dessaint_byFranckAlix.jpg\" alt=\"\" width=\"386\" height=\"386\" srcset=\"https:\/\/editionslightmotiv.com\/wp-content\/uploads\/2026\/02\/Pascal_Dessaint_byFranckAlix.jpg 650w, https:\/\/editionslightmotiv.com\/wp-content\/uploads\/2026\/02\/Pascal_Dessaint_byFranckAlix-280x280.jpg 280w, https:\/\/editionslightmotiv.com\/wp-content\/uploads\/2026\/02\/Pascal_Dessaint_byFranckAlix-12x12.jpg 12w, https:\/\/editionslightmotiv.com\/wp-content\/uploads\/2026\/02\/Pascal_Dessaint_byFranckAlix-100x100.jpg 100w\" sizes=\"auto, (max-width: 386px) 100vw, 386px\" \/><\/p>\n<p style=\"text-align: center;\"><span style=\"font-size: 80%;\">\u00a9 Franck Alix<\/span><\/p>\n<p style=\"text-align: center;\"><strong><span style=\"color: #282828; font-size: 170%;\">Pascal Dessaint<\/span><br \/><\/strong><\/p>\n<p class=\"p1\" style=\"text-align: center;\">Pascal Dessaint partage sa vie entre le nord de la France o\u00f9 il est n\u00e9 en 1964, et Toulouse o\u00f9 il vit aujourd\u2019hui : deux univers qui nourrissent son inspiration.<\/p>\n<p class=\"p2\" style=\"text-align: center;\"><span class=\"s1\">Ses romans ont \u00e9t\u00e9 r\u00e9compens\u00e9s par plusieurs prix importants dont le <\/span><span class=\"s2\"><b>Grand Prix de la litt\u00e9rature polici\u00e8re <\/b><\/span>(<i>Du bruit sous le silence, <\/i>\u00e9d. Rivages)<span class=\"s1\">, le <\/span><span class=\"s2\"><b>Grand Prix du roman noir fran\u00e7ais<i> de Cognac <\/i><\/b><\/span>(<i>Loin des humains, <\/i>\u00e9d. Rivages)<span class=\"s1\">, le <\/span><span class=\"s2\"><b>Prix Myst\u00e8re de la Critique<\/b><\/span> (<i>Bouche d&rsquo;ombre, <\/i>\u00e9d. Rivages) <span class=\"s1\">et le <\/span><span class=\"s2\"><b>Prix Jean-Amila Meckert <\/b><\/span>(<i>Le chemin s&rsquo;arr\u00eatera l\u00e0, <\/i>\u00e9d. Rivages)<span class=\"s1\">. <\/span><\/p>\n<p class=\"p1\" style=\"text-align: center;\"><strong>Derni\u00e8res publications :<\/strong><\/p>\n<p style=\"text-align: center;\"><i>En attendant Bukowski<\/i>, \u00e9ditions SCUP<\/p>\n<p style=\"text-align: center;\"><i>Un homme doit mourir<\/i>, \u00e9ditions Rivages.<\/p>\n\t\n  \n    <div class=\"row large-columns-4 medium-columns-3 small-columns-2 row-small slider row-slider slider-nav-reveal slider-nav-push\"  data-flickity-options='{&quot;imagesLoaded&quot;: true, &quot;groupCells&quot;: &quot;100%&quot;, &quot;dragThreshold&quot; : 5, &quot;cellAlign&quot;: &quot;left&quot;,&quot;wrapAround&quot;: true,&quot;prevNextButtons&quot;: true,&quot;percentPosition&quot;: true,&quot;pageDots&quot;: false, &quot;rightToLeft&quot;: false, &quot;autoPlay&quot; : false}' >\n\n  \n\t     <div class=\"product-small col has-hover product type-product post-1518 status-publish first instock product_cat-livre product_tag-carnaval product_tag-carnaval-de-dunkerque product_tag-carnival product_tag-documentary-photography product_tag-dunkerque product_tag-hauts-de-france product_tag-livre-photographique product_tag-ludovic-bertin product_tag-marie-genel product_tag-nord product_tag-pascal-dessaint product_tag-photobook product_tag-photographie-documentaire product_tag-pierre-volot has-post-thumbnail shipping-taxable purchasable product-type-simple\">\n\t<div class=\"col-inner\">\n\t\n<div class=\"badge-container absolute left top z-1\">\n\n<\/div>\n\t<div class=\"product-small box\">\n\t\t<div class=\"box-image\">\n\t\t\t<div class=\"image-zoom-fade\">\n\t\t\t\t<a href=\"https:\/\/editionslightmotiv.com\/en\/product\/quand-vient-le-carnaval\/\">\n\t\t\t\t\t<img loading=\"lazy\" decoding=\"async\" width=\"600\" height=\"720\" src=\"https:\/\/editionslightmotiv.com\/wp-content\/uploads\/2015\/08\/Carnaval_STD_site-600x720.jpg\" class=\"attachment-woocommerce_thumbnail size-woocommerce_thumbnail\" alt=\"QUAND VIENT LE CARNAVAL\" \/>\t\t\t\t<\/a>\n\t\t\t<\/div>\n\t\t\t<div class=\"image-tools is-small top right show-on-hover\">\n\t\t\t\t\t\t\t<\/div>\n\t\t\t<div class=\"image-tools is-small hide-for-small bottom left show-on-hover\">\n\t\t\t\t\t\t\t<\/div>\n\t\t\t<div class=\"image-tools grid-tools text-center hide-for-small bottom hover-slide-in show-on-hover\">\n\t\t\t\t<a href=\"\/en\/wp-json\/wp\/v2\/pages\/1163?add-to-cart=1518\" aria-describedby=\"woocommerce_loop_add_to_cart_link_describedby_1518\" data-quantity=\"1\" class=\"add-to-cart-grid no-padding is-transparent product_type_simple add_to_cart_button ajax_add_to_cart\" data-product_id=\"1518\" data-product_sku=\"\" aria-label=\"Add to basket: \u201cQUAND VIENT LE CARNAVAL\u201d\" rel=\"nofollow\" data-success_message=\"\u201cQUAND VIENT LE CARNAVAL\u201d has been added to your basket\" role=\"button\" data-no-translation-aria-label=\"\" data-no-translation-data-success_message=\"\"><div class=\"cart-icon tooltip is-small\" title=\"Add to cart\" data-no-translation-title=\"\"><strong>+<\/strong><\/div><\/a>\t<span id=\"woocommerce_loop_add_to_cart_link_describedby_1518\" class=\"screen-reader-text\">\n\t\t\t<\/span>\n<a href=\"#quick-view\" class=\"quick-view\" role=\"button\" data-prod=\"1518\" aria-haspopup=\"dialog\" aria-expanded=\"false\" data-flatsome-role-button>Quick View<\/a>\t\t\t<\/div>\n\t\t\t\t\t<\/div>\n\n\t\t<div class=\"box-text box-text-products text-center grid-style-2\">\n\t\t\t<div class=\"title-wrapper\"><p class=\"name product-title woocommerce-loop-product__title\"><a href=\"https:\/\/editionslightmotiv.com\/en\/product\/quand-vient-le-carnaval\/\" class=\"woocommerce-LoopProduct-link woocommerce-loop-product__link\">QUAND VIENT LE CARNAVAL<\/a><\/p><\/div><div class=\"price-wrapper\">\n\t<span class=\"price\"><span class=\"woocommerce-Price-amount amount\"><bdi>29,50<span class=\"woocommerce-Price-currencySymbol\">&euro;<\/span><\/bdi><\/span><\/span>\n<\/div>\t\t<\/div>\n\t<\/div>\n\t\t<\/div>\n<\/div><div class=\"product-small col has-hover product type-product post-1539 status-publish instock product_cat-livre-avec-tirage product_tag-carnaval product_tag-carnaval-de-dunkerque product_tag-carnival product_tag-documentary-photography product_tag-dunkerque product_tag-hauts-de-france product_tag-livre-photo product_tag-livre-photographique product_tag-ludovic-bertin product_tag-marie-genel product_tag-nord product_tag-pascal-dessaint product_tag-photobook product_tag-photographie-documentaire product_tag-pierre-volot product_tag-print product_tag-tirage has-post-thumbnail shipping-taxable purchasable product-type-variable\">\n\t<div class=\"col-inner\">\n\t\n<div class=\"badge-container absolute left top z-1\">\n\n<\/div>\n\t<div class=\"product-small box\">\n\t\t<div class=\"box-image\">\n\t\t\t<div class=\"image-zoom-fade\">\n\t\t\t\t<a href=\"https:\/\/editionslightmotiv.com\/en\/product\/quand-vient-le-carnaval-tirage\/\">\n\t\t\t\t\t<img loading=\"lazy\" decoding=\"async\" width=\"600\" height=\"720\" src=\"https:\/\/editionslightmotiv.com\/wp-content\/uploads\/2015\/08\/Carnaval_LTD_site-600x720.jpg\" class=\"attachment-woocommerce_thumbnail size-woocommerce_thumbnail\" alt=\"Quand vient le carnaval - Livre avec tirage\" \/>\t\t\t\t<\/a>\n\t\t\t<\/div>\n\t\t\t<div class=\"image-tools is-small top right show-on-hover\">\n\t\t\t\t\t\t\t<\/div>\n\t\t\t<div class=\"image-tools is-small hide-for-small bottom left show-on-hover\">\n\t\t\t\t\t\t\t<\/div>\n\t\t\t<div class=\"image-tools grid-tools text-center hide-for-small bottom hover-slide-in show-on-hover\">\n\t\t\t\t<a href=\"https:\/\/editionslightmotiv.com\/en\/product\/quand-vient-le-carnaval-tirage\/\" aria-describedby=\"woocommerce_loop_add_to_cart_link_describedby_1539\" data-quantity=\"1\" class=\"add-to-cart-grid no-padding is-transparent product_type_variable add_to_cart_button\" data-product_id=\"1539\" data-product_sku=\"\" aria-label=\"Select options for \u201cQuand vient le carnaval - Livre avec tirage\u201d\" rel=\"nofollow\" data-no-translation-aria-label=\"\"><div class=\"cart-icon tooltip is-small\" title=\"Select options\" data-no-translation-title=\"\"><strong>+<\/strong><\/div><\/a>\t<span id=\"woocommerce_loop_add_to_cart_link_describedby_1539\" class=\"screen-reader-text\">\n\t\tThis product has multiple variants. The options may be chosen on the product page\t<\/span>\n<a href=\"#quick-view\" class=\"quick-view\" role=\"button\" data-prod=\"1539\" aria-haspopup=\"dialog\" aria-expanded=\"false\" data-flatsome-role-button>Quick View<\/a>\t\t\t<\/div>\n\t\t\t\t\t<\/div>\n\n\t\t<div class=\"box-text box-text-products text-center grid-style-2\">\n\t\t\t<div class=\"title-wrapper\"><p class=\"name product-title woocommerce-loop-product__title\"><a href=\"https:\/\/editionslightmotiv.com\/en\/product\/quand-vient-le-carnaval-tirage\/\" class=\"woocommerce-LoopProduct-link woocommerce-loop-product__link\">Quand vient le carnaval &#8211; Livre avec tirage<\/a><\/p><\/div><div class=\"price-wrapper\">\n\t<span class=\"price\"><span class=\"woocommerce-Price-amount amount\"><bdi>130,00<span class=\"woocommerce-Price-currencySymbol\">&euro;<\/span><\/bdi><\/span><\/span>\n<\/div>\t\t<\/div>\n\t<\/div>\n\t\t<\/div>\n<\/div><\/div>","protected":false},"excerpt":{"rendered":"","protected":false},"author":1,"featured_media":0,"parent":43,"menu_order":0,"comment_status":"closed","ping_status":"closed","template":"","meta":{"footnotes":""},"class_list":["post-1163","page","type-page","status-publish","hentry"],"_links":{"self":[{"href":"https:\/\/editionslightmotiv.com\/en\/wp-json\/wp\/v2\/pages\/1163","targetHints":{"allow":["GET"]}}],"collection":[{"href":"https:\/\/editionslightmotiv.com\/en\/wp-json\/wp\/v2\/pages"}],"about":[{"href":"https:\/\/editionslightmotiv.com\/en\/wp-json\/wp\/v2\/types\/page"}],"author":[{"embeddable":true,"href":"https:\/\/editionslightmotiv.com\/en\/wp-json\/wp\/v2\/users\/1"}],"replies":[{"embeddable":true,"href":"https:\/\/editionslightmotiv.com\/en\/wp-json\/wp\/v2\/comments?post=1163"}],"version-history":[{"count":12,"href":"https:\/\/editionslightmotiv.com\/en\/wp-json\/wp\/v2\/pages\/1163\/revisions"}],"predecessor-version":[{"id":5341,"href":"https:\/\/editionslightmotiv.com\/en\/wp-json\/wp\/v2\/pages\/1163\/revisions\/5341"}],"up":[{"embeddable":true,"href":"https:\/\/editionslightmotiv.com\/en\/wp-json\/wp\/v2\/pages\/43"}],"wp:attachment":[{"href":"https:\/\/editionslightmotiv.com\/en\/wp-json\/wp\/v2\/media?parent=1163"}],"curies":[{"name":"wp","href":"https:\/\/api.w.org\/{rel}","templated":true}]}}